{"id":3393,"date":"2024-09-18T08:24:04","date_gmt":"2024-09-18T06:24:04","guid":{"rendered":"https:\/\/semmelweis.hu\/traumatologia\/?page_id=3393"},"modified":"2024-09-19T09:43:44","modified_gmt":"2024-09-19T07:43:44","slug":"postgradualis-kepzes","status":"publish","type":"page","link":"https:\/\/semmelweis.hu\/traumatologia\/oktatas-uj\/postgradualis-kepzes\/","title":{"rendered":"Postgradu\u00e1lis k\u00e9pz\u00e9s"},"content":{"rendered":"<div class=\"x_elementToProof\"><b>Traumatol\u00f3giai Klinika Szakorvosk\u00e9pz\u00e9s<\/b><\/div>\n<div>\u00a0<\/div>\n<div>Klinik\u00e1nk \u00e1ltal akkredit\u00e1lt\u00a0<b>gyakorlatokra<\/b>\u00a0az al\u00e1bbi e-mail c\u00edmen tudnak\u00a0<b>jelentkezni<\/b>\u00a0\u00e9s\u00a0<b>fogad\u00f3nyilatkozatot<\/b>\u00a0k\u00e9rni:\u00a0<u><a id=\"OWA28591059-d6b9-8e30-06d9-75deb7395b87\" class=\"x_OWAAutoLink\" href=\"mailto:bodzay.petra@semmelweis.hu\">bodzay.petra@semmelweis.hu<\/a><\/u><\/div>\n<div>Gyakorlatra csak azt a szakorvosjel\u00f6ltet \u00e1ll m\u00f3dunkban fogadni, aki el\u0151zetesen felvette vel\u00fcnk a kapcsolatot \u00e9s fogad\u00f3nyilatkozatot kapott. A reny.hu oldalon t\u00f6rt\u00e9n\u0151 gyakorlati hely \u00e9s id\u0151 megjel\u00f6l\u00e9s nem jelenti a gyakorlat t\u00f6lt\u00e9s lehet\u0151s\u00e9g\u00e9nek automatikus biztos\u00edt\u00e1s\u00e1t!<\/div>\n<div>\u00a0<\/div>\n<div class=\"x_elementToProof\"><b>Aktu\u00e1lis akkredit\u00e1ci\u00f3r\u00f3l<\/b>\u00a0a reny.hu oldalon tudnak t\u00e1j\u00e9koz\u00f3dni az SE \u00c1OK Traumatol\u00f3giai Klinik\u00e1ra sz\u0171rve.<\/div>\n<div>\u00a0<\/div>\n<div class=\"x_elementToProof\"><strong>Traumatol\u00f3gia Gr\u00e9mium<\/strong> Eln\u00f6knek sz\u00f3l\u00f3 megkeres\u00e9seket a \u00a0<u><a id=\"OWA0c3f7f4d-8d8b-65be-80ce-1fe65b876014\" class=\"x_OWAAutoLink\" href=\"mailto:bodzay.petra@semmelweis.hu\">bodzay.petra@semmelweis.hu<\/a><\/u>\u00a0e-mail c\u00edmre tudj\u00e1k k\u00fcldeni.<\/div>\n","protected":false},"excerpt":{"rendered":"<p>Traumatol\u00f3giai Klinika Szakorvosk\u00e9pz\u00e9s \u00a0 Klinik\u00e1nk \u00e1ltal akkredit\u00e1lt\u00a0gyakorlatokra\u00a0az al\u00e1bbi e-mail c\u00edmen tudnak\u00a0jelentkezni\u00a0\u00e9s\u00a0fogad\u00f3nyilatkozatot\u00a0k\u00e9rni:\u00a0 <a id=\"OWA28591059-d6b9-8e30-06d9-75deb7395b87\" class=\"x_OWAAutoLink\" href=\"mailto:bodzay.petra@semmelweis.hu\">bodzay.petra@semmelweis.hu<\/a> Gyakorlatra csak azt a szakorvosjel\u00f6ltet \u00e1ll m\u00f3dunkban fogadni, aki el\u0151zetesen felvette vel\u00fcnk a kapcsolatot \u00e9s fogad\u00f3nyilatkozatot kapott. A reny.hu oldalon t\u00f6rt\u00e9n\u0151 gyakorlati hely \u00e9s id\u0151 megjel\u00f6l\u00e9s nem jelenti a gyakorlat t\u00f6lt\u00e9s lehet\u0151s\u00e9g\u00e9nek automatikus biztos\u00edt\u00e1s\u00e1t! \u00a0 Aktu\u00e1lis akkredit\u00e1ci\u00f3r\u00f3l\u00a0a reny.hu oldalon tudnak t\u00e1j\u00e9koz\u00f3dni az SE \u00c1OK &hellip;<\/p>\n","protected":false},"author":101217,"featured_media":0,"parent":3389,"menu_order":2,"comment_status":"closed","ping_status":"closed","template":"","meta":{"_acf_changed":false,"footnotes":""},"categories":[],"tags":[],"class_list":["post-3393","page","type-page","status-publish","hentry"],"acf":[],"_links":{"self":[{"href":"https:\/\/semmelweis.hu\/traumatologia\/wp-json\/wp\/v2\/pages\/3393","targetHints":{"allow":["GET"]}}],"collection":[{"href":"https:\/\/semmelweis.hu\/traumatologia\/wp-json\/wp\/v2\/pages"}],"about":[{"href":"https:\/\/semmelweis.hu\/traumatologia\/wp-json\/wp\/v2\/types\/page"}],"author":[{"embeddable":true,"href":"https:\/\/semmelweis.hu\/traumatologia\/wp-json\/wp\/v2\/users\/101217"}],"replies":[{"embeddable":true,"href":"https:\/\/semmelweis.hu\/traumatologia\/wp-json\/wp\/v2\/comments?post=3393"}],"version-history":[{"count":2,"href":"https:\/\/semmelweis.hu\/traumatologia\/wp-json\/wp\/v2\/pages\/3393\/revisions"}],"predecessor-version":[{"id":3500,"href":"https:\/\/semmelweis.hu\/traumatologia\/wp-json\/wp\/v2\/pages\/3393\/revisions\/3500"}],"up":[{"embeddable":true,"href":"https:\/\/semmelweis.hu\/traumatologia\/wp-json\/wp\/v2\/pages\/3389"}],"wp:attachment":[{"href":"https:\/\/semmelweis.hu\/traumatologia\/wp-json\/wp\/v2\/media?parent=3393"}],"wp:term":[{"taxonomy":"category","embeddable":true,"href":"https:\/\/semmelweis.hu\/traumatologia\/wp-json\/wp\/v2\/categories?post=3393"},{"taxonomy":"post_tag","embeddable":true,"href":"https:\/\/semmelweis.hu\/traumatologia\/wp-json\/wp\/v2\/tags?post=3393"}],"curies":[{"name":"wp","href":"https:\/\/api.w.org\/{rel}","templated":true}]}}