{"id":3380,"date":"2024-09-18T07:46:34","date_gmt":"2024-09-18T05:46:34","guid":{"rendered":"https:\/\/semmelweis.hu\/traumatologia\/?page_id=3380"},"modified":"2024-09-19T10:18:10","modified_gmt":"2024-09-19T08:18:10","slug":"fekvobeteg-szervezeti-felepites","status":"publish","type":"page","link":"https:\/\/semmelweis.hu\/traumatologia\/betegellatas\/fekvobeteg-szervezeti-felepites\/","title":{"rendered":"Fekv\u0151beteg ell\u00e1t\u00e1s"},"content":{"rendered":"<div>\n<p><strong><span style=\"font-size: 18pt\">El\u00e9rhet\u0151s\u00e9g:\u00a0<\/span><br \/>\n<\/strong>II. emelet Traumatol\u00f3giai Klinika n\u0151v\u00e9rpult: +36-1-459-1500\/62171-es mell\u00e9k<br \/>\nIII. emelet Traumatol\u00f3giai r\u00e9szleg n\u0151v\u00e9rpult: +36-1-459-1500\/62009-es mell\u00e9k<strong><br \/>\n<\/strong><\/p>\n<p>&nbsp;<\/p>\n<p><strong style=\"font-size: 1.1rem\">K\u00f6zponti Betegell\u00e1t\u00f3 \u00c9p\u00fclet II. emeleti traumatol\u00f3giai r\u00e9szlegek<\/strong><\/p>\n<\/div>\n<p style=\"text-align: justify\">A Traumatol\u00f3giai Klinika II. emeleti \u00f6sszevont r\u00e9szlegei a K\u00fcls\u0151 Klinikai T\u00f6mb, K\u00f6zponti Betegell\u00e1t\u00f3 \u00c9p\u00fclet\u00e9nek II emelet\u00e9n helyezkedik el. Az oszt\u00e1ly feladata sokr\u00e9t\u0171, a s\u00e9r\u00fcltell\u00e1t\u00e1s minden r\u00e9sz\u00e9t fel\u00f6leli: r\u00e9szlegeink r\u00e9szt vesznek a betegek m\u0171t\u00e9ti el\u0151tti el\u0151k\u00e9sz\u00edt\u00e9s\u00e9ben, a m\u0171t\u00e9ti beavatkoz\u00e1sok elv\u00e9gz\u00e9s\u00e9ben, tov\u00e1bb\u00e1 ak\u00e1r a m\u0171t\u00e9tet k\u00f6vet\u0151 megfigyel\u00e9sben. Oszt\u00e1lyunk l\u00e1tja el tov\u00e1bb\u00e1 a k\u00f6zponti idegrendszeri (koponya, gerinc) s\u00e9r\u00fcltek m\u0171t\u00e9ti ell\u00e1t\u00e1s\u00e1t \u00e9s megfigyel\u00e9s\u00e9t, valamint olyan s\u00e9r\u00fcltek k\u00f6vet\u00e9s\u00e9t is v\u00e9gzi, akik a s\u00e9r\u00fcl\u00e9st k\u00f6vet\u0151en nem ig\u00e9nyeltek m\u0171t\u00e9ti ell\u00e1t\u00e1st.<br \/>\nOszt\u00e1lyunk jelenleg 45 k\u00f3rh\u00e1zi \u00e1gyon l\u00e1tja el munk\u00e1j\u00e1t. K\u00f3rtermeink kiv\u00e9tel n\u00e9lk\u00fcl kett\u0151 illetve h\u00e1rom \u00e1ggyal rendelkeznek, mind k\u00f3rterem f\u00fcrd\u0151szob\u00e1val felszerelt. Az oszt\u00e1ly fel\u00e9p\u00edt\u00e9s\u00e9b\u0151l \u00e9s felszerelts\u00e9g\u00e9b\u0151l ad\u00f3d\u00f3an alkalmas a III., teh\u00e1t legmagasabb progresszivit\u00e1s\u00fa (\u201elegs\u00falyosabb\u201d) s\u00e9r\u00fcltek ell\u00e1t\u00e1s\u00e1ra. Oszt\u00e1lyunkon\u00a0 gy\u00f3gytorn\u00e1sz folyamatos jelenl\u00e9t\u00e9vel m\u00e1r a m\u0171t\u00e9ti el\u0151tti id\u0151szakban megkezdj\u00fck a rehabilit\u00e1ci\u00f3s gyakorlatok. R\u00e9szlegeink orvosai hazai \u00e9s nemzetk\u00f6zi tanfolyamok folyamatos r\u00e9sztvev\u0151i, ezzel is biztos\u00edtva a betegek korszer\u0171, naprak\u00e9sz ell\u00e1t\u00e1s\u00e1t.<\/p>\n<p style=\"text-align: justify\">A szerte\u00e1gaz\u00f3 feladatok miatt oszt\u00e1lyunk t\u00f6bb r\u00e9szlegre oszlik:<\/p>\n<ul style=\"text-align: justify\">\n<li><strong>Preoperat\u00edv<\/strong> r\u00e9szleg: m\u0171t\u00e9t el\u0151tti el\u0151k\u00e9sz\u00edt\u0151 r\u00e9szleg\u00fcnkre azok a friss s\u00e9r\u00fcltek ker\u00fclnek, akik s\u00fcrg\u0151s, teh\u00e1t nem halaszthat\u00f3 m\u0171t\u00e9tet ig\u00e9nyelnek. Az ambulanci\u00e1r\u00f3l az els\u0151dleges vizsg\u00e1latokat k\u00f6vet\u0151en a beteg r\u00e9szleg\u00fcnkre \u00e9rkezik, ahol kieg\u00e9sz\u00edt\u0151 vizsg\u00e1latok (labor), valamint t\u00e1rsszakm\u00e1k (aneszt\u00e9zia) konz\u00edliumai t\u00f6rt\u00e9nnek meg, \u00e9s az eredm\u00e9nyeknek megfelel\u0151en megt\u00f6rt\u00e9nik a beteg m\u0171t\u00e9tre val\u00f3 k\u00f6zvetlen el\u0151k\u00e9sz\u00edt\u00e9se.<\/li>\n<li><strong>Szeptikus r\u00e9szleg:<\/strong> a balesetet szenvedett betegek kisebb, de nem elhanyagolhat\u00f3 r\u00e9sze a s\u00e9r\u00fcl\u00e9s (pl. ny\u00edlt t\u00f6r\u00e9s, roncsolt seb), vagy a k\u00e9s\u0151bbi m\u0171t\u00e9ti beavatkoz\u00e1s miatt bakteri\u00e1lis fert\u0151z\u00e9st szenved. A fert\u0151z\u00f6tt seb illetve m\u0171t\u00e9ti t\u00f6r\u00e9s ell\u00e1t\u00e1sa gyakran hosszas, speci\u00e1lis felk\u00e9sz\u00fclts\u00e9get \u00e9s felszerelts\u00e9get ig\u00e9nyl\u0151 munk\u00e1t jelent. Szeptikus r\u00e9szleg\u00fcnk\u00f6n speci\u00e1lis sebkezel\u00e9si elj\u00e1r\u00e1sok (pl. \u201enegat\u00edv nyom\u00e1s\u00fa sebkezel\u00e9s\u201d), tov\u00e1bb\u00e1 rekonstrukci\u00f3s t\u00e1rsszakm\u00e1k (pl. plasztikai seb\u00e9szet) jelenl\u00e9te teszi lehet\u0151v\u00e9 a naprak\u00e9sz ell\u00e1t\u00e1s\u00e1t.<\/li>\n<li><strong>Observatios, azaz megfigyel\u0151 r\u00e9szleg<\/strong>: a balesetek sor\u00e1n sz\u00e1mos olyan s\u00e9r\u00fcl\u00e9s j\u00f6het l\u00e9tre, amelyek b\u00e1r m\u0171t\u00e9ti beavatkoz\u00e1st nem ig\u00e9nyelnek, m\u00e9gis a beteg szoros megfigyel\u00e9s\u00e9t, azaz k\u00f3rh\u00e1zi felv\u00e9tel\u00e9t ig\u00e9nylik. A nemzetk\u00f6zi bizony\u00edt\u00e9k alap\u00fa orvosl\u00e1snak megfelel\u0151en sz\u00e1mos olyan s\u00e9r\u00fcl\u00e9si mechanizmus l\u00e9tezik (pl. nagy sebess\u00e9g\u0171 szem\u00e9lyg\u00e9pkocsi baleset, magasb\u00f3l es\u00e9s stb.) amelyek eset\u00e9ben \u2013 m\u00e9g szinte panaszmentes beteg eset\u00e9n is \u2013 24 \u00f3r\u00e1s k\u00f3rh\u00e1zi megfigyel\u00e9sre van sz\u00fcks\u00e9g. Tov\u00e1bbi gyakori megfigyelend\u0151 k\u00f3rk\u00e9pek a l\u00e9gmell (PTX) \u00e9s agyr\u00e1zk\u00f3d\u00e1s. Az observatios r\u00e9szleg m\u0171k\u00f6d\u00e9s\u00e9nek k\u00f6sz\u00f6nhet\u0151en a betegek folyamatos megfigyel\u00e9s alatt \u00e1llhatnak, \u00e1llapotuk roml\u00e1sa eset\u00e9n azonnali beavatkoz\u00e1s v\u00e9gezhet\u0151 el.<\/li>\n<li><strong>Neurotraumatol\u00f3giai r\u00e9szleg<\/strong>: a s\u00e9r\u00fclt betegek jelent\u0151s h\u00e1nyada szenved el a baleset sor\u00e1n koponya vagy gerinc, azaz k\u00f6zponti idegrendszeri s\u00e9r\u00fcl\u00e9st. A Neurotraumatol\u00f3giai r\u00e9szleg\u00fcnk\u00f6n \u2013 idegseb\u00e9sz vezet\u00e9s\u00e9vel \u00e9s folyamatos jelenl\u00e9t\u00e9vel \u2013 t\u00f6rt\u00e9nik az idegrendszeri s\u00e9r\u00fcltek ell\u00e1t\u00e1sa: a s\u00e9r\u00fcl\u00e9s t\u00edpus\u00e1nak \u00e9s s\u00falyoss\u00e1g\u00e1nak megfelel\u0151en r\u00e9szleg\u00fcnk v\u00e9gzi a sz\u00fcks\u00e9ges m\u0171t\u00e9ti beavatkoz\u00e1sokat \u00e9s a betegek kell\u0151 megfigyel\u00e9s\u00e9t is.<\/li>\n<\/ul>\n<p style=\"text-align: justify\">Oszt\u00e1lyunk rendel\u00e9si id\u0151vel nem rendelkezik. A rendel\u00e9sek \u00e9s kontroll vizsg\u00e1latok a Semmelweis Egyetem, Mer\u00e9nyi Klinikai T\u00f6mb 30-as \u00e9p\u00fclet\u00e9ben t\u00f6rt\u00e9nnek.<\/p>\n<div class=\"lead\" style=\"text-align: justify\"><strong>K\u00f6zponti Betegell\u00e1t\u00f3 \u00c9p\u00fclet III. emeleti traumatol\u00f3giai r\u00e9szlegek<\/strong><\/div>\n<p style=\"text-align: justify\">A Semmelweis Egyetem K\u00fcls\u0151 Klinikai T\u00f6mb K\u00f6zponti Betegell\u00e1t\u00f3 \u00c9p\u00fclet\u00e9nek III. Emelet\u00e9n Klinik\u00e1nk k\u00e9t szervezeti egys\u00e9ge, a IV. \u00e9s V. \u00c1ltal\u00e1nos Traumatol\u00f3giai Oszt\u00e1ly m\u0171k\u00f6dik.<\/p>\n<p style=\"text-align: justify\">\u00d6sszesen hatvan \u00e1gyon l\u00e1tjuk el betegeinket a k\u00f6zvetlen posztoperat\u00edv szakt\u00f3l t\u00e1voz\u00e1sukig. A hotelszolg\u00e1ltat\u00e1s min\u0151s\u00e9ge kiemelked\u0151, p\u00e1cienseink k\u00e9t- illetve h\u00e1rom\u00e1gyas, saj\u00e1t f\u00fcrd\u0151szob\u00e1val rendelkez\u0151 k\u00f3rtermekben ker\u00fclnek elhelyez\u00e9sre. Szakmai m\u0171k\u00f6d\u00e9s\u00fcnket a korszer\u0171 traumatol\u00f3giai \u00e9s endoprotetikai beavatkoz\u00e1sok sz\u00e9les k\u00f6r\u0171, teljes eszk\u00f6zt\u00e1ra hat\u00e1rozza meg, feladatunkat a legmagasabb, III. progresszivit\u00e1si szinten l\u00e1tjuk el. Oszt\u00e1lyaink j\u00f3l k\u00e9pzett, elhivatott orvosi \u00e9s szakdolgoz\u00f3i szem\u00e9lyzete garant\u00e1lja, hogy p\u00e1cienseink a szakmai protokollok k\u00f6vetkezetes alkalmaz\u00e1sa mellett is egy\u00e9nileg meghat\u00e1rozott kezel\u00e9si terv szerint gy\u00f3gyuljanak. Gy\u00f3gytorn\u00e1sz munkacsoportunk teljes l\u00e9tsz\u00e1ma \u00e9s technikai felszerelts\u00e9ge lehet\u0151v\u00e9 teszi, hogy a h\u00e9t minden napj\u00e1n folytathassuk a teljes fel\u00e9p\u00fcl\u00e9shez elengedhetetlen, r\u00f6gt\u00f6n a m\u0171t\u00e9t ut\u00e1n megkezdett korai fizikoter\u00e1pi\u00e1t, illetve mobiliz\u00e1ci\u00f3t.<\/p>\n<p style=\"text-align: justify\">A s\u00e9r\u00fcltell\u00e1t\u00e1s biztons\u00e1g\u00e1t a t\u00e1rsklinik\u00e1k \u00e1ltal biztos\u00edtott magas szint\u0171 interdiszciplin\u00e1ris k\u00f6rnyezet tov\u00e1bb emeli.<\/p>\n<div class=\"lead\" style=\"text-align: justify\"><strong>Traumatol\u00f3giai m\u0171t\u0151k<\/strong><\/div>\n<p style=\"text-align: justify\">A traumatol\u00f3giai m\u0171t\u0151k olyan speci\u00e1lisan kialak\u00edtott oper\u00e1ci\u00f3s helys\u00e9gek, amelyekben s\u00e9r\u00fcl\u00e9seket, mint p\u00e9ld\u00e1ul csontt\u00f6r\u00e9seket, \u00edz\u00fcleti s\u00e9r\u00fcl\u00e9seket l\u00e1tnak el. Fontos szerepet j\u00e1tszanak mind a s\u00fcrg\u0151ss\u00e9gi, mind a halaszthat\u00f3 ell\u00e1t\u00e1sban, mivel a traumatol\u00f3giai esetek gyors \u00e9s prec\u00edz seb\u00e9szi beavatkoz\u00e1st ig\u00e9nyelnek ak\u00e1r a beteg \u00e9let\u00e9nek megment\u00e9se, ak\u00e1r a hossz\u00fa t\u00e1v\u00fa gy\u00f3gyul\u00e1s biztos\u00edt\u00e1sa \u00e9rdek\u00e9ben.<\/p>\n<p style=\"text-align: justify\">Felszerelts\u00e9g: a traumatol\u00f3giai m\u0171t\u0151k felszerelts\u00e9ge a speci\u00e1lis ell\u00e1t\u00e1si feladatoknak megfelel\u0151en elt\u00e9r az \u00e1ltal\u00e1nos m\u0171t\u0151k fel\u00e9p\u00edt\u00e9s\u00e9t\u0151l. N\u00e9h\u00e1ny kulcsfontoss\u00e1g\u00fa eszk\u00f6z \u00e9s berendez\u00e9s:<\/p>\n<p style=\"text-align: justify\">M\u0171t\u0151asztal: speci\u00e1lisan kialak\u00edtott, R\u00f6ntgen \u00e1tereszt\u0151, \u00e1ll\u00edthat\u00f3 \u00e9s d\u00f6nthet\u0151 m\u0171t\u0151asztal, amely lehet\u0151v\u00e9 teszi a s\u00e9r\u00fclt v\u00e9gtagok megfelel\u0151 pozicion\u00e1l\u00e1s\u00e1t \u00e9s a seb\u00e9szi hozz\u00e1f\u00e9r\u00e9st, tov\u00e1bb\u00e1 lehet\u0151v\u00e9 teszi a m\u0171t\u00e9t sor\u00e1n a folyamatos R\u00f6ntgen ellen\u0151rz\u00e9st.<br \/>\nK\u00e9palkot\u00f3 rendszerek: a C-kar karos \u201efluoroszk\u00f3pos\u201d rendszerek elengedhetetlenek a pontos t\u00f6r\u00e9sr\u00f6gz\u00edt\u00e9shez, mivel lehet\u0151v\u00e9 teszik a val\u00f3s idej\u0171 k\u00e9palkot\u00e1st a m\u0171t\u00e9t alatt.<br \/>\nSpeci\u00e1lis seb\u00e9szi eszk\u00f6z\u00f6k: csontf\u00far\u00f3k, lemezek, csavarok, dr\u00f3tok, k\u00fcls\u0151 r\u00f6gz\u00edt\u0151 eszk\u00f6z\u00f6k \u00e9s egy\u00e9b speci\u00e1lis implant\u00e1tumok sz\u00e9les v\u00e1laszt\u00e9ka \u00e1ll rendelkez\u00e9sre a s\u00e9r\u00fcl\u00e9sek megfelel\u0151 kezel\u00e9s\u00e9hez.<br \/>\nSterilit\u00e1s \u00e9s biztons\u00e1g: tekintettel arra, hogy a csont \u00e9s \u00edz\u00fcleti s\u00e9r\u00fcl\u00e9sek \u2013 m\u00e1s seb\u00e9szeti betegs\u00e9gekhez k\u00e9pest \u2013 \u00e9rz\u00e9kenyebbek a fert\u0151z\u00e9sre, minden traumatol\u00f3giai m\u0171t\u0151ben kiemelt figyelmet ford\u00edtunk a sterilit\u00e1sra, hogy minim\u00e1lisra cs\u00f6kkents\u00fck a fert\u0151z\u00e9s kock\u00e1zat\u00e1t. A speci\u00e1lis l\u00e9gsz\u0171r\u0151 \u00e9s \u00e1raml\u00e1s ir\u00e1ny\u00edt\u00f3 rendszerek, steriliz\u00e1lt eszk\u00f6z\u00f6k \u00e9s v\u00e9d\u0151ruh\u00e1zat biztos\u00edtj\u00e1k a biztons\u00e1gos k\u00f6rnyezetet a betegek \u00e9s a m\u0171t\u00e9ti csapat sz\u00e1m\u00e1ra.<\/p>\n<p style=\"text-align: justify\">A Traumatol\u00f3giai Klinika a K\u00f6zponti Betegell\u00e1t\u00f3 \u00c9p\u00fclet V. emeleti m\u0171t\u0151 blokkj\u00e1ban, h\u00e1rom m\u0171t\u0151 helyis\u00e9gben l\u00e1tja operat\u00edv feladatait. Mindh\u00e1rom m\u0171t\u0151 megfelel a modern szakmai szab\u00e1lyoknak. Fert\u0151z\u00f6tt azaz szeptikus, vagy fert\u0151z\u00e9sre gyan\u00fas eseteinket k\u00fcl\u00f6n m\u0171t\u0151ben l\u00e1tjuk el. A m\u0171t\u0151helyis\u00e9gek sz\u00e1ma \u00e9s a m\u0171t\u0151i szem\u00e9lyzet l\u00e9tsz\u00e1ma ugyanakkor nem csak s\u00fcrg\u0151s, hanem halaszhat\u00f3, ortop\u00e9diai beavatkoz\u00e1sok elv\u00e9gz\u00e9s\u00e9t is lehet\u0151v\u00e9 teszi.<\/p>\n<p>&nbsp;<\/p>\n","protected":false},"excerpt":{"rendered":"<p>El\u00e9rhet\u0151s\u00e9g:\u00a0 II. emelet Traumatol\u00f3giai Klinika n\u0151v\u00e9rpult: +36-1-459-1500\/62171-es mell\u00e9k III. emelet Traumatol\u00f3giai r\u00e9szleg n\u0151v\u00e9rpult: +36-1-459-1500\/62009-es mell\u00e9k &nbsp; K\u00f6zponti Betegell\u00e1t\u00f3 \u00c9p\u00fclet II. emeleti traumatol\u00f3giai r\u00e9szlegek A Traumatol\u00f3giai Klinika II. emeleti \u00f6sszevont r\u00e9szlegei a K\u00fcls\u0151 Klinikai T\u00f6mb, K\u00f6zponti Betegell\u00e1t\u00f3 \u00c9p\u00fclet\u00e9nek II emelet\u00e9n helyezkedik el. Az oszt\u00e1ly feladata sokr\u00e9t\u0171, a s\u00e9r\u00fcltell\u00e1t\u00e1s minden r\u00e9sz\u00e9t fel\u00f6leli: r\u00e9szlegeink r\u00e9szt vesznek a betegek &hellip;<\/p>\n","protected":false},"author":101217,"featured_media":0,"parent":3368,"menu_order":3,"comment_status":"closed","ping_status":"closed","template":"","meta":{"_acf_changed":false,"footnotes":""},"categories":[],"tags":[],"class_list":["post-3380","page","type-page","status-publish","hentry"],"acf":[],"_links":{"self":[{"href":"https:\/\/semmelweis.hu\/traumatologia\/wp-json\/wp\/v2\/pages\/3380","targetHints":{"allow":["GET"]}}],"collection":[{"href":"https:\/\/semmelweis.hu\/traumatologia\/wp-json\/wp\/v2\/pages"}],"about":[{"href":"https:\/\/semmelweis.hu\/traumatologia\/wp-json\/wp\/v2\/types\/page"}],"author":[{"embeddable":true,"href":"https:\/\/semmelweis.hu\/traumatologia\/wp-json\/wp\/v2\/users\/101217"}],"replies":[{"embeddable":true,"href":"https:\/\/semmelweis.hu\/traumatologia\/wp-json\/wp\/v2\/comments?post=3380"}],"version-history":[{"count":7,"href":"https:\/\/semmelweis.hu\/traumatologia\/wp-json\/wp\/v2\/pages\/3380\/revisions"}],"predecessor-version":[{"id":3534,"href":"https:\/\/semmelweis.hu\/traumatologia\/wp-json\/wp\/v2\/pages\/3380\/revisions\/3534"}],"up":[{"embeddable":true,"href":"https:\/\/semmelweis.hu\/traumatologia\/wp-json\/wp\/v2\/pages\/3368"}],"wp:attachment":[{"href":"https:\/\/semmelweis.hu\/traumatologia\/wp-json\/wp\/v2\/media?parent=3380"}],"wp:term":[{"taxonomy":"category","embeddable":true,"href":"https:\/\/semmelweis.hu\/traumatologia\/wp-json\/wp\/v2\/categories?post=3380"},{"taxonomy":"post_tag","embeddable":true,"href":"https:\/\/semmelweis.hu\/traumatologia\/wp-json\/wp\/v2\/tags?post=3380"}],"curies":[{"name":"wp","href":"https:\/\/api.w.org\/{rel}","templated":true}]}}