{"id":3375,"date":"2024-09-18T07:37:27","date_gmt":"2024-09-18T05:37:27","guid":{"rendered":"https:\/\/semmelweis.hu\/traumatologia\/?page_id=3375"},"modified":"2025-10-21T14:23:37","modified_gmt":"2025-10-21T12:23:37","slug":"kontroll-es-jarobeteg-ellatas","status":"publish","type":"page","link":"https:\/\/semmelweis.hu\/traumatologia\/betegellatas\/kontroll-es-jarobeteg-ellatas\/","title":{"rendered":"Kontroll \u00e9s j\u00e1r\u00f3beteg ell\u00e1t\u00e1s"},"content":{"rendered":"<div class=\"lead\"><strong>Traumatol\u00f3giai Kontroll Ambulancia \u00e9s K\u00e9zseb\u00e9szeti Ambulancia <\/strong><\/div>\n<p>Kontroll \u00e9s K\u00e9zseb\u00e9szeti Ambulanci\u00e1nk a Semmelweis Egyetem Mer\u00e9nyi Klinikai T\u00f6mbj\u00e9nek <strong>(Budapest 1097, Gy\u00e1li \u00fat 17-19)<\/strong> <strong>2-es \u00e9p\u00fclet\u00e9ben tal\u00e1lhat\u00f3.<\/strong><\/p>\n<p>Tekintettel arra, hogy megfelel\u0151 kieg\u00e9sz\u00edt\u0151 vizsg\u00e1latok id\u0151ig\u00e9nyesek lehetnek, k\u00e9rj\u00fck beteg\u00fcnket, hogy vizsg\u00e1latra kiz\u00e1r\u00f3lag <strong>munkanapokon 8 \u00e9s 13 \u00f3ra k\u00f6z\u00f6tt<\/strong> jelentkezzenek. A vizsg\u00e1lathoz beutal\u00f3 nem sz\u00fcks\u00e9ges.<\/p>\n<p><strong>Kontroll \u00e9s K\u00e9zseb\u00e9szeti Ambulancia el\u00e9rhet\u0151s\u00e9g<\/strong>: +36 1 293 0003, +36 1 293 0004<\/p>\n<p style=\"text-align: justify\">A kontroll ambulancia legf\u0151k\u00e9ppen azon betegek ell\u00e1t\u00e1s\u00e1t v\u00e9gzi, akik kor\u00e1bban m\u00e1r \u00e1testek valamilyen m\u0171t\u00e9ti vagy egy\u00e9b beavatkoz\u00e1son (gipszel\u00e9s, sebvarrat), \u00e9s akiknek sz\u00fcks\u00e9ges \u00e1llapotuk nyomon k\u00f6vet\u00e9se. Ez k\u00fcl\u00f6n\u00f6sen fontos a seb\u00e9szeti beavatkoz\u00e1sok ut\u00e1ni gy\u00f3gyul\u00e1s ellen\u0151rz\u00e9se, a rehabilit\u00e1ci\u00f3 folyamata, valamint az esetleges sz\u00f6v\u0151dm\u00e9nyek megel\u0151z\u00e9se vagy kezel\u00e9se szempontj\u00e1b\u00f3l.<br \/>\nA kontroll ambulancia feladatai k\u00f6z\u00e9 tartozik:<\/p>\n<ul>\n<li>M\u0171t\u00e9ti eredm\u00e9nyek fel\u00fclvizsg\u00e1lata: a be\u00fcltetett implant\u00e1tumok, prot\u00e9zisek \u00e1llapot\u00e1nak ellen\u0151rz\u00e9se.<\/li>\n<li>Gy\u00f3gyul\u00e1si folyamat nyomon k\u00f6vet\u00e9se: a betegek rehabilit\u00e1ci\u00f3s el\u0151rehalad\u00e1s\u00e1nak figyelemmel k\u00eds\u00e9r\u00e9se \u00e9s tov\u00e1bbi kezel\u00e9sek sz\u00fcks\u00e9gess\u00e9g\u00e9nek felm\u00e9r\u00e9se.<\/li>\n<li>Tov\u00e1bbi kezel\u00e9si terv kidolgoz\u00e1sa: ha sz\u00fcks\u00e9ges, a hossz\u00fa t\u00e1v\u00fa gy\u00f3gyul\u00e1si terv \u00e9s rehabilit\u00e1ci\u00f3s program \u00f6ssze\u00e1ll\u00edt\u00e1sa.<\/li>\n<\/ul>\n<p style=\"text-align: justify\">A kor\u00e1bbi ell\u00e1t\u00e1son \u00e1tesett betegek ellen\u0151rz\u00e9se \u00e9s k\u00f6vet\u00e9se mellett a kontroll \u00e9s k\u00e9zseb\u00e9szeti ambulanci\u00e1n zajlik a nem friss, azaz kor\u00e1bbi s\u00e9r\u00fcl\u00e9sek miatt kialakult elv\u00e1ltoz\u00e1sok kivizsg\u00e1l\u00e1sa, kezel\u00e9si terv\u00e9nek fel\u00e1ll\u00edt\u00e1sa. Kontroll ambulanci\u00e1nk l\u00e1tja el a nem s\u00e9r\u00fcl\u00e9s miatt fenn\u00e1ll\u00f3 mozg\u00e1sszervi betegs\u00e9gek (azaz ortop\u00e9diai esetek) kivizsg\u00e1l\u00e1s\u00e1t, kezel\u00e9si terv\u00e9nek kidolgoz\u00e1s\u00e1t \u00e9s az esetleges m\u0171t\u00e9ti beavatkoz\u00e1sra val\u00f3 el\u0151jegyz\u00e9s\u00e9t.<\/p>\n<p>A Traumatol\u00f3giai Kontroll Ambulancia \u00e9s K\u00e9zseb\u00e9szeti Ambulancia rendel\u00e9si id\u0151k<\/p>\n<ul>\n<li><strong>H\u00e9tf\u0151 08:00-13:00<\/strong><br \/>\nK\u00e9zseb\u00e9szet: Dr. D\u00e9vay Katalin<br \/>\nTraumatol\u00f3gia: Dr. Sztrinkay Gergely, Dr. Texidor Roberts Luis Ariel, Dr. K\u00e1rolyi Fanni, Dr. Mayer Lilla, Dr. G\u00f6m\u00f6ri Krist\u00f3f, Dr. Tam\u00e1s Zal\u00e1n<\/li>\n<\/ul>\n<ul>\n<li><strong>Kedd 08:00-13:00<br \/>\n<\/strong>K\u00e9zseb\u00e9szet: Dr. Hevesi Adrienn<br \/>\nTraumatol\u00f3gia: Dr. Ludas Istv\u00e1n, Dr. Asztalos Andr\u00e1s, Dr. Hevesi Adrienn, Dr. G\u00e1bor \u00c1ron, Dr. Z\u00f6ld Marcell, Dr. Pahlavanyali Afshin, Dr. Balogh Panna<br \/>\nIdegseb\u00e9szet: Dr. Nagy Istv\u00e1n<\/li>\n<\/ul>\n<ul>\n<li><strong>Szerda 08:00-13:00<br \/>\n<\/strong>Traumatol\u00f3gia: Dr. Varga P\u00e9ter, Dr. Farag\u00f3 Bence, Dr. Kardos D\u00e1niel, Dr. Kosztin \u00c1rp\u00e1d, Dr. Balsai Tam\u00e1s, Dr. Nagy-Koll\u00e1r Bog\u00e1ta, Dr. Jenei M\u00e1rton<br \/>\nIdegseb\u00e9szet: Dr. Pingitzer K\u00e1roly<\/li>\n<\/ul>\n<ul>\n<li><strong>Cs\u00fct\u00f6rt\u00f6k 08:00-13:00<br \/>\n<\/strong>K\u00e9zseb\u00e9szet: Dr. Koczka D\u00e1niel<br \/>\nTraumatol\u00f3gia: Dr. Kocsis Andr\u00e1s, Dr. Koczka D\u00e1niel, Dr. Feh\u00e9r Mil\u00e1n, Dr. Aminy Amanullah, Dr. Cs\u00e9ka Botond, Dr. L\u00e1nyi P\u00e9ter, Dr. Iszlay Gergely<br \/>\nIdegseb\u00e9szet: Dr. Szab\u00f3 Ferenc<\/li>\n<\/ul>\n<ul>\n<li><strong>P\u00e9ntek 08:00-13:00<br \/>\n<\/strong>Traumatol\u00f3gia: Dr. Szab\u00f3 S\u00e1ndor, Dr. Dobrean Levente, Dr. Lep\u00e1r G\u00e1bor, Dr. Naphegyi Andrea, Dr. Kelemen Anna, Dr. Czibor Zolt\u00e1n, Dr. Lengyel \u00c1gnes<\/li>\n<\/ul>\n<p><a href=\"https:\/\/www.google.com\/maps\/place\/SE+Ortop%C3%A9diai+Klinika+Ambulancia\/@47.4668777,19.1019122,18z\/data=!4m6!3m5!1s0x4741dd00745d168b:0xcb88db33228c6f59!8m2!3d47.4664842!4d19.1020865!16s%2Fg%2F11vm1mwpgl?entry=ttu&amp;g_ep=EgoyMDI0MDkwMi4xIKXMDSoASAFQAw%3D%3D\">https:\/\/www.google.com\/maps\/place\/SE+Ortop%C3%A9diai+Klinika+Ambulancia\/@47.4668777,19.1019122,18z\/data=!4m6!3m5!1s0x4741dd00745d168b:0xcb88db33228c6f59!8m2!3d47.4664842!4d19.1020865!16s%2Fg%2F11vm1mwpgl?entry=ttu&amp;g_ep=EgoyMDI0MDkwMi4xIKXMDSoASAFQAw%3D%3D<\/a><\/p>\n<p><img loading=\"lazy\" decoding=\"async\" class=\"alignnone  wp-image-3377\" src=\"https:\/\/semmelweis.hu\/traumatologia\/files\/2024\/09\/Terkep-Kontroll-400x294.png\" alt=\"\" width=\"1099\" height=\"808\" srcset=\"https:\/\/semmelweis.hu\/traumatologia\/files\/2024\/09\/Terkep-Kontroll-400x294.png 400w, https:\/\/semmelweis.hu\/traumatologia\/files\/2024\/09\/Terkep-Kontroll-1024x753.png 1024w, https:\/\/semmelweis.hu\/traumatologia\/files\/2024\/09\/Terkep-Kontroll-768x565.png 768w, https:\/\/semmelweis.hu\/traumatologia\/files\/2024\/09\/Terkep-Kontroll-1536x1130.png 1536w, https:\/\/semmelweis.hu\/traumatologia\/files\/2024\/09\/Terkep-Kontroll-2048x1507.png 2048w, https:\/\/semmelweis.hu\/traumatologia\/files\/2024\/09\/Terkep-Kontroll-753x554.png 753w\" sizes=\"auto, (max-width: 1099px) 100vw, 1099px\" \/><\/p>\n","protected":false},"excerpt":{"rendered":"<p>Traumatol\u00f3giai Kontroll Ambulancia \u00e9s K\u00e9zseb\u00e9szeti Ambulancia Kontroll \u00e9s K\u00e9zseb\u00e9szeti Ambulanci\u00e1nk a Semmelweis Egyetem Mer\u00e9nyi Klinikai T\u00f6mbj\u00e9nek (Budapest 1097, Gy\u00e1li \u00fat 17-19) 2-es \u00e9p\u00fclet\u00e9ben tal\u00e1lhat\u00f3. Tekintettel arra, hogy megfelel\u0151 kieg\u00e9sz\u00edt\u0151 vizsg\u00e1latok id\u0151ig\u00e9nyesek lehetnek, k\u00e9rj\u00fck beteg\u00fcnket, hogy vizsg\u00e1latra kiz\u00e1r\u00f3lag munkanapokon 8 \u00e9s 13 \u00f3ra k\u00f6z\u00f6tt jelentkezzenek. A vizsg\u00e1lathoz beutal\u00f3 nem sz\u00fcks\u00e9ges. Kontroll \u00e9s K\u00e9zseb\u00e9szeti Ambulancia el\u00e9rhet\u0151s\u00e9g: +36 &hellip;<\/p>\n","protected":false},"author":101217,"featured_media":0,"parent":3368,"menu_order":0,"comment_status":"closed","ping_status":"closed","template":"","meta":{"_acf_changed":false,"footnotes":""},"categories":[],"tags":[],"class_list":["post-3375","page","type-page","status-publish","hentry"],"acf":[],"_links":{"self":[{"href":"https:\/\/semmelweis.hu\/traumatologia\/wp-json\/wp\/v2\/pages\/3375","targetHints":{"allow":["GET"]}}],"collection":[{"href":"https:\/\/semmelweis.hu\/traumatologia\/wp-json\/wp\/v2\/pages"}],"about":[{"href":"https:\/\/semmelweis.hu\/traumatologia\/wp-json\/wp\/v2\/types\/page"}],"author":[{"embeddable":true,"href":"https:\/\/semmelweis.hu\/traumatologia\/wp-json\/wp\/v2\/users\/101217"}],"replies":[{"embeddable":true,"href":"https:\/\/semmelweis.hu\/traumatologia\/wp-json\/wp\/v2\/comments?post=3375"}],"version-history":[{"count":10,"href":"https:\/\/semmelweis.hu\/traumatologia\/wp-json\/wp\/v2\/pages\/3375\/revisions"}],"predecessor-version":[{"id":3822,"href":"https:\/\/semmelweis.hu\/traumatologia\/wp-json\/wp\/v2\/pages\/3375\/revisions\/3822"}],"up":[{"embeddable":true,"href":"https:\/\/semmelweis.hu\/traumatologia\/wp-json\/wp\/v2\/pages\/3368"}],"wp:attachment":[{"href":"https:\/\/semmelweis.hu\/traumatologia\/wp-json\/wp\/v2\/media?parent=3375"}],"wp:term":[{"taxonomy":"category","embeddable":true,"href":"https:\/\/semmelweis.hu\/traumatologia\/wp-json\/wp\/v2\/categories?post=3375"},{"taxonomy":"post_tag","embeddable":true,"href":"https:\/\/semmelweis.hu\/traumatologia\/wp-json\/wp\/v2\/tags?post=3375"}],"curies":[{"name":"wp","href":"https:\/\/api.w.org\/{rel}","templated":true}]}}