{"id":3370,"date":"2024-09-18T07:24:15","date_gmt":"2024-09-18T05:24:15","guid":{"rendered":"https:\/\/semmelweis.hu\/traumatologia\/?page_id=3370"},"modified":"2024-09-24T13:29:19","modified_gmt":"2024-09-24T11:29:19","slug":"akut-betegellatas","status":"publish","type":"page","link":"https:\/\/semmelweis.hu\/traumatologia\/betegellatas\/akut-betegellatas\/","title":{"rendered":"Akut betegell\u00e1t\u00e1s"},"content":{"rendered":"<div class=\"lead\"><strong>Traumatol\u00f3giai Akut Ambulancia<\/strong><\/div>\n<div>\n<p>Az akut ambulancia ter\u00fcleti ell\u00e1t\u00e1sa 24 \u00f3r\u00e1ban a h\u00e9t minden napj\u00e1n beutal\u00f3 n\u00e9lk\u00fcl el\u00e9rhet\u0151.<br \/>\n<strong>Az akut ambulancia el\u00e9rhet\u0151s\u00e9gei:<\/strong><\/p>\n<p>Semmelweis Egyetem, K\u00fcls\u0151 Klinikai T\u00f6mb (Budapest, 1083 Kor\u00e1nyi S\u00e1ndor utca 2.)<br \/>\nK\u00f6zponti Betegell\u00e1t\u00f3 \u00c9p\u00fclet \u2013 f\u00f6ldszint<br \/>\nTelefonsz\u00e1m: +3614591500\/ 62210 (Betegir\u00e1ny\u00edt\u00f3 pult)<\/p>\n<\/div>\n<div><span style=\"text-align: justify;font-size: 1rem\">Akut ambulanci\u00e1nk feladata az akut s\u00e9r\u00fclt betegek vizsg\u00e1lata, kieg\u00e9sz\u00edt\u0151 vizsg\u00e1latok elv\u00e9gz\u00e9se, diagn\u00f3zis fel\u00e1ll\u00edt\u00e1sa, \u00e9s ezt k\u00f6vet\u0151en a beteg tov\u00e1bbi ell\u00e1t\u00e1s\u00e1nak ir\u00e1ny\u00edt\u00e1sa (m\u0171t\u00e9t, megfigyel\u00e9s stb.). Ambulanci\u00e1nk a h\u00e9t minden napj\u00e1n 24 \u00f3r\u00e1s szolg\u00e1latban kijel\u00f6lt ter\u00fcleti ell\u00e1t\u00e1si feladat\u00e1t. A felv\u00e9teli ter\u00fclet l\u00e9tsz\u00e1ma meghaladja az 500 ezer lakost, ami naponta 100-130, \u00e9vente k\u00f6zel 50 ezer ambul\u00e1ns beteg ell\u00e1t\u00e1s\u00e1t jelenti.<\/span><\/div>\n<div>\n<p style=\"text-align: justify\">Az ambulancia diagnosztikai szolg\u00e1ltat\u00e1sai k\u00f6z\u00e9 tartoznak a r\u00f6ntgen, MRI, CT \u00e9s\u00a0 ultrahang vizsg\u00e1latok, amelyek seg\u00edtenek a s\u00e9r\u00fcl\u00e9sek \u00e9s betegs\u00e9gek pontos felder\u00edt\u00e9s\u00e9ben. A III. progresszivit\u00e1snak, azaz a legmagasabb szint\u0171 s\u00e9r\u00fcltell\u00e1t\u00e1snak megfelel\u0151en a klinika szakemberei m\u00e1s szakm\u00e1kkal (\u00e1ltal\u00e1nos seb\u00e9szet, idegseb\u00e9szet, mellkasseb\u00e9szet, radiol\u00f3gia stb.) egy\u00fcttm\u0171k\u00f6dve dolgoznak annak \u00e9rdek\u00e9ben, hogy a betegek a lehet\u0151 legjobb kivizsg\u00e1l\u00e1sban \u00e9s ell\u00e1t\u00e1sban r\u00e9szes\u00fcljenek, \u00e9s visszanyerj\u00e9k mozg\u00e1sk\u00e9pess\u00e9g\u00fcket \u00e9s \u00e9letmin\u0151s\u00e9g\u00fcket.<br \/>\nAmbulanci\u00e1nk m\u0171k\u00f6d\u00e9se a s\u00e9r\u00fcl\u00e9sek t\u00edpus\u00e1nak \u00e9s s\u00falyoss\u00e1g\u00e1nak megfelel\u0151en a k\u00f6vetkez\u0151k\u00e9ppen \u00e9p\u00fcl fel:<\/p>\n<p style=\"text-align: justify\">J\u00e1r\u00f3beteg-ell\u00e1t\u00e1s: a traumatol\u00f3giai ambulancia egyik legfontosabb r\u00e9sze a j\u00e1r\u00f3beteg-ell\u00e1t\u00e1s, ahol a p\u00e1cienseknek olyan kisebb vagy k\u00f6zepes s\u00falyoss\u00e1g\u00fa s\u00e9r\u00fcl\u00e9seit kezeltethetj\u00fck, amelyek nem ig\u00e9nyelnek m\u0171t\u00e9ti beavatkoz\u00e1st vagy k\u00f3rh\u00e1zi felv\u00e9telt. A kieg\u00e9sz\u00edt\u0151 k\u00e9palkot\u00f3 vizsg\u00e1latok mellett kisebb traumatol\u00f3giai beavatkoz\u00e1sokat v\u00e9gz\u00fcnk, mint p\u00e9ld\u00e1ul: t\u00f6r\u00e9sek r\u00f6gz\u00edt\u00e9se, sebek ell\u00e1t\u00e1sa. A kisebb \u201eambul\u00e1ns\u201d m\u0171t\u00e9tekhez sz\u00fcks\u00e9ges eszk\u00f6z\u00f6k \u00e9s steril k\u00f6rnyezet is rendelkez\u00e9sre \u00e1ll.<\/p>\n<p style=\"text-align: justify\">Fekv\u0151beteg-ambulancia: ezen ambul\u00e1ns r\u00e9szlegen azon betegek vizsg\u00e1lat\u00e1t \u00e9s ell\u00e1t\u00e1s\u00e1t v\u00e9gezz\u00fck, akik a s\u00e9r\u00fcl\u00e9si mechanizmus alapj\u00e1n el\u0151re l\u00e1that\u00f3lag s\u00fcrg\u0151s m\u0171t\u00e9ti ell\u00e1t\u00e1st vagy szoros k\u00f3rh\u00e1zi megfigyel\u00e9st ig\u00e9nyelnek. Ezek a betegek el\u0151zetes vizsg\u00e1latok \u00e9s konzult\u00e1ci\u00f3k ut\u00e1n ker\u00fclnek m\u0171t\u00e9tre. A betegfelv\u00e9tel sor\u00e1n el\u0151zetes vizsg\u00e1latok t\u00f6rt\u00e9nnek (labor vizsg\u00e1lat, EKG, stb.), t\u00e1j\u00e9koztatj\u00e1k a betegeket a m\u0171t\u00e9ti folyamatr\u00f3l, ezt k\u00f6vet\u0151en a betegek Klinik\u00e1nk Preoperat\u00edv (azaz el\u0151k\u00e9sz\u00edt\u0151) R\u00e9szleg\u00e9re ker\u00fclnek.<\/p>\n<p style=\"text-align: justify\">Shocktalan\u00edt\u00f3: a shocktalan\u00edt\u00f3 helyis\u00e9g az ambulancia legs\u00fcrg\u0151sebb esetek ell\u00e1t\u00e1s\u00e1ra kialak\u00edtott egys\u00e9ge. Itt l\u00e1tjuk el az olyan \u00e9letvesz\u00e9lyes \u00e1llapotban l\u00e9v\u0151 betegeket, akik s\u00falyos s\u00e9r\u00fcl\u00e9seket szenvedtek el, mint p\u00e9ld\u00e1ul t\u00f6bbsz\u00f6r\u00f6s csontt\u00f6r\u00e9sek, fejs\u00e9r\u00fcl\u00e9sek, bels\u0151 v\u00e9rz\u00e9sek, sokkos \u00e1llapotot kiv\u00e1lt\u00f3 balesetek. A shocktalan\u00edt\u00f3 helyis\u00e9g speci\u00e1lis felszerel\u00e9sekkel rendelkezik, amelyek az azonnali \u00e9letment\u0151 beavatkoz\u00e1sokra alkalmasak. Ide tartoznak a l\u00e9g\u00fat biztos\u00edt\u00e1s\u00e1ra szolg\u00e1l\u00f3 eszk\u00f6z\u00f6k, defibrill\u00e1tor, l\u00e9legeztet\u0151g\u00e9p, inf\u00fazi\u00f3s \u00e1llv\u00e1nyok, \u00e9s v\u00e9rk\u00e9sz\u00edtm\u00e9nyek. A t\u00f6bb szakm\u00e1b\u00f3l \u00e1ll\u00f3 team itt gyors vizsg\u00e1latokat \u00e9s beavatkoz\u00e1sokat v\u00e9gez az \u00e1ltal\u00e1nos \u00e1llapot stabiliz\u00e1l\u00e1s\u00e1nak \u00e9rdek\u00e9ben, ezt k\u00f6vet\u0151en d\u00f6nt\u00e9st hoz a beteg tov\u00e1bbi ell\u00e1t\u00e1s\u00e1r\u00f3l.<\/p>\n<p>Googlemap link:<\/p>\n<p><a href=\"https:\/\/www.google.com\/maps\/place\/Semmelweis+Egyetem+Traumatol%C3%B2giai+Klinika\/@47.4829309,19.0810972,18z\/data=!4m6!3m5!1s0x4741ddabaef302fd:0xf27adae18b8e245f!8m2!3d47.4830713!4d19.0819035!16s%2Fg%2F11l6tqgq7p?entry=ttu&amp;g_ep=EgoyMDI0MDkwMi4xIKXMDSoASAFQAw%3D%3D\">https:\/\/www.google.com\/maps\/place\/Semmelweis+Egyetem+Traumatol%C3%B2giai+Klinika\/@47.4829309,19.0810972,18z\/data=!4m6!3m5!1s0x4741ddabaef302fd:0xf27adae18b8e245f!8m2!3d47.4830713!4d19.0819035!16s%2Fg%2F11l6tqgq7p?entry=ttu&amp;g_ep=EgoyMDI0MDkwMi4xIKXMDSoASAFQAw%3D%3D<\/a><\/p>\n<\/div>\n<p><img decoding=\"async\" src=\"https:\/\/semmelweis.hu\/traumatologia\/files\/2024\/09\/Terkep-Akut.png\" alt=\"\" \/><\/p>\n","protected":false},"excerpt":{"rendered":"<p>Traumatol\u00f3giai Akut Ambulancia Az akut ambulancia ter\u00fcleti ell\u00e1t\u00e1sa 24 \u00f3r\u00e1ban a h\u00e9t minden napj\u00e1n beutal\u00f3 n\u00e9lk\u00fcl el\u00e9rhet\u0151. Az akut ambulancia el\u00e9rhet\u0151s\u00e9gei: Semmelweis Egyetem, K\u00fcls\u0151 Klinikai T\u00f6mb (Budapest, 1083 Kor\u00e1nyi S\u00e1ndor utca 2.) K\u00f6zponti Betegell\u00e1t\u00f3 \u00c9p\u00fclet \u2013 f\u00f6ldszint Telefonsz\u00e1m: +3614591500\/ 62210 (Betegir\u00e1ny\u00edt\u00f3 pult) Akut ambulanci\u00e1nk feladata az akut s\u00e9r\u00fclt betegek vizsg\u00e1lata, kieg\u00e9sz\u00edt\u0151 vizsg\u00e1latok elv\u00e9gz\u00e9se, diagn\u00f3zis fel\u00e1ll\u00edt\u00e1sa, &hellip;<\/p>\n","protected":false},"author":101217,"featured_media":0,"parent":3368,"menu_order":0,"comment_status":"closed","ping_status":"closed","template":"","meta":{"_acf_changed":false,"footnotes":""},"categories":[],"tags":[],"class_list":["post-3370","page","type-page","status-publish","hentry"],"acf":[],"_links":{"self":[{"href":"https:\/\/semmelweis.hu\/traumatologia\/wp-json\/wp\/v2\/pages\/3370","targetHints":{"allow":["GET"]}}],"collection":[{"href":"https:\/\/semmelweis.hu\/traumatologia\/wp-json\/wp\/v2\/pages"}],"about":[{"href":"https:\/\/semmelweis.hu\/traumatologia\/wp-json\/wp\/v2\/types\/page"}],"author":[{"embeddable":true,"href":"https:\/\/semmelweis.hu\/traumatologia\/wp-json\/wp\/v2\/users\/101217"}],"replies":[{"embeddable":true,"href":"https:\/\/semmelweis.hu\/traumatologia\/wp-json\/wp\/v2\/comments?post=3370"}],"version-history":[{"count":8,"href":"https:\/\/semmelweis.hu\/traumatologia\/wp-json\/wp\/v2\/pages\/3370\/revisions"}],"predecessor-version":[{"id":3570,"href":"https:\/\/semmelweis.hu\/traumatologia\/wp-json\/wp\/v2\/pages\/3370\/revisions\/3570"}],"up":[{"embeddable":true,"href":"https:\/\/semmelweis.hu\/traumatologia\/wp-json\/wp\/v2\/pages\/3368"}],"wp:attachment":[{"href":"https:\/\/semmelweis.hu\/traumatologia\/wp-json\/wp\/v2\/media?parent=3370"}],"wp:term":[{"taxonomy":"category","embeddable":true,"href":"https:\/\/semmelweis.hu\/traumatologia\/wp-json\/wp\/v2\/categories?post=3370"},{"taxonomy":"post_tag","embeddable":true,"href":"https:\/\/semmelweis.hu\/traumatologia\/wp-json\/wp\/v2\/tags?post=3370"}],"curies":[{"name":"wp","href":"https:\/\/api.w.org\/{rel}","templated":true}]}}