{"id":3368,"date":"2024-09-18T07:23:07","date_gmt":"2024-09-18T05:23:07","guid":{"rendered":"https:\/\/semmelweis.hu\/traumatologia\/?page_id=3368"},"modified":"2024-09-18T14:02:02","modified_gmt":"2024-09-18T12:02:02","slug":"betegellatas","status":"publish","type":"page","link":"https:\/\/semmelweis.hu\/traumatologia\/betegellatas\/","title":{"rendered":"Betegell\u00e1t\u00e1s"},"content":{"rendered":"<p style=\"text-align: justify\">A Traumatol\u00f3giai Klinika \u00e9s \u201ebaleseti seb\u00e9szeti\u201d szakma \u00e1ltal\u00e1noss\u00e1gban a mozg\u00e1s \u00e9s t\u00e1maszt\u00f3 szervek, azaz a\u00a0 csont-, \u00edz\u00fclet-, izom- \u00e9s l\u00e1gyr\u00e9szek s\u00e9r\u00fcl\u00e9seinek diagnosztiz\u00e1l\u00e1s\u00e1ra, kezel\u00e9s\u00e9re \u00e9s rehabilit\u00e1ci\u00f3j\u00e1ra specializ\u00e1l\u00f3dott. Klinik\u00e1nk ugyanakkor nem csak friss s\u00e9r\u00fcl\u00e9sek ell\u00e1t\u00e1s\u00e1ban, hanem m\u00e1s, nem s\u00e9r\u00fcl\u00e9s eredet\u0171 mozg\u00e1sszervi elv\u00e1ltoz\u00e1sok kezel\u00e9s\u00e9ben is r\u00e9szt vesz. A jelenleg k\u00f6z\u00f6s szakvizsg\u00e1val rendelkez\u0151, mozg\u00e1sszervekkel foglalkoz\u00f3 orvostudom\u00e1nyi \u00e1gat traumatol\u00f3gi\u00e1ra \u00e9s ortop\u00e9di\u00e1ra osztjuk.<br \/>\nTraumatol\u00f3gia: ez az \u00e1g a baleseti s\u00e9r\u00fcl\u00e9sek, t\u00f6r\u00e9sek, r\u00e1ndul\u00e1sok, z\u00faz\u00f3d\u00e1sok, ficamok, stb. ell\u00e1t\u00e1s\u00e1val foglalkozik. A traumatol\u00f3giai oszt\u00e1lyon gyakran kezel\u00fcnk k\u00f6zleked\u00e9si balesetek, munkahelyi balesetek vagy sportbalesetek k\u00f6vetkezt\u00e9ben s\u00e9r\u00fclt betegeket. Az ell\u00e1t\u00e1s sor\u00e1n alkalmazott m\u00f3dszerek k\u00f6z\u00e9 \u00e1ltal\u00e1ban s\u00fcrg\u0151ss\u00e9gi beavatkoz\u00e1sok tartoznak.<br \/>\nOrtop\u00e9dia: az ortop\u00e9diai szakma a mozg\u00e1sszervi rendszer, azaz a csontok, \u00edz\u00fcletek, izmok \u00e9s inak betegs\u00e9geinek \u00e9s elv\u00e1ltoz\u00e1sainak kezel\u00e9s\u00e9re szakosodott. Az ortop\u00e9diai ell\u00e1t\u00e1s mag\u00e1ban foglalja a degenerat\u00edv \u00edz\u00fcleti betegs\u00e9gek (p\u00e9ld\u00e1ul artr\u00f3zis, azaz \u00edz\u00fcleti kop\u00e1s), gerincprobl\u00e9m\u00e1k (p\u00e9ld\u00e1ul porckorongs\u00e9rv), \u00e9s sz\u00fclet\u00e9si rendelleness\u00e9gek kezel\u00e9s\u00e9t. A beavatkoz\u00e1sok k\u00f6z\u00e9 tartoznak p\u00e9ld\u00e1ul az \u00edz\u00fcleti prot\u00e9zis be\u00fcltet\u00e9sek, gerincm\u0171t\u00e9tek, valamint az \u00edz\u00fcleti rekonstrukci\u00f3k.<\/p>\n<p style=\"text-align: justify\">M\u00edg az ortop\u00e9diai betegs\u00e9gek \u00e1ltal\u00e1ban r\u00e9szletes kivizsg\u00e1l\u00e1st, valamint halaszthat\u00f3 ell\u00e1t\u00e1st ig\u00e9nyelnek, a friss traumatol\u00f3giai esetek t\u00falnyom\u00f3 t\u00f6bbs\u00e9ge azonnali vizsg\u00e1latot, ak\u00e1r azonnali m\u0171t\u00e9ti beavatkoz\u00e1st ig\u00e9nyel. Ennek megfelel\u0151en Klinik\u00e1nk tev\u00e9kenys\u00e9ge fekv\u0151- \u00e9s j\u00e1r\u00f3beteg ell\u00e1t\u00e1sra, ezen bel\u00fcl akut (s\u00fcrg\u0151s\/azonnali) \u00e9s kr\u00f3nikus (azaz halaszthat\u00f3) ell\u00e1t\u00e1sra oszlik. A friss s\u00e9r\u00fcl\u00e9seket Traumatol\u00f3giai Akut Ambulanci\u00e1nkon, a betegek kontroll vizsg\u00e1lat\u00e1t, k\u00f6vet\u00e9s\u00e9t, valamint a nem friss s\u00e9r\u00fcl\u00e9seket, ortop\u00e9diai eseteket Traumatol\u00f3giai Kontroll \u00e9s Traumatol\u00f3giai K\u00e9zseb\u00e9szeti Ambulanci\u00e1nkon l\u00e1tjuk el.<\/p>\n","protected":false},"excerpt":{"rendered":"<p>A Traumatol\u00f3giai Klinika \u00e9s \u201ebaleseti seb\u00e9szeti\u201d szakma \u00e1ltal\u00e1noss\u00e1gban a mozg\u00e1s \u00e9s t\u00e1maszt\u00f3 szervek, azaz a\u00a0 csont-, \u00edz\u00fclet-, izom- \u00e9s l\u00e1gyr\u00e9szek s\u00e9r\u00fcl\u00e9seinek diagnosztiz\u00e1l\u00e1s\u00e1ra, kezel\u00e9s\u00e9re \u00e9s rehabilit\u00e1ci\u00f3j\u00e1ra specializ\u00e1l\u00f3dott. Klinik\u00e1nk ugyanakkor nem csak friss s\u00e9r\u00fcl\u00e9sek ell\u00e1t\u00e1s\u00e1ban, hanem m\u00e1s, nem s\u00e9r\u00fcl\u00e9s eredet\u0171 mozg\u00e1sszervi elv\u00e1ltoz\u00e1sok kezel\u00e9s\u00e9ben is r\u00e9szt vesz. A jelenleg k\u00f6z\u00f6s szakvizsg\u00e1val rendelkez\u0151, mozg\u00e1sszervekkel foglalkoz\u00f3 orvostudom\u00e1nyi \u00e1gat traumatol\u00f3gi\u00e1ra \u00e9s &hellip;<\/p>\n","protected":false},"author":101217,"featured_media":0,"parent":0,"menu_order":0,"comment_status":"closed","ping_status":"closed","template":"","meta":{"_acf_changed":false,"footnotes":""},"categories":[],"tags":[],"class_list":["post-3368","page","type-page","status-publish","hentry"],"acf":[],"_links":{"self":[{"href":"https:\/\/semmelweis.hu\/traumatologia\/wp-json\/wp\/v2\/pages\/3368","targetHints":{"allow":["GET"]}}],"collection":[{"href":"https:\/\/semmelweis.hu\/traumatologia\/wp-json\/wp\/v2\/pages"}],"about":[{"href":"https:\/\/semmelweis.hu\/traumatologia\/wp-json\/wp\/v2\/types\/page"}],"author":[{"embeddable":true,"href":"https:\/\/semmelweis.hu\/traumatologia\/wp-json\/wp\/v2\/users\/101217"}],"replies":[{"embeddable":true,"href":"https:\/\/semmelweis.hu\/traumatologia\/wp-json\/wp\/v2\/comments?post=3368"}],"version-history":[{"count":2,"href":"https:\/\/semmelweis.hu\/traumatologia\/wp-json\/wp\/v2\/pages\/3368\/revisions"}],"predecessor-version":[{"id":3450,"href":"https:\/\/semmelweis.hu\/traumatologia\/wp-json\/wp\/v2\/pages\/3368\/revisions\/3450"}],"wp:attachment":[{"href":"https:\/\/semmelweis.hu\/traumatologia\/wp-json\/wp\/v2\/media?parent=3368"}],"wp:term":[{"taxonomy":"category","embeddable":true,"href":"https:\/\/semmelweis.hu\/traumatologia\/wp-json\/wp\/v2\/categories?post=3368"},{"taxonomy":"post_tag","embeddable":true,"href":"https:\/\/semmelweis.hu\/traumatologia\/wp-json\/wp\/v2\/tags?post=3368"}],"curies":[{"name":"wp","href":"https:\/\/api.w.org\/{rel}","templated":true}]}}