{"id":3354,"date":"2024-09-17T18:22:14","date_gmt":"2024-09-17T16:22:14","guid":{"rendered":"https:\/\/semmelweis.hu\/traumatologia\/?page_id=3354"},"modified":"2024-09-24T13:23:07","modified_gmt":"2024-09-24T11:23:07","slug":"minoseg-iranyitas","status":"publish","type":"page","link":"https:\/\/semmelweis.hu\/traumatologia\/a-klinikarol\/minoseg-iranyitas\/","title":{"rendered":"Min\u0151s\u00e9gir\u00e1ny\u00edt\u00e1s"},"content":{"rendered":"<p><span data-contrast=\"auto\">Az oktat\u00e1s-kutat\u00e1s-betegell\u00e1t\u00e1shoz kapcsol\u00f3d\u00f3 tev\u00e9kenys\u00e9geink magas sz\u00ednvonal\u00fa, eredm\u00e9nyes \u00e9s hat\u00e9kony megval\u00f3s\u00edt\u00e1sa \u00e9rdek\u00e9ben n\u00e9lk\u00fcl\u00f6zhetetlen az Integr\u00e1lt Min\u0151s\u00e9gir\u00e1ny\u00edt\u00e1si Rendszer m\u0171k\u00f6dtet\u00e9se. A Semmelweis Egyetem ISO min\u0151s\u00e9gir\u00e1ny\u00edt\u00e1si rendszer \u00e9s az ESG fels\u0151oktat\u00e1si standardok szerinti tan\u00fas\u00edtotts\u00e1ga, illetve MEES 2.0 ell\u00e1t\u00e1si standardok szerinti akkredit\u00e1ci\u00f3ja adja a keretet a Traumatol\u00f3giai Klinik\u00e1n kialak\u00edtott min\u0151s\u00e9gir\u00e1ny\u00edt\u00e1si rendszer m\u0171k\u00f6d\u00e9s\u00e9hez. A folyamataink rendszerszint\u0171 kezel\u00e9s\u00e9vel \u00e9s \u00e1lland\u00f3 fejleszt\u00e9seivel biztos\u00edtjuk a Traumatol\u00f3giai Klinik\u00e1val kapcsolatba ker\u00fcl\u0151 di\u00e1kok, koll\u00e9g\u00e1k \u00e9s p\u00e1ciensek elv\u00e1r\u00e1sainak val\u00f3 megfelel\u00e9st.<\/span><span data-ccp-props=\"{&quot;201341983&quot;:0,&quot;335551550&quot;:6,&quot;335551620&quot;:6,&quot;335559739&quot;:160,&quot;335559740&quot;:279}\">\u00a0<\/span><\/p>\n<p><a href=\"https:\/\/semmelweis.hu\/az-egyetemrol\/semmelweis-egyetem-minosegiranyitasi-rendszer\/\"><span data-contrast=\"none\">https:\/\/semmelweis.hu\/az-egyetemrol\/semmelweis-egyetem-minosegiranyitasi-rendszer\/<\/span><\/a><span data-ccp-props=\"{&quot;201341983&quot;:0,&quot;335559739&quot;:160,&quot;335559740&quot;:279}\">\u00a0<\/span><\/p>\n","protected":false},"excerpt":{"rendered":"<p>Az oktat\u00e1s-kutat\u00e1s-betegell\u00e1t\u00e1shoz kapcsol\u00f3d\u00f3 tev\u00e9kenys\u00e9geink magas sz\u00ednvonal\u00fa, eredm\u00e9nyes \u00e9s hat\u00e9kony megval\u00f3s\u00edt\u00e1sa \u00e9rdek\u00e9ben n\u00e9lk\u00fcl\u00f6zhetetlen az Integr\u00e1lt Min\u0151s\u00e9gir\u00e1ny\u00edt\u00e1si Rendszer m\u0171k\u00f6dtet\u00e9se. A Semmelweis Egyetem ISO min\u0151s\u00e9gir\u00e1ny\u00edt\u00e1si rendszer \u00e9s az ESG fels\u0151oktat\u00e1si standardok szerinti tan\u00fas\u00edtotts\u00e1ga, illetve MEES 2.0 ell\u00e1t\u00e1si standardok szerinti akkredit\u00e1ci\u00f3ja adja a keretet a Traumatol\u00f3giai Klinik\u00e1n kialak\u00edtott min\u0151s\u00e9gir\u00e1ny\u00edt\u00e1si rendszer m\u0171k\u00f6d\u00e9s\u00e9hez. A folyamataink rendszerszint\u0171 kezel\u00e9s\u00e9vel \u00e9s \u00e1lland\u00f3 fejleszt\u00e9seivel biztos\u00edtjuk &hellip;<\/p>\n","protected":false},"author":101217,"featured_media":0,"parent":3333,"menu_order":3,"comment_status":"closed","ping_status":"closed","template":"","meta":{"_acf_changed":false,"footnotes":""},"categories":[],"tags":[],"class_list":["post-3354","page","type-page","status-publish","hentry"],"acf":[],"_links":{"self":[{"href":"https:\/\/semmelweis.hu\/traumatologia\/wp-json\/wp\/v2\/pages\/3354","targetHints":{"allow":["GET"]}}],"collection":[{"href":"https:\/\/semmelweis.hu\/traumatologia\/wp-json\/wp\/v2\/pages"}],"about":[{"href":"https:\/\/semmelweis.hu\/traumatologia\/wp-json\/wp\/v2\/types\/page"}],"author":[{"embeddable":true,"href":"https:\/\/semmelweis.hu\/traumatologia\/wp-json\/wp\/v2\/users\/101217"}],"replies":[{"embeddable":true,"href":"https:\/\/semmelweis.hu\/traumatologia\/wp-json\/wp\/v2\/comments?post=3354"}],"version-history":[{"count":5,"href":"https:\/\/semmelweis.hu\/traumatologia\/wp-json\/wp\/v2\/pages\/3354\/revisions"}],"predecessor-version":[{"id":3568,"href":"https:\/\/semmelweis.hu\/traumatologia\/wp-json\/wp\/v2\/pages\/3354\/revisions\/3568"}],"up":[{"embeddable":true,"href":"https:\/\/semmelweis.hu\/traumatologia\/wp-json\/wp\/v2\/pages\/3333"}],"wp:attachment":[{"href":"https:\/\/semmelweis.hu\/traumatologia\/wp-json\/wp\/v2\/media?parent=3354"}],"wp:term":[{"taxonomy":"category","embeddable":true,"href":"https:\/\/semmelweis.hu\/traumatologia\/wp-json\/wp\/v2\/categories?post=3354"},{"taxonomy":"post_tag","embeddable":true,"href":"https:\/\/semmelweis.hu\/traumatologia\/wp-json\/wp\/v2\/tags?post=3354"}],"curies":[{"name":"wp","href":"https:\/\/api.w.org\/{rel}","templated":true}]}}