{"id":3344,"date":"2024-09-17T18:05:49","date_gmt":"2024-09-17T16:05:49","guid":{"rendered":"https:\/\/semmelweis.hu\/traumatologia\/?page_id=3344"},"modified":"2024-09-24T13:23:43","modified_gmt":"2024-09-24T11:23:43","slug":"vezetoseg","status":"publish","type":"page","link":"https:\/\/semmelweis.hu\/traumatologia\/a-klinikarol\/vezetoseg\/","title":{"rendered":"Vezet\u0151s\u00e9g"},"content":{"rendered":"<p><strong>Dr. Bodzay Tam\u00e1s\u00a0<\/strong><br \/>\n<span data-contrast=\"auto\">egyetemi docens, igazgat\u00f3<\/span><span data-ccp-props=\"{&quot;201341983&quot;:0,&quot;335559739&quot;:160,&quot;335559740&quot;:278}\">\u00a0<\/span><\/p>\n<p><strong>Dr. Kocsis Andr\u00e1s\u00a0<\/strong><br \/>\n<span data-contrast=\"auto\">klinikai f\u0151orvos, igazgat\u00f3helyettes<\/span><span data-ccp-props=\"{&quot;201341983&quot;:0,&quot;335559739&quot;:160,&quot;335559740&quot;:278}\">\u00a0<\/span><\/p>\n<p><strong>Dr. Ludas Istv\u00e1n\u00a0<\/strong><br \/>\n<span data-contrast=\"auto\">klinikai f\u0151orvos, igazgat\u00f3helyettes<\/span><span data-ccp-props=\"{&quot;201341983&quot;:0,&quot;335559739&quot;:160,&quot;335559740&quot;:278}\">\u00a0<\/span><\/p>\n<p><strong>Sevella-T\u00f3th Em\u0151ke<\/strong><br \/>\n<span data-contrast=\"auto\">klinika vezet\u0151 \u00e1pol\u00f3<\/span><span data-ccp-props=\"{&quot;201341983&quot;:0,&quot;335559739&quot;:160,&quot;335559740&quot;:278}\">\u00a0<\/span><\/p>\n<p><strong>Medla Orsolya<\/strong><br \/>\ngazdas\u00e1gi irodavezet\u0151<\/p>\n<p><strong>Bodzay Petra<\/strong><br \/>\nvezet\u0151 oktat\u00e1sszervez\u00e9si szak\u00e9rt\u0151<\/p>\n","protected":false},"excerpt":{"rendered":"<p>Dr. Bodzay Tam\u00e1s\u00a0<br \/>\negyetemi docens, igazgat\u00f3\u00a0<br \/>\nDr. Kocsis Andr\u00e1s\u00a0<br \/>\nklinikai f\u0151orvos, igazgat\u00f3helyettes\u00a0<br \/>\nDr. Ludas Istv\u00e1n\u00a0<br \/>\nklinikai f\u0151orvos, igazgat\u00f3helyettes\u00a0<br \/>\nSevella-T\u00f3th Em\u0151ke<br \/>\nklinika vezet\u0151 \u00e1pol\u00f3\u00a0<br \/>\nMedla Orsolya<br \/>\ngazdas\u00e1gi irodavezet\u0151<br \/>\nBodzay Petra<br \/>\nvezet\u0151 oktat\u00e1sszervez\u00e9si szak\u00e9rt\u0151<\/p>\n","protected":false},"author":101217,"featured_media":0,"parent":3333,"menu_order":1,"comment_status":"closed","ping_status":"closed","template":"","meta":{"_acf_changed":false,"footnotes":""},"categories":[],"tags":[],"class_list":["post-3344","page","type-page","status-publish","hentry"],"acf":[],"_links":{"self":[{"href":"https:\/\/semmelweis.hu\/traumatologia\/wp-json\/wp\/v2\/pages\/3344","targetHints":{"allow":["GET"]}}],"collection":[{"href":"https:\/\/semmelweis.hu\/traumatologia\/wp-json\/wp\/v2\/pages"}],"about":[{"href":"https:\/\/semmelweis.hu\/traumatologia\/wp-json\/wp\/v2\/types\/page"}],"author":[{"embeddable":true,"href":"https:\/\/semmelweis.hu\/traumatologia\/wp-json\/wp\/v2\/users\/101217"}],"replies":[{"embeddable":true,"href":"https:\/\/semmelweis.hu\/traumatologia\/wp-json\/wp\/v2\/comments?post=3344"}],"version-history":[{"count":9,"href":"https:\/\/semmelweis.hu\/traumatologia\/wp-json\/wp\/v2\/pages\/3344\/revisions"}],"predecessor-version":[{"id":3569,"href":"https:\/\/semmelweis.hu\/traumatologia\/wp-json\/wp\/v2\/pages\/3344\/revisions\/3569"}],"up":[{"embeddable":true,"href":"https:\/\/semmelweis.hu\/traumatologia\/wp-json\/wp\/v2\/pages\/3333"}],"wp:attachment":[{"href":"https:\/\/semmelweis.hu\/traumatologia\/wp-json\/wp\/v2\/media?parent=3344"}],"wp:term":[{"taxonomy":"category","embeddable":true,"href":"https:\/\/semmelweis.hu\/traumatologia\/wp-json\/wp\/v2\/categories?post=3344"},{"taxonomy":"post_tag","embeddable":true,"href":"https:\/\/semmelweis.hu\/traumatologia\/wp-json\/wp\/v2\/tags?post=3344"}],"curies":[{"name":"wp","href":"https:\/\/api.w.org\/{rel}","templated":true}]}}