{"id":3341,"date":"2024-09-17T18:02:24","date_gmt":"2024-09-17T16:02:24","guid":{"rendered":"https:\/\/semmelweis.hu\/traumatologia\/?page_id=3341"},"modified":"2025-10-22T07:44:16","modified_gmt":"2025-10-22T05:44:16","slug":"munkatarsak","status":"publish","type":"page","link":"https:\/\/semmelweis.hu\/traumatologia\/a-klinikarol\/munkatarsak\/","title":{"rendered":"Munkat\u00e1rsaink (Betegell\u00e1t\u00e1s)"},"content":{"rendered":"<p><strong>Munkat\u00e1rsaink\u00a0<\/strong><\/p>\n<p><strong>Dr. Bodzay Tam\u00e1s<\/strong><br \/>\negyetemi docens, igazgat\u00f3<\/p>\n<p><strong>Dr. Kocsis Andr\u00e1s<\/strong><br \/>\nklinikai f\u0151orvos, igazgat\u00f3helyettes<br \/>\nr\u00e9szlegvezet\u0151 f\u0151orvos (II. emeleti oszt\u00e1ly)<\/p>\n<p><strong>Dr. Ludas Istv\u00e1n<\/strong><br \/>\nklinikai f\u0151orvos, igazgat\u00f3helyettes<br \/>\nr\u00e9szlegvezet\u0151 f\u0151orvos (IV. r\u00e9szleg)<\/p>\n<p><strong>Dr. Varga P\u00e9ter<\/strong><br \/>\nr\u00e9szlegvezet\u0151 f\u0151orvos (V. r\u00e9szleg)<\/p>\n<p><strong>Sevella-T\u00f3th Em\u0151ke<\/strong><br \/>\nklinika vezet\u0151 \u00e1pol\u00f3<\/p>\n<p><strong>Somody Emese<br \/>\n<\/strong>klinikai titk\u00e1rs\u00e1gvezet\u0151<\/p>\n<p>&nbsp;<\/p>\n<div class=\"fontos_div\">\n<p><strong style=\"font-size: 1rem\">II. emeleti Traumatol\u00f3giai Fekv\u0151beteg Ell\u00e1t\u00f3 Oszt\u00e1ly:<br \/>\n<\/strong><span style=\"font-size: 1rem\">-Preoperat\u00edv \u00e9s Observatios r\u00e9szleg<br \/>\n<\/span><span style=\"font-size: 1rem\">-Szeptikus r\u00e9szleg<br \/>\n-N<\/span><span style=\"font-size: 1rem\">eurotraumatol\u00f3giai r\u00e9szleg<\/span><\/p>\n<p><strong>III. emeleti Traumatol\u00f3giai Fekv\u0151beteg Ell\u00e1t\u00f3 Oszt\u00e1ly:<br \/>\n&#8211; <\/strong>IV. r\u00e9szleg<strong><br \/>\n&#8211; <\/strong>V. r\u00e9szleg<\/p>\n<\/div>\n<p>Dr. Aminy Amanullah \u2013 szakorvosjel\u00f6lt (IV. r\u00e9szleg)<br \/>\nDr. Asztalos Andr\u00e1s \u2013 klinikai szakorvos (Preoperat\u00edv \u00e9s Observatios r\u00e9szleg)<br \/>\nDr. Balsai Tam\u00e1s \u2013 szakorvosjel\u00f6lt (Neurotraumatol\u00f3giai r\u00e9szleg)<br \/>\nDr. Balogh Panna &#8211; szakorvosjel\u00f6lt (V. r\u00e9szleg)<br \/>\nDr. Czibor Zolt\u00e1n \u2013 szakorvosjel\u00f6lt (Szeptikus r\u00e9szleg)<br \/>\nDr. Cs\u00e9ka Botond \u2013 szakorvosjel\u00f6lt (Preoperat\u00edv \u00e9s Observatios r\u00e9szleg)<br \/>\nDr. Dobrean Levente \u2013 klinikai szakorvos (Szeptikus r\u00e9szleg)<br \/>\nDr. Farag\u00f3 Bence \u2013 klinikai szakorvos (Szeptikus r\u00e9szleg)<br \/>\nDr. Feh\u00e9r Mil\u00e1n \u2013 klinikai szakorvos (V. r\u00e9szleg)<br \/>\nDr. G\u00e1bor \u00c1ron \u2013 klinikai szakorvos (IV. r\u00e9szleg)<br \/>\nDr. G\u00f6m\u00f6ri Krist\u00f3f \u2013 szakorvosjel\u00f6lt (Szeptikus r\u00e9szleg)<br \/>\nDr. Hevesi Adrienn \u2013 klinikai szakorvos (V. r\u00e9szleg)<br \/>\nDr. Iszlay Gerg\u0151 &#8211; szakorvosjel\u00f6lt (V. r\u00e9szleg)<br \/>\nDr. Jenei M\u00e1rton \u2013 szakorvosjel\u00f6lt (IV. r\u00e9szleg)<br \/>\nDr. Kardos D\u00e1niel \u2013 klinikai szakorvos (IV. r\u00e9szleg)<br \/>\nDr. K\u00e1rolyi Fanni \u2013 szakorvosjel\u00f6lt (V. r\u00e9szleg)<br \/>\nDr. Kelemen Anna \u2013 szakorvosjel\u00f6lt (IV. r\u00e9szleg)<br \/>\nDr. Koczka D\u00e1niel \u2013 klinikai szakorvos (V. r\u00e9szleg)<br \/>\nDr. Kosztin \u00c1rp\u00e1d \u2013 szakorvosjel\u00f6lt (IV. r\u00e9szleg)<br \/>\nDr. L\u00e1nyi P\u00e9ter \u2013 szakorvosjel\u00f6lt (Neurotraumatol\u00f3giai r\u00e9szleg)<br \/>\nDr. Lengyel \u00c1gnes M\u00e1ria \u2013 szakorvosjel\u00f6lt (IV. r\u00e9szleg)<br \/>\nDr. Lep\u00e1r G\u00e1bor \u2013 klinikai szakorvos (Szeptikus r\u00e9szleg)<br \/>\nDr. Mayer Lilla \u2013 szakorvosjel\u00f6lt (Szeptikus r\u00e9szleg)<br \/>\nDr. Misik Ferenc \u2013 idegseb\u00e9sz szakorvos (Neurotraumatol\u00f3giai r\u00e9szleg)<br \/>\nDr. Nagy Istv\u00e1n \u2013 idegseb\u00e9sz f\u0151orvos (Neurotraumatol\u00f3giai r\u00e9szleg)<br \/>\nDr. Nagy-Koll\u00e1r Bog\u00e1ta \u2013 szakorvosjel\u00f6lt (V. r\u00e9szleg)<br \/>\nDr. Naphegyi Andrea \u2013 szakorvosjel\u00f6lt (Szeptikus r\u00e9szleg)<br \/>\nDr. Pad\u00e1nyi Csaba &#8211; idegseb\u00e9sz szakorvos (Neurotraumatol\u00f3giai r\u00e9szleg) &#8211; r\u00e9sz\u00e1ll\u00e1s<br \/>\nDr. Pahlavanyali Afshin \u2013 szakorvosjel\u00f6lt (Preoperat\u00edv \u00e9s Observatios r\u00e9szleg)<br \/>\nDr. Pingitzer K\u00e1roly \u2013 idegseb\u00e9sz f\u0151orvos (Neurotraumatol\u00f3giai r\u00e9szleg)<br \/>\nDr. Szab\u00f3 Ferenc \u2013 idegseb\u00e9sz szakorvos (Neurotraumatol\u00f3giai r\u00e9szleg)<br \/>\nDr. Szab\u00f3 S\u00e1ndor \u2013 klinikai szakorvos (IV. r\u00e9szleg)<br \/>\nDr. Szmola D\u00e1niel \u2013 szakorvosjel\u00f6lt (Preoperat\u00edv \u00e9s Observatios r\u00e9szleg) \u2013 tart\u00f3san t\u00e1vol<br \/>\nDr. Sztrinkai Gergely \u2013 klinikai szakorvos (V. r\u00e9szleg)<br \/>\nDr. Tam\u00e1s Zal\u00e1n \u2013 szakorvosjel\u00f6lt (IV. r\u00e9szleg)<br \/>\nDr. Texidor Roberts Luis Ariel \u2013 klinikai szakorvos (IV. r\u00e9szleg)<br \/>\nDr. V\u00e9gh Gy\u00f6rgy \u2013 klinikai f\u0151orvos (IV. r\u00e9szleg)<br \/>\nDr. Z\u00f6ld Marcell \u2013 rezidens (IV. r\u00e9szleg)<\/p>\n","protected":false},"excerpt":{"rendered":"<p>Munkat\u00e1rsaink\u00a0 Dr. Bodzay Tam\u00e1s egyetemi docens, igazgat\u00f3 Dr. Kocsis Andr\u00e1s klinikai f\u0151orvos, igazgat\u00f3helyettes r\u00e9szlegvezet\u0151 f\u0151orvos (II. emeleti oszt\u00e1ly) Dr. Ludas Istv\u00e1n klinikai f\u0151orvos, igazgat\u00f3helyettes r\u00e9szlegvezet\u0151 f\u0151orvos (IV. r\u00e9szleg) Dr. Varga P\u00e9ter r\u00e9szlegvezet\u0151 f\u0151orvos (V. r\u00e9szleg) Sevella-T\u00f3th Em\u0151ke klinika vezet\u0151 \u00e1pol\u00f3 Somody Emese klinikai titk\u00e1rs\u00e1gvezet\u0151 &nbsp; II. emeleti Traumatol\u00f3giai Fekv\u0151beteg Ell\u00e1t\u00f3 Oszt\u00e1ly: -Preoperat\u00edv \u00e9s Observatios r\u00e9szleg &hellip;<\/p>\n","protected":false},"author":101217,"featured_media":0,"parent":3333,"menu_order":2,"comment_status":"closed","ping_status":"closed","template":"","meta":{"_acf_changed":false,"footnotes":""},"categories":[],"tags":[],"class_list":["post-3341","page","type-page","status-publish","hentry"],"acf":[],"_links":{"self":[{"href":"https:\/\/semmelweis.hu\/traumatologia\/wp-json\/wp\/v2\/pages\/3341","targetHints":{"allow":["GET"]}}],"collection":[{"href":"https:\/\/semmelweis.hu\/traumatologia\/wp-json\/wp\/v2\/pages"}],"about":[{"href":"https:\/\/semmelweis.hu\/traumatologia\/wp-json\/wp\/v2\/types\/page"}],"author":[{"embeddable":true,"href":"https:\/\/semmelweis.hu\/traumatologia\/wp-json\/wp\/v2\/users\/101217"}],"replies":[{"embeddable":true,"href":"https:\/\/semmelweis.hu\/traumatologia\/wp-json\/wp\/v2\/comments?post=3341"}],"version-history":[{"count":10,"href":"https:\/\/semmelweis.hu\/traumatologia\/wp-json\/wp\/v2\/pages\/3341\/revisions"}],"predecessor-version":[{"id":3834,"href":"https:\/\/semmelweis.hu\/traumatologia\/wp-json\/wp\/v2\/pages\/3341\/revisions\/3834"}],"up":[{"embeddable":true,"href":"https:\/\/semmelweis.hu\/traumatologia\/wp-json\/wp\/v2\/pages\/3333"}],"wp:attachment":[{"href":"https:\/\/semmelweis.hu\/traumatologia\/wp-json\/wp\/v2\/media?parent=3341"}],"wp:term":[{"taxonomy":"category","embeddable":true,"href":"https:\/\/semmelweis.hu\/traumatologia\/wp-json\/wp\/v2\/categories?post=3341"},{"taxonomy":"post_tag","embeddable":true,"href":"https:\/\/semmelweis.hu\/traumatologia\/wp-json\/wp\/v2\/tags?post=3341"}],"curies":[{"name":"wp","href":"https:\/\/api.w.org\/{rel}","templated":true}]}}