{"id":3337,"date":"2024-09-17T14:51:43","date_gmt":"2024-09-17T12:51:43","guid":{"rendered":"https:\/\/semmelweis.hu\/traumatologia\/?page_id=3337"},"modified":"2024-09-18T14:38:04","modified_gmt":"2024-09-18T12:38:04","slug":"efop","status":"publish","type":"page","link":"https:\/\/semmelweis.hu\/traumatologia\/kutatas\/efop\/","title":{"rendered":"EFOP"},"content":{"rendered":"<p><strong>A kedvezm\u00e9nyezett neve:<\/strong>\u00a0Budapesti Dr. Manninger Jen\u0151 Baleseti K\u00f6zpont \u2013 D\u00e9l-pesti Centrumk\u00f3rh\u00e1z konzorciuma<\/p>\n<p><strong>A projekt azonos\u00edt\u00f3 sz\u00e1ma:<\/strong>\u00a0EFOP-5.2.6-20-2020-00002<\/p>\n<p><strong>A projekt c\u00edme:<\/strong>\u00a0\u201eLegkorszer\u0171bb m\u00f3dszerek bevezet\u00e9se a s\u00e9r\u00fcltell\u00e1t\u00e1s min\u0151s\u00e9g\u00e9nek jav\u00edt\u00e1s\u00e1ra: O-arm \u00e9s 3D nyomtat\u00f3 telep\u00edt\u00e9se a Dr. Manninger Jen\u0151 Baleseti K\u00f6zpontban\u201d<\/p>\n<p><strong>A projekt megval\u00f3s\u00edt\u00e1si id\u0151szaka:<\/strong>\u00a02021.07.01-2023.06.30.<\/p>\n<p><strong>A projekt \u00f6sszk\u00f6lts\u00e9ge:<\/strong>\u00a01.280.435.192,- Ft<\/p>\n<p><strong>A szerz\u0151d\u00f6tt t\u00e1mogat\u00e1s \u00f6sszege:<\/strong>\u00a0896.304.634,- Ft<\/p>\n<p><strong>A t\u00e1mogat\u00e1s m\u00e9rt\u00e9ke (%-ban):<\/strong>\u00a0100%<\/p>\n<p><strong>A projekt tartalm\u00e1nak bemutat\u00e1sa:<\/strong><\/p>\n<p>A projekt keret\u00e9ben az O-arm technol\u00f3gia, illetve a 3D nyomtat\u00e1si technol\u00f3gia elsaj\u00e1t\u00edt\u00e1sa t\u00f6rt\u00e9nik meg, k\u00e9t k\u00fclf\u00f6ldi eg\u00e9szs\u00e9g\u00fcgyi egy\u00fcttm\u0171k\u00f6d\u0151 partner bevon\u00e1s\u00e1val, tanulm\u00e1nyutak lebonyol\u00edt\u00e1s\u00e1val,<br \/>\n\u00e9s a sz\u00fcks\u00e9ges eszk\u00f6z\u00f6k beszerz\u00e9s\u00e9vel, telep\u00edt\u00e9s\u00e9vel, illetve a k\u00fclf\u00f6ldi tanulm\u00e1nyutak sor\u00e1n megszerzett tud\u00e1s felhaszn\u00e1l\u00e1s\u00e1val, a szakemberek hazai oktat\u00e1s\u00e1val.<\/p>\n<p>A minim\u00e1l-invaz\u00edv traumatol\u00f3giai m\u0171t\u00e9tek c\u00e9lja a betegek m\u0171t\u00e9t alatti terhel\u00e9s\u00e9nek cs\u00f6kkent\u00e9se, a betegkomfort \u00e9s betegbiztons\u00e1g fokoz\u00e1sa. A m\u0171t\u00e9tek sor\u00e1n alapvet\u0151 k\u00e9rd\u00e9s a csontokon t\u00f6rt\u00e9n\u0151<br \/>\nmanipul\u00e1ci\u00f3 l\u00e1that\u00f3v\u00e1 t\u00e9tele. Az erre szolg\u00e1l\u00f3 hagyom\u00e1nyos technika a r\u00f6ntgen k\u00e9per\u0151s\u00edt\u0151 haszn\u00e1lata. A k\u00e9per\u0151s\u00edt\u0151vel azonban csak k\u00e9tir\u00e1ny\u00fa vizualiz\u00e1ci\u00f3 val\u00f3s\u00edthat\u00f3 meg. L\u00e9nyegesen jobb,<br \/>\ngyakorlatilag h\u00e1romdimenzi\u00f3s lek\u00e9pez\u00e9st ny\u00fajt a m\u0171t\u00e9tek sor\u00e1n az O-arm. Ezzel a technik\u00e1val a m\u0171t\u00e9tek alatt a bevezetett seb\u00e9szi eszk\u00f6z\u00f6k helyzete sokkal jobban l\u00e1that\u00f3, ezzel a seb\u00e9szi t\u00e9ved\u00e9s,<br \/>\na hib\u00e1s helyre behelyezett csavarok, illetve egy\u00e9b t\u00f6r\u00e9sr\u00f6gz\u00edt\u0151 implant\u00e1tumok es\u00e9lye jelent\u0151sen cs\u00f6kkenthet\u0151. Az O-arm haszn\u00e1lat\u00e1nak rutinszer\u0171v\u00e9 t\u00e9tele ennek megfelel\u0151en a s\u00e9r\u00fcltell\u00e1t\u00e1s min\u0151s\u00e9g\u00e9t<br \/>\nl\u00e9nyegesen jav\u00edtja, a betegkomfortot \u00e9s betegbiztons\u00e1got nagym\u00e9rt\u00e9kben fokozza.<\/p>\n<p>Az ismertetett m\u0171t\u00e9ti c\u00e9lok -jelent\u0151s csonthi\u00e1ny eset\u00e9n- m\u00e9g fejlett vizualiz\u00e1ci\u00f3 eset\u00e9n is nehezen val\u00f3s\u00edthat\u00f3k meg egyedi implant\u00e1tumok hi\u00e1ny\u00e1ban. Jelenleg a csontdefektusok azonnali kit\u00f6lt\u00e9se<br \/>\nkomplik\u00e1lt, pontatlan \u00e9s gyakran sz\u00f6v\u0151dm\u00e9nyekkel j\u00e1r\u00f3 feladat. A POC (point of care, azaz az ell\u00e1t\u00e1s hely\u00e9n megval\u00f3sul\u00f3) 3D nyomtat\u00e1s azonban a beteg t\u00e9nyleges anat\u00f3miai form\u00e1j\u00e1ra tervezhet\u0151,<br \/>\nszinte azonnali, azaz s\u00fcrg\u0151ss\u00e9gi jelleggel. A nyomtat\u00f3 biokompatibilis anyagot haszn\u00e1l (Ti Gr 5, 23),amelyb\u0151l nagy tisztas\u00e1g\u00fa t\u00e9rben alkotja meg a betegre szabott egyedi implant\u00e1tumot, amely<br \/>\nsteriliz\u00e1lhat\u00f3 \u00e9s azonnal haszn\u00e1lhat\u00f3. A m\u00f3dszer innovativit\u00e1s\u00e1t t\u00fckr\u00f6zi, hogy m\u00e1r felsz\u00edv\u00f3d\u00f3 alapanyagok is rendelkez\u00e9sre \u00e1llnak a nyomtat\u00e1sra. A diagnosztika-tervez\u00e9s-felhaszn\u00e1l\u00e1s folyamata v\u00e9gig<br \/>\nszabv\u00e1nyos szoftver \u00e1ltal ellen\u0151rz\u00f6tt, \u00edgy az emberi t\u00e9ved\u00e9s lehet\u0151s\u00e9ge minimaliz\u00e1lhat\u00f3. A m\u00f3dszer el\u0151nye, hogy implant\u00e1tumok mellett egyedi m\u0171t\u00e9ti eszk\u00f6z\u00f6k is k\u00e9sz\u00edthet\u0151k. Az egy\u00e9nre szabott \u00e9s<br \/>\nprec\u00edzen c\u00e9lzott ter\u00e1pia a mai napokban az orvostudom\u00e1ny teljes ter\u00fclet\u00e9n hatalmas \u00e1tt\u00f6r\u00e9st jelent, amellyel a beteg biztons\u00e1ga \u00e9s ell\u00e1t\u00e1s\u00e1nak eredm\u00e9nye is jav\u00edthat\u00f3.<\/p>\n<p>A projektet a Budapesti Dr. Manninger Jen\u0151 Baleseti K\u00f6zpont mint F\u0151p\u00e1ly\u00e1z\u00f3, \u00e9s a D\u00e9l-pesti Centrumk\u00f3rh\u00e1z mint Konzorciumi partner, konzorciumban val\u00f3s\u00edtotta meg. A kor\u00e1bbi D\u00e9l-pesti Centrumk\u00f3rh\u00e1z Mer\u00e9nyi Guszt\u00e1v Telephely\u00e9nek \u00e1tv\u00e9tel\u00e9vel a Semmelweis Egyetem Konzorciumi Partnerr\u00e9 l\u00e9pett el\u0151.<\/p>\n<p>&nbsp;<\/p>\n","protected":false},"excerpt":{"rendered":"<p>A kedvezm\u00e9nyezett neve:\u00a0Budapesti Dr. Manninger Jen\u0151 Baleseti K\u00f6zpont \u2013 D\u00e9l-pesti Centrumk\u00f3rh\u00e1z konzorciuma A projekt azonos\u00edt\u00f3 sz\u00e1ma:\u00a0EFOP-5.2.6-20-2020-00002 A projekt c\u00edme:\u00a0\u201eLegkorszer\u0171bb m\u00f3dszerek bevezet\u00e9se a s\u00e9r\u00fcltell\u00e1t\u00e1s min\u0151s\u00e9g\u00e9nek jav\u00edt\u00e1s\u00e1ra: O-arm \u00e9s 3D nyomtat\u00f3 telep\u00edt\u00e9se a Dr. Manninger Jen\u0151 Baleseti K\u00f6zpontban\u201d A projekt megval\u00f3s\u00edt\u00e1si id\u0151szaka:\u00a02021.07.01-2023.06.30. A projekt \u00f6sszk\u00f6lts\u00e9ge:\u00a01.280.435.192,- Ft A szerz\u0151d\u00f6tt t\u00e1mogat\u00e1s \u00f6sszege:\u00a0896.304.634,- Ft A t\u00e1mogat\u00e1s m\u00e9rt\u00e9ke (%-ban):\u00a0100% A projekt &hellip;<\/p>\n","protected":false},"author":101217,"featured_media":0,"parent":3386,"menu_order":0,"comment_status":"closed","ping_status":"closed","template":"","meta":{"_acf_changed":false,"footnotes":""},"categories":[],"tags":[],"class_list":["post-3337","page","type-page","status-publish","hentry"],"acf":[],"_links":{"self":[{"href":"https:\/\/semmelweis.hu\/traumatologia\/wp-json\/wp\/v2\/pages\/3337","targetHints":{"allow":["GET"]}}],"collection":[{"href":"https:\/\/semmelweis.hu\/traumatologia\/wp-json\/wp\/v2\/pages"}],"about":[{"href":"https:\/\/semmelweis.hu\/traumatologia\/wp-json\/wp\/v2\/types\/page"}],"author":[{"embeddable":true,"href":"https:\/\/semmelweis.hu\/traumatologia\/wp-json\/wp\/v2\/users\/101217"}],"replies":[{"embeddable":true,"href":"https:\/\/semmelweis.hu\/traumatologia\/wp-json\/wp\/v2\/comments?post=3337"}],"version-history":[{"count":1,"href":"https:\/\/semmelweis.hu\/traumatologia\/wp-json\/wp\/v2\/pages\/3337\/revisions"}],"predecessor-version":[{"id":3338,"href":"https:\/\/semmelweis.hu\/traumatologia\/wp-json\/wp\/v2\/pages\/3337\/revisions\/3338"}],"up":[{"embeddable":true,"href":"https:\/\/semmelweis.hu\/traumatologia\/wp-json\/wp\/v2\/pages\/3386"}],"wp:attachment":[{"href":"https:\/\/semmelweis.hu\/traumatologia\/wp-json\/wp\/v2\/media?parent=3337"}],"wp:term":[{"taxonomy":"category","embeddable":true,"href":"https:\/\/semmelweis.hu\/traumatologia\/wp-json\/wp\/v2\/categories?post=3337"},{"taxonomy":"post_tag","embeddable":true,"href":"https:\/\/semmelweis.hu\/traumatologia\/wp-json\/wp\/v2\/tags?post=3337"}],"curies":[{"name":"wp","href":"https:\/\/api.w.org\/{rel}","templated":true}]}}