{"id":3225,"date":"2024-06-06T11:54:17","date_gmt":"2024-06-06T09:54:17","guid":{"rendered":"https:\/\/semmelweis.hu\/traumatologia\/?page_id=3225"},"modified":"2025-12-10T10:51:24","modified_gmt":"2025-12-10T09:51:24","slug":"tdk-topics-n","status":"publish","type":"page","link":"https:\/\/semmelweis.hu\/traumatologia\/deutsch\/tdk-topics-n\/","title":{"rendered":"TDK topics"},"content":{"rendered":"<h3>DEPARTMENT OF TRAUMATOLOGY &#8211; TDK TOPICS 2025-2026<\/h3>\n<div class=\"responsive-tabs\">\n<h2 class=\"tabtitle\">SE Clinic for Traumatology<\/h2>\n<div class=\"tabcontent\">\n\n<div class=\"fontos_div\">\n<p><span style=\"color: #ff0000\">Before registering for the TDK subject on Neptun students need to contact <strong>office.trauma@semmelweis.hu<\/strong>.<\/span><\/p>\n<\/div>\n<h5>Dr. K\u00e1rolyi Fanni<\/h5>\n<ul>\n<li>Vergleich der Reoperationstechniken bei Pseudarthrosen und deren Wirksamkeit.<\/li>\n<\/ul>\n\n<\/div><h2 class=\"tabtitle\">Budapesti Dr. Manninger Jen\u0151 Baleseti K\u00f6zpont<\/h2>\n<div class=\"tabcontent\">\n\n<div class=\"fontos_div\">\n<p><span style=\"color: #ff0000\">Before registering for the TDK subject on Neptun students need to contact Dr. Nardai G\u00e1bor at <strong>nardai@hotmail.com<\/strong>.<\/span><\/p>\n<\/div>\n<h5>Dr. Kassai Tam\u00e1s, Dr. Varga Marcell<\/h5>\n<ul>\n<li>Modern techniques in pediatric trauma care<\/li>\n<\/ul>\n\n<\/div><h2 class=\"tabtitle\">Uzsoki Utcai K\u00f3rh\u00e1z<\/h2>\n<div class=\"tabcontent\">\n\n<div class=\"fontos_div\">\n<p><span style=\"color: #ff0000\">Before registering for the TDK subject on Neptun students need to contact <strong>office.trauma@semmelweis.hu<\/strong>.<\/span><\/p>\n<\/div>\n<h5>Dr. de Jonge R\u00f3bert\u00a0<\/h5>\n<ul>\n<li>The effect of anterior cruciate ligament replacement on the devellopement of knee osteoarthritis<\/li>\n<\/ul>\n<h5>Dr. M\u00e1t\u00e9 Mikl\u00f3s<\/h5>\n<ul>\n<li>The role of anterior cruciate ligament reconstruction in the development of osteoarthritis<\/li>\n<\/ul>\n<h5>Dr. Kesz\u00e9g Mikl\u00f3s<\/h5>\n<ul>\n<li>Septic complications in Orthopedics and Traumatology<\/li>\n<\/ul>\n<\/div><\/div>\n","protected":false},"excerpt":{"rendered":"<p>DEPARTMENT OF TRAUMATOLOGY &#8211; TDK TOPICS 2025-2026 Before registering for the TDK subject on Neptun students need to contact office.trauma@semmelweis.hu. Dr. K\u00e1rolyi Fanni Vergleich der Reoperationstechniken bei Pseudarthrosen und deren Wirksamkeit. Before registering for the TDK subject on Neptun students need to contact Dr. Nardai G\u00e1bor at nardai@hotmail.com. Dr. Kassai Tam\u00e1s, Dr. Varga Marcell Modern &hellip;<\/p>\n","protected":false},"author":101217,"featured_media":0,"parent":575,"menu_order":0,"comment_status":"closed","ping_status":"closed","template":"","meta":{"_acf_changed":false,"footnotes":""},"categories":[],"tags":[],"class_list":["post-3225","page","type-page","status-publish","hentry"],"acf":[],"_links":{"self":[{"href":"https:\/\/semmelweis.hu\/traumatologia\/wp-json\/wp\/v2\/pages\/3225","targetHints":{"allow":["GET"]}}],"collection":[{"href":"https:\/\/semmelweis.hu\/traumatologia\/wp-json\/wp\/v2\/pages"}],"about":[{"href":"https:\/\/semmelweis.hu\/traumatologia\/wp-json\/wp\/v2\/types\/page"}],"author":[{"embeddable":true,"href":"https:\/\/semmelweis.hu\/traumatologia\/wp-json\/wp\/v2\/users\/101217"}],"replies":[{"embeddable":true,"href":"https:\/\/semmelweis.hu\/traumatologia\/wp-json\/wp\/v2\/comments?post=3225"}],"version-history":[{"count":10,"href":"https:\/\/semmelweis.hu\/traumatologia\/wp-json\/wp\/v2\/pages\/3225\/revisions"}],"predecessor-version":[{"id":3879,"href":"https:\/\/semmelweis.hu\/traumatologia\/wp-json\/wp\/v2\/pages\/3225\/revisions\/3879"}],"up":[{"embeddable":true,"href":"https:\/\/semmelweis.hu\/traumatologia\/wp-json\/wp\/v2\/pages\/575"}],"wp:attachment":[{"href":"https:\/\/semmelweis.hu\/traumatologia\/wp-json\/wp\/v2\/media?parent=3225"}],"wp:term":[{"taxonomy":"category","embeddable":true,"href":"https:\/\/semmelweis.hu\/traumatologia\/wp-json\/wp\/v2\/categories?post=3225"},{"taxonomy":"post_tag","embeddable":true,"href":"https:\/\/semmelweis.hu\/traumatologia\/wp-json\/wp\/v2\/tags?post=3225"}],"curies":[{"name":"wp","href":"https:\/\/api.w.org\/{rel}","templated":true}]}}