{"id":3219,"date":"2024-06-06T11:20:04","date_gmt":"2024-06-06T09:20:04","guid":{"rendered":"https:\/\/semmelweis.hu\/traumatologia\/?page_id=3219"},"modified":"2025-12-10T10:53:09","modified_gmt":"2025-12-10T09:53:09","slug":"tdk-topics","status":"publish","type":"page","link":"https:\/\/semmelweis.hu\/traumatologia\/department-of-traumatology-general-information\/tdk-topics\/","title":{"rendered":"TDK topics"},"content":{"rendered":"<h3>DEPARTMENT OF TRAUMATOLOGY &#8211; TDK TOPICS 2025-2026<\/h3>\n<div class=\"responsive-tabs\">\n<h2 class=\"tabtitle\">SE Department of Traumatology<\/h2>\n<div class=\"tabcontent\">\n\n<p><span style=\"color: #ff0000\">Before registering for the TDK subject on Neptun students need to contact\u00a0<strong>office.trauma@semmelweis.hu<\/strong>.<\/span><\/p>\n<h5>Dr. Feh\u00e9r Mil\u00e1n<\/h5>\n<ul>\n<li>Orthopaedic-traumatological aspects of acute injuries and chronic musculoskeletal alterations in combat sport athletes, and factors relevant from a sports medicine perspective.\u00a0<\/li>\n<\/ul>\n<h5>Dr. G\u00f6m\u00f6ri Krist\u00f3f<\/h5>\n<ul>\n<li>The frequency and risk factors of the cutout phenomenon in pertrochanteric femoral fractures: analysis of patient-specific, clinical, and radiological parameters.\u00a0<\/li>\n<\/ul>\n<h5>Dr. Koczka D\u00e1niel<\/h5>\n<ul>\n<li>Potential applications of resorbable screw and compression-type implants in the management of unstable metacarpal fractures (a meta-analysis comparing existing metal implants and resorbable options).\u00a0<\/li>\n<\/ul>\n<h5>Dr. Kocsis Andr\u00e1s Bern\u00e1t<\/h5>\n<ul>\n<li>3D surgical decision support: the use of O-arm diagnostics and navigation in traumatology.\u00a0<\/li>\n<\/ul>\n<h5>Dr. Mayer Lilla<\/h5>\n<ul>\n<li>The role of 1.5-stage revision in the treatment of periprosthetic joint infections: comparison of clinical experience and literature data.\u00a0<\/li>\n<li>Distribution and comparison of microbiological resistance in necrotizing fasciitis affecting the upper and lower limbs (retrospective comparison).<\/li>\n<\/ul>\n<h5>Dr. Misik Ferenc\/Dr. T\u00e1nczos Kriszti\u00e1n<\/h5>\n<ul>\n<li>Monitoring and treatment options for head-injured patients with increased intracranial pressure.\u00a0<\/li>\n<\/ul>\n<h5>Dr. Naphegyi Andrea<\/h5>\n<ul>\n<li>Indications for hemiarthroplasty in cases of recurrent shoulder dislocation and partially deficient rotator cuff.\u00a0<\/li>\n<\/ul>\n<h5>Dr. Pahlavanyali Afshin<\/h5>\n<ul>\n<li>Predictive Modelling of Fracture Non-Union: Bridging Clinical Practice and AI.<\/li>\n<\/ul>\n\n<\/div><h2 class=\"tabtitle\">Budapesti Dr. Manninger Jen\u0151 Baleseti K\u00f6zpont<\/h2>\n<div class=\"tabcontent\">\n\n<p><span style=\"color: #ff0000\">Before registering for the TDK subject on Neptun students need to contact Dr. Nardai G\u00e1bor at\u00a0<strong>nardai@hotmail.com<\/strong>.<\/span><\/p>\n<h5>Dr. Kassai Tam\u00e1s, Dr. Varga Marcell<\/h5>\n<ul>\n<li>Modern techniques in pediatric trauma care<\/li>\n<\/ul>\n\n<\/div><h2 class=\"tabtitle\">Uzsoki Utcai K\u00f3rh\u00e1z<\/h2>\n<div class=\"tabcontent\">\n\n<p><span style=\"color: #ff0000\">Before registering for the TDK subject on Neptun students need to contact\u00a0<strong>office.trauma@semmelweis.hu<\/strong>.<\/span><\/p>\n<h5>Dr. de Jonge R\u00f3bert\u00a0<\/h5>\n<ul>\n<li>The effect of anterior cruciate ligament replacement on the devellopement of knee osteoarthritis<\/li>\n<\/ul>\n<h5>Dr. M\u00e1t\u00e9 Mikl\u00f3s<\/h5>\n<ul>\n<li>The role of anterior cruciate ligament reconstruction in the development of osteoarthritis<\/li>\n<\/ul>\n<h5>Dr. Kesz\u00e9g Mikl\u00f3s<\/h5>\n<ul>\n<li>Septic complications in Orthopedics and Traumatology<\/li>\n<\/ul>\n<\/div><\/div>\n","protected":false},"excerpt":{"rendered":"<p>DEPARTMENT OF TRAUMATOLOGY &#8211; TDK TOPICS 2025-2026 Before registering for the TDK subject on Neptun students need to contact\u00a0office.trauma@semmelweis.hu. Dr. Feh\u00e9r Mil\u00e1n Orthopaedic-traumatological aspects of acute injuries and chronic musculoskeletal alterations in combat sport athletes, and factors relevant from a sports medicine perspective.\u00a0 Dr. G\u00f6m\u00f6ri Krist\u00f3f The frequency and risk factors of the cutout phenomenon &hellip;<\/p>\n","protected":false},"author":101217,"featured_media":0,"parent":565,"menu_order":0,"comment_status":"closed","ping_status":"closed","template":"","meta":{"_acf_changed":false,"footnotes":""},"categories":[],"tags":[],"class_list":["post-3219","page","type-page","status-publish","hentry"],"acf":[],"_links":{"self":[{"href":"https:\/\/semmelweis.hu\/traumatologia\/wp-json\/wp\/v2\/pages\/3219","targetHints":{"allow":["GET"]}}],"collection":[{"href":"https:\/\/semmelweis.hu\/traumatologia\/wp-json\/wp\/v2\/pages"}],"about":[{"href":"https:\/\/semmelweis.hu\/traumatologia\/wp-json\/wp\/v2\/types\/page"}],"author":[{"embeddable":true,"href":"https:\/\/semmelweis.hu\/traumatologia\/wp-json\/wp\/v2\/users\/101217"}],"replies":[{"embeddable":true,"href":"https:\/\/semmelweis.hu\/traumatologia\/wp-json\/wp\/v2\/comments?post=3219"}],"version-history":[{"count":10,"href":"https:\/\/semmelweis.hu\/traumatologia\/wp-json\/wp\/v2\/pages\/3219\/revisions"}],"predecessor-version":[{"id":3881,"href":"https:\/\/semmelweis.hu\/traumatologia\/wp-json\/wp\/v2\/pages\/3219\/revisions\/3881"}],"up":[{"embeddable":true,"href":"https:\/\/semmelweis.hu\/traumatologia\/wp-json\/wp\/v2\/pages\/565"}],"wp:attachment":[{"href":"https:\/\/semmelweis.hu\/traumatologia\/wp-json\/wp\/v2\/media?parent=3219"}],"wp:term":[{"taxonomy":"category","embeddable":true,"href":"https:\/\/semmelweis.hu\/traumatologia\/wp-json\/wp\/v2\/categories?post=3219"},{"taxonomy":"post_tag","embeddable":true,"href":"https:\/\/semmelweis.hu\/traumatologia\/wp-json\/wp\/v2\/tags?post=3219"}],"curies":[{"name":"wp","href":"https:\/\/api.w.org\/{rel}","templated":true}]}}