{"id":2753,"date":"2023-02-06T08:53:52","date_gmt":"2023-02-06T07:53:52","guid":{"rendered":"https:\/\/semmelweis.hu\/traumatologia\/?page_id=2753"},"modified":"2025-04-08T07:43:52","modified_gmt":"2025-04-08T05:43:52","slug":"thesis","status":"publish","type":"page","link":"https:\/\/semmelweis.hu\/traumatologia\/department-of-traumatology-general-information\/thesis\/","title":{"rendered":"Thesis"},"content":{"rendered":"<h1>Useful informations<\/h1>\n<div class=\"keretes w-100\">\n<p><strong>The deadline for the submission of the application forms signed by the student and the chosen adviser for the academic year 2025\/2026: <\/strong>\u00a0<br \/>\nPlease send the application form to the email address of the student office of the Department of Traumatology : office.trauma@semmelweis.hu<\/p>\n<\/div>\n<h2><strong>Formal and other informations<\/strong><\/h2>\n<p><a href=\"https:\/\/semmelweis.hu\/english\/education\/year-books\/\">https:\/\/semmelweis.hu\/english\/education\/year-books\/<\/a><\/p>\n<p><a href=\"https:\/\/semmelweis.hu\/registrar\/medicine\/thesis-related-medicine\/\">https:\/\/semmelweis.hu\/registrar\/medicine\/thesis-related-medicine\/<\/a><\/p>\n<p>&nbsp;<\/p>\n<h1>Topics of dissertations<\/h1>\n<div class=\"responsive-tabs\">\n<h2 class=\"tabtitle\">Semmelweis University Department of Traumatology<\/h2>\n<div class=\"tabcontent\">\n\n<p><strong>Data assessment and outcome evaluation of acetabular fractures in the elderly treated with hybrid method<br \/>\n<\/strong>Consultant: Dr. Kocsis Andr\u00e1s Bern\u00e1t<\/p>\n\n<\/div><h2 class=\"tabtitle\">Dr. Manninger Jen\u0151 Traumatology Center Budapest<\/h2>\n<div class=\"tabcontent\">\n\n\n<\/div><h2 class=\"tabtitle\">Uzsoki Hospital<\/h2>\n<div class=\"tabcontent\">\n\n<p><strong>The effect of training load on soft tissue injury incidence<br \/>\n<\/strong>Consultant: Dr. P\u00e1nics Gergely<\/p>\n<p><strong>The use of artificial intelligence in the prediction and diagnosis of injuries<br \/>\n<\/strong>Consultant: Dr. P\u00e1nics Gergely<\/p>\n<p><strong>The use of LEAT (Lateral extra-articular tenodesis) in the treatment of ACL ruptures<br \/>\n<\/strong>Consultant: Dr. de Jonge R\u00f3bert<\/p>\n<p><strong>Treatment of distal radius fractures<br \/>\n<\/strong>Consultant: Dr. T\u00f3th Ferenc<\/p>\n<p><strong>Treatment of scaphoid fractures<br \/>\n<\/strong>Consultant: Dr. T\u00f3th Ferenc<\/p>\n<p><strong>Current concept of cartilage repair<br \/>\n<\/strong>Consultant: Dr. Szerb Imre<\/p>\n<p><strong>New possibilities in cartilage repair<br \/>\n<\/strong>Consultant: Dr. Hangody L\u00e1szl\u00f3 Rudolf<\/p>\n<p><strong>Septic complications in Orthopedics and Traumatology<br \/>\n<\/strong>Consultant: Dr. Kesz\u00e9g Mikl\u00f3s<\/p>\n<p><strong>The role of anterior cruciate ligament reconstruction in the development of osteoarthritis<br \/>\n<\/strong>Consultant: Dr. M\u00e1t\u00e9 Mikl\u00f3s<\/p>\n<p><strong>Comaprison of different imaginig methods in diagnosis of knee soft tissue injuries<br \/>\n<\/strong>Consultant: Dr. Kocsis Kopp\u00e1ny P\u00e9ter<\/p>\n<\/div><\/div>\n<div id=\"gtx-trans\" style=\"position: absolute;left: 494px;top: 827px\">\n<div class=\"gtx-trans-icon\">\u00a0<\/div>\n<\/div>\n","protected":false},"excerpt":{"rendered":"<p>Useful informations The deadline for the submission of the application forms signed by the student and the chosen adviser for the academic year 2025\/2026: \u00a0 Please send the application form to the email address of the student office of the Department of Traumatology : office.trauma@semmelweis.hu Formal and other informations <a href=\"https:\/\/semmelweis.hu\/english\/education\/year-books\/\">https:\/\/semmelweis.hu\/english\/education\/year-books\/<\/a> <a href=\"https:\/\/semmelweis.hu\/registrar\/medicine\/thesis-related-medicine\/\">https:\/\/semmelweis.hu\/registrar\/medicine\/thesis-related-medicine\/<\/a> &nbsp; Topics of dissertations Data assessment &hellip;<\/p>\n","protected":false},"author":101217,"featured_media":0,"parent":565,"menu_order":0,"comment_status":"closed","ping_status":"closed","template":"","meta":{"_acf_changed":false,"footnotes":""},"categories":[],"tags":[],"class_list":["post-2753","page","type-page","status-publish","hentry"],"acf":[],"_links":{"self":[{"href":"https:\/\/semmelweis.hu\/traumatologia\/wp-json\/wp\/v2\/pages\/2753","targetHints":{"allow":["GET"]}}],"collection":[{"href":"https:\/\/semmelweis.hu\/traumatologia\/wp-json\/wp\/v2\/pages"}],"about":[{"href":"https:\/\/semmelweis.hu\/traumatologia\/wp-json\/wp\/v2\/types\/page"}],"author":[{"embeddable":true,"href":"https:\/\/semmelweis.hu\/traumatologia\/wp-json\/wp\/v2\/users\/101217"}],"replies":[{"embeddable":true,"href":"https:\/\/semmelweis.hu\/traumatologia\/wp-json\/wp\/v2\/comments?post=2753"}],"version-history":[{"count":10,"href":"https:\/\/semmelweis.hu\/traumatologia\/wp-json\/wp\/v2\/pages\/2753\/revisions"}],"predecessor-version":[{"id":3693,"href":"https:\/\/semmelweis.hu\/traumatologia\/wp-json\/wp\/v2\/pages\/2753\/revisions\/3693"}],"up":[{"embeddable":true,"href":"https:\/\/semmelweis.hu\/traumatologia\/wp-json\/wp\/v2\/pages\/565"}],"wp:attachment":[{"href":"https:\/\/semmelweis.hu\/traumatologia\/wp-json\/wp\/v2\/media?parent=2753"}],"wp:term":[{"taxonomy":"category","embeddable":true,"href":"https:\/\/semmelweis.hu\/traumatologia\/wp-json\/wp\/v2\/categories?post=2753"},{"taxonomy":"post_tag","embeddable":true,"href":"https:\/\/semmelweis.hu\/traumatologia\/wp-json\/wp\/v2\/tags?post=2753"}],"curies":[{"name":"wp","href":"https:\/\/api.w.org\/{rel}","templated":true}]}}