{"id":2618,"date":"2022-09-30T09:17:07","date_gmt":"2022-09-30T07:17:07","guid":{"rendered":"https:\/\/semmelweis.hu\/traumatologia\/?page_id=2618"},"modified":"2026-01-12T08:36:19","modified_gmt":"2026-01-12T07:36:19","slug":"4-studienjahr","status":"publish","type":"page","link":"https:\/\/semmelweis.hu\/traumatologia\/deutsch\/4-studienjahr\/","title":{"rendered":"4. Studienjahr"},"content":{"rendered":"<p style=\"text-align: center\">Das Fach Traumatologie erh\u00e4lt ab dem Studienjahr 2025\/2026 ein neues<br \/>\nKursk\u00fcrzel (AOKTRA1115_1N), da die F\u00e4cher Traumatologie und Orthop\u00e4die<br \/>\nzusammengelegt wurden.<\/p>\n<p>Anforderungssystem: <a href=\"https:\/\/semmelweis.hu\/traumatologia\/files\/2025\/09\/Traumatologie-und-Orthopadie.pdf\">Traumatologie und Orthop\u00e4die<\/a><\/p>\n<p><strong>\u00dcber die Teilnahme am Blockpraktikum der Traumatologie und Orthop\u00e4die im 4. Studienjahr<\/strong><\/p>\n<p><strong>Anmeldungsort:<\/strong><\/p>\n<ul>\n<li>Am ersten Unterrichtstag des Blocks um 08:30 Uhr an der Klinik f\u00fcr Traumatologie der Semmelweis Universit\u00e4t (Budapest 1083, Kor\u00e1nyi S\u00e1ndor u. 2.), auf dem 2. Stock, Klinik f\u00fcr Traumatologie.<\/li>\n<li>Der Ort f\u00fcr die weiteren Unterrichtstage und f\u00fcr die Pr\u00fcfung wird am ersten Tag bekannt gegeben.<\/li>\n<\/ul>\n<p><strong>Erforderliche Unterlagen:<\/strong><\/p>\n<ul>\n<li>Nachweis \u00fcber das Studienverh\u00e4ltnis oder Studentenausweis.<\/li>\n<li>Bescheinigung \u00fcber die gesundheitliche Eignungsuntersuchung.<\/li>\n<li>Der Beginn des Blocks ist ausschlie\u00dflich nach Vorlage des ausgef\u00fcllten Original-Gesundheitsheftes m\u00f6glich, welches eine g\u00fcltige Eignungsbescheinigung enth\u00e4lt.<\/li>\n<li>Wir k\u00f6nnen keine gescannten Kopien dieser Dokumente akzeptieren.<\/li>\n<\/ul>\n<p><strong>Arbeitskleidung:<\/strong><\/p>\n<ul>\n<li>F\u00fcr die praktischen Tage bringen Sie bitte einen Kittel mit.<\/li>\n<\/ul>\n<p><strong>Weitere Informationen:<\/strong><\/p>\n<p>Der Block dauert insgesamt 4 Wochen, wobei die letzte Woche die Pr\u00fcfungswoche ist.<\/p>\n<p>Der Block beginnt mit Traumatologie, gefolgt vom Orthop\u00e4dieunterricht, und wird mit einer\u00a0 Online-Testpr\u00fcfung abgeschlo\u00dfen.<\/p>\n<p>&nbsp;<\/p>\n<p>&nbsp;<\/p>\n<p><strong>Theoretischer Stundenplan f\u00fcr Traumatologie:<\/strong><\/p>\n<table style=\"width: 77.6815%;height: 614px\" width=\"62%\">\n<tbody>\n<tr style=\"height: 183px\">\n<td style=\"height: 183px;text-align: center\" width=\"46\">\n<p><strong>\u00a0<\/strong><\/p>\n<\/td>\n<td style=\"height: 183px;text-align: center\" width=\"74\">\u00a0<\/td>\n<td style=\"height: 183px;text-align: center\" width=\"250\">\n<p><strong>Montag<br \/>\n(1. Woche)<\/strong><\/p>\n<p><strong>1. Tag<\/strong><\/p>\n<p><strong>SE Klinik f\u00fcr Traumatologie<\/strong><\/p>\n<\/td>\n<\/tr>\n<tr style=\"height: 83px\">\n<td style=\"height: 83px;text-align: center\" width=\"46\">\n<p>1.<\/p>\n<\/td>\n<td style=\"height: 83px;text-align: center\" width=\"74\">\n<p>8:45-9:30<\/p>\n<\/td>\n<td style=\"height: 83px;text-align: center\" width=\"250\">\n<p>Einleitung, Allgemeine Traumatologie, Weichteilverletzungen, Wundheilung, Knochenheilung<\/p>\n<\/td>\n<\/tr>\n<tr style=\"height: 53px\">\n<td style=\"height: 53px;text-align: center\" width=\"46\">\n<p>&nbsp;<\/p>\n<\/td>\n<td style=\"height: 53px;text-align: center\" width=\"74\">\n<p>10 Minute<\/p>\n<\/td>\n<td style=\"height: 53px;text-align: center\" width=\"250\">\n<p>pause<\/p>\n<\/td>\n<\/tr>\n<tr style=\"height: 53px\">\n<td style=\"height: 53px;text-align: center\" width=\"46\">\n<p>2.<\/p>\n<\/td>\n<td style=\"height: 53px;text-align: center\" width=\"74\">\n<p>9:40-10:25<\/p>\n<\/td>\n<td style=\"height: 53px;text-align: center\" width=\"250\">\n<p>Polytrauma; Brust- und Bauchtrauma, Rippenfraktren, Neurotrauma<\/p>\n<\/td>\n<\/tr>\n<tr style=\"height: 53px\">\n<td style=\"height: 53px;text-align: center\" width=\"46\">\u00a0<\/td>\n<td style=\"height: 53px;text-align: center\" width=\"74\">\n<p>10 Minute<\/p>\n<\/td>\n<td style=\"height: 53px;text-align: center\" width=\"250\">\n<p>pause<\/p>\n<\/td>\n<\/tr>\n<tr style=\"height: 83px\">\n<td style=\"height: 83px;text-align: center\" width=\"46\">\n<p>3.<\/p>\n<\/td>\n<td style=\"height: 83px;text-align: center\" width=\"74\">\n<p>10:35-11:20<\/p>\n<\/td>\n<td style=\"height: 83px;text-align: center\" width=\"250\">\n<p>Beckenverletzungen. Femurfrakturen, Frakturen des Unterschenkels, des Sprunggelenks und des Fu\u00dfes<\/p>\n<\/td>\n<\/tr>\n<tr style=\"height: 53px\">\n<td style=\"height: 53px;text-align: center\" width=\"46\">\n<p>&nbsp;<\/p>\n<\/td>\n<td style=\"height: 53px;text-align: center\" width=\"74\">\n<p>10 Minute<\/p>\n<\/td>\n<td style=\"height: 53px;text-align: center\" width=\"250\">\n<p>pause<\/p>\n<\/td>\n<\/tr>\n<tr style=\"height: 53px\">\n<td style=\"height: 53px;text-align: center\" width=\"46\">\n<p>4.<\/p>\n<\/td>\n<td style=\"height: 53px;text-align: center\" width=\"74\">\n<p>11:30-12:15<\/p>\n<\/td>\n<td style=\"height: 53px;text-align: center\" width=\"250\">\n<p>Implantate in der Traumatologie<\/p>\n<\/td>\n<\/tr>\n<\/tbody>\n<\/table>\n<p>&nbsp;<\/p>\n<table style=\"width: 77.4543%;height: 498px\" width=\"58%\">\n<tbody>\n<tr>\n<td style=\"text-align: center\" width=\"46\">\n<p><strong>\u00a0<\/strong><\/p>\n<\/td>\n<td style=\"text-align: center\" width=\"74\">\u00a0<\/td>\n<td style=\"text-align: center\" width=\"224\">\n<p><strong>Dienstag<br \/>\n(1. Woche)<\/strong><\/p>\n<p><strong>2. Tag<\/strong><\/p>\n<p><strong>SE Klinik f\u00fcr Traumatologie<\/strong><\/p>\n<\/td>\n<\/tr>\n<tr>\n<td style=\"text-align: center\" width=\"46\">\n<p>1.<\/p>\n<\/td>\n<td style=\"text-align: center\" width=\"74\">\n<p>8:45-9:30<\/p>\n<\/td>\n<td style=\"text-align: center\" width=\"224\">\n<p>Verletzungen der oberen Extremit\u00e4t- Schulter und Oberarm, Unterarm-, Handgelenks- und Handverletzungen<\/p>\n<\/td>\n<\/tr>\n<tr>\n<td style=\"text-align: center\" width=\"46\">\n<p>&nbsp;<\/p>\n<\/td>\n<td style=\"text-align: center\" width=\"74\">\n<p>10 Minute<\/p>\n<\/td>\n<td style=\"text-align: center\" width=\"224\">\n<p>pause<\/p>\n<\/td>\n<\/tr>\n<tr>\n<td style=\"text-align: center\" width=\"46\">\n<p>2.<\/p>\n<\/td>\n<td style=\"text-align: center\" width=\"74\">\n<p>9:40-10:25<\/p>\n<\/td>\n<td style=\"text-align: center\" width=\"224\">\n<p>Kindertraumatologie<\/p>\n<\/td>\n<\/tr>\n<tr>\n<td style=\"text-align: center\" width=\"46\">\u00a0<\/td>\n<td style=\"text-align: center\" width=\"74\">\n<p>10 Minute<\/p>\n<\/td>\n<td style=\"text-align: center\" width=\"224\">\n<p>pause<\/p>\n<\/td>\n<\/tr>\n<tr>\n<td style=\"text-align: center\" width=\"46\">\n<p>3.<\/p>\n<\/td>\n<td style=\"text-align: center\" width=\"74\">\n<p>10:35-11:20<\/p>\n<\/td>\n<td style=\"text-align: center\" width=\"224\">\n<p>Offene Frakturen, septische und nicht-septische Komplikationen<\/p>\n<\/td>\n<\/tr>\n<\/tbody>\n<\/table>\n<p><strong>Praktischer Stundenplan f\u00fcr Traumatologie:<\/strong><\/p>\n<p>&nbsp;<\/p>\n<table width=\"518\">\n<tbody>\n<tr>\n<td style=\"text-align: center\" width=\"99\">\n<p><strong>Zeitpunkt<\/strong><\/p>\n<\/td>\n<td style=\"text-align: center\" width=\"92\">\n<p><strong>Mittwoch<br \/>\n<\/strong><strong>(1. Woche)<\/strong><\/p>\n<\/td>\n<td style=\"text-align: center\" width=\"93\">\n<p><strong>Freitag<br \/>\n<\/strong><strong>(1. Woche)<\/strong><\/p>\n<\/td>\n<td style=\"text-align: center\" width=\"94\">\n<p><strong>Montag<br \/>\n<\/strong><strong>(1. Woche)<\/strong><\/p>\n<\/td>\n<td style=\"text-align: center\" width=\"139\">\n<p><strong>Dienstag<\/strong><strong><br \/>\n<\/strong><strong>(2. Woche)<\/strong><\/p>\n<\/td>\n<\/tr>\n<tr>\n<td style=\"text-align: center\" width=\"99\">\n<p>&nbsp;<\/p>\n<\/td>\n<td style=\"text-align: center\" width=\"92\">\n<p><strong>3. Tag<\/strong><\/p>\n<p><strong>Praktikum<\/strong><\/p>\n<\/td>\n<td style=\"text-align: center\" width=\"93\">\n<p><strong>4. Tag<\/strong><\/p>\n<p><strong>Praktikum<\/strong><\/p>\n<\/td>\n<td style=\"text-align: center\" width=\"94\">\n<p><strong>5. Tag<\/strong><\/p>\n<p><strong>Praktikum<\/strong><\/p>\n<\/td>\n<td style=\"text-align: center\" width=\"139\">\n<p><strong><br \/>\n<\/strong><strong>6. Tag<\/strong><\/p>\n<p><strong>praktische Pr\u00fcfung<\/strong><strong><br \/>\n<\/strong><strong>SE Klinik for Traumatologie<\/strong><\/p>\n<\/td>\n<\/tr>\n<tr>\n<td style=\"text-align: center\" rowspan=\"3\" width=\"99\">\n<p>08:30-16:00<\/p>\n<\/td>\n<td style=\"text-align: center\" width=\"92\">\n<p>Gruppe A: Trauma Klinik<\/p>\n<\/td>\n<td style=\"text-align: center\" width=\"93\">\n<p>Gruppe A: Manninger<\/p>\n<\/td>\n<td style=\"text-align: center\" width=\"94\">\n<p>Gruppe A: Uzsoki<\/p>\n<\/td>\n<td style=\"text-align: center\" rowspan=\"3\" width=\"139\">\n<p>&nbsp;<\/p>\n<p>Konsultationsm\u00f6glichkeit und<br \/>\npraktische Pr\u00fcfung<\/p>\n<\/td>\n<\/tr>\n<tr>\n<td style=\"text-align: center\" width=\"92\">\n<p>Gruppe B: Manninger<\/p>\n<\/td>\n<td style=\"text-align: center\" width=\"93\">\n<p>Gruppe B: Uzsoki<\/p>\n<\/td>\n<td style=\"text-align: center\" width=\"94\">\n<p>Gruppe A: Trauma Klinik<\/p>\n<\/td>\n<\/tr>\n<tr>\n<td style=\"text-align: center\" width=\"92\">\n<p>Gruppe C: Uzsoki<\/p>\n<\/td>\n<td style=\"text-align: center\" width=\"93\">\n<p>Gruppe A: Trauma Klinik<\/p>\n<\/td>\n<td style=\"text-align: center\" width=\"94\">\n<p>Gruppe A: Manninger<\/p>\n<\/td>\n<\/tr>\n<tr>\n<td style=\"text-align: center\" width=\"99\">\n<p>Mittagspause<\/p>\n<\/td>\n<td style=\"text-align: center\" width=\"92\">\n<p>11:30-12:30<\/p>\n<\/td>\n<td style=\"text-align: center\" width=\"93\">\n<p>11:30-12:30<\/p>\n<\/td>\n<td style=\"text-align: center\" width=\"94\">\n<p>11:30-12:30<\/p>\n<\/td>\n<td style=\"text-align: center\" width=\"139\">\n<p>11:30-12:30<\/p>\n<\/td>\n<\/tr>\n<\/tbody>\n<\/table>\n<p>&nbsp;<\/p>\n<p>Die Klinik f\u00fcr Traumatologie beh\u00e4lt sich das Recht vor, \u00c4nderungen im Lehrplan im Laufe des Semesters vorzunehmen!<\/p>\n<p>&nbsp;<\/p>\n<p><strong>Stundenplan f\u00fc<\/strong><strong>r Orthop<\/strong><strong>\u00e4die:<\/strong><\/p>\n<table width=\"604\">\n<tbody>\n<tr>\n<td width=\"95\">\n<p><strong>Zeitpunkt<\/strong><\/p>\n<\/td>\n<td width=\"102\">\n<p><strong>Mittwoch <\/strong><strong>(2. Woche)<\/strong><\/p>\n<\/td>\n<td width=\"93\">\n<p><strong>Freitag<\/strong><strong><br \/>\n<\/strong><strong>(2. Woche)<\/strong><\/p>\n<\/td>\n<td width=\"104\">\n<p><strong>Montag<\/strong><strong><br \/>\n<\/strong><strong>(3. Woche)<\/strong><\/p>\n<\/td>\n<td width=\"105\">\n<p><strong>Dienstag<\/strong><strong><br \/>\n<\/strong><strong>(3. Woche)<\/strong><\/p>\n<\/td>\n<td width=\"105\">\n<p><strong>Mittwoch<br \/>\n<\/strong><strong>(3. Woche)<\/strong><\/p>\n<\/td>\n<\/tr>\n<tr>\n<td width=\"95\">\n<p>&nbsp;<\/p>\n<\/td>\n<td width=\"102\">\n<p><strong>6. Tag<\/strong><\/p>\n<\/td>\n<td width=\"93\">\n<p><strong>7. Tag<\/strong><\/p>\n<\/td>\n<td width=\"104\">\n<p><strong>8. Tag<\/strong><\/p>\n<\/td>\n<td width=\"105\">\n<p><strong>9. Tag<\/strong><\/p>\n<\/td>\n<td width=\"105\">\n<p><strong>10. Tag<\/strong><\/p>\n<\/td>\n<\/tr>\n<tr>\n<td width=\"95\">\n<p>09:00-10:20<\/p>\n<\/td>\n<td width=\"102\">\n<p>Vorlesung<\/p>\n<\/td>\n<td width=\"93\">\n<p>Vorlesung<\/p>\n<\/td>\n<td width=\"104\">\n<p>Vorlesung<\/p>\n<\/td>\n<td width=\"105\">\n<p>Vorlesung<\/p>\n<\/td>\n<td rowspan=\"4\" width=\"105\">\n<p>praktische Pr\u00fcfung<\/p>\n<\/td>\n<\/tr>\n<tr>\n<td width=\"95\">\n<p>10:30-12:15<\/p>\n<\/td>\n<td width=\"102\">\n<p>Praktikum<\/p>\n<\/td>\n<td width=\"93\">\n<p>Praktikum<\/p>\n<\/td>\n<td width=\"104\">\n<p>Praktikum<\/p>\n<\/td>\n<td width=\"105\">\n<p>Praktikum<\/p>\n<\/td>\n<\/tr>\n<tr>\n<td width=\"95\">\n<p>12:15-13:00<\/p>\n<\/td>\n<td width=\"102\">\n<p>Mittagspause<\/p>\n<\/td>\n<td width=\"93\">\n<p>Mittagspause<\/p>\n<\/td>\n<td width=\"104\">\n<p>Mittagspause<\/p>\n<\/td>\n<td width=\"105\">\n<p>Mittagspause<\/p>\n<\/td>\n<\/tr>\n<tr>\n<td width=\"95\">\n<p>13:00-15:15<\/p>\n<\/td>\n<td width=\"102\">\n<p>Praktikum<\/p>\n<\/td>\n<td width=\"93\">\n<p>Praktikum<\/p>\n<\/td>\n<td width=\"104\">\n<p>Praktikum<\/p>\n<\/td>\n<td width=\"105\">\n<p>Praktikum<\/p>\n<\/td>\n<\/tr>\n<\/tbody>\n<\/table>\n<p>&nbsp;<\/p>\n<p>Die Klinik f\u00fcr Orthop\u00e4die beh\u00e4lt sich das Recht vor, \u00c4nderungen im Lehrplan im Laufe des Semesters vorzunehmen!<\/p>\n<p><a href=\"https:\/\/semmelweis.hu\/traumatologia\/files\/2025\/09\/Traumatologie-feedback.pdf\">Traumatologie Aktionsplan 2024\/2025<\/a><\/p>\n","protected":false},"excerpt":{"rendered":"<p>Das Fach Traumatologie erh\u00e4lt ab dem Studienjahr 2025\/2026 ein neues Kursk\u00fcrzel (AOKTRA1115_1N), da die F\u00e4cher Traumatologie und Orthop\u00e4die zusammengelegt wurden. Anforderungssystem: <a href=\"https:\/\/semmelweis.hu\/traumatologia\/files\/2025\/09\/Traumatologie-und-Orthopadie.pdf\">Traumatologie und Orthop\u00e4die<\/a> \u00dcber die Teilnahme am Blockpraktikum der Traumatologie und Orthop\u00e4die im 4. Studienjahr Anmeldungsort: Am ersten Unterrichtstag des Blocks um 08:30 Uhr an der Klinik f\u00fcr Traumatologie der Semmelweis Universit\u00e4t (Budapest 1083, Kor\u00e1nyi S\u00e1ndor u. &hellip;<\/p>\n","protected":false},"author":12,"featured_media":0,"parent":575,"menu_order":0,"comment_status":"closed","ping_status":"closed","template":"","meta":{"_acf_changed":false,"footnotes":""},"categories":[],"tags":[],"class_list":["post-2618","page","type-page","status-publish","hentry"],"acf":[],"_links":{"self":[{"href":"https:\/\/semmelweis.hu\/traumatologia\/wp-json\/wp\/v2\/pages\/2618","targetHints":{"allow":["GET"]}}],"collection":[{"href":"https:\/\/semmelweis.hu\/traumatologia\/wp-json\/wp\/v2\/pages"}],"about":[{"href":"https:\/\/semmelweis.hu\/traumatologia\/wp-json\/wp\/v2\/types\/page"}],"author":[{"embeddable":true,"href":"https:\/\/semmelweis.hu\/traumatologia\/wp-json\/wp\/v2\/users\/12"}],"replies":[{"embeddable":true,"href":"https:\/\/semmelweis.hu\/traumatologia\/wp-json\/wp\/v2\/comments?post=2618"}],"version-history":[{"count":10,"href":"https:\/\/semmelweis.hu\/traumatologia\/wp-json\/wp\/v2\/pages\/2618\/revisions"}],"predecessor-version":[{"id":3899,"href":"https:\/\/semmelweis.hu\/traumatologia\/wp-json\/wp\/v2\/pages\/2618\/revisions\/3899"}],"up":[{"embeddable":true,"href":"https:\/\/semmelweis.hu\/traumatologia\/wp-json\/wp\/v2\/pages\/575"}],"wp:attachment":[{"href":"https:\/\/semmelweis.hu\/traumatologia\/wp-json\/wp\/v2\/media?parent=2618"}],"wp:term":[{"taxonomy":"category","embeddable":true,"href":"https:\/\/semmelweis.hu\/traumatologia\/wp-json\/wp\/v2\/categories?post=2618"},{"taxonomy":"post_tag","embeddable":true,"href":"https:\/\/semmelweis.hu\/traumatologia\/wp-json\/wp\/v2\/tags?post=2618"}],"curies":[{"name":"wp","href":"https:\/\/api.w.org\/{rel}","templated":true}]}}