{"id":2611,"date":"2022-09-29T16:37:26","date_gmt":"2022-09-29T14:37:26","guid":{"rendered":"https:\/\/semmelweis.hu\/traumatologia\/?page_id=2611"},"modified":"2025-10-31T13:22:33","modified_gmt":"2025-10-31T12:22:33","slug":"informationen-6-jahr-traumatologie-mundliche-prufung","status":"publish","type":"page","link":"https:\/\/semmelweis.hu\/traumatologia\/deutsch\/informationen-6-jahr-traumatologie-mundliche-prufung\/","title":{"rendered":"Traumatologiepr\u00fcfung des 6. Studienjahres"},"content":{"rendered":"<div id=\"tablist2-panel2\" class=\"tabcontent responsive-tabs__panel responsive-tabs__panel--active\" role=\"tabpanel\" aria-hidden=\"false\" aria-labelledby=\"tablist2-tab2\">\n<h1>Informationen<\/h1>\n<p style=\"text-align: justify\">Die Pr\u00fcfung in Allgemeiner Chirurgie kann erst nach der Pr\u00fcfung in Traumatologie und Gef\u00e4\u00dfchirurgie abgelegt werden.<\/p>\n<p>&nbsp;<\/p>\n<div class=\"fontos_div\">\n<p style=\"text-align: justify\"><strong>Voraussetzung f\u00fcr die Zulassung zur Pr\u00fcfung<\/strong><\/p>\n<p>&nbsp;<\/p>\n<ul>\n<li>Absolvierung des einw\u00f6chigen (t\u00e4glich 8 Stunden) Traumatologie-Praktikums.<\/li>\n<li>Die Zusendung der erforderlichen Unterlagen an die E-Mail-Adresse des Sekretariats<\/li>\n<li>Frist: Die Dokumentation des Praktikums ist bis sp\u00e4testens 16:00 Uhr am letzten Praktikumstag an die E-Mail-Adresse <a class=\"cursor-pointer\" rel=\"noopener\">office.trauma@semmelweis.hu<\/a> zu senden.<\/li>\n<li>Bitte bring dein Zertifikat zur Pr\u00fcfung mit.<\/li>\n<\/ul>\n<\/div>\n<p>&nbsp;<\/p>\n<div class=\"keretes w-100\">\n<p><strong>Einzureichende Unterlagen (unterschrieben, gestempelt):<\/strong><\/p>\n<ul>\n<li><strong>Uzsoki Krankenhaus: <a href=\"https:\/\/semmelweis.hu\/traumatologia\/files\/2023\/09\/Anwesenheitsbogen.pdf\">Anwesenheitsbogen (pdf)<\/a><\/strong><\/li>\n<li><strong>Von ausl\u00e4ndischen Krankenh\u00e4usern\/Universit\u00e4ten anerkannte Praktika:<\/strong> <a href=\"https:\/\/semmelweis.hu\/traumatologia\/files\/2022\/09\/PJ-Bestaetigung-Traumatologie-pdf.pdf\">PJ Bestaetigung Traumatologie (pdf)<\/a><\/li>\n<li><strong> Budapesti Dr. Manninger Jen\u0151 <\/strong><strong>Nationales Institut f<\/strong><strong>\u00fcr Traumatologie:<\/strong> Anwesenheitsliste <br \/>\n<em>(In dieser Einrichtung werden die Anwesenheitsliste und das Handbuch am Ende des Praktikums dem Bodzay Petra im Studentensekretariat -8. Stock- abgegeben werden, um die Unterschrift in Neptun und die Anerkennung der Praxis zu erhalten).<\/em><\/li>\n<\/ul>\n<\/div>\n<div class=\"keretes w-100\">\n<p><strong>Die Anmeldung zur Traumatologiepr\u00fcfung<\/strong><\/p>\n<ul>\n<li><strong>Erfolgt \u00fcber die Moodle-Website<\/strong> &#8211; AOKTRA651_SN<\/li>\n<li>Die Pr\u00fcfungsanmeldungen werden geschlossen sein: 6.00 Uhr am Morgen des Pr\u00fcfungstages.<\/li>\n<li>Wir bitten Sie, sich verantwortungsbewusst f\u00fcr die Pr\u00fcfung anzumelden und keinen zus\u00e4tzlichen Pr\u00fcfungsplatz zu reservieren und sp\u00e4ter zu stornieren, damit den anderen Studenten, die die Pr\u00fcfung an diesem Termin wirklich ablegen m\u00f6chten, die M\u00f6glichkeit nicht genommen wird.<\/li>\n<\/ul>\n<\/div>\n<div id=\"tablist2-panel2\" class=\"tabcontent responsive-tabs__panel responsive-tabs__panel--active\" role=\"tabpanel\" aria-hidden=\"false\" aria-labelledby=\"tablist2-tab2\">\n<div class=\"keretes w-100\">\n<p><strong>Verf\u00fcgbar auf Moodle<\/strong><\/p>\n<ul>\n<li>Anmeldung zur Pr\u00fcfung<\/li>\n<li>Verwandte fr\u00fchere (4. Jahr) Kursmaterialien<\/li>\n<li>\u00dcbungstest<\/li>\n<\/ul>\n<\/div>\n<div id=\"tablist2-panel2\" class=\"tabcontent responsive-tabs__panel responsive-tabs__panel--active\" role=\"tabpanel\" aria-hidden=\"false\" aria-labelledby=\"tablist2-tab2\">\n<p>&nbsp;<\/p>\n<div class=\"keretes w-100\">\n<p><strong>F\u00fcr die Pr\u00fcfung erforderlich<\/strong><\/p>\n<ul>\n<li>Studentenausweis (oder anderen Lichtbildausweis)<\/li>\n<\/ul>\n<\/div>\n<\/div>\n<p>&nbsp;<\/p>\n<hr \/>\n<h2>Themenkatalog, aus dem die Testfragen zusammengestellt wurden:<\/h2>\n<ol>\n<li>Behandlung der offenen Frakturen, Richtlinien, Methoden<\/li>\n<li>M\u00f6glichkeiten der konservativen Frakturbehandlung (Lagerung, funktionelle Therapie, Ruhigstellung, Streckverb\u00e4nde, die Grundlagen der Frakturbehandlung<\/li>\n<li>Osteosynthese, Methoden ( Stabilit\u00e4t, fr\u00fchfunktionelle Behandlung)<\/li>\n<li>Luxationen- Mechanismus, Diagnose, Behandlung<\/li>\n<li>Klinische Symptome von Frakturen, Diagnose<\/li>\n<li>Die Versorgung von Sch\u00e4del-Hirnverletzten, Diagnostik<\/li>\n<li>Klassifizierung von Sch\u00e4delfrakturen und Behandlungsprinzipien<\/li>\n<li>Commotio cerebri und Contusio capitis- Grundlagen, Behandlung<\/li>\n<li>Epidurales und subdurales H\u00e4matom, intrazerebrales H\u00e4matom. Grundlagen-Diagnostik, Behandlung<\/li>\n<li>Untersuchung von Wirbels\u00e4ulenverletzungen, Diagnose, Indikation zur operativen Versorgung<\/li>\n<li>Fixierung von Wirbelfrakturen, Rehabilitation von Wirbelverletzten<\/li>\n<li>Klassifikation der Rippenfrakturen, Behandlung, Prognose<\/li>\n<li>Behandlung und Diagnose von H\u00e4mo- und Pneumothorax<\/li>\n<li>Richtlinien f\u00fcr die Beobachtung von Patienten mit stumpfen Bauchverletzungen<\/li>\n<li>Arten und Behandlung der Verletzungen des Schulterg\u00fcrtels<\/li>\n<li>Therapeutische Verfahren bei Humerusfrakturen<\/li>\n<li>Therapie von Olekranonfrakturen<\/li>\n<li>Behandlung von Unterarmfrakturen bei Erwachsenen<\/li>\n<li>Behandlungsprinzipien der distalen Radiusfraktur (loco typico)<\/li>\n<li>Perilun\u00e4re Luxation und Scaphoidfraktur. Therapie der Bennett-Fraktur<\/li>\n<li>Sehnen- und Weichteilverletzungen der Hand, septische Hand<\/li>\n<li>Arten von Beckenfrakturen, Nebenverletzungen<\/li>\n<li>Arten, Therapie und Komplikationen von proximalen Femurfrakturen<\/li>\n<li>Mediale Schenkelhalsfrakturen &#8211; Diagnose, Therapie, Komplikationen, Prognose<\/li>\n<li>Grundlagen der Endoprothetik<\/li>\n<li>Diaphys\u00e4re Frakturen des Femurs &#8211; Therapiem\u00f6glichkeiten<\/li>\n<li>Frakturen mit Gelenkbeteiligung im Bereich des Kniegelenkes &#8211; Behandlungsprinzipien<\/li>\n<li>Diagnose und Behandlung von Patellafrakturen<\/li>\n<li>Ligament\u00e4re Verletzungen des Kniegelenkes &#8211; Mechanismus, Diagnose, Therapie<\/li>\n<li>Knorperverletzungen im Knie (auch die Meniskusverletzungen)- Diagnostik und Behandlung Grundlagen der Arthroscopie<\/li>\n<li>Offene und geschlossene Unterschenkelfrakturen &#8211; Therapie, Nachsorge<\/li>\n<li>Sprunggelenksdistorsion &#8211; Untersuchung, Behandlung. Komplikationen nach Sprunggelenksfrakturen und deren Behandlungsm\u00f6glichkeiten.<\/li>\n<li>Arten und konsekutive Behandlung von Sprunggelenkfrakturen<\/li>\n<li>Kalkaneusfraktur und ihre Therapie<\/li>\n<li>Symptome und Therapie von Achillessehnenrupturen<\/li>\n<li>Kompartmentsyndrom der unteren Extremit\u00e4t- Diagnostik und Therapie<\/li>\n<\/ol>\n<\/div>\n<\/div>\n","protected":false},"excerpt":{"rendered":"<p>Informationen Die Pr\u00fcfung in Allgemeiner Chirurgie kann erst nach der Pr\u00fcfung in Traumatologie und Gef\u00e4\u00dfchirurgie abgelegt werden. &nbsp; Voraussetzung f\u00fcr die Zulassung zur Pr\u00fcfung &nbsp; Absolvierung des einw\u00f6chigen (t\u00e4glich 8 Stunden) Traumatologie-Praktikums. Die Zusendung der erforderlichen Unterlagen an die E-Mail-Adresse des Sekretariats Frist: Die Dokumentation des Praktikums ist bis sp\u00e4testens 16:00 Uhr am letzten Praktikumstag &hellip;<\/p>\n","protected":false},"author":101217,"featured_media":0,"parent":575,"menu_order":2,"comment_status":"closed","ping_status":"closed","template":"","meta":{"_acf_changed":false,"footnotes":""},"categories":[],"tags":[],"class_list":["post-2611","page","type-page","status-publish","hentry"],"acf":[],"_links":{"self":[{"href":"https:\/\/semmelweis.hu\/traumatologia\/wp-json\/wp\/v2\/pages\/2611","targetHints":{"allow":["GET"]}}],"collection":[{"href":"https:\/\/semmelweis.hu\/traumatologia\/wp-json\/wp\/v2\/pages"}],"about":[{"href":"https:\/\/semmelweis.hu\/traumatologia\/wp-json\/wp\/v2\/types\/page"}],"author":[{"embeddable":true,"href":"https:\/\/semmelweis.hu\/traumatologia\/wp-json\/wp\/v2\/users\/101217"}],"replies":[{"embeddable":true,"href":"https:\/\/semmelweis.hu\/traumatologia\/wp-json\/wp\/v2\/comments?post=2611"}],"version-history":[{"count":10,"href":"https:\/\/semmelweis.hu\/traumatologia\/wp-json\/wp\/v2\/pages\/2611\/revisions"}],"predecessor-version":[{"id":3840,"href":"https:\/\/semmelweis.hu\/traumatologia\/wp-json\/wp\/v2\/pages\/2611\/revisions\/3840"}],"up":[{"embeddable":true,"href":"https:\/\/semmelweis.hu\/traumatologia\/wp-json\/wp\/v2\/pages\/575"}],"wp:attachment":[{"href":"https:\/\/semmelweis.hu\/traumatologia\/wp-json\/wp\/v2\/media?parent=2611"}],"wp:term":[{"taxonomy":"category","embeddable":true,"href":"https:\/\/semmelweis.hu\/traumatologia\/wp-json\/wp\/v2\/categories?post=2611"},{"taxonomy":"post_tag","embeddable":true,"href":"https:\/\/semmelweis.hu\/traumatologia\/wp-json\/wp\/v2\/tags?post=2611"}],"curies":[{"name":"wp","href":"https:\/\/api.w.org\/{rel}","templated":true}]}}