{"id":2594,"date":"2022-09-29T12:27:58","date_gmt":"2022-09-29T10:27:58","guid":{"rendered":"https:\/\/semmelweis.hu\/traumatologia\/?page_id=2594"},"modified":"2025-11-03T13:27:38","modified_gmt":"2025-11-03T12:27:38","slug":"6-studienjahr","status":"publish","type":"page","link":"https:\/\/semmelweis.hu\/traumatologia\/deutsch\/6-studienjahr\/","title":{"rendered":"6. Studienjahr"},"content":{"rendered":"<h1>6. Studienjahr<\/h1>\n<p>Anforderungssystem (2025\/2026): <a href=\"https:\/\/semmelweis.hu\/traumatologia\/files\/2025\/09\/Traumatologie-praktikum.pdf\">Traumatologie praktikum<\/a><\/p>\n<h2>Fachliteratur, Hilfsmaterialien<\/h2>\n<p><strong>Lehrmaterial:<\/strong> Semmelweis Universit\u00e4t, Moodle E-Learning Plattform (Moodle)<br \/>\n<strong>Empfohlene Fachliteratur:<\/strong> Aktuelle Lehrb\u00fccher der deutschen Universit\u00e4ten<br \/>\n<strong>Weitere Hilfsmaterialien:<\/strong><\/p>\n<ul>\n<li>E.H.Kuner, V.Schlosser: Traumatologie 5.\u00fcberarb.Auflage, G.Thieme Verlag<\/li>\n<li>Flautner-S\u00e1rv\u00e1ry: A seb\u00e9szet \u00e9s Traumatol\u00f3gia tank\u00f6nyve, Semmelweis kiad\u00f3 2003<\/li>\n<li>Grifka-Kuster: Orthop\u00e4die und Unfallchirurgie, Springer Verlag 2011<\/li>\n<li>Mutschler-Haas: Praxis der Unfallchirurgie, G. Thieme Verlag 1999<\/li>\n<\/ul>\n<p>&nbsp;<\/p>\n<hr \/>\n<h2>Praktikum<\/h2>\n<p style=\"text-align: justify\">Eine Woche Praxis f\u00fcr Traumatologie unter der Leitung von einem Arzt in der Abteilung f\u00fcr Traumatologie im Budapesti Uzsoki Krankenhaus oder im Budapesti Dr. Manninger Jen\u0151 Traumazentrum. Im Verlauf der traumatologischen Praxis haben die Studierenden die M\u00f6glichkeit, Folgendes zu lernen: k\u00f6rperliche Untersuchung verletzter Patienten, Bandagieren, N\u00e4hen, Gipstechniken und die Verwendung von Orthesen und Schienen, ambulante Versorgung, septische Komplikationen, physikalische Therapie und Teilnahme in der Visite jeden Morgen in den Patientenstationen. Die Konsultation typischer und h\u00e4ufigerer Traumaf\u00e4lle, die radiologische Diagnostik sowie das Beobachten und \/ oder Unterst\u00fctzen des Operationssaals geh\u00f6ren ebenfalls zum Lehrplan. In der Notaufnahme haben die Studierenden die M\u00f6glichkeit Patienten unter Aufsicht zu untersuchen und an der weiteren Versorgung teilzunehmen.\u00a0<\/p>\n<p>&nbsp;<\/p>\n<div class=\"keretes w-100\">\n<p><strong><span style=\"color: #ff0000\">Die Bescheinigung \u00fcber die arbeitsmedizinische Untersuchung ist obligatorisch, um die Praxis in Ungarn zu beginnen.<\/span><\/strong><\/p>\n<\/div>\n<p>&nbsp;<\/p>\n<hr \/>\n<h2>Ort des Praktikums<\/h2>\n<ul>\n<li>Semmelweis Universit\u00e4t Klinik f\u00fcr Traumatologie (1083 Budapest, Kor\u00e1nyi S. u. 2.)<\/li>\n<li>Budapesti Dr. Manninger Jen\u0151 Traumazentrum (1081 Budapest, Fiumei \u00fat 17.)<\/li>\n<li>Budapesti Uzsoki Krankenhaus \u2013 Abteilung f\u00fcr Ortop\u00e4die und Traumatologie (1145 Budapest, Uzsoki u. 29-41.) Geb\u00e4ude \u201eD\u201d Erdgescho\u00df, Konferenzraum um 7:30<\/li>\n<li>Krankenh\u00e4user\/Universit\u00e4ten (im Ausland)<\/li>\n<\/ul>\n<p>&nbsp;<\/p>\n<div class=\"keretes w-100\">\n<p><strong>Registrierung und institutionelle Anmeldung<\/strong><\/p>\n<ul>\n<li>Wenn Sie das einw\u00f6chige Trauma-Praktikum in Deutschland absolvieren m\u00f6chten, wenden Sie sich an das Studentensekretariat f\u00fcr das deutschsprachige Studium (<a href=\"mailto:studenten.sekretariat@semmelweis.hu\">studenten.sekretariat@semmelweis.hu<\/a>) um\u00a0 u.a. ein zertifiziertes\u00a0 Krankenhaus auszuw\u00e4hlen.<\/li>\n<li>M\u00f6chten Sie das Traumatologie- Praktikum in Ungarn verbringen, melden Sie sich an das Sekretariat des Lehrstuhls per E-Mail: <a href=\"mailto:office.trauma@semmelweis.hu\">office.trauma@semmelweis.hu<\/a><\/li>\n<\/ul>\n<\/div>\n<p>&nbsp;<\/p>\n<hr \/>\n<h2>Praktiken in Budapest und im Ausland<\/h2>\n<div class=\"responsive-tabs\">\n<h2 class=\"tabtitle\">Semmelweis Universit\u00e4t Klinik f\u00fcr Traumatologie<\/h2>\n<div class=\"tabcontent\">\n\n<p><strong>Semmelweis Universit\u00e4t Klinik f\u00fcr Traumatologie (SE TRAUMA KLINIK)<\/strong><\/p>\n<p><strong>Ort des Praktikums:<\/strong> Semmelweis Universit\u00e4t Klinik f\u00fcr Traumatologie<br \/>\n<strong>Adresse:<\/strong> 1083 Budapest, Kor\u00e1nyi S\u00e1ndor u. 2.<br \/>\n<strong>Beginn:<\/strong> 07:15 Uhr<\/p>\n<p><a href=\"https:\/\/semmelweis.hu\/traumatologia\/files\/2025\/07\/Angol-tajekoztato.pdf\">Information<\/a><\/p>\n\n<\/div><h2 class=\"tabtitle\">Budapesti Uzsoki Krankenhaus<\/h2>\n<div class=\"tabcontent\">\n\n<p><strong>Budapesti Uzsoki Krankenhaus (UUK)<br \/>\n<\/strong><\/p>\n<p><strong>Ort des Praktikums:<\/strong> Budapesti Uzsoki Krankenhaus \u2013 Abteilung f\u00fcr Ortop\u00e4die und Traumatologie <br \/>\n<strong>Adresse:<\/strong>1145 Budapest, Uzsoki u. 29-41.<br \/>\n<strong>Beginn:<\/strong> 07:30 Uhr <em>(Bitte seien Sie p\u00fcnktlich, da versp\u00e4tetes Erscheinen den Ablauf der morgendlichen Konferenz st\u00f6ren w\u00fcrde.)<\/em><\/p>\n<p>Bitte kommen Sie um 7:30 von der Uzsoki-Stra\u00dfe her uhr zur Verwaltung in Raum B223 im 2. Stock des Geb\u00e4udes D. Anschlie\u00dfend gehen Sie um 8:00 Uhr in den Konferenzraum im Erdgeschoss.<\/p>\n<div class=\"keretes w-100\">\n<p><strong>Am ersten Tag des Praktikums<\/strong><\/p>\n<ul>\n<li>Studenten m\u00fcssen der Abteilung die folgenden Unterlagen vorlegen, um mit der Praxis beginnen zu k\u00f6nnen (am ersten Tag der Praxis):\n<ul style=\"list-style-type: square\">\n<li>G\u00fcltiger Studentenausweis<\/li>\n<li><span style=\"color: #ff0000\"><strong>Arbeitsmedizinische Bescheinigung, die nicht \u00e4lter als 1 Jahr ist<\/strong><\/span><\/li>\n<li><a href=\"https:\/\/semmelweis.hu\/traumatologia\/files\/2023\/09\/Student_agreement_practice_placement_MEDICINE-pdf-2.pdf\">Student_agreement_practice_placement_MEDICINE (pdf)<\/a><br \/>\n<em>(Nur 1 Exemplar ausdrucken und auf Wunsch per E-Mail versenden).<\/em><\/li>\n<\/ul>\n<\/li>\n<\/ul>\n<\/div>\n<div class=\"keretes w-100\">\n<p>\n<strong>W\u00e4hrend des Praktikums<\/strong><\/p>\n<ul>\n<li>Mitbringen und tragen: wei\u00dfer Mantel\/Kittel, Namensschild<\/li>\n<li>Die Studenten m\u00fcssen w\u00e4hrend des Praktikums ihren eigenen <a href=\"https:\/\/semmelweis.hu\/traumatologia\/files\/2023\/09\/Anwesenheitsbogen.pdf\"><strong>Anwesenheitsbogen<\/strong><\/a> ausf\u00fcllen.<br \/>\nDieses werden am letzten Tag des Praktikums von ihrem Tutor unterzeichnet .<\/li>\n<\/ul>\n<\/div>\n<div class=\"keretes w-100\">\n<p>\n<strong>Nach dem Praktikum<\/strong><\/p>\n<ul>\n<li>\u00a0Das Anwesenheitsblatt m\u00fcssen dann per E-Mail (<a href=\"mailto:trauma_office@med.semmelweis-univ.hu\">trauma_office@med.semmelweis-univ.hu<\/a>) an das Sekretariat der Abteilung f\u00fcr Traumatologie gesendet werden, um die Unterschrift in Neptun zu erhalten und die Praxis zu akzeptieren.<\/li>\n<li>Der Abgabetermin ist sp\u00e4testens am letzten Praktikumstag bis 16:00 Uhr.\u00a0<\/li>\n<li>Ohne die Abgabe der Bescheinigung ist die Teilnahme am Teilpr\u00fcfungstest der Traumatologie im Rahmen des chirurgischen Staatsexamens nicht m\u00f6glich.<\/li>\n<\/ul>\n<\/div>\n\n<\/div><h2 class=\"tabtitle\">Budapesti Dr. Manninger Jen\u0151 Traumazentrum<\/h2>\n<div class=\"tabcontent\">\n\n<p><strong>Budapesti Dr. Manninger Jen\u0151 Traumazentrum (BMJ BK)<br \/>\n<\/strong><\/p>\n<p><strong>Ort des Praktikums:<\/strong> Budapesti Dr. Manninger Jen\u0151 Traumazentrum<br \/>\n<strong>Adresse:<\/strong>1081 Budapest, Fiumei \u00fat 17.<br \/>\n<strong>Beginn:<\/strong> 07:30 Uhr<\/p>\n<p>&nbsp;<\/p>\n<div class=\"keretes w-100\">\n<p><strong>Vor und w\u00e4hrend der Praktiken<\/strong><\/p>\n<ul>\n<li><a href=\"https:\/\/semmelweis.hu\/traumatologia\/files\/2023\/03\/Information_DM_Dr.-Manninger-Jeno-Baleseti-Kozpont-_6th-pdf.pdf\">Information_DM_Dr. Manninger Jen\u0151 Baleseti K\u00f6zpont _6th (pdf)<\/a><\/li>\n<li>Am ersten Tag der Praxis erhalten Sie\u00a0 vom Krankenhaus zum Ausf\u00fcllen:\n<ul style=\"list-style-type: square\">\n<li>Studentenvereinbarung<\/li>\n<li>Anwesenheitsliste<\/li>\n<\/ul>\n<\/li>\n<li>Die Studenten m\u00fcssen w\u00e4hrend des Praktikums ihren eigenen <strong>Anwesenheitsbogen <\/strong>ausf\u00fcllen.<br \/>\nDiese werden am letzten Tag des Praktikums von ihrem Tutor unterzeichnet.<\/li>\n<\/ul>\n<\/div>\n<div class=\"keretes w-100\">\n<p>\n<strong>Nach dem Praktiken<\/strong><\/p>\n<p>Das Anwesenheitsblatt sowie der Schlie\u00dffachschl\u00fcssel m\u00fcssen dann Bodzay Petra im Studentensekretariat (8. Stock) \u00fcbergeben werden, um die Unterschrift in Neptun zu erhalten und die Praxis zu akzeptieren.<\/p>\n<\/div>\n\n<\/div><h2 class=\"tabtitle\">im Ausland<\/h2>\n<div class=\"tabcontent\">\n\n<h2>Im Ausland<\/h2>\n<h2>Praktische Bescheinigung<\/h2>\n<p><span style=\"color: #ff0000\"><strong>I would like to draw your attention to the fact that if you complete the practice at a different time from the one assigned to your program in the rotation schedule, you will only be able to register for and complete the\u00a0traumatology online exam as part of the final surgery exam by joining the exam of another rotation (after submitting the certificate of completion of the practice).<\/strong><\/span><\/p>\n<div class=\"keretes w-100\">\n<ul>\n<li><a href=\"https:\/\/semmelweis.hu\/traumatologia\/files\/2022\/09\/PJ-Bestaetigung-Traumatologie-pdf.pdf\">PJ Bestaetigung Traumatologie (pdf)<\/a><\/li>\n<li>Diese Best\u00e4tigung <strong>&#8211; Beide Seiten! &#8211;<\/strong> muss per E-Mail (<a href=\"mailto:office.trauma@semmelweis.hu\" target=\"_blank\" rel=\"noopener\">office.trauma@semmelweis.hu<\/a>) an das Sekretariat der Abteilung f\u00fcr Traumatologie gesendet werden, um die Unterschrift im Neptun zu erhalten und die Praxis zu akzeptieren.<\/li>\n<li>Frist: mindestens 3 Arbeitstage vor der Traumatolgie \u2013 Abschlusspr\u00fcfung.<\/li>\n<\/ul>\n<\/div>\n<\/div><\/div>\n","protected":false},"excerpt":{"rendered":"<p>6. Studienjahr Anforderungssystem (2025\/2026): <a href=\"https:\/\/semmelweis.hu\/traumatologia\/files\/2025\/09\/Traumatologie-praktikum.pdf\">Traumatologie praktikum<\/a> Fachliteratur, Hilfsmaterialien Lehrmaterial: Semmelweis Universit\u00e4t, Moodle E-Learning Plattform (Moodle) Empfohlene Fachliteratur: Aktuelle Lehrb\u00fccher der deutschen Universit\u00e4ten Weitere Hilfsmaterialien: E.H.Kuner, V.Schlosser: Traumatologie 5.\u00fcberarb.Auflage, G.Thieme Verlag Flautner-S\u00e1rv\u00e1ry: A seb\u00e9szet \u00e9s Traumatol\u00f3gia tank\u00f6nyve, Semmelweis kiad\u00f3 2003 Grifka-Kuster: Orthop\u00e4die und Unfallchirurgie, Springer Verlag 2011 Mutschler-Haas: Praxis der Unfallchirurgie, G. Thieme Verlag 1999 &nbsp; Praktikum Eine &hellip;<\/p>\n","protected":false},"author":101217,"featured_media":0,"parent":575,"menu_order":0,"comment_status":"closed","ping_status":"closed","template":"","meta":{"_acf_changed":false,"footnotes":""},"categories":[],"tags":[],"class_list":["post-2594","page","type-page","status-publish","hentry"],"acf":[],"_links":{"self":[{"href":"https:\/\/semmelweis.hu\/traumatologia\/wp-json\/wp\/v2\/pages\/2594","targetHints":{"allow":["GET"]}}],"collection":[{"href":"https:\/\/semmelweis.hu\/traumatologia\/wp-json\/wp\/v2\/pages"}],"about":[{"href":"https:\/\/semmelweis.hu\/traumatologia\/wp-json\/wp\/v2\/types\/page"}],"author":[{"embeddable":true,"href":"https:\/\/semmelweis.hu\/traumatologia\/wp-json\/wp\/v2\/users\/101217"}],"replies":[{"embeddable":true,"href":"https:\/\/semmelweis.hu\/traumatologia\/wp-json\/wp\/v2\/comments?post=2594"}],"version-history":[{"count":10,"href":"https:\/\/semmelweis.hu\/traumatologia\/wp-json\/wp\/v2\/pages\/2594\/revisions"}],"predecessor-version":[{"id":3846,"href":"https:\/\/semmelweis.hu\/traumatologia\/wp-json\/wp\/v2\/pages\/2594\/revisions\/3846"}],"up":[{"embeddable":true,"href":"https:\/\/semmelweis.hu\/traumatologia\/wp-json\/wp\/v2\/pages\/575"}],"wp:attachment":[{"href":"https:\/\/semmelweis.hu\/traumatologia\/wp-json\/wp\/v2\/media?parent=2594"}],"wp:term":[{"taxonomy":"category","embeddable":true,"href":"https:\/\/semmelweis.hu\/traumatologia\/wp-json\/wp\/v2\/categories?post=2594"},{"taxonomy":"post_tag","embeddable":true,"href":"https:\/\/semmelweis.hu\/traumatologia\/wp-json\/wp\/v2\/tags?post=2594"}],"curies":[{"name":"wp","href":"https:\/\/api.w.org\/{rel}","templated":true}]}}