{"id":2424,"date":"2022-09-21T15:09:38","date_gmt":"2022-09-21T13:09:38","guid":{"rendered":"https:\/\/semmelweis.hu\/traumatologia\/?page_id=2424"},"modified":"2026-03-04T09:18:02","modified_gmt":"2026-03-04T08:18:02","slug":"apolastan-nyari-gyakorlat","status":"publish","type":"page","link":"https:\/\/semmelweis.hu\/traumatologia\/oktatas-uj\/gradualis-kepzes\/apolastan-nyari-gyakorlat\/","title":{"rendered":"\u00c1pol\u00e1stan ny\u00e1ri gyakorlat (I. \u00e9veseknek)"},"content":{"rendered":"<p>2025\/2026-os tan\u00e9v ny\u00e1ri \u00e1pol\u00e1stan gyakorlatra a Semmelweis Egyetem Traumatol\u00f3giai Klinik\u00e1j\u00e1ra \u00e9s a Budapesti Dr. Manninger Jen\u0151 Baleseti K\u00f6zpontba lehet jelentkezni a Neptun rendszeren kereszt\u00fcl.<\/p>\n<p>A bejelentkezett hallgat\u00f3kat e-mailben fogjuk t\u00e1j\u00e9koztatni a tudnival\u00f3kr\u00f3l.<\/p>\n","protected":false},"excerpt":{"rendered":"<p>2025\/2026-os tan\u00e9v ny\u00e1ri \u00e1pol\u00e1stan gyakorlatra a Semmelweis Egyetem Traumatol\u00f3giai Klinik\u00e1j\u00e1ra \u00e9s a Budapesti Dr. Manninger Jen\u0151 Baleseti K\u00f6zpontba lehet jelentkezni a Neptun rendszeren kereszt\u00fcl.<br \/>\nA bejelentkezett hallgat\u00f3kat e-mailben fogjuk t\u00e1j\u00e9koztatni a tudnival\u00f3kr\u00f3l.<\/p>\n","protected":false},"author":12,"featured_media":0,"parent":3391,"menu_order":0,"comment_status":"closed","ping_status":"closed","template":"","meta":{"_acf_changed":false,"footnotes":""},"categories":[],"tags":[],"class_list":["post-2424","page","type-page","status-publish","hentry"],"acf":[],"_links":{"self":[{"href":"https:\/\/semmelweis.hu\/traumatologia\/wp-json\/wp\/v2\/pages\/2424","targetHints":{"allow":["GET"]}}],"collection":[{"href":"https:\/\/semmelweis.hu\/traumatologia\/wp-json\/wp\/v2\/pages"}],"about":[{"href":"https:\/\/semmelweis.hu\/traumatologia\/wp-json\/wp\/v2\/types\/page"}],"author":[{"embeddable":true,"href":"https:\/\/semmelweis.hu\/traumatologia\/wp-json\/wp\/v2\/users\/12"}],"replies":[{"embeddable":true,"href":"https:\/\/semmelweis.hu\/traumatologia\/wp-json\/wp\/v2\/comments?post=2424"}],"version-history":[{"count":9,"href":"https:\/\/semmelweis.hu\/traumatologia\/wp-json\/wp\/v2\/pages\/2424\/revisions"}],"predecessor-version":[{"id":3921,"href":"https:\/\/semmelweis.hu\/traumatologia\/wp-json\/wp\/v2\/pages\/2424\/revisions\/3921"}],"up":[{"embeddable":true,"href":"https:\/\/semmelweis.hu\/traumatologia\/wp-json\/wp\/v2\/pages\/3391"}],"wp:attachment":[{"href":"https:\/\/semmelweis.hu\/traumatologia\/wp-json\/wp\/v2\/media?parent=2424"}],"wp:term":[{"taxonomy":"category","embeddable":true,"href":"https:\/\/semmelweis.hu\/traumatologia\/wp-json\/wp\/v2\/categories?post=2424"},{"taxonomy":"post_tag","embeddable":true,"href":"https:\/\/semmelweis.hu\/traumatologia\/wp-json\/wp\/v2\/tags?post=2424"}],"curies":[{"name":"wp","href":"https:\/\/api.w.org\/{rel}","templated":true}]}}