{"id":2420,"date":"2022-09-21T15:07:19","date_gmt":"2022-09-21T13:07:19","guid":{"rendered":"https:\/\/semmelweis.hu\/traumatologia\/?page_id=2420"},"modified":"2025-11-03T14:05:01","modified_gmt":"2025-11-03T13:05:01","slug":"vi-eves-traumatologiai-szigorlat","status":"publish","type":"page","link":"https:\/\/semmelweis.hu\/traumatologia\/oktatas-uj\/gradualis-kepzes\/vi-eves-traumatologiai-szigorlat\/","title":{"rendered":"VI. \u00e9ves Traumatol\u00f3giai szigorlat"},"content":{"rendered":"<h1>T\u00c1J\u00c9KOZTAT\u00d3<\/h1>\n<p style=\"text-align: justify\">A seb\u00e9szeti szigorlat el\u0151felt\u00e9tele, hogy traum\u00e1b\u00f3l \u00e9s \u00e9rseb\u00e9szetb\u0151l is szigorlatot tegyenek \u00e9s r\u00e9szjegyet szerezzenek.<\/p>\n<p>&nbsp;<\/p>\n<div class=\"keretes w-100\">\n<p style=\"text-align: justify\"><strong>A vizsg\u00e1ra bocs\u00e1t\u00e1s el\u0151felt\u00e9tele<\/strong><\/p>\n<ul>\n<li style=\"text-align: justify\">Szab\u00e1lyosan v\u00e9gzett, 1 hetes (napi 8 \u00f3r\u00e1s) traumatol\u00f3gia gyakorlat teljes\u00edt\u00e9se, melynek utols\u00f3 napj\u00e1n van a z\u00e1r\u00f3tesztvizsga.<\/li>\n<li style=\"text-align: justify\">A gyakorlatr\u00f3l sz\u00f3l\u00f3 dokument\u00e1ci\u00f3 elk\u00fcld\u00e9se az office.trauma@semmelweis.hu email c\u00edmre, az utols\u00f3 gyakorlati nap v\u00e9g\u00e9n 16 \u00f3r\u00e1ig.<\/li>\n<li>K\u00e9rj\u00fck, hogy az <span style=\"color: #ff0000\"><strong>eredeti traumatol\u00f3gia igazol\u00e1st<\/strong> <strong>hozz\u00e1k magukkal az<\/strong><strong> online teszt vizsg\u00e1ra.<\/strong><\/span><\/li>\n<\/ul>\n<\/div>\n<p>&nbsp;<\/p>\n<div class=\"keretes w-100\">\n<p style=\"text-align: justify\"><strong>Leadand\u00f3 dokumentum t\u00edpusok int\u00e9zm\u00e9nyenk\u00e9nt (al\u00e1\u00edrva, lepecs\u00e9telve)<\/strong><\/p>\n<ul>\n<li><strong>Vid\u00e9ki, k\u00fclf\u00f6ldi \u00e9s vid\u00e9ki egyetem \u00e1ltal akkredit\u00e1lt gyakorl\u00f3helyek:<\/strong> igazol\u00e1s<\/li>\n<li><strong>Semmelweis Egyetemi Traumatol\u00f3giai Klinika, Budapesti Dr. Manninger Jen\u0151 Baleseti K\u00f6zpont, Budapesti Uzsoki Utcai K\u00f3rh\u00e1z, az <b>\u00c9szak-Pesti Centrumk\u00f3rh\u00e1z &#8211; Honv\u00e9dk\u00f3rh\u00e1z<\/b> \u00e9s az \u00c9szak-K\u00f6z\u00e9p-budai Centrum, \u00daj Szent J\u00e1nos K\u00f3rh\u00e1z \u00e9s Szakrendel\u0151:<\/strong> jelenl\u00e9ti \u00edv <br \/>\n<em>(Ezekben az int\u00e9zm\u00e9nyekben a jelenl\u00e9ti \u00edvet a gyakorlatok v\u00e9g\u00e9n adj\u00e1k le az oktat\u00e1ssal foglalkoz\u00f3 \u00fcgyint\u00e9z\u0151(k)n\u00e9l, \u0151k k\u00fcldik majd el azokat a Klinika r\u00e9szre, vagy ahol nincs lead\u00e1sra lehet\u0151s\u00e9g, ott a hallgat\u00f3nak kell e-mailen tov\u00e1bb\u00edtania az office.trauma@semmelweis.hu e-mail c\u00edmre)<\/em><\/li>\n<\/ul>\n<\/div>\n<p>&nbsp;<\/p>\n<div class=\"keretes w-100\">\n<p><strong>Vizsgajelentkez\u00e9s<\/strong><\/p>\n<ul>\n<li style=\"text-align: justify\">A <strong>Moodle <\/strong>&#8211; AOKTRA651_SM kurzus fel\u00fcleten.<em><br \/>\n<\/em><\/li>\n<li>A vizsgajelentkez\u00e9sek a vizsganap reggel 6 \u00f3rakor lez\u00e1rulnak.<\/li>\n<li>A vizsgaalkalmakra felel\u0151ss\u00e9gteljesen jelentkezzenek, ne foglaljanak vizsgahelyet azokt\u00f3l a hallgat\u00f3kt\u00f3l, akik val\u00f3ban szeretn\u00e9nek vizsg\u00e1t tenni azzal, hogy olyan id\u0151pontot v\u00e1lasztanak, amit k\u00e9s\u0151bb lemondanak.<\/li>\n<\/ul>\n<\/div>\n<p>&nbsp;<\/p>\n<div class=\"keretes w-100\">\n<p style=\"text-align: justify\"><strong>Moodle oldalon el\u00e9rhet\u0151<\/strong><\/p>\n<ul>\n<li>Vizsgaregisztr\u00e1ci\u00f3<\/li>\n<li>Kapcsol\u00f3d\u00f3 kor\u00e1bbi (4. \u00e9ves)\u00a0 tananyag<\/li>\n<li>Gyakorl\u00f3teszt<\/li>\n<\/ul>\n<\/div>\n<p>&nbsp;<\/p>\n<div class=\"keretes w-100\">\n<p style=\"text-align: justify\"><strong>Vizsg\u00e1hoz sz\u00fcks\u00e9ges <\/strong><\/p>\n<ul>\n<li style=\"text-align: justify\">Di\u00e1kigazolv\u00e1ny (vagy m\u00e1s f\u00e9nyk\u00e9pes igazolv\u00e1ny)<\/li>\n<li><span style=\"color: #000000\">Traumatol\u00f3gia gyakorlatr\u00f3l sz\u00f3l\u00f3 igazol\u00e1s<\/span><\/li>\n<\/ul>\n<\/div>\n<p>&nbsp;<\/p>\n<h2>T\u00e9telsor, melyb\u0151l teszt k\u00e9rd\u00e9sek \u00f6ssze\u00e1ll\u00edt\u00e1sra ker\u00fcltek:<\/h2>\n<ol>\n<li>A ny\u00edlt t\u00f6r\u00e9s kezel\u00e9s\u00e9nek alapelvei \u00e9s m\u00f3dszerei<\/li>\n<li>A konzervat\u00edv t\u00f6r\u00e9skezel\u00e9s m\u00f3dszerei \/fektet\u00e9s, funkcion\u00e1lis kezel\u00e9s, k\u00fcls\u0151 r\u00f6gz\u00edt\u00e9s, h\u00faz\u00f3k\u00f6t\u00e9sek\/ A t\u00f6r\u00e9skezel\u00e9s ir\u00e1nyelvei<\/li>\n<li>Az osteosynthesis l\u00e9nyege \u00e9s m\u00f3dszerei \/stabilit\u00e1s, korai m\u0171k\u00f6d\u00e9s\/<\/li>\n<li>Ficamok mechanizmusa, k\u00f3rism\u00e9z\u00e9se, kezel\u00e9se \/rugalmas r\u00f6gz\u00edtetts\u00e9g, repositio\/<\/li>\n<li>T\u00f6r\u00e9sek klinikai t\u00fcnetei, k\u00f3rism\u00e9z\u00e9se<\/li>\n<li>Teend\u0151k a koponya \u00e9s agys\u00e9r\u00fclt els\u0151 ell\u00e1t\u00e1sakor, k\u00f3rh\u00e1zi k\u00f6r\u00fclm\u00e9nyek k\u00f6z\u00f6tt v\u00e9gzend\u0151 diagnosztikus vizsg\u00e1l\u00f3 m\u00f3dszerek<\/li>\n<li>Koponyat\u00f6r\u00e9sek feloszt\u00e1sa \u00e9s az egyes form\u00e1k kezel\u00e9si elvei<\/li>\n<li>Commotio cerebri \u00e9s contusio capitis \u2013 l\u00e9nyeg\u00fck \u00e9s kezel\u00e9s\u00fck<\/li>\n<li>Epiduralis, subduralis haematoma. Intracerabralis haematoma l\u00e9nyege, felismer\u00e9se \u00e9s kezel\u00e9se<\/li>\n<li>Gerincs\u00e9r\u00fclt vizsg\u00e1lata, diagnosztik\u00e1ja. Gerincs\u00e9r\u00fcl\u00e9sek m\u0171t\u00e9ti javallatai<\/li>\n<li>Csigolyat\u00f6r\u00e9sek r\u00f6gz\u00edt\u00e9se. Gerincs\u00e9r\u00fcltek rehabilit\u00e1ci\u00f3s kezel\u00e9se<\/li>\n<li>Bordat\u00f6r\u00e9sek feloszt\u00e1sa, kezel\u00e9se \u00e9s progn\u00f3zisa<\/li>\n<li>Hemo- \u00e9s pneumothorax felismer\u00e9se \u00e9s kezel\u00e9si lehet\u0151s\u00e9ge<\/li>\n<li>Tompa hasi traum\u00e1t szenvedett beteg \u00e9szlel\u00e9s\u00e9nek szab\u00e1lyai, parenchym\u00e1s \u00e9s \u00fcreges hasi szervek s\u00e9r\u00fcl\u00e9seinek felismer\u00e9se \u00e9s kezel\u00e9se<\/li>\n<li>A v\u00e1ll\u00f6v s\u00e9r\u00fcl\u00e9seinek feloszt\u00e1sa \u00e9s kezel\u00e9se (l\u00e1gyr\u00e9sz- \u00e9s csontos s\u00e9r\u00fcl\u00e9sek)<\/li>\n<li>A felkarnyak-t\u00f6r\u00e9s kezel\u00e9se id\u0151seken. A felkartest t\u00f6r\u00e9s\u00e9nek kezel\u00e9si m\u00f3dszerei<\/li>\n<li>Az olecranon t\u00f6r\u00e9s kezel\u00e9se<\/li>\n<li>Az alkarcsontok egy\u00fcttes t\u00f6r\u00e9s\u00e9nek kezel\u00e9se feln\u0151tt\u00f6n<\/li>\n<li>A radius t\u00f6r\u00e9se a tipusos helyen. A kezel\u00e9s elvei \u00e9s m\u00f3dszerei<\/li>\n<li>A perilunaris ficam \u00e9s az os scaphoideum t\u00f6r\u00e9se. Bennett-f\u00e9le t\u00f6r\u00e9s kezel\u00e9s. A k\u00e9z-k\u00f6z\u00e9pcsontok, ujjpercek t\u00f6r\u00e9se<\/li>\n<li>A k\u00e9z inainak \u00e9s l\u00e1gyr\u00e9szeinek s\u00e9r\u00fcl\u00e9sei, szeptikus k\u00e9z kezel\u00e9se<\/li>\n<li>Medencet\u00f6r\u00e9sek feloszt\u00e1sa, mell\u00e9ks\u00e9r\u00fcl\u00e9sek felismer\u00e9s\u00e9nek lehet\u0151s\u00e9gei<\/li>\n<li>Cs\u00edp\u0151t\u00e1ji t\u00f6r\u00e9sek feloszt\u00e1sa a kezel\u00e9s \u00e9s a v\u00e1rhat\u00f3 sz\u00f6v\u0151dm\u00e9nyek figyelembev\u00e9tel\u00e9vel<\/li>\n<li>A medialis combnyakt\u00f6r\u00e9sek diagn\u00f3zisa, kezel\u00e9se, sz\u00f6v\u0151dm\u00e9ynei, progn\u00f3zisa<\/li>\n<li>Mi az endoprot\u00e9zisek l\u00e9nyege \u00e9s alkalmaz\u00e1suk f\u0151bb ter\u00fcletei?<\/li>\n<li>A comb diaphysis-t\u00f6r\u00e9sek kezel\u00e9si m\u00f3dszerei \u00e9s azok alkalmaz\u00e1s\u00e1nak f\u0151bb javallatai<\/li>\n<li>Iz\u00fcletbe hatol\u00f3 t\u00f6r\u00e9sek a t\u00e9rdt\u00e1jon \u00e9s azok kezel\u00e9si elvei<\/li>\n<li>A patellat\u00f6r\u00e9s kezel\u00e9se \u00e9s progn\u00f3zisa<\/li>\n<li>A t\u00e9rd\u00edz\u00fcleti szalags\u00e9r\u00fcl\u00e9sek keletkez\u00e9se, felismer\u00e9se \u00e9s kezel\u00e9si elvei<\/li>\n<li>A t\u00e9rd\u00edz\u00fcleti porcs\u00e9r\u00fcl\u00e9sek \/meniscusok is\/ felismer\u00e9se \u00e9s kezel\u00e9si elvei: mi az arthroscopia l\u00e9nyege \u00e9s alkalmaz\u00e1si ter\u00fclete?<\/li>\n<li>Ny\u00edlt \u00e9s z\u00e1rt l\u00e1bsz\u00e1rt\u00f6r\u00e9s kezel\u00e9se, ut\u00f3kezel\u00e9s<\/li>\n<li>A bokar\u00e1ndul\u00e1sok, a vizsg\u00e1l\u00f3 m\u00f3dszerek \u00e9s a kezel\u00e9s. A bokat\u00f6r\u00e9s ut\u00e1ni sz\u00f6v\u0151dm\u00e9nyek \u00e9s azok kezel\u00e9si lehet\u0151s\u00e9gei<\/li>\n<li>A bokat\u00f6r\u00e9sek feloszt\u00e1sa \u00e9s az ebb\u0151l fakad\u00f3 k\u00f6vetkeztet\u00e9sek a kezel\u00e9sre n\u00e9zve<\/li>\n<li>A sarokcsont t\u00f6r\u00e9sei \u00e9s a kezel\u00e9s elvei<\/li>\n<li>Az Achilles-\u00edn fedett szakad\u00e1s\u00e1nak t\u00fcnetei \u00e9s a kezel\u00e9s<\/li>\n<li>Als\u00f3 v\u00e9gtagi compartment syndr\u00f3ma diagn\u00f3zisa \u00e9s kezel\u00e9se<\/li>\n<\/ol>\n","protected":false},"excerpt":{"rendered":"<p>T\u00c1J\u00c9KOZTAT\u00d3 A seb\u00e9szeti szigorlat el\u0151felt\u00e9tele, hogy traum\u00e1b\u00f3l \u00e9s \u00e9rseb\u00e9szetb\u0151l is szigorlatot tegyenek \u00e9s r\u00e9szjegyet szerezzenek. &nbsp; A vizsg\u00e1ra bocs\u00e1t\u00e1s el\u0151felt\u00e9tele Szab\u00e1lyosan v\u00e9gzett, 1 hetes (napi 8 \u00f3r\u00e1s) traumatol\u00f3gia gyakorlat teljes\u00edt\u00e9se, melynek utols\u00f3 napj\u00e1n van a z\u00e1r\u00f3tesztvizsga. A gyakorlatr\u00f3l sz\u00f3l\u00f3 dokument\u00e1ci\u00f3 elk\u00fcld\u00e9se az office.trauma@semmelweis.hu email c\u00edmre, az utols\u00f3 gyakorlati nap v\u00e9g\u00e9n 16 \u00f3r\u00e1ig. K\u00e9rj\u00fck, hogy az &hellip;<\/p>\n","protected":false},"author":12,"featured_media":0,"parent":3391,"menu_order":3,"comment_status":"closed","ping_status":"closed","template":"","meta":{"_acf_changed":false,"footnotes":""},"categories":[],"tags":[],"class_list":["post-2420","page","type-page","status-publish","hentry"],"acf":[],"_links":{"self":[{"href":"https:\/\/semmelweis.hu\/traumatologia\/wp-json\/wp\/v2\/pages\/2420","targetHints":{"allow":["GET"]}}],"collection":[{"href":"https:\/\/semmelweis.hu\/traumatologia\/wp-json\/wp\/v2\/pages"}],"about":[{"href":"https:\/\/semmelweis.hu\/traumatologia\/wp-json\/wp\/v2\/types\/page"}],"author":[{"embeddable":true,"href":"https:\/\/semmelweis.hu\/traumatologia\/wp-json\/wp\/v2\/users\/12"}],"replies":[{"embeddable":true,"href":"https:\/\/semmelweis.hu\/traumatologia\/wp-json\/wp\/v2\/comments?post=2420"}],"version-history":[{"count":10,"href":"https:\/\/semmelweis.hu\/traumatologia\/wp-json\/wp\/v2\/pages\/2420\/revisions"}],"predecessor-version":[{"id":3853,"href":"https:\/\/semmelweis.hu\/traumatologia\/wp-json\/wp\/v2\/pages\/2420\/revisions\/3853"}],"up":[{"embeddable":true,"href":"https:\/\/semmelweis.hu\/traumatologia\/wp-json\/wp\/v2\/pages\/3391"}],"wp:attachment":[{"href":"https:\/\/semmelweis.hu\/traumatologia\/wp-json\/wp\/v2\/media?parent=2420"}],"wp:term":[{"taxonomy":"category","embeddable":true,"href":"https:\/\/semmelweis.hu\/traumatologia\/wp-json\/wp\/v2\/categories?post=2420"},{"taxonomy":"post_tag","embeddable":true,"href":"https:\/\/semmelweis.hu\/traumatologia\/wp-json\/wp\/v2\/tags?post=2420"}],"curies":[{"name":"wp","href":"https:\/\/api.w.org\/{rel}","templated":true}]}}