{"id":2415,"date":"2022-09-21T15:06:09","date_gmt":"2022-09-21T13:06:09","guid":{"rendered":"https:\/\/semmelweis.hu\/traumatologia\/?page_id=2415"},"modified":"2025-11-03T14:01:26","modified_gmt":"2025-11-03T13:01:26","slug":"vi-evfolyam","status":"publish","type":"page","link":"https:\/\/semmelweis.hu\/traumatologia\/oktatas-uj\/gradualis-kepzes\/vi-evfolyam\/","title":{"rendered":"VI. \u00e9vfolyam"},"content":{"rendered":"<h1>VI. \u00e9ves hallgat\u00f3k tant\u00e1rgyi jelentkez\u00e9se<\/h1>\n<p><strong>2025\/2026-\u00f6s \u00e9v k\u00f6vetelm\u00e9nyrendszer:<\/strong> <a href=\"https:\/\/semmelweis.hu\/traumatologia\/files\/2025\/09\/Traumatologia-gyakorlat.pdf\">Traumatol\u00f3gia gyakorlat<\/a><\/p>\n<h2>Budapesti gyakorl\u00f3helyek:<\/h2>\n<ul>\n<li>Semmelweis Egyetem \u00c1OK Traumatol\u00f3giai Klinika (SE TRAUMA KLIN)<\/li>\n<li>Budapesti Dr. Manninger Jen\u0151 Baleseti K\u00f6zpont (BMJ BK)<\/li>\n<li>Budapesti Uzsoki Utcai K\u00f3rh\u00e1z (UUK)<\/li>\n<li>\u00c9szak-budai Szent J\u00e1nos Centrumk\u00f3rh\u00e1z (JTRA, JOTRA, JIO)<\/li>\n<li>\u00c9PC-Honv\u00e9dk\u00f3rh\u00e1z (<span data-olk-copy-source=\"MessageBody\">\u00c9PC-HK<\/span>)<\/li>\n<\/ul>\n<p>&nbsp;<\/p>\n<div class=\"keretes w-100\">\n<h3>Regisztr\u00e1ci\u00f3 \u00e9s int\u00e9zm\u00e9nyi bejelentkez\u00e9s<\/h3>\n<ul>\n<li><strong>El\u0151sz\u00f6r a Neptun rendszeren kereszt\u00fcl <\/strong>az ott meghirdetett helyekre \u00e9s id\u0151pontokra.<strong><br \/>\n<\/strong>(Nem szem\u00e9lyesen, vagy emailben a v\u00e1lasztott int\u00e9zm\u00e9nyben!)<strong><br \/>\n<\/strong><\/li>\n<li><strong>Az \u00c9szak-budai Szent J\u00e1nos Centrumk\u00f3rh\u00e1z \u00e9s a \u00c9PC-Honv\u00e9dk\u00f3rh\u00e1z <\/strong>eset\u00e9ben a Neptunban t\u00f6rt\u00e9n\u0151 sikeres regisztr\u00e1ci\u00f3t k\u00f6vet\u0151en miel\u0151bb fel kell venni a kapcsolatot az int\u00e9zm\u00e9nyek oktat\u00e1si \u00fcgyint\u00e9z\u0151j\u00e9vel:<\/li>\n<li><strong>Szent J\u00e1nos K\u00f3rh\u00e1z: <\/strong>oktatas@janoskorhaz.hu<strong><br \/>\n<span style=\"font-size: 14pt\">(<\/span><\/strong><span style=\"font-size: 14pt\">Figyelem! A Szent J\u00e1nos K\u00f3rh\u00e1z a Yahoo \u00e9s Hotmail levelez\u0151 rendszerb\u0151l \u00e9rkez\u0151 emailjeiket nem tudja fogadni, illetve nem tudnak arra v\u00e1laszlevelet k\u00fcldeni. K\u00e9rik, hogy a megkeres\u00e9seiket m\u00e1s emailc\u00edmekr\u0151l k\u00fcldj\u00e9k.)<\/span><\/li>\n<li><strong>\u00c9PC-HK: <\/strong>oktatas@epc-honvedkorhaz.hu<\/li>\n<\/ul>\n<\/div>\n<p>&nbsp;<\/p>\n<hr \/>\n<h2 style=\"text-align: justify\"><span style=\"color: #000000\">Vid\u00e9ki (Vid\u00e9k), K\u00fclf\u00f6ldi (k\u00fclf\u00f6ld) \u00e9s Vid\u00e9ki egyetemek \u00e1ltal akkredit\u00e1lt k\u00f3rh\u00e1zak (VE\u00c1AK) <\/span><\/h2>\n<div class=\"keretes w-100\">\n<ul>\n<li style=\"text-align: justify\"><span style=\"color: #000000\">A Neptunban val\u00f3 regisztr\u00e1ci\u00f3t megel\u0151z\u0151en sz\u00fcks\u00e9ges a v\u00e1lasztott int\u00e9zm\u00e9nnyel t\u00f6rt\u00e9n\u0151 el\u0151zetes egyeztet\u00e9s. <\/span><\/li>\n<li style=\"text-align: justify\"><span style=\"color: #000000\">A vid\u00e9ki egyetemek \u00e1ltal akkredit\u00e1lt k\u00f3rh\u00e1zak eset\u00e9ben (VE\u00c1AK) a D\u00e9k\u00e1ni Hivatal el\u0151zetes hozz\u00e1j\u00e1rul\u00e1sa is sz\u00fcks\u00e9ges. Az err\u0151l kapott igazol\u00e1st a gyakorlat megkezd\u00e9se el\u0151tt az al\u00e1bbi email c\u00edmre: (office.trauma@semmelweis.hu) is el kell k\u00fcldeni al\u00e1\u00edr\u00e1sra.<\/span><\/li>\n<\/ul>\n<\/div>\n<p style=\"text-align: justify\">A\u00a0 budapesti int\u00e9zm\u00e9nyekben v\u00e9gzett gyakorlatok igazol\u00e1s\u00e1val kapcsolatban k\u00e9rj\u00fck, hogy minden esetben tarts\u00e1k be az al\u00e1bb a weboldalon le\u00edrtakat \u00e9s az int\u00e9zm\u00e9nyi \u00fcgyint\u00e9z\u0151 \u00e1ltal els\u0151 napon elmondottakat, hogy a Neptunban t\u00f6rt\u00e9n\u0151 igazol\u00e1s id\u0151ben \u00e9s z\u00f6kken\u0151mentesen megt\u00f6rt\u00e9nhessen.<\/p>\n<p>&nbsp;<\/p>\n<hr \/>\n<h1><span style=\"font-size: 24pt\">Gyakorl\u00f3helyek, int\u00e9zm\u00e9nyi t\u00e1j\u00e9koztat\u00f3k <\/span><\/h1>\n<div class=\"responsive-tabs\">\n<h2 class=\"tabtitle\">SE Traumatol\u00f3giai Klinika (SE TRAUMA KLIN)<\/h2>\n<div class=\"tabcontent\">\n\n<p><strong>Semmelweis Egyetem Traumatol\u00f3giai Klinika (SE TRAUMA KLIN)<\/strong><\/p>\n<p><strong>Gyakorlat helye: <\/strong>Semmelweis Egyetem Traumatol\u00f3giai Klinika<br \/>\n<strong>C\u00edm: <\/strong>1083 Budapest, Kor\u00e1nyi S\u00e1ndor u. 2.<br \/>\n<strong>Kezd\u00e9si id\u0151pont:<\/strong> els\u0151 nap (h\u00e9tf\u0151) 08:00<\/p>\n<p><a href=\"https:\/\/semmelweis.hu\/traumatologia\/files\/2025\/07\/Magyar-tajekoztato.pdf\">T\u00e1j\u00e9kozat\u00f3<\/a><\/p>\n\n<\/div><h2 class=\"tabtitle\">Uzsoki K\u00f3rh\u00e1z (UUK)<\/h2>\n<div class=\"tabcontent\">\n\n<p><strong>Budapesti Uzsoki Utcai K\u00f3rh\u00e1z (UUK)<\/strong><\/p>\n<p><strong>Gyakorlat helye:<\/strong> Uzsoki Utcai K\u00f3rh\u00e1z, Ortop\u00e9d-Traumatol\u00f3giai Oszt\u00e1ly Konferenciaterem (Fsz)<br \/>\n<strong>C\u00edm:<\/strong>1145 Budapest, Uzsoki utca 29-41.<br \/>\n<strong>Kezd\u00e9si id\u0151pont:<\/strong> els\u0151 nap (h\u00e9tf\u0151) 07:30<\/p>\n<p>Az els\u0151 gyakorlati napon k\u00e9rj\u00fck, \u00e9rkezzenek 7:30-ra az <span data-olk-copy-source=\"MessageBody\">Uzsoki utcai bej\u00e1rat fel\u0151l a<\/span> D \u00e9p\u00fclet 2. emelet\u00e9n tal\u00e1lhat\u00f3 B223-as szob\u00e1ba adminisztr\u00e1ci\u00f3 elv\u00e9gz\u00e9se c\u00e9lj\u00e1b\u00f3l. Ezt k\u00f6vet\u0151en, 8:00-ra menjenek le a D \u00e9p\u00fclet f\u00f6ldszintj\u00e9n tal\u00e1lhat\u00f3 konzult\u00e1ci\u00f3s terembe.<\/p>\n<div class=\"keretes w-100\">\n<p><span style=\"color: #000000\"><strong>A gyakorlat els\u0151 napj\u00e1n be kell mutatni a<\/strong><strong> gyakorlat megkezd\u00e9s\u00e9hez sz\u00fcks\u00e9ges dokumentumokat:<\/strong><\/span><\/p>\n<ul>\n<li>\u00c9rv\u00e9nyes di\u00e1kigazolv\u00e1ny<\/li>\n<li><span style=\"color: #ff0000\"><strong>1 \u00e9ven bel\u00fcli, \u00e9rv\u00e9nyes foglalkoz\u00e1s eg\u00e9szs\u00e9g\u00fcgyi alkalmass\u00e1gi vizsg\u00e1latr\u00f3l sz\u00f3l\u00f3 igazol\u00e1s<\/strong> <em>(narancss\u00e1rga kisk\u00f6nyv)<\/em>. <\/span><span style=\"color: #ff0000\">Az igazol\u00e1s hi\u00e1ny\u00e1ban a gyakorlat nem kezdhet\u0151 meg.<\/span><\/li>\n<li><a href=\"https:\/\/semmelweis.hu\/traumatologia\/files\/2024\/09\/Hallgatoi-megallapodas-Uzsoki-2024.pdf\">Hallgat\u00f3i meg\u00e1llapod\u00e1s <\/a><br \/>\nAz int\u00e9zm\u00e9nyben a gyakorlat els\u0151 napj\u00e1n kell kit\u00f6lteni 1 p\u00e9ld\u00e1nyban. <br \/>\nA formanyomtatv\u00e1nyt otthon is kit\u00f6lthetik \u00e9s az els\u0151 gyakorlati napon leadhatj\u00e1k az erre kijel\u00f6lt koll\u00e9g\u00e1nak. <em>(K<\/em><span style=\"font-size: 12pt\"><em>\u00e9r\u00e9s eset\u00e9n elektronikusan m\u00e1solatot k\u00fcld\u00fcnk a hallgat\u00f3nak.)<\/em><\/span><\/li>\n<\/ul>\n<\/div>\n<div class=\"keretes w-100\">\n<p><strong>Gyakorlat alatt<\/strong><\/p>\n<ul>\n<li>Feh\u00e9r k\u00f6penyt hozzanak magukkal<strong><br \/>\n<\/strong><\/li>\n<li><a href=\"https:\/\/semmelweis.hu\/traumatologia\/files\/2024\/09\/Jelenleti-iv-VI.-ev-Uzsoki.pdf\">Jelenl\u00e9ti \u00edv <\/a>kit\u00f6lt\u00e9se a gyakorlat sor\u00e1n. <strong><em><br \/>\n<\/em><\/strong><\/li>\n<\/ul>\n<\/div>\n<div class=\"keretes w-100\">\n<p><strong>Gyakorlat ut\u00e1n<\/strong><\/p>\n<ul>\n<li><strong>A jelenl\u00e9ti \u00edvet a gyakorlat utols\u00f3 napj\u00e1n (cs\u00fct\u00f6rt\u00f6k\u00f6n \u00edrass\u00e1k al\u00e1 a tutorukkal).<br \/>\n<\/strong><em>(al\u00e1\u00edr\u00e1s \u00e9s pecs\u00e9t a dokumentumon)<\/em><\/li>\n<li>Ezt k\u00f6vet\u0151en a Traumatol\u00f3giai Klinika email c\u00edm\u00e9re k\u00fcldj\u00e9k el <strong>(office.trauma@semmelweis.hu<\/strong><strong>)<\/strong><\/li>\n<li><strong>A bek\u00fcld\u00e9s hat\u00e1rideje:<\/strong> legk\u00e9s\u0151bb az utols\u00f3 gyakorlati napon 16 \u00f3r\u00e1ig.\u00a0<\/li>\n<li>K\u00e9rj\u00fck, hogy az <span style=\"color: #ff0000\"><strong>eredeti igazol\u00e1st<\/strong> <strong>hozz\u00e1k magukkal az<\/strong><strong> online teszt vizsg\u00e1ra.<\/strong><\/span><\/li>\n<li>Az igazol\u00e1s lead\u00e1s\u00e1nak hi\u00e1ny\u00e1ban <span style=\"color: #ff0000\"><strong>a seb\u00e9szet szigorlat traumatol\u00f3giai online teszt r\u00e9szvizsg\u00e1j\u00e1nak elv\u00e9gz\u00e9se nem lehets\u00e9ges. <\/strong><\/span>\u00a0<\/li>\n<\/ul>\n<\/div>\n\n<\/div><h2 class=\"tabtitle\">Baleseti K\u00f6zpont ( BMJ BK)<\/h2>\n<div class=\"tabcontent\">\n\n<p><strong>Budapesti Dr. Manninger Jen\u0151 Baleseti K\u00f6zpont (BMJ BK)<\/strong><\/p>\n<p><strong>Gyakorlat helye: <\/strong>Budapesti Dr. Manninger Jen\u0151 Baleseti K\u00f6zpont <br \/>\n<strong>C\u00edm: <\/strong>1081 Budapest, Fiumei \u00fat 17., 8. emelet Oktat\u00e1si \u00e9s K\u00e9pz\u00e9si Oszt\u00e1ly<br \/>\n<strong>Kezd\u00e9si id\u0151pont:<\/strong> els\u0151 nap (h\u00e9tf\u0151) 07:30<\/p>\n<p><a href=\"https:\/\/semmelweis.hu\/traumatologia\/files\/2023\/03\/Tajekoztato_Dr.-Manninger-Jeno-Baleseti-Kozpont_6.-evf.-pdf.pdf\">T\u00e1j\u00e9koztat\u00f3_Dr. Manninger Jen\u0151 Baleseti K\u00f6zpont_6. \u00e9vf. (pdf)<\/a><\/p>\n\n<\/div><h2 class=\"tabtitle\">\u00c9szak-budai Szent J\u00e1nos Centrumk\u00f3rh\u00e1z (JTRA\/JOTR\/JIO)<\/h2>\n<div class=\"tabcontent\">\n\n<p><strong>\u00c9szak-budai Szent J\u00e1nos Centrumk\u00f3rh\u00e1z<\/strong><\/p>\n<p><strong>Gyakorlat helye:\u00a0<\/strong>\u00c9szak-budai Szent J\u00e1nos Centrumk\u00f3rh\u00e1z <br \/>\n<strong>C\u00edm: <\/strong>1125 Budapest, Di\u00f3s \u00e1rok 1-3.<br \/>\n<strong>Kezd\u00e9si id\u0151pont \u00e9s helysz\u00edn:<\/strong> els\u0151 nap (h\u00e9tf\u0151) 08:30; Hum\u00e1npolitikai \u00e9s Igazgat\u00e1si F\u0151oszt\u00e1lyon, Oktat\u00e1si Csoport (20-as \u00e9p\u00fclet, I. em.)<\/p>\n<div class=\"keretes w-100\">\n<p><strong>Gyakorlat\u00e1nak megkezd\u00e9s\u00e9hez az al\u00e1bbi dokumentumok hi\u00e1nytalan bemutat\u00e1sa sz\u00fcks\u00e9ges <\/strong>(a gyakorlat els\u0151 napj\u00e1n)<strong>:<\/strong><\/p>\n<ul>\n<li>az illet\u00e9kes oszt\u00e1lyvezet\u0151 <strong>\u00edr\u00e1sbeli fogad\u00f3 nyilatkozata<\/strong><\/li>\n<li>\u00e9rv\u00e9nyes <strong>hallgat\u00f3i jogviszony igazol\u00e1s, \u00e9s \u00e9rv\u00e9nyes di\u00e1kigazolv\u00e1ny<\/strong><\/li>\n<li><strong>eg\u00e9szs\u00e9g\u00fcgyi kisk\u00f6nyv<\/strong>, benne az \u00e9rv\u00e9nyes orvosi alkalmass\u00e1gi v\u00e9lem\u00e9ny\/ els\u0151fok\u00fa munkak\u00f6ri orvosi alkalmass\u00e1gi v\u00e9lem\u00e9ny \u2013 H\u00c1ZI ORVOSI IGAZOL\u00c1S NEM FOGADHAT\u00d3 EL!<\/li>\n<li>feh\u00e9r ruha, v\u00e1lt\u00f3 cip\u0151<\/li>\n<\/ul>\n<p><strong>A szem\u00e9lyes bejelentkez\u00e9s a gyakorlat els\u0151 napj\u00e1n minden esetben k\u00f6telez\u0151<\/strong>, akkor is, ha m\u00e1r t\u00f6lt\u00f6tt n\u00e1lunk gyakorlatot, az orvosi alkalmass\u00e1gi \u00e9s a hallgat\u00f3i jogviszonyigazol\u00e1s nyilv\u00e1ntart\u00e1sunk szerint lead\u00e1sra ker\u00fclt oszt\u00e1lyunkon \u00e9s m\u00e9g \u00e9rv\u00e9nyes, valamint a munka-\u00e9s t\u0171zv\u00e9delmi oktat\u00e1son r\u00e9szt vett \u00e9s az m\u00e9g nem j\u00e1rt le (6 h\u00f3napra sz\u00f3l, ut\u00e1na ism\u00e9telni sz\u00fcks\u00e9ges).<\/p>\n<p style=\"text-align: justify\">R\u00e9szt kell venni a <strong>k\u00f6telez\u0151 munka- \u00e9s t\u0171zv\u00e9delmi oktat\u00e1s<\/strong>on. (A nyomtatv\u00e1nyt az els\u0151 napon adjuk \u00e1t a hallgat\u00f3knak, az oktat\u00e1s szerd\u00e1n 09.00-t\u00f3l van.)<\/p>\n<p>Amennyiben gyakorlat\u00e1t nem, vagy k\u00e9s\u0151bb tudja megkezdeni, k\u00e9rem azt \u00edr\u00e1sban jelezni sz\u00edveskedj\u00e9k. Ennek hi\u00e1ny\u00e1ban a jelentkez\u00e9sek nagy sz\u00e1m\u00e1ra val\u00f3 tekintettel az \u00fcres helyek felt\u00f6lt\u00e9sre ker\u00fclnek, \u00edgy nem tudjuk garant\u00e1lni, hogy f\u00e9r\u0151helye biztos\u00edtva marad.<\/p>\n<p><em><span style=\"font-size: 14pt\">Amennyiben n\u00e1lunk szeretn\u00e9 elk\u00e9sz\u00edttetni az orvosi alkalmass\u00e1gij\u00e1t 2 megold\u00e1s lehets\u00e9ges:<\/span><\/em><\/p>\n<ol>\n<li><em><span style=\"font-size: 14pt\">A gyakorlat idej\u00e9re ki\u00e1ll\u00edtott igazol\u00e1s &#8211; d\u00edjmentes<\/span><\/em><\/li>\n<li><em><span style=\"font-size: 14pt\">1 \u00e9vre \u00e9rv\u00e9nyes orvosi alkalmass\u00e1gi\/\u00fczemorvosi &#8211; 6.000 Ft. + hozni kell mag\u00e1val eg\u00e9szs\u00e9g\u00fcgyi kisk\u00f6nyvet (nyomtatv\u00e1ny boltban p\u00e1r 100 forint, ha esetleg m\u00e9g nincs.)<\/span><\/em><\/li>\n<\/ol>\n<p><em><span style=\"font-size: 14pt\">Mindk\u00e9t esetben az al\u00e1bbi k\u00f6telez\u0151, lehet\u0151 legfrissebb\u00a0vizsg\u00e1lati eredm\u00e9nyek hi\u00e1nytalan bemutat\u00e1sa sz\u00fcks\u00e9ges:<\/span><\/em><\/p>\n<ul>\n<li><em><span style=\"font-size: 14pt\">Mellkas r\u00f6ntgen\u00a0(1 \u00e9ven bel\u00fcli!)<\/span><\/em><\/li>\n<li><em><span style=\"font-size: 14pt\">Teljes v\u00e9r- \u00e9s vizeletvizsg\u00e1lat (30 napon bel\u00fcli!)<\/span><\/em><\/li>\n<li><em><span style=\"font-size: 14pt\">Ellenanyagsz\u0171r\u00e9s\u00a0(anti HBS, hepatitis szerol\u00f3gia)<\/span><\/em><\/li>\n<\/ul>\n<p><em><span style=\"font-size: 14pt\">Amennyiben ezeket az els\u0151 napon be tudja mutatni, \u00fagy tudunk seg\u00edteni az igazol\u00e1s ki\u00e1ll\u00edt\u00e1s\u00e1ban.<\/span><\/em><\/p>\n<\/div>\n<p><strong>Oktat\u00f3 oszt\u00e1lyok<\/strong><\/p>\n<ul>\n<li style=\"text-align: justify\">Traumatol\u00f3giai \u00e9s K\u00e9zseb\u00e9szeti Oszt\u00e1ly (JTRA) &#8211; 26. \u00e9p\u00fclet<\/li>\n<li style=\"text-align: justify\">Ortop\u00e9d-Traumatol\u00f3giai Oszt\u00e1ly (JOTRA) &#8211; 6. \u00e9p\u00fclet 1. emelet<\/li>\n<li>Idegseb\u00e9szeti Oszt\u00e1ly (JIO) &#8211; 26. \u00e9p\u00fclet<\/li>\n<\/ul>\n<p style=\"text-align: justify\">\n<\/div><h2 class=\"tabtitle\">\u00c9PC-Honv\u00e9dk\u00f3rh\u00e1z)<\/h2>\n<div class=\"tabcontent\">\n<\/p>\n<p><strong>\u00c9PC-Honv\u00e9dk\u00f3rh\u00e1z<\/strong><\/p>\n<p><strong>Gyakorlat helye: <\/strong>\u00c9PC-Honv\u00e9dk\u00f3rh\u00e1z<br \/>\nOktat\u00e1si Oszt\u00e1ly: Bej\u00e1rat a Papp K\u00e1roly utca fel\u0151l.\u00a0 \u201cA\u201d \u00e9p\u00fclet, 1. emelet 004 iroda.<br \/>\n<strong>C\u00edm: <\/strong>1134 Budapest, R\u00f3bert K\u00e1roly krt. 44.<br \/>\n<strong>Kezd\u00e9si id\u0151pont:<\/strong> els\u0151 nap (h\u00e9tf\u0151) 07:50 (helye: A \u00e9p. 1. emelet 004 iroda.)<\/p>\n<div class=\"keretes w-100\">\n<p style=\"text-align: justify\"><strong>A gyakorlat megkezd\u00e9s\u00e9nek felt\u00e9tele<\/strong><\/p>\n<ul>\n<li>Fogl. e\u00fc. kisk\u00f6nyv (\u00e9rv\u00e9nyes alkalmass\u00e1gi)<\/li>\n<li>1 h\u00f3napn\u00e1l nem r\u00e9gebbi MRSA sz\u0171r\u00e9s negat\u00edv lelete<\/li>\n<li>Feh\u00e9r k\u00f6peny, v\u00e1lt\u00f3ruha, v\u00e1lt\u00f3cip\u0151<\/li>\n<\/ul>\n<\/div>\n\n<\/div><h2 class=\"tabtitle\">Vid\u00e9k (Vid\u00e9k)<\/h2>\n<div class=\"tabcontent\">\n\n<p style=\"text-align: justify\">Az SE \u00c1OK \u00e1ltal kijel\u00f6lt <strong>Vid\u00e9ki gyakorl\u00f3helyek: <a href=\"https:\/\/semmelweis.hu\/aok\/oktatas\/vi-evfolyam\/\">https:\/\/semmelweis.hu\/aok\/oktatas\/vi-evfolyam\/<\/a><\/strong> &#8211; T\u00e1j\u00e9koztat\u00f3: 1\/b. sz. mell\u00e9klet szerint.<\/p>\n<p><strong>Sz\u00fcks\u00e9ges a v\u00e1lasztott int\u00e9zm\u00e9nnyel val\u00f3 el\u0151zetes egyeztet\u00e9s.<\/strong><\/p>\n<div class=\"keretes w-100\">\n<p><strong>Gyakorlati igazol\u00e1s<\/strong><\/p>\n<p><a href=\"https:\/\/semmelweis.hu\/traumatologia\/files\/2022\/09\/Igazolas_Videk_VEAAK-pdf.pdf\">Igazol\u00e1s_Vid\u00e9k_VE\u00c1AK (pdf)<\/a><\/p>\n<\/div>\n<p style=\"text-align: justify\">\n<\/div><h2 class=\"tabtitle\">Vid\u00e9ki Egyet. \u00c1lt. Akkr. Kh. (VE\u00c1AK)<\/h2>\n<div class=\"tabcontent\">\n<\/p>\n<p><strong>Vid\u00e9ki Egyetem \u00c1ltal Akkredit\u00e1lt K\u00f3rh\u00e1zak (VE\u00c1AK)<\/strong><\/p>\n<div class=\"keretes w-100\">\n<p><strong>Jelentkez\u00e9s folyamata<\/strong><\/p>\n<ul>\n<li>A fogad\u00f3 int\u00e9zm\u00e9nnyel \u00e9s a D\u00e9k\u00e1ni Hivatallal t\u00f6rt\u00e9nt el\u0151zetest egyeztet\u00e9st.<\/li>\n<li>A DH \u00e1ltal al\u00e1\u00edrt Bejelent\u0151\u00a0(<a href=\"https:\/\/semmelweis.hu\/aok\/oktatas\/vi-evfolyam\/\">https:\/\/semmelweis.hu\/aok\/oktatas\/vi-evfolyam\/)<\/a> elk\u00fcld\u00e9se emailben az al\u00e1bbi c\u00edmre: <strong>office.trauma@semmelweis.hu.<\/strong><\/li>\n<li>A Traumatol\u00f3giai Klinika \u00e1ltal al\u00e1\u00edrt bejelent\u0151 lap visszak\u00fcld\u00e9se a D\u00e9k\u00e1ni Hivatalba.<\/li>\n<\/ul>\n<\/div>\n<div class=\"keretes w-100\">\n<p><strong>Gyakorlati igazol\u00e1s<\/strong><\/p>\n<p><a href=\"https:\/\/semmelweis.hu\/traumatologia\/files\/2022\/09\/Igazolas_Videk_VEAAK-pdf.pdf\">Igazol\u00e1s_Vid\u00e9k_VE\u00c1AK (pdf)<\/a><\/p>\n<\/div>\n<p>&nbsp;<\/p>\n\n<\/div><h2 class=\"tabtitle\">K\u00fclf\u00f6ld (K\u00fclf\u00f6ld)<\/h2>\n<div class=\"tabcontent\">\n\n<p><strong>K\u00fclf\u00f6ldi gyakorlat (K\u00fclf\u00f6ld)<br \/>\n<\/strong><\/p>\n<p><span style=\"color: #ff0000\"><strong>Szeretn\u00e9m felh\u00edvni a figyelm\u00e9t, hogy ha a gyakorlatot a turnusbeoszt\u00e1st\u00f3l elt\u00e9r\u0151 id\u0151pontban t\u00f6lti, akkor a seb\u00e9szet szigorlat traumatol\u00f3giai online teszt r\u00e9szvizsg\u00e1j\u00e1ra csak egy m\u00e1sik turnushoz csatlakozva tud majd jelentkezni \u00e9s vizsg\u00e1t tenni (a gyakorlat teljes\u00edt\u00e9s\u00e9r\u0151l sz\u00f3l\u00f3 igazol\u00e1s lead\u00e1sa ut\u00e1n).<\/strong><\/span><\/p>\n<div class=\"keretes w-100\">\n<p><strong>K\u00fclf\u00f6ldi gyakorlat megkezd\u00e9s\u00e9nek felt\u00e9telei<br \/>\n<\/strong><\/p>\n<ul>\n<li>A v\u00e1lasztott int\u00e9zm\u00e9nnyel val\u00f3 el\u0151zetes egyeztet\u00e9s.<\/li>\n<li>A D\u00e9k\u00e1ni Hivatallal \u00e9s a Traumatol\u00f3giai Klinik\u00e1val val\u00f3 el\u0151zetes enged\u00e9lyeztet\u00e9s.<\/li>\n<li>A sz\u00fcks\u00e9ges formanyomtatv\u00e1nyok kit\u00f6lt\u00e9s \u00e9s elektronikus elk\u00fcld\u00e9se a office.trauma@semmelweis.hu e-mail c\u00edmre.<\/li>\n<li><strong>Dokumentumok:\u00a0<\/strong><\/li>\n<\/ul>\n<p style=\"padding-left: 40px\"><span style=\"text-decoration: underline\"><strong>Angol nyelv\u0171<\/strong><\/span><\/p>\n<ul>\n<li style=\"list-style-type: none\">\n<ul>\n<li>K\u00fclf\u00f6ldi gyakorlat enged\u00e9lyez\u00e9se \u2013 nyomtatv\u00e1ny\u00a0(<a href=\"https:\/\/semmelweis.hu\/aok\/oktatas\/vi-evfolyam\/\">https:\/\/semmelweis.hu\/aok\/oktatas\/vi-evfolyam\/)<\/a><\/li>\n<li><a href=\"https:\/\/semmelweis.hu\/traumatologia\/files\/2023\/05\/Letter_of_acceptance__Details-of-the-institution-2-pages-pdf.pdf\">Letter_of_acceptance_&amp;_Details of the institution<\/a> (2 pages pdf)<\/li>\n<li>Angol nyelv\u0171 akkredit\u00e1ci\u00f3s nyilatkozat, csatoland\u00f3 kompetencia list\u00e1val\u00a0(<a href=\"https:\/\/semmelweis.hu\/aok\/oktatas\/vi-evfolyam\/\">https:\/\/semmelweis.hu\/aok\/oktatas\/vi-evfolyam\/)<\/a><\/li>\n<\/ul>\n<\/li>\n<\/ul>\n<p style=\"padding-left: 40px\"><span style=\"text-decoration: underline\"><strong>N\u00e9met nyelv\u0171<\/strong><\/span><\/p>\n<ul>\n<li style=\"list-style-type: none\">\n<ul>\n<li>K\u00fclf\u00f6ldi gyakorlat enged\u00e9lyez\u00e9se \u2013 nyomtatv\u00e1ny\u00a0(<a href=\"https:\/\/semmelweis.hu\/aok\/oktatas\/vi-evfolyam\/\">https:\/\/semmelweis.hu\/aok\/oktatas\/vi-evfolyam\/)<\/a><\/li>\n<li><a href=\"https:\/\/semmelweis.hu\/traumatologia\/files\/2023\/05\/Letter_of_acceptance__Details-of-the-institution-2-pages-pdf.pdf\">Letter_of_acceptance_&amp;_Details of the institution<\/a> (2 pages pdf)<\/li>\n<li>N\u00e9met nyelv\u0171 akkredit\u00e1ci\u00f3s nyilatkozat, csatoland\u00f3 kompetencia list\u00e1val (<a href=\"https:\/\/semmelweis.hu\/aok\/oktatas\/vi-evfolyam\/\">https:\/\/semmelweis.hu\/aok\/oktatas\/vi-evfolyam\/)<\/a><\/li>\n<\/ul>\n<\/li>\n<\/ul>\n<\/div>\n<h2><span style=\"font-size: 18pt\">\u00a0<\/span><\/h2>\n<div class=\"keretes w-100\">\n<p><strong>Igazol\u00e1sok a k\u00fclf\u00f6ld\u00f6n teljes\u00edtett gyakorlatr\u00f3l<\/strong><\/p>\n<p><strong>Angol nyelv\u0171<\/strong> <br \/>\n<a href=\"https:\/\/semmelweis.hu\/traumatologia\/files\/2023\/05\/Certificate_compulsory_clinical_practice-pdf.pdf\">Certificate_compulsory_clinical_practice (pdf)<\/a><\/p>\n<p><strong>N\u00e9met nyelv\u0171<\/strong><br \/>\n<a href=\"https:\/\/semmelweis.hu\/traumatologia\/files\/2022\/09\/PJ-Bestaetigung-Traumatologie-pdf.pdf\">PJ Bestaetigung Traumatologie (pdf)<\/a><br \/>\n<em>(Az igazol\u00e1st 2 oldalas dokumentum (!), melynek m\u00e1sodik oldala tartalmazza a k\u00e9zik\u00f6nyvet, ez\u00e9rt a gyakorlatot k\u00f6vet\u0151en mindk\u00e9t oldal elk\u00fcld\u00e9se k\u00f6telez\u0151 egy f\u00e1jlban.)<\/em><\/p>\n<\/div>\n<\/div><\/div>\n","protected":false},"excerpt":{"rendered":"<p>VI. \u00e9ves hallgat\u00f3k tant\u00e1rgyi jelentkez\u00e9se 2025\/2026-\u00f6s \u00e9v k\u00f6vetelm\u00e9nyrendszer: <a href=\"https:\/\/semmelweis.hu\/traumatologia\/files\/2025\/09\/Traumatologia-gyakorlat.pdf\">Traumatol\u00f3gia gyakorlat<\/a> Budapesti gyakorl\u00f3helyek: Semmelweis Egyetem \u00c1OK Traumatol\u00f3giai Klinika (SE TRAUMA KLIN) Budapesti Dr. Manninger Jen\u0151 Baleseti K\u00f6zpont (BMJ BK) Budapesti Uzsoki Utcai K\u00f3rh\u00e1z (UUK) \u00c9szak-budai Szent J\u00e1nos Centrumk\u00f3rh\u00e1z (JTRA, JOTRA, JIO) \u00c9PC-Honv\u00e9dk\u00f3rh\u00e1z (\u00c9PC-HK) &nbsp; Regisztr\u00e1ci\u00f3 \u00e9s int\u00e9zm\u00e9nyi bejelentkez\u00e9s El\u0151sz\u00f6r a Neptun rendszeren kereszt\u00fcl az ott meghirdetett helyekre \u00e9s &hellip;<\/p>\n","protected":false},"author":12,"featured_media":0,"parent":3391,"menu_order":2,"comment_status":"closed","ping_status":"closed","template":"","meta":{"_acf_changed":false,"footnotes":""},"categories":[],"tags":[],"class_list":["post-2415","page","type-page","status-publish","hentry"],"acf":[],"_links":{"self":[{"href":"https:\/\/semmelweis.hu\/traumatologia\/wp-json\/wp\/v2\/pages\/2415","targetHints":{"allow":["GET"]}}],"collection":[{"href":"https:\/\/semmelweis.hu\/traumatologia\/wp-json\/wp\/v2\/pages"}],"about":[{"href":"https:\/\/semmelweis.hu\/traumatologia\/wp-json\/wp\/v2\/types\/page"}],"author":[{"embeddable":true,"href":"https:\/\/semmelweis.hu\/traumatologia\/wp-json\/wp\/v2\/users\/12"}],"replies":[{"embeddable":true,"href":"https:\/\/semmelweis.hu\/traumatologia\/wp-json\/wp\/v2\/comments?post=2415"}],"version-history":[{"count":11,"href":"https:\/\/semmelweis.hu\/traumatologia\/wp-json\/wp\/v2\/pages\/2415\/revisions"}],"predecessor-version":[{"id":3850,"href":"https:\/\/semmelweis.hu\/traumatologia\/wp-json\/wp\/v2\/pages\/2415\/revisions\/3850"}],"up":[{"embeddable":true,"href":"https:\/\/semmelweis.hu\/traumatologia\/wp-json\/wp\/v2\/pages\/3391"}],"wp:attachment":[{"href":"https:\/\/semmelweis.hu\/traumatologia\/wp-json\/wp\/v2\/media?parent=2415"}],"wp:term":[{"taxonomy":"category","embeddable":true,"href":"https:\/\/semmelweis.hu\/traumatologia\/wp-json\/wp\/v2\/categories?post=2415"},{"taxonomy":"post_tag","embeddable":true,"href":"https:\/\/semmelweis.hu\/traumatologia\/wp-json\/wp\/v2\/tags?post=2415"}],"curies":[{"name":"wp","href":"https:\/\/api.w.org\/{rel}","templated":true}]}}