{"id":2395,"date":"2022-09-21T14:12:53","date_gmt":"2022-09-21T12:12:53","guid":{"rendered":"https:\/\/semmelweis.hu\/traumatologia\/?page_id=2395"},"modified":"2026-01-05T07:09:19","modified_gmt":"2026-01-05T06:09:19","slug":"kontakt","status":"publish","type":"page","link":"https:\/\/semmelweis.hu\/traumatologia\/deutsch\/kontakt\/","title":{"rendered":"Kontakt"},"content":{"rendered":"<h1>Clinic For Traumatology:<\/h1>\n<p><strong>Mailing address: <\/strong>Semmelweis University Clinic for Traumatology<strong><br \/>\n<\/strong>1085 Budapest, \u00dcll\u0151i \u00fat 26. 1428 Budapest, Pf.2.<\/p>\n<h1><strong>Contact information for educational matters<\/strong><\/h1>\n<div class=\"lead\">\u00a0<\/div>\n<p><strong>Student Office:<\/strong>\u00a0+36 20 825 8680<br \/>\n<strong>Email:\u00a0<\/strong>office.trauma@semmelweis.hu<br \/>\n<strong>Address: <\/strong>Semmelweis University Clinic for Traumatology<br \/>\n1083 Budapest, Kor\u00e1nyi S\u00e1ndor u. 2.<br \/>\nCentral Patient Care Building, 2nd Floor<\/p>\n<h4 style=\"text-align: justify\"><strong>Krankenh\u00e4user:<\/strong><\/h4>\n<p style=\"text-align: justify\"><strong>1. Semmelweis Egyetem Traumatol\u00f3giai Klinika<br \/>\n<\/strong>C\u00edm: 1083 Budapest, Kor\u00e1nyi S\u00e1ndor u. 2.<strong><br \/>\n<\/strong><\/p>\n<p style=\"text-align: justify\"><strong>2. Budapesti Dr. Manninger Jen\u0151 Baleseti K\u00f6zpont<\/strong><br \/>\nC\u00edm: 1081 Budapest, Fiumei \u00fat 17. (<strong><a href=\"https:\/\/goo.gl\/maps\/Fs2Do6nTKftFsUjd6\" target=\"_blank\" rel=\"noopener noreferrer\">T\u00e9rk\u00e9p \u2192<\/a><\/strong>)<\/p>\n<p style=\"text-align: justify\"><strong>3. Budapesti Uzsoki Utcai K\u00f3rh\u00e1z<\/strong><br \/>\nC\u00edm: 1145 Budapest, Uzsoki utca 29-41. (<strong><a href=\"https:\/\/goo.gl\/maps\/552bzC9yFFK2Y8KQ6\" target=\"_blank\" rel=\"noopener noreferrer\">T\u00e9rk\u00e9p \u2192<\/a><\/strong>)<\/p>\n","protected":false},"excerpt":{"rendered":"<p>Clinic For Traumatology: Mailing address: Semmelweis University Clinic for Traumatology 1085 Budapest, \u00dcll\u0151i \u00fat 26. 1428 Budapest, Pf.2. Contact information for educational matters \u00a0 Student Office:\u00a0+36 20 825 8680 Email:\u00a0office.trauma@semmelweis.hu Address: Semmelweis University Clinic for Traumatology 1083 Budapest, Kor\u00e1nyi S\u00e1ndor u. 2. Central Patient Care Building, 2nd Floor Krankenh\u00e4user: 1. Semmelweis Egyetem Traumatol\u00f3giai Klinika C\u00edm: &hellip;<\/p>\n","protected":false},"author":12,"featured_media":0,"parent":575,"menu_order":3,"comment_status":"closed","ping_status":"closed","template":"","meta":{"_acf_changed":false,"footnotes":""},"categories":[],"tags":[],"class_list":["post-2395","page","type-page","status-publish","hentry"],"acf":[],"_links":{"self":[{"href":"https:\/\/semmelweis.hu\/traumatologia\/wp-json\/wp\/v2\/pages\/2395","targetHints":{"allow":["GET"]}}],"collection":[{"href":"https:\/\/semmelweis.hu\/traumatologia\/wp-json\/wp\/v2\/pages"}],"about":[{"href":"https:\/\/semmelweis.hu\/traumatologia\/wp-json\/wp\/v2\/types\/page"}],"author":[{"embeddable":true,"href":"https:\/\/semmelweis.hu\/traumatologia\/wp-json\/wp\/v2\/users\/12"}],"replies":[{"embeddable":true,"href":"https:\/\/semmelweis.hu\/traumatologia\/wp-json\/wp\/v2\/comments?post=2395"}],"version-history":[{"count":10,"href":"https:\/\/semmelweis.hu\/traumatologia\/wp-json\/wp\/v2\/pages\/2395\/revisions"}],"predecessor-version":[{"id":3895,"href":"https:\/\/semmelweis.hu\/traumatologia\/wp-json\/wp\/v2\/pages\/2395\/revisions\/3895"}],"up":[{"embeddable":true,"href":"https:\/\/semmelweis.hu\/traumatologia\/wp-json\/wp\/v2\/pages\/575"}],"wp:attachment":[{"href":"https:\/\/semmelweis.hu\/traumatologia\/wp-json\/wp\/v2\/media?parent=2395"}],"wp:term":[{"taxonomy":"category","embeddable":true,"href":"https:\/\/semmelweis.hu\/traumatologia\/wp-json\/wp\/v2\/categories?post=2395"},{"taxonomy":"post_tag","embeddable":true,"href":"https:\/\/semmelweis.hu\/traumatologia\/wp-json\/wp\/v2\/tags?post=2395"}],"curies":[{"name":"wp","href":"https:\/\/api.w.org\/{rel}","templated":true}]}}