{"id":2388,"date":"2022-09-21T14:03:41","date_gmt":"2022-09-21T12:03:41","guid":{"rendered":"https:\/\/semmelweis.hu\/traumatologia\/?page_id=2388"},"modified":"2026-01-05T07:08:30","modified_gmt":"2026-01-05T06:08:30","slug":"contact","status":"publish","type":"page","link":"https:\/\/semmelweis.hu\/traumatologia\/department-of-traumatology-general-information\/contact\/","title":{"rendered":"Contact"},"content":{"rendered":"<h1>Department of Traumatology:<\/h1>\n<p><strong>Mailing address: <\/strong>Semmelweis University Department of Traumatology<strong><br \/>\n<\/strong>1085 Budapest, \u00dcll\u0151i \u00fat 26. 1428 Budapest, Pf.2.<\/p>\n<h1><strong>Contact information for educational matters<\/strong><\/h1>\n<p><strong>Student Office:<\/strong>\u00a0+36 20 825 8680<br \/>\n<strong>Email:\u00a0<\/strong>office.trauma@semmelweis.hu<br \/>\n<strong>Address: <\/strong>Semmelweis University Department of Traumatology<br \/>\n1083 Budapest, Kor\u00e1nyi S\u00e1ndor u. 2.<br \/>\nCentral Patient Care Building, 2nd Floor<\/p>\n<h4><strong>Our educational locations<\/strong><\/h4>\n<p><strong>1. Semmelweis University Department of Traumatology<br \/>\n<\/strong>Address: 1083 Budapest, Kor\u00e1nyi S\u00e1ndor u. 2.<strong><br \/>\n<\/strong><\/p>\n<p><strong>2. Dr. Manninger Jen\u0151 Trauma Center, Budapest<\/strong><br \/>\nAddress: 1081 Budapest, Fiumei \u00fat 17. (<strong><a href=\"https:\/\/goo.gl\/maps\/Fs2Do6nTKftFsUjd6\" target=\"_blank\" rel=\"noopener noreferrer\">Map \u2192<\/a><\/strong>)<\/p>\n<p><strong>3. Uzsoki Hospital, Budapest<\/strong><br \/>\nAddress: 1145 Budapest, Uzsoki utca 29-41. (<strong><a href=\"https:\/\/goo.gl\/maps\/552bzC9yFFK2Y8KQ6\" target=\"_blank\" rel=\"noopener noreferrer\">Map \u2192<\/a><\/strong>)<\/p>\n<p style=\"text-align: justify\">\u00a0<\/p>\n","protected":false},"excerpt":{"rendered":"<p>Department of Traumatology: Mailing address: Semmelweis University Department of Traumatology 1085 Budapest, \u00dcll\u0151i \u00fat 26. 1428 Budapest, Pf.2. Contact information for educational matters Student Office:\u00a0+36 20 825 8680 Email:\u00a0office.trauma@semmelweis.hu Address: Semmelweis University Department of Traumatology 1083 Budapest, Kor\u00e1nyi S\u00e1ndor u. 2. Central Patient Care Building, 2nd Floor Our educational locations 1. Semmelweis University Department of &hellip;<\/p>\n","protected":false},"author":12,"featured_media":0,"parent":565,"menu_order":3,"comment_status":"closed","ping_status":"closed","template":"","meta":{"_acf_changed":false,"footnotes":""},"categories":[],"tags":[],"class_list":["post-2388","page","type-page","status-publish","hentry"],"acf":[],"_links":{"self":[{"href":"https:\/\/semmelweis.hu\/traumatologia\/wp-json\/wp\/v2\/pages\/2388","targetHints":{"allow":["GET"]}}],"collection":[{"href":"https:\/\/semmelweis.hu\/traumatologia\/wp-json\/wp\/v2\/pages"}],"about":[{"href":"https:\/\/semmelweis.hu\/traumatologia\/wp-json\/wp\/v2\/types\/page"}],"author":[{"embeddable":true,"href":"https:\/\/semmelweis.hu\/traumatologia\/wp-json\/wp\/v2\/users\/12"}],"replies":[{"embeddable":true,"href":"https:\/\/semmelweis.hu\/traumatologia\/wp-json\/wp\/v2\/comments?post=2388"}],"version-history":[{"count":10,"href":"https:\/\/semmelweis.hu\/traumatologia\/wp-json\/wp\/v2\/pages\/2388\/revisions"}],"predecessor-version":[{"id":3894,"href":"https:\/\/semmelweis.hu\/traumatologia\/wp-json\/wp\/v2\/pages\/2388\/revisions\/3894"}],"up":[{"embeddable":true,"href":"https:\/\/semmelweis.hu\/traumatologia\/wp-json\/wp\/v2\/pages\/565"}],"wp:attachment":[{"href":"https:\/\/semmelweis.hu\/traumatologia\/wp-json\/wp\/v2\/media?parent=2388"}],"wp:term":[{"taxonomy":"category","embeddable":true,"href":"https:\/\/semmelweis.hu\/traumatologia\/wp-json\/wp\/v2\/categories?post=2388"},{"taxonomy":"post_tag","embeddable":true,"href":"https:\/\/semmelweis.hu\/traumatologia\/wp-json\/wp\/v2\/tags?post=2388"}],"curies":[{"name":"wp","href":"https:\/\/api.w.org\/{rel}","templated":true}]}}