{"id":1190,"date":"2019-10-14T13:49:07","date_gmt":"2019-10-14T11:49:07","guid":{"rendered":"http:\/\/semmelweis.hu\/traumatologia\/?page_id=1190"},"modified":"2025-12-10T10:52:12","modified_gmt":"2025-12-10T09:52:12","slug":"meghirdetett-tdk-temak","status":"publish","type":"page","link":"https:\/\/semmelweis.hu\/traumatologia\/kutatas\/meghirdetett-tdk-temak\/","title":{"rendered":"Meghirdetett TDK t\u00e9m\u00e1k"},"content":{"rendered":"<h3>TRAUMATOL\u00d3GIAI TANSZ\u00c9K &#8211; TDK T\u00c9M\u00c1K 2025-2026<\/h3>\n<div class=\"responsive-tabs\">\n<h2 class=\"tabtitle\">SE Traumatol\u00f3giai Klinika<\/h2>\n<div class=\"tabcontent\">\n\n<p><span style=\"color: #3366ff\"><strong><span style=\"font-size: 18pt\">TDK t\u00e1rgyat felvenni k\u00edv\u00e1n\u00f3 hallgat\u00f3knak a Tansz\u00e9k hivatalos email c\u00edm\u00e9n: office.trauma@semmelweis.hu-n kell jelentkezni.<\/span><\/strong><\/span><\/p>\n<h5>Dr. Feh\u00e9r Mil\u00e1n<\/h5>\n<ul>\n<li>K\u00fczd\u0151sportol\u00f3k akut s\u00e9r\u00fcl\u00e9seinek \u00e9s kr\u00f3nikus mozg\u00e1sszervi elt\u00e9r\u00e9seinek ortop\u00e9d-traumatol\u00f3giai vonatkoz\u00e1sai \u00e9s sportorvosi szempontb\u00f3l relev\u00e1ns t\u00e9nyez\u0151i<\/li>\n<\/ul>\n<h5>Dr. G\u00f6m\u00f6ri Krist\u00f3f<\/h5>\n<ul>\n<li>A cutout jelens\u00e9g gyakoris\u00e1ga \u00e9s rizik\u00f3t\u00e9nyez\u0151i pertrochantericus femurt\u00f6r\u00e9sekben: betegspecifikus, klinikai \u00e9s radiol\u00f3giai param\u00e9terek elemz\u00e9se<\/li>\n<\/ul>\n<h5>Dr. Hevesi Adrienn<\/h5>\n<ul>\n<li>Objekt\u00edv m\u00e9r\u00e9si lehet\u0151s\u00e9gek a m\u0171t\u00e9ti indik\u00e1ci\u00f3 fel\u00e1ll\u00edt\u00e1s\u00e1ban kr\u00f3nikus csukl\u00f3t\u00e1ji f\u00e1jdalmak eset\u00e9ben<\/li>\n<\/ul>\n<h5>Dr. K\u00e1rolyi Fanni<\/h5>\n<ul>\n<li>\u00c1l\u00edz\u00fcletek reoper\u00e1ci\u00f3s technik\u00e1inak \u00f6sszehasonl\u00edt\u00e1sa, eredm\u00e9nyess\u00e9ge<\/li>\n<\/ul>\n<h5>Dr. Koczka D\u00e1niel<\/h5>\n<ul>\n<li>Felsz\u00edv\u00f3d\u00f3, csavar \u00e9s kompresszi\u00f3s jelleg\u0171 implant\u00e1tumok felhaszn\u00e1l\u00e1si lehet\u0151s\u00e9gei az instabil k\u00e9zk\u00f6z\u00e9pcsont t\u00f6r\u00e9sek ell\u00e1t\u00e1s\u00e1ban (metaanal\u00edzis a megl\u00e9v\u0151 f\u00e9mimplant\u00e1tumok \u00e9s felsz\u00edvd\u00f3 lehet\u0151s\u00e9gek k\u00f6z\u00f6tt)\u00a0<\/li>\n<\/ul>\n<h5>Dr. Kocsis Andr\u00e1s Bern\u00e1t<\/h5>\n<ul>\n<li>Az id\u0151skori nem rekonstru\u00e1lhat\u00f3 combnyakt\u00f6r\u00e9sek ell\u00e1t\u00e1s\u00e1nak eredm\u00e9nyei (Cervicocapitalis prot\u00e9zis, teljes prot\u00e9zis \u00e9s kett\u0151s csavaroz\u00e1s \u00f6sszehasonl\u00edt\u00e1sa)\u00a0<\/li>\n<li>\u00daj t\u00edpus\u00fa tomporszegek alkalmaz\u00e1sa az id\u0151skori tompot\u00e1ji t\u00f6r\u00e9sek ellt\u00e1t\u00e1s\u00e1ban (Retrogr\u00e1d \u00f6sszhasonl\u00edt\u00e1s kor\u00e1bbi implant\u00e1tumokkal)\u00a0<\/li>\n<li>Acetabulum t\u00f6r\u00e9sek ell\u00e1t\u00e1sa id\u0151s korban: \u00faj, innovat\u00edv primer, csontegyes\u00edt\u0151 \u00e9s protetiz\u00e1l\u00f3 implant\u00e1tum vagy konvencion\u00e1lis megold\u00e1s?\u2002(az id\u0151skori acetabulum t\u00f6r\u00f6ttek ell\u00e1t\u00e1s\u00e1nak komoly k\u00e9rd\u00e9se)<\/li>\n<li><span data-olk-copy-source=\"MessageBody\">3D m\u0171t\u00e9ti d\u00f6nt\u00e9st\u00e1mogat\u00e1s: O-arm diagnosztika \u00e9s navig\u00e1ci\u00f3 alkalmaz\u00e1sa a traumatol\u00f3gi\u00e1ban<\/span><\/li>\n<\/ul>\n<h5>Dr. L\u00e1nyi P\u00e9ter<\/h5>\n<ul>\n<li>Combnyakt\u00f6r\u00e9st k\u00f6vet\u0151en be\u00fcltetett cement n\u00e9lk\u00fcli cs\u00edp\u0151prot\u00e9zis posztoperat\u00edv k\u00e9palkot\u00f3 vizsg\u00e1lat\u00e1nak eredm\u00e9nyei<\/li>\n<\/ul>\n<h5>Dr. Mayer Lilla<\/h5>\n<ul>\n<li>Az 1,5-st\u00e1dium\u00fa rev\u00edzi\u00f3 szerepe\u00a0a periprotetikus \u00edz\u00fcleti fert\u0151z\u00e9sek kezel\u00e9s\u00e9ben: klinikai tapasztalatok \u00e9s irodalmi adatok \u00f6sszehasonl\u00edt\u00e1sa<\/li>\n<li>Fels\u0151 \u00e9s als\u00f3 v\u00e9gtagot \u00e9rint\u0151 fasciitis necrotisans mikrobiol\u00f3gia rezisztenci\u00e1j\u00e1nak megoszl\u00e1sa \u00e9s \u00f6sszehasonl\u00edt\u00e1sa (retrograd \u00f6sszehasonl\u00edt\u00e1s)<\/li>\n<\/ul>\n<h5>Dr. Misik Ferenc\/Dr. T\u00e1nczos Kriszti\u00e1n<\/h5>\n<ul>\n<li>Intracranialis nyom\u00e1sfokoz\u00f3d\u00e1ssal j\u00e1r\u00f3 koponyas\u00e9r\u00fcltek monitoroz\u00e1sa, kezel\u00e9si lehet\u0151s\u00e9gek<\/li>\n<li>Gerincvel\u0151s\u00e9r\u00fcltek ell\u00e1t\u00e1s<\/li>\n<\/ul>\n<h5>Dr. Naphegyi Andrea<\/h5>\n<ul>\n<li>T\u00f6bbsz\u00f6r\u00f6s v\u00e1ll ficam illetve r\u00e9szben hi\u00e1nyos rotator k\u00f6peny talaj\u00e1n hemiarthroplasztika indicatioj<\/li>\n<\/ul>\n<h5>Dr. Sztrinkai Gergely<\/h5>\n<ul>\n<li>Kulcscsont t\u00f6r\u00e9sek \u00e9s acromioclavicularis s\u00e9r\u00fcl\u00e9sek kezel\u00e9seinek \u00f6sszehasonl\u00edt\u00e1sa, funkcion\u00e1lis vizsg\u00e1latok<\/li>\n<\/ul>\n\n<\/div><h2 class=\"tabtitle\">Budapesti Dr. Manninger Jen\u0151 Baleseti K\u00f6zpont<\/h2>\n<div class=\"tabcontent\">\n\n<p>TDK t\u00e1rgyat felvev\u0151 hallgat\u00f3knak minden esetben Dr. Nardai G\u00e1bor PhD f\u0151orvosn\u00e1l kell jelentkezni a <a href=\"mailto:nardai@hotmail.com\">nardai@hotmail.com<\/a> e-mail c\u00edmen.<\/p>\n<h5>Dr. Bal\u00e1zs P\u00e9ter<br \/>\n(Feln\u0151tt trauma munkacsoport)<\/h5>\n<ul>\n<li>Feln\u0151tt osteosynthesis technik\u00e1k<\/li>\n<li>Nagy\u00edz\u00fcleti prot\u00e9zisbe\u00fcltet\u00e9s eredm\u00e9nyei s\u00e9r\u00fclteken<\/li>\n<\/ul>\n<h5>Dr. Kassai Tam\u00e1s, Dr. Varga Marcell<br \/>\n(Gyermektrauma munkacsoport)<\/h5>\n<ul>\n<li>S\u00fcrg\u0151ss\u00e9gi ultrahang vizsg\u00e1lat a gyermektraumatol\u00f3gi\u00e1ban<\/li>\n<li>Felsz\u00edv\u00f3d\u00f3 implant\u00e1tumok alkalmaz\u00e1sa a gyermektraumatol\u00f3gi\u00e1ban<\/li>\n<li>Gyermekkori speci\u00e1lis mozg\u00e1sszervi k\u00f3rk\u00e9pek differenci\u00e1ldiagnosztik\u00e1ja, kezel\u00e9se<\/li>\n<\/ul>\n<h5>Dr. Lest\u00e1r P\u00e9ter<\/h5>\n<ul>\n<li>Id\u0151skori medences\u00e9r\u00fcl\u00e9sek \u00faj klasszifik\u00e1ci\u00f3ja \u00e9s ter\u00e1pi\u00e1s algoritmusok<\/li>\n<\/ul>\n<h5>Dr. Viola \u00c1rp\u00e1d PhD, Dr. Gati Andr\u00e1s<br \/>\n(Neurotraumatol\u00f3giai Tansz\u00e9ki csoport)<\/h5>\n<ul>\n<li>Minimal invaz\u00edv dorsalis transpedicularis gerincstabiliz\u00e1ci\u00f3s m\u0171t\u00e9tek elemz\u00e9se<\/li>\n<li>OLIF-ALIF technik\u00e1val v\u00e9gzett gerincstabiliz\u00e1ci\u00f3s m\u0171t\u00e9tek elemz\u00e9se<\/li>\n<li>Egy column\u00e1ra terjed\u0151 traum\u00e1s compressios csigolyatest t\u00f6r\u00e9st szenvedett betegek konzervat\u00edv kezel\u00e9s\u00e9nek elemz\u00e9se<\/li>\n<li>K\u00fcl\u00f6nb\u00f6z\u0151 m\u00f3dszerekkel v\u00e9gzett vertebroplastica m\u0171t\u00e9ti eredm\u00e9nyeinek elemz\u00e9se<\/li>\n<li>K\u00fcl\u00f6nb\u00f6z\u0151 m\u0171t\u00e9ti technik\u00e1kkal behelyezett gerincstabiliz\u00e1ci\u00f3s csavarok poz\u00edci\u00f3j\u00e1nak \u00e9rt\u00e9kel\u00e9se<\/li>\n<li>Cerebralis perf\u00fazi\u00f3 \u00e9s neurocognitiv v\u00e1ltoz\u00e1sok vizsg\u00e1lata cranioplastican \u00e1tesett betegekn\u00e9l<\/li>\n<li>Craniocerebralis s\u00e9r\u00fcl\u00e9sek epidemiol\u00f3giai vizsg\u00e1lata<\/li>\n<li>Thoracolumbalis csigolyat\u00f6r\u00e9sek elemz\u00e9se<\/li>\n<\/ul>\n<h5>Dr. Nardai G\u00e1bor PhD<br \/>\n(S\u00falyos s\u00e9r\u00fcltek intenz\u00edv ell\u00e1t\u00e1sa)<\/h5>\n<ul>\n<li>S\u00falyos koponyas\u00e9r\u00fcltek kezel\u00e9si lehet\u0151s\u00e9gei<\/li>\n<li>V\u00e9ralvad\u00e1si zavar s\u00falyos s\u00e9r\u00fcltekben<\/li>\n<li>S\u00falyos s\u00e9r\u00fcltek int\u00e9zeti regisztere<\/li>\n<\/ul>\n\n<\/div><h2 class=\"tabtitle\">Uzsoki Utcai K\u00f3rh\u00e1z<\/h2>\n<div class=\"tabcontent\">\n\n<p><span style=\"color: #3366ff\"><strong><span style=\"font-size: 18pt\">TDK t\u00e1rgyat felvenni k\u00edv\u00e1n\u00f3 hallgat\u00f3knak a Tansz\u00e9k hivatalos email c\u00edm\u00e9n: office.trauma@semmelweis.hu-n kell jelentkezni.<\/span><\/strong><\/span><\/p>\n<h5>Dr. Pap K\u00e1roly PhD<\/h5>\n<p>El\u00fcls\u0151 keresztszalagp\u00f3tl\u00e1sra felhaszn\u00e1lhat\u00f3 allograftok biomechanikai elemz\u00e9se<\/p>\n<h5>Dr. de Jonge R\u00f3bert<\/h5>\n<p>El\u00fcls\u0151 keresztszalag p\u00f3tl\u00e1s hat\u00e1sa a t\u00e9rd\u00edz\u00fcleti arthrosisra \/ The effect of anterior cruciate ligament replacement on the devellopement of knee osteoarthritis<br \/>\n<strong>T\u00e9mavezet\u0151:<\/strong>\u00a0Dr. P\u00e1nics Gergely PhD<\/p>\n<h5>Dr. Kocsis Kopp\u00e1ny<\/h5>\n<p>A k\u00fcl\u00f6nb\u00f6z\u0151 k\u00e9palkot\u00f3 elj\u00e1r\u00e1sok \u00f6sszehasonl\u00edt\u00e1sa a boka szalags\u00e9r\u00fcl\u00e9seinek diagnosztik\u00e1j\u00e1ban<\/p>\n<\/div><\/div>\n","protected":false},"excerpt":{"rendered":"<p>TRAUMATOL\u00d3GIAI TANSZ\u00c9K &#8211; TDK T\u00c9M\u00c1K 2025-2026 TDK t\u00e1rgyat felvenni k\u00edv\u00e1n\u00f3 hallgat\u00f3knak a Tansz\u00e9k hivatalos email c\u00edm\u00e9n: office.trauma@semmelweis.hu-n kell jelentkezni. Dr. Feh\u00e9r Mil\u00e1n K\u00fczd\u0151sportol\u00f3k akut s\u00e9r\u00fcl\u00e9seinek \u00e9s kr\u00f3nikus mozg\u00e1sszervi elt\u00e9r\u00e9seinek ortop\u00e9d-traumatol\u00f3giai vonatkoz\u00e1sai \u00e9s sportorvosi szempontb\u00f3l relev\u00e1ns t\u00e9nyez\u0151i Dr. G\u00f6m\u00f6ri Krist\u00f3f A cutout jelens\u00e9g gyakoris\u00e1ga \u00e9s rizik\u00f3t\u00e9nyez\u0151i pertrochantericus femurt\u00f6r\u00e9sekben: betegspecifikus, klinikai \u00e9s radiol\u00f3giai param\u00e9terek elemz\u00e9se Dr. Hevesi &hellip;<\/p>\n","protected":false},"author":12,"featured_media":0,"parent":3386,"menu_order":0,"comment_status":"closed","ping_status":"closed","template":"","meta":{"_acf_changed":false,"footnotes":""},"categories":[],"tags":[],"class_list":["post-1190","page","type-page","status-publish","hentry"],"acf":[],"_links":{"self":[{"href":"https:\/\/semmelweis.hu\/traumatologia\/wp-json\/wp\/v2\/pages\/1190","targetHints":{"allow":["GET"]}}],"collection":[{"href":"https:\/\/semmelweis.hu\/traumatologia\/wp-json\/wp\/v2\/pages"}],"about":[{"href":"https:\/\/semmelweis.hu\/traumatologia\/wp-json\/wp\/v2\/types\/page"}],"author":[{"embeddable":true,"href":"https:\/\/semmelweis.hu\/traumatologia\/wp-json\/wp\/v2\/users\/12"}],"replies":[{"embeddable":true,"href":"https:\/\/semmelweis.hu\/traumatologia\/wp-json\/wp\/v2\/comments?post=1190"}],"version-history":[{"count":11,"href":"https:\/\/semmelweis.hu\/traumatologia\/wp-json\/wp\/v2\/pages\/1190\/revisions"}],"predecessor-version":[{"id":3880,"href":"https:\/\/semmelweis.hu\/traumatologia\/wp-json\/wp\/v2\/pages\/1190\/revisions\/3880"}],"up":[{"embeddable":true,"href":"https:\/\/semmelweis.hu\/traumatologia\/wp-json\/wp\/v2\/pages\/3386"}],"wp:attachment":[{"href":"https:\/\/semmelweis.hu\/traumatologia\/wp-json\/wp\/v2\/media?parent=1190"}],"wp:term":[{"taxonomy":"category","embeddable":true,"href":"https:\/\/semmelweis.hu\/traumatologia\/wp-json\/wp\/v2\/categories?post=1190"},{"taxonomy":"post_tag","embeddable":true,"href":"https:\/\/semmelweis.hu\/traumatologia\/wp-json\/wp\/v2\/tags?post=1190"}],"curies":[{"name":"wp","href":"https:\/\/api.w.org\/{rel}","templated":true}]}}