{"id":10,"date":"2012-02-04T14:28:55","date_gmt":"2012-02-04T13:28:55","guid":{"rendered":"http:\/\/semmelweis-egyetem.hu\/traumatologia\/?page_id=10"},"modified":"2025-03-13T12:35:50","modified_gmt":"2025-03-13T11:35:50","slug":"phd-kepzes","status":"publish","type":"page","link":"https:\/\/semmelweis.hu\/traumatologia\/kutatas\/phd-kepzes\/","title":{"rendered":"PhD k\u00e9pz\u00e9s"},"content":{"rendered":"<h1>K\u00eds\u00e9rletes \u00e9s klinikai kutat\u00e1sok a porcfelsz\u00ednk\u00e9pz\u00e9s ter\u00fclet\u00e9n<br \/>\n(PhD t\u00e9ma a SE Doktori Iskol\u00e1j\u00e1ban)<\/h1>\n<h2>\u00a0Jelenleg a tansz\u00e9ken folyamatban l\u00e9v\u0151 PhD munk\u00e1k:<\/h2>\n<ul>\n<li>A cs\u00edp\u0151-, t\u00e9rd-, \u00e9s boka\u00edz\u00fcleten v\u00e9gzett porcfelsz\u00ednp\u00f3tl\u00f3 beavatkoz\u00e1sok hossz\u00fat\u00e1v\u00fa hat\u00e1sai \u00e9s sz\u00f6v\u0151dm\u00e9nyei\n<ul>\n<li><strong>PhD<\/strong> <strong>hallgat\u00f3<\/strong>: Dr. Kesz\u00e9g Mikl\u00f3s<\/li>\n<li><strong>T\u00e9mavezet\u0151:<\/strong> Dr. Hangody L\u00e1szl\u00f3 Gy\u00f6rgy<\/li>\n<\/ul>\n<\/li>\n<\/ul>\n<ul>\n<li>Az ultrahangvizsg\u00e1lat szerepe a szalags\u00e9r\u00fcl\u00e9sek diagnosztik\u00e1j\u00e1ban\n<ul>\n<li><strong>PhD hallgat\u00f3: <\/strong> Kocsis Kopp\u00e1ny P\u00e9ter<\/li>\n<li><strong>T\u00e9mavezet\u0151:<\/strong> Pap K\u00e1roly PhD<\/li>\n<\/ul>\n<\/li>\n<\/ul>\n<ul>\n<li>Az el\u00fcls\u0151 keresztszalag p\u00f3tl\u00e1s hat\u00e1sa a korai arthrosis kialakul\u00e1s\u00e1ra\n<ul>\n<li><strong>PhD<\/strong> <strong>hallgat\u00f3k:<\/strong> de Jonge R\u00f3bert, Dr. M\u00e1t\u00e9 Mikl\u00f3s<\/li>\n<li><strong>T\u00e9mavezet\u0151:<\/strong> Dr. Hangody L\u00e1szl\u00f3 Gy\u00f6rgy, Dr. P\u00e1nics Gergely PhD<\/li>\n<\/ul>\n<\/li>\n<\/ul>\n<ul>\n<li>A konzervat\u00edv \u00e9s seb\u00e9szeti t\u00e9rd\u00edz\u00fcleti porcfelsz\u00edn megtart\u00f3 elj\u00e1r\u00e1sok hat\u00e9konys\u00e1ga \u00e9s eredm\u00e9nyess\u00e9ge\n<ul>\n<li><strong>PhD hallgat\u00f3:<\/strong> Sz\u0151cs Gyula Ferenc<\/li>\n<li><strong>T\u00e9mavezet\u0151:<\/strong> Hangody Gy\u00f6rgy M\u00e1rk PhD<\/li>\n<\/ul>\n<\/li>\n<\/ul>\n<h1>Modern osteosynthesis technika hossz\u00fa cs\u00f6ves csontokon<\/h1>\n<ul>\n<li>R\u00e9szletesen l\u00e1sd TDK t\u00e9m\u00e1k<\/li>\n<\/ul>\n","protected":false},"excerpt":{"rendered":"<p>K\u00eds\u00e9rletes \u00e9s klinikai kutat\u00e1sok a porcfelsz\u00ednk\u00e9pz\u00e9s ter\u00fclet\u00e9n (PhD t\u00e9ma a SE Doktori Iskol\u00e1j\u00e1ban) \u00a0Jelenleg a tansz\u00e9ken folyamatban l\u00e9v\u0151 PhD munk\u00e1k: A cs\u00edp\u0151-, t\u00e9rd-, \u00e9s boka\u00edz\u00fcleten v\u00e9gzett porcfelsz\u00ednp\u00f3tl\u00f3 beavatkoz\u00e1sok hossz\u00fat\u00e1v\u00fa hat\u00e1sai \u00e9s sz\u00f6v\u0151dm\u00e9nyei PhD hallgat\u00f3: Dr. Kesz\u00e9g Mikl\u00f3s T\u00e9mavezet\u0151: Dr. Hangody L\u00e1szl\u00f3 Gy\u00f6rgy Az ultrahangvizsg\u00e1lat szerepe a szalags\u00e9r\u00fcl\u00e9sek diagnosztik\u00e1j\u00e1ban PhD hallgat\u00f3: Kocsis Kopp\u00e1ny P\u00e9ter T\u00e9mavezet\u0151: Pap &hellip;<\/p>\n","protected":false},"author":101217,"featured_media":0,"parent":3386,"menu_order":3,"comment_status":"open","ping_status":"closed","template":"","meta":{"_acf_changed":false,"footnotes":""},"categories":[],"tags":[],"class_list":["post-10","page","type-page","status-publish","hentry"],"acf":[],"_links":{"self":[{"href":"https:\/\/semmelweis.hu\/traumatologia\/wp-json\/wp\/v2\/pages\/10","targetHints":{"allow":["GET"]}}],"collection":[{"href":"https:\/\/semmelweis.hu\/traumatologia\/wp-json\/wp\/v2\/pages"}],"about":[{"href":"https:\/\/semmelweis.hu\/traumatologia\/wp-json\/wp\/v2\/types\/page"}],"author":[{"embeddable":true,"href":"https:\/\/semmelweis.hu\/traumatologia\/wp-json\/wp\/v2\/users\/101217"}],"replies":[{"embeddable":true,"href":"https:\/\/semmelweis.hu\/traumatologia\/wp-json\/wp\/v2\/comments?post=10"}],"version-history":[{"count":11,"href":"https:\/\/semmelweis.hu\/traumatologia\/wp-json\/wp\/v2\/pages\/10\/revisions"}],"predecessor-version":[{"id":3659,"href":"https:\/\/semmelweis.hu\/traumatologia\/wp-json\/wp\/v2\/pages\/10\/revisions\/3659"}],"up":[{"embeddable":true,"href":"https:\/\/semmelweis.hu\/traumatologia\/wp-json\/wp\/v2\/pages\/3386"}],"wp:attachment":[{"href":"https:\/\/semmelweis.hu\/traumatologia\/wp-json\/wp\/v2\/media?parent=10"}],"wp:term":[{"taxonomy":"category","embeddable":true,"href":"https:\/\/semmelweis.hu\/traumatologia\/wp-json\/wp\/v2\/categories?post=10"},{"taxonomy":"post_tag","embeddable":true,"href":"https:\/\/semmelweis.hu\/traumatologia\/wp-json\/wp\/v2\/tags?post=10"}],"curies":[{"name":"wp","href":"https:\/\/api.w.org\/{rel}","templated":true}]}}