{"id":8,"date":"2012-01-19T16:45:42","date_gmt":"2012-01-19T16:45:42","guid":{"rendered":"http:\/\/semmelweis-egyetem.hu\/ortopedia\/?page_id=8"},"modified":"2023-07-17T11:06:55","modified_gmt":"2023-07-17T09:06:55","slug":"altalanos-informaciok","status":"publish","type":"page","link":"https:\/\/semmelweis.hu\/transzfuziologia\/","title":{"rendered":"Tansz\u00e9k\u00fcnkr\u0151l"},"content":{"rendered":"<p><a href=\"https:\/\/semmelweis.hu\/transzfuziologia\/files\/2022\/03\/honlapra-scaled.jpg\"><img loading=\"lazy\" decoding=\"async\" class=\"alignright  wp-image-614\" src=\"https:\/\/semmelweis.hu\/transzfuziologia\/files\/2022\/03\/honlapra-396x400.jpg\" alt=\"\" width=\"368\" height=\"372\" srcset=\"https:\/\/semmelweis.hu\/transzfuziologia\/files\/2022\/03\/honlapra-396x400.jpg 396w, https:\/\/semmelweis.hu\/transzfuziologia\/files\/2022\/03\/honlapra-1014x1024.jpg 1014w, https:\/\/semmelweis.hu\/transzfuziologia\/files\/2022\/03\/honlapra-768x776.jpg 768w, https:\/\/semmelweis.hu\/transzfuziologia\/files\/2022\/03\/honlapra-1521x1536.jpg 1521w, https:\/\/semmelweis.hu\/transzfuziologia\/files\/2022\/03\/honlapra-2028x2048.jpg 2028w, https:\/\/semmelweis.hu\/transzfuziologia\/files\/2022\/03\/honlapra-753x760.jpg 753w\" sizes=\"auto, (max-width: 368px) 100vw, 368px\" \/><\/a>Az \u00f6n\u00e1ll\u00f3 Transzfuzol\u00f3giai Tansz\u00e9k 2019. 09. 01-\u00e9n, a K\u00f3r\u00e9lettani Int\u00e9zet r\u00e9szbeni jogut\u00f3djak\u00e9nt ker\u00fclt megalap\u00edt\u00e1sra az \u00c1OK-n egy jelent\u0151sebb kurrikulum reform \u00e9s szervezeti \u00e1talak\u00edt\u00e1s r\u00e9szek\u00e9nt.<\/p>\n<p>F\u0151 feladata az \u00faj kurrikulumban m\u00e1r \u00f6n\u00e1ll\u00f3 tant\u00e1rgyk\u00e9nt szerepl\u0151 <a href=\"https:\/\/semmelweis.hu\/transzfuziologia\/gradualis-oktatas\/\">\u201eTranszfuziol\u00f3giai alapok\u201d<\/a> oktat\u00e1s\u00e1nak szervez\u00e9se \u00e9s fejleszt\u00e9se, a <a href=\"https:\/\/semmelweis.hu\/transzfuziologia\/gyakorlati-kepzes\/\">gyakorlati oktat\u00e1s<\/a> szem\u00e9lyi \u00e9s t\u00e1rgyi felt\u00e9teleinek megteremt\u00e9se, illetve kapcsolattart\u00e1s hazai t\u00e1rs-egyetemek transzfuziol\u00f3giai szervezeti egys\u00e9geivel \u00e9s az Orsz\u00e1gos V\u00e9rell\u00e1t\u00f3 Szolg\u00e1lattal (OVSz).<\/p>\n<p>A <a href=\"https:\/\/semmelweis.hu\/transzfuziologia\/kutatas\/\">kutat\u00e1s ter\u00fclet\u00e9n<\/a> tansz\u00e9ki feladat a klinikumhoz k\u00f6zeli, transzl\u00e1ci\u00f3s kutat\u00e1si projektek ind\u00edt\u00e1sa, kivitelez\u00e9se \u00e9s el\u0151seg\u00edt\u00e9se p\u00e1ly\u00e1zati forr\u00e1sok felhaszn\u00e1l\u00e1s\u00e1val \u00e9s k\u00fcls\u0151 partnerek (D\u00e9l-Pesti Centrum K\u00f3rh\u00e1z Molekul\u00e1ris Diagnosztikai Laborat\u00f3rium) bevon\u00e1s\u00e1val.<\/p>\n<h4><strong>El\u00e9rhet\u0151s\u00e9geink<\/strong><\/h4>\n<div class=\"keretes w-100\">\n<p><strong>C\u00edm:<\/strong> 1089 Budapest, Nagyv\u00e1rad t\u00e9r 4. 16. emelet<br \/>\n<strong>Postac\u00edm:<\/strong> 1085 Budapest, \u00dcll\u0151i \u00fat 26. ; 1428 Budapest, Pf.2.<br \/>\n<strong>Telefon:<\/strong> +36-1-459-1500\/56157<\/p>\n<\/div>\n\n<!-- iframe plugin v.4.9 wordpress.org\/plugins\/iframe\/ -->\n<iframe loading=\"lazy\" style=\"border: 0;\" src=\"https:\/\/www.google.com\/maps\/embed?pb=!1m18!1m12!1m3!1d2696.547848548168!2d19.08939011562607!3d47.479239879176426!2m3!1f0!2f0!3f0!3m2!1i1024!2i768!4f13.1!3m3!1m2!1s0x4741dce663d65943%3A0xf5391fc3337d063b!2zQnVkYXBlc3QsIE5hZ3l2w6FyYWQgdMOpciA0LCAxMDg5!5e0!3m2!1shu!2shu!4v1571917623598!5m2!1shu!2shu\" width=\"100%\" height=\"450\" frameborder=\"0\" allowfullscreen=\"allowfullscreen\" scrolling=\"yes\" class=\"iframe-class\"><\/iframe>\n\n","protected":false},"excerpt":{"rendered":"<p>Megalakult a Transzf\u00faziol\u00f3giai Tansz\u00e9k, amelynek h\u00e1tter\u00e9ben \u00e1ll egyebek mellett a tant\u00e1rgy jelent\u0151s\u00e9g\u00e9nek n\u00f6veked\u00e9se; a transzf\u00faziol\u00f3gia a 2019\/20-as tan\u00e9vt\u0151l k\u00e9t kredites \u00f6n\u00e1ll\u00f3, szigorl\u00f3k sz\u00e1m\u00e1ra oktatott t\u00e1rgy lesz.<\/p>\n","protected":false},"author":101660,"featured_media":614,"parent":0,"menu_order":0,"comment_status":"closed","ping_status":"closed","template":"template-fullwidth.php","meta":{"_acf_changed":false,"footnotes":""},"categories":[],"tags":[],"class_list":["post-8","page","type-page","status-publish","has-post-thumbnail","hentry"],"acf":[],"_links":{"self":[{"href":"https:\/\/semmelweis.hu\/transzfuziologia\/wp-json\/wp\/v2\/pages\/8","targetHints":{"allow":["GET"]}}],"collection":[{"href":"https:\/\/semmelweis.hu\/transzfuziologia\/wp-json\/wp\/v2\/pages"}],"about":[{"href":"https:\/\/semmelweis.hu\/transzfuziologia\/wp-json\/wp\/v2\/types\/page"}],"author":[{"embeddable":true,"href":"https:\/\/semmelweis.hu\/transzfuziologia\/wp-json\/wp\/v2\/users\/101660"}],"replies":[{"embeddable":true,"href":"https:\/\/semmelweis.hu\/transzfuziologia\/wp-json\/wp\/v2\/comments?post=8"}],"version-history":[{"count":10,"href":"https:\/\/semmelweis.hu\/transzfuziologia\/wp-json\/wp\/v2\/pages\/8\/revisions"}],"predecessor-version":[{"id":646,"href":"https:\/\/semmelweis.hu\/transzfuziologia\/wp-json\/wp\/v2\/pages\/8\/revisions\/646"}],"wp:featuredmedia":[{"embeddable":true,"href":"https:\/\/semmelweis.hu\/transzfuziologia\/wp-json\/wp\/v2\/media\/614"}],"wp:attachment":[{"href":"https:\/\/semmelweis.hu\/transzfuziologia\/wp-json\/wp\/v2\/media?parent=8"}],"wp:term":[{"taxonomy":"category","embeddable":true,"href":"https:\/\/semmelweis.hu\/transzfuziologia\/wp-json\/wp\/v2\/categories?post=8"},{"taxonomy":"post_tag","embeddable":true,"href":"https:\/\/semmelweis.hu\/transzfuziologia\/wp-json\/wp\/v2\/tags?post=8"}],"curies":[{"name":"wp","href":"https:\/\/api.w.org\/{rel}","templated":true}]}}