{"id":590,"date":"2021-09-16T11:35:57","date_gmt":"2021-09-16T09:35:57","guid":{"rendered":"https:\/\/semmelweis.hu\/transzfuziologia\/?page_id=590"},"modified":"2024-08-06T11:02:19","modified_gmt":"2024-08-06T09:02:19","slug":"gyakorlati-kepzes","status":"publish","type":"page","link":"https:\/\/semmelweis.hu\/transzfuziologia\/gradualis-oktatas\/gyakorlati-kepzes\/","title":{"rendered":"Gyakorlati k\u00e9pz\u00e9s"},"content":{"rendered":"<p><strong>2021\/2022 tan\u00e9vi t\u00e1j\u00e9koztat\u00f3 szigorl\u00f3knak a \u201eTranszfuziol\u00f3giai alapok\u201d tant\u00e1rgy gyakorlati modulj\u00e1r\u00f3l.<\/strong><\/p>\n<p><u>A gyakorlat megkezd\u00e9s\u00e9nek felt\u00e9tele:<\/u> r\u00e9szv\u00e9tel az elm\u00e9leti modul \u00f3r\u00e1in, valamint teljes\u00edtett elm\u00e9leti tesztvizsga.<\/p>\n<p><u>Oktat\u00e1s:<\/u> 2 x 5 tan\u00f3r\u00e1s, 2 napos gyakorlati kurzus. A csoportok maxim\u00e1lis l\u00e9tsz\u00e1ma 50 f\u0151 a d\u00e9k\u00e1ni hivatal \u00e1ltal elk\u00e9sz\u00edtett beoszt\u00e1s szerint. Alapesetben a gyakorlati foglalkoz\u00e1sok a ki\u00edrt h\u00e9t h\u00e9tf\u0151i \u00e9s keddi napjain lesznek megtartva, szerdai vizsganapokkal.<\/p>\n<p><u>Hely.<\/u> OVSz (Karolina \u00fat 19-21.) Landsteiner terem, kezd\u00e9si id\u0151pont: 9h.<\/p>\n<p><u>Vizsga:<\/u> sz\u00f3beli gyakorlati vizsga a 2. k\u00e9pz\u00e9si napot k\u00f6vet\u0151 napon 9h-t\u00f3l.<\/p>\n<p>&nbsp;<\/p>\n","protected":false},"excerpt":{"rendered":"<p>2021\/2022 tan\u00e9vi t\u00e1j\u00e9koztat\u00f3 szigorl\u00f3knak a \u201eTranszfuziol\u00f3giai alapok\u201d tant\u00e1rgy gyakorlati modulj\u00e1r\u00f3l. A gyakorlat megkezd\u00e9s\u00e9nek felt\u00e9tele: r\u00e9szv\u00e9tel az elm\u00e9leti modul \u00f3r\u00e1in, valamint teljes\u00edtett elm\u00e9leti tesztvizsga. Oktat\u00e1s: 2 x 5 tan\u00f3r\u00e1s, 2 napos gyakorlati kurzus. A csoportok maxim\u00e1lis l\u00e9tsz\u00e1ma 50 f\u0151 a d\u00e9k\u00e1ni hivatal \u00e1ltal elk\u00e9sz\u00edtett beoszt\u00e1s szerint. Alapesetben a gyakorlati foglalkoz\u00e1sok a ki\u00edrt h\u00e9t h\u00e9tf\u0151i \u00e9s keddi &hellip;<\/p>\n","protected":false},"author":101660,"featured_media":0,"parent":383,"menu_order":0,"comment_status":"closed","ping_status":"closed","template":"","meta":{"_acf_changed":false,"footnotes":""},"categories":[],"tags":[],"class_list":["post-590","page","type-page","status-publish","hentry"],"acf":[],"_links":{"self":[{"href":"https:\/\/semmelweis.hu\/transzfuziologia\/wp-json\/wp\/v2\/pages\/590","targetHints":{"allow":["GET"]}}],"collection":[{"href":"https:\/\/semmelweis.hu\/transzfuziologia\/wp-json\/wp\/v2\/pages"}],"about":[{"href":"https:\/\/semmelweis.hu\/transzfuziologia\/wp-json\/wp\/v2\/types\/page"}],"author":[{"embeddable":true,"href":"https:\/\/semmelweis.hu\/transzfuziologia\/wp-json\/wp\/v2\/users\/101660"}],"replies":[{"embeddable":true,"href":"https:\/\/semmelweis.hu\/transzfuziologia\/wp-json\/wp\/v2\/comments?post=590"}],"version-history":[{"count":6,"href":"https:\/\/semmelweis.hu\/transzfuziologia\/wp-json\/wp\/v2\/pages\/590\/revisions"}],"predecessor-version":[{"id":681,"href":"https:\/\/semmelweis.hu\/transzfuziologia\/wp-json\/wp\/v2\/pages\/590\/revisions\/681"}],"up":[{"embeddable":true,"href":"https:\/\/semmelweis.hu\/transzfuziologia\/wp-json\/wp\/v2\/pages\/383"}],"wp:attachment":[{"href":"https:\/\/semmelweis.hu\/transzfuziologia\/wp-json\/wp\/v2\/media?parent=590"}],"wp:term":[{"taxonomy":"category","embeddable":true,"href":"https:\/\/semmelweis.hu\/transzfuziologia\/wp-json\/wp\/v2\/categories?post=590"},{"taxonomy":"post_tag","embeddable":true,"href":"https:\/\/semmelweis.hu\/transzfuziologia\/wp-json\/wp\/v2\/tags?post=590"}],"curies":[{"name":"wp","href":"https:\/\/api.w.org\/{rel}","templated":true}]}}