{"id":476,"date":"2021-03-08T09:51:55","date_gmt":"2021-03-08T08:51:55","guid":{"rendered":"https:\/\/semmelweis.hu\/transzfuziologia\/?page_id=476"},"modified":"2025-06-12T13:21:28","modified_gmt":"2025-06-12T11:21:28","slug":"munkatarsak-2","status":"publish","type":"page","link":"https:\/\/semmelweis.hu\/transzfuziologia\/altalanos-informaciok\/munkatarsak-2\/","title":{"rendered":"Munkat\u00e1rsak"},"content":{"rendered":"<hr \/>\n<h6 class=\"w-100 lead\"><img loading=\"lazy\" decoding=\"async\" class=\"wp-image-465 alignright\" src=\"https:\/\/semmelweis.hu\/transzfuziologia\/files\/2021\/03\/Tordai_arckep_2015aug_2-264x400.jpg\" alt=\"\" width=\"180\" height=\"273\" srcset=\"https:\/\/semmelweis.hu\/transzfuziologia\/files\/2021\/03\/Tordai_arckep_2015aug_2-264x400.jpg 264w, https:\/\/semmelweis.hu\/transzfuziologia\/files\/2021\/03\/Tordai_arckep_2015aug_2.jpg 435w\" sizes=\"auto, (max-width: 180px) 100vw, 180px\" \/><span style=\"font-size: 12pt\"><strong>Dr. Tordai Attila<\/strong><\/span><\/h6>\n<h6><span style=\"font-size: 12pt\">Tansz\u00e9kvezet\u0151, egyetemi tan\u00e1r<\/span><\/h6>\n<h6><span style=\"font-size: 12pt\"><a href=\"https:\/\/semmelweis.hu\/telefonkonyv\/?emp_id=15945\">El\u00e9rhet\u0151s\u00e9g:<\/a><\/span><\/h6>\n<div class=\"fontos_div\">\n<h6><span style=\"font-size: 12pt\">NET XVI. emelet 1618-as szoba<\/span><\/h6>\n<h6><span class=\"tel-value\" style=\"font-size: 12pt\">tordai.attila@med.semmelweis-univ.hu<\/span><\/h6>\n<\/div>\n<h6><span style=\"font-size: 12pt\">A r\u00e9szletes szakmai \u00f6n\u00e9letrajz let\u00f6lthet\u0151 <a href=\"https:\/\/semmelweis.hu\/transzfuziologia\/files\/2021\/03\/Tordai-Attila.pdf\">itt<\/a>:<\/span><\/h6>\n<h6><span style=\"font-size: 12pt\"><a href=\"https:\/\/m2.mtmt.hu\/gui2\/?type=authors&amp;mode=browse&amp;sel=10002439\">Publik\u00e1ci\u00f3s lista<\/a><\/span><\/h6>\n<p><a href=\"https:\/\/semmelweis.hu\/transzfuziologia\/files\/2025\/06\/Tordai-Attila-beszamolo-2019-2025-jovo.pptx\">Tordai Attila besz\u00e1mol\u00f3 2019-2025 &#8211; j\u00f6v\u0151<\/a><\/p>\n<hr \/>\n<h6><span style=\"font-size: 14pt\"><em><strong><img loading=\"lazy\" decoding=\"async\" class=\"wp-image-475 alignright\" src=\"https:\/\/semmelweis.hu\/transzfuziologia\/files\/2021\/03\/Racz_Szilvia-268x400.jpg\" alt=\"\" width=\"182\" height=\"272\" srcset=\"https:\/\/semmelweis.hu\/transzfuziologia\/files\/2021\/03\/Racz_Szilvia-268x400.jpg 268w, https:\/\/semmelweis.hu\/transzfuziologia\/files\/2021\/03\/Racz_Szilvia.jpg 300w\" sizes=\"auto, (max-width: 182px) 100vw, 182px\" \/><\/strong><\/em><span style=\"font-size: 12pt\"><strong>Krist\u00f3f Szilvia<\/strong><\/span><\/span><\/h6>\n<h6><span style=\"font-size: 12pt\">\u00dcgyviv\u0151 szak\u00e9rt\u0151<\/span><\/h6>\n<h6><span style=\"font-size: 12pt\"><a href=\"https:\/\/semmelweis.hu\/telefonkonyv\/?emp_id=15963\">El\u00e9rhet\u0151s\u00e9g:<\/a> <\/span><\/h6>\n<div class=\"fontos_div\">\n<h6><span style=\"font-size: 12pt\">NET XVI. emelet 1618-as szoba<\/span><\/p>\n<p><span class=\"tel-value\" style=\"font-size: 12pt\">kristof.szilvia@med.semmelweis-univ.hu<\/span><\/h6>\n<\/div>\n<h6>\u00a0<\/h6>\n<hr \/>\n<h6 class=\"w-100 lead\"><span style=\"font-size: 14pt\"><img loading=\"lazy\" decoding=\"async\" class=\"wp-image-488 alignright\" src=\"https:\/\/semmelweis.hu\/transzfuziologia\/files\/2021\/03\/Foto-EnyediA-300x400.jpg\" alt=\"\" width=\"187\" height=\"249\" srcset=\"https:\/\/semmelweis.hu\/transzfuziologia\/files\/2021\/03\/Foto-EnyediA-300x400.jpg 300w, https:\/\/semmelweis.hu\/transzfuziologia\/files\/2021\/03\/Foto-EnyediA-768x1024.jpg 768w, https:\/\/semmelweis.hu\/transzfuziologia\/files\/2021\/03\/Foto-EnyediA-753x1004.jpg 753w, https:\/\/semmelweis.hu\/transzfuziologia\/files\/2021\/03\/Foto-EnyediA-rotated.jpg 960w\" sizes=\"auto, (max-width: 187px) 100vw, 187px\" \/><span style=\"font-size: 12pt\"><strong>Dr. Enyedi \u00c1gnes<\/strong><\/span><\/span><\/h6>\n<div class=\"w-100 lead\">\n<h6><span style=\"font-size: 12pt\">Tudom\u00e1nyos Tan\u00e1csad\u00f3<\/span><\/h6>\n<\/div>\n<h6><span style=\"font-size: 12pt\"><a href=\"https:\/\/semmelweis.hu\/telefonkonyv\/?emp_id=18070\">El\u00e9rhet\u0151s\u00e9g:<\/a><\/span><\/h6>\n<div class=\"fontos_div\">\n<h6><span style=\"font-size: 12pt\">NET f\u00f6ldszint 23\/3.<\/span><\/h6>\n<p><span style=\"font-size: 12pt\"><span class=\"tel-value\">enyedi.agnes@med.semmelweis-univ.hu<\/span><\/span><\/p>\n<\/div>\n<h6><span style=\"font-size: 12pt\">A r\u00e9szletes szakmai \u00f6n\u00e9letrajz let\u00f6lthet\u0151 <a href=\"https:\/\/semmelweis.hu\/transzfuziologia\/files\/2021\/03\/Enyedi-\u00f6n\u00e9letrajz.pdf\">itt:<\/a><\/span><\/h6>\n<h6><span style=\"font-size: 12pt\"><a href=\"https:\/\/m2.mtmt.hu\/gui2\/?type=authors&amp;mode=browse&amp;sel=10015745\">Publik\u00e1ci\u00f3s lista<\/a><\/span><\/h6>\n<hr \/>\n<h6 class=\"w-100 lead\"><span style=\"font-size: 14pt\"><strong><img loading=\"lazy\" decoding=\"async\" class=\"wp-image-496 alignright\" src=\"https:\/\/semmelweis.hu\/transzfuziologia\/files\/2021\/03\/T\u00f3th-S_k\u00e9p-a-honlapra-337x400.jpg\" alt=\"\" width=\"184\" height=\"218\" srcset=\"https:\/\/semmelweis.hu\/transzfuziologia\/files\/2021\/03\/T\u00f3th-S_k\u00e9p-a-honlapra-337x400.jpg 337w, https:\/\/semmelweis.hu\/transzfuziologia\/files\/2021\/03\/T\u00f3th-S_k\u00e9p-a-honlapra-863x1024.jpg 863w, https:\/\/semmelweis.hu\/transzfuziologia\/files\/2021\/03\/T\u00f3th-S_k\u00e9p-a-honlapra-768x912.jpg 768w, https:\/\/semmelweis.hu\/transzfuziologia\/files\/2021\/03\/T\u00f3th-S_k\u00e9p-a-honlapra-1294x1536.jpg 1294w, https:\/\/semmelweis.hu\/transzfuziologia\/files\/2021\/03\/T\u00f3th-S_k\u00e9p-a-honlapra-753x894.jpg 753w, https:\/\/semmelweis.hu\/transzfuziologia\/files\/2021\/03\/T\u00f3th-S_k\u00e9p-a-honlapra.jpg 1326w\" sizes=\"auto, (max-width: 184px) 100vw, 184px\" \/><span style=\"font-size: 12pt\">Dr. T\u00f3th Sarolta<\/span><\/strong><\/span><\/h6>\n<h6><span style=\"font-size: 12pt\">Tudom\u00e1nyos munkat\u00e1rs<strong><br \/>\n<\/strong><\/span><\/h6>\n<h6><a href=\"https:\/\/semmelweis.hu\/telefonkonyv\/?emp_id=18076\"><span style=\"font-size: 12pt\">El\u00e9rhet\u0151s\u00e9g:<\/span><\/a><\/h6>\n<div class=\"fontos_div\">\n<h6><span style=\"font-size: 12pt\">NET f\u00f6ldszint 23\/3.<\/span><\/h6>\n<h6><span class=\"tel-value\" style=\"font-size: 12pt\">szipp07@gmail.com<\/span><\/h6>\n<\/div>\n<h6><span style=\"font-size: 12pt\">A r\u00e9szletes szakmai \u00f6n\u00e9letrajz let\u00f6lthet\u0151 <a href=\"https:\/\/semmelweis.hu\/transzfuziologia\/files\/2022\/03\/Szakmai-oneletrajz_TS_2022-febr_upgrade.docx\">itt<\/a>:<br \/>\n<\/span><\/h6>\n<h6><span style=\"font-size: 12pt\"><a href=\"https:\/\/m2.mtmt.hu\/gui2\/?type=authors&amp;mode=browse&amp;sel=10058389\">Publik\u00e1ci\u00f3s lista<\/a><\/span><\/h6>\n<hr \/>\n<h6>\u00a0<\/h6>\n<hr \/>\n<h6><span style=\"font-size: 14pt\"><strong><img loading=\"lazy\" decoding=\"async\" class=\"wp-image-615 alignright\" src=\"https:\/\/semmelweis.hu\/transzfuziologia\/files\/2022\/03\/IMG_20210903_095435-400x300.jpg\" alt=\"\" width=\"210\" height=\"157\" srcset=\"https:\/\/semmelweis.hu\/transzfuziologia\/files\/2022\/03\/IMG_20210903_095435-400x300.jpg 400w, https:\/\/semmelweis.hu\/transzfuziologia\/files\/2022\/03\/IMG_20210903_095435-1024x768.jpg 1024w, https:\/\/semmelweis.hu\/transzfuziologia\/files\/2022\/03\/IMG_20210903_095435-768x576.jpg 768w, https:\/\/semmelweis.hu\/transzfuziologia\/files\/2022\/03\/IMG_20210903_095435-1536x1152.jpg 1536w, https:\/\/semmelweis.hu\/transzfuziologia\/files\/2022\/03\/IMG_20210903_095435-2048x1536.jpg 2048w, https:\/\/semmelweis.hu\/transzfuziologia\/files\/2022\/03\/IMG_20210903_095435-753x565.jpg 753w\" sizes=\"auto, (max-width: 210px) 100vw, 210px\" \/><span style=\"font-size: 12pt\">Nagy R\u00e9ka<\/span><br \/>\n<\/strong><\/span><\/h6>\n<h6><span style=\"font-size: 14pt\"><span style=\"font-size: 12pt\">Hallgat\u00f3i alkalmaz\u00e1sban<\/span><strong><br \/>\n<\/strong><\/span><\/h6>\n<div class=\"fontos_div\">\n<h6 class=\"w-100\"><span style=\"font-size: 12pt\">NET f\u00f6ldszint 23\/3.<strong><br \/>\n<\/strong><\/span><\/h6>\n<h6><span style=\"font-size: 12pt\">nag.reka1996@gmail.com<\/span><\/h6>\n<\/div>\n<h6><span style=\"font-size: 12pt\">A r\u00e9szletes szakmai \u00f6n\u00e9letrajz let\u00f6lthet\u0151 <a href=\"https:\/\/semmelweis.hu\/transzfuziologia\/files\/2022\/03\/Nagy.pdf\">itt<\/a>:<br \/>\n<\/span><\/h6>\n<hr \/>\n<h6><span style=\"font-size: 12pt\"><strong>Dr. Ongr\u00e1di J\u00f3zsef<\/strong><img loading=\"lazy\" decoding=\"async\" class=\" wp-image-628 alignright\" src=\"https:\/\/semmelweis.hu\/transzfuziologia\/files\/2022\/03\/o.png\" alt=\"\" width=\"181\" height=\"222\" \/><\/span><\/h6>\n<h6><span style=\"font-size: 12pt\">Ny. egyetemi docens, \u00f6nk\u00e9ntes seg\u00edt\u0151<\/span><\/h6>\n<p><span style=\"font-size: 14pt\"><a href=\"https:\/\/semmelweis.hu\/telefonkonyv\/?emp_id=19569\">El\u00e9rhet\u0151s\u00e9g:<\/a> <\/span><\/p>\n<div class=\"fontos_div\">\n<h6><span style=\"font-size: 12pt\">Net f\u00f6ldszint 23\/3.<\/span><\/h6>\n<p><span class=\"tel-value\" style=\"font-size: 12pt\">ongradi.jozsef@med.semmelweis-univ.hu<\/span><\/p>\n<\/div>\n<h6><span style=\"font-size: 12pt\">A r\u00e9szletes szakmai \u00f6n\u00e9letrajz let\u00f6lthet\u0151 <a href=\"https:\/\/semmelweis.hu\/transzfuziologia\/files\/2022\/03\/CV-2022-o.doc\">itt<\/a>:<br \/>\n<\/span><\/h6>\n<h6><span style=\"font-size: 14pt\"><a href=\"https:\/\/semmelweis.hu\/transzfuziologia\/files\/2022\/03\/Publikacios-lista.doc\"><span style=\"font-size: 12pt\">Publik\u00e1ci\u00f3s lista<\/span><\/a><\/span><\/h6>\n<hr \/>\n<h6><span style=\"font-size: 12pt\"><strong>Dr. Andrikovics Hajnalka<\/strong><\/span><\/h6>\n<h6><span style=\"font-size: 12pt\">Laborat\u00f3riumvezet\u0151 f\u0151orvos, \u00f6nk\u00e9ntes seg\u00edt\u0151, szerz\u0151d\u00e9ssel<br \/>\n<\/span><\/h6>\n<p><span style=\"font-size: 14pt\">El\u00e9rhet\u0151s\u00e9g: <\/span><\/p>\n<div class=\"fontos_div\">\n<h6><span style=\"font-size: 12pt\">D\u00e9l-Pesti Centrumk\u00f3rh\u00e1z, Orsz\u00e1gos Hematol\u00f3giai \u00e9s Infektol\u00f3giai Int\u00e9zet<br \/>\n<\/span><\/h6>\n<h6><span style=\"font-size: 12pt\">andrikovics.hajnalka@dpckorhaz.hu<\/span><\/h6>\n<\/div>\n<div class=\"w-100 lead\">\n<p>&nbsp;<\/p>\n<\/div>\n","protected":false},"excerpt":{"rendered":"<p>Dr. Tordai Attila Tansz\u00e9kvezet\u0151, egyetemi tan\u00e1r <a href=\"https:\/\/semmelweis.hu\/telefonkonyv\/?emp_id=15945\">El\u00e9rhet\u0151s\u00e9g:<\/a> NET XVI. emelet 1618-as szoba tordai.attila@med.semmelweis-univ.hu A r\u00e9szletes szakmai \u00f6n\u00e9letrajz let\u00f6lthet\u0151 <a href=\"https:\/\/semmelweis.hu\/transzfuziologia\/files\/2021\/03\/Tordai-Attila.pdf\">itt<\/a> : <a href=\"https:\/\/m2.mtmt.hu\/gui2\/?type=authors&amp;mode=browse&amp;sel=10002439\">Publik\u00e1ci\u00f3s lista<\/a> <a href=\"https:\/\/semmelweis.hu\/transzfuziologia\/files\/2025\/06\/Tordai-Attila-beszamolo-2019-2025-jovo.pptx\">Tordai Attila besz\u00e1mol\u00f3 2019-2025 &#8211; j\u00f6v\u0151<\/a> Krist\u00f3f Szilvia \u00dcgyviv\u0151 szak\u00e9rt\u0151 <a href=\"https:\/\/semmelweis.hu\/telefonkonyv\/?emp_id=15963\">El\u00e9rhet\u0151s\u00e9g:<\/a> NET XVI. emelet 1618-as szoba kristof.szilvia@med.semmelweis-univ.hu \u00a0 Dr. Enyedi \u00c1gnes Tudom\u00e1nyos Tan\u00e1csad\u00f3 <a href=\"https:\/\/semmelweis.hu\/telefonkonyv\/?emp_id=18070\">El\u00e9rhet\u0151s\u00e9g:<\/a> NET f\u00f6ldszint 23\/3. enyedi.agnes@med.semmelweis-univ.hu A r\u00e9szletes szakmai \u00f6n\u00e9letrajz let\u00f6lthet\u0151 <a href=\"https:\/\/semmelweis.hu\/transzfuziologia\/files\/2021\/03\/Enyedi-\u00f6n\u00e9letrajz.pdf\">itt:<\/a> <a href=\"https:\/\/m2.mtmt.hu\/gui2\/?type=authors&amp;mode=browse&amp;sel=10015745\">Publik\u00e1ci\u00f3s lista<\/a> Dr. T\u00f3th Sarolta Tudom\u00e1nyos munkat\u00e1rs <a href=\"https:\/\/semmelweis.hu\/telefonkonyv\/?emp_id=18076\">El\u00e9rhet\u0151s\u00e9g:<\/a> NET f\u00f6ldszint 23\/3. szipp07@gmail.com A r\u00e9szletes szakmai &hellip;<\/p>\n","protected":false},"author":101660,"featured_media":0,"parent":8,"menu_order":0,"comment_status":"closed","ping_status":"closed","template":"","meta":{"_acf_changed":false,"footnotes":""},"categories":[],"tags":[],"class_list":["post-476","page","type-page","status-publish","hentry"],"acf":[],"_links":{"self":[{"href":"https:\/\/semmelweis.hu\/transzfuziologia\/wp-json\/wp\/v2\/pages\/476","targetHints":{"allow":["GET"]}}],"collection":[{"href":"https:\/\/semmelweis.hu\/transzfuziologia\/wp-json\/wp\/v2\/pages"}],"about":[{"href":"https:\/\/semmelweis.hu\/transzfuziologia\/wp-json\/wp\/v2\/types\/page"}],"author":[{"embeddable":true,"href":"https:\/\/semmelweis.hu\/transzfuziologia\/wp-json\/wp\/v2\/users\/101660"}],"replies":[{"embeddable":true,"href":"https:\/\/semmelweis.hu\/transzfuziologia\/wp-json\/wp\/v2\/comments?post=476"}],"version-history":[{"count":10,"href":"https:\/\/semmelweis.hu\/transzfuziologia\/wp-json\/wp\/v2\/pages\/476\/revisions"}],"predecessor-version":[{"id":699,"href":"https:\/\/semmelweis.hu\/transzfuziologia\/wp-json\/wp\/v2\/pages\/476\/revisions\/699"}],"up":[{"embeddable":true,"href":"https:\/\/semmelweis.hu\/transzfuziologia\/wp-json\/wp\/v2\/pages\/8"}],"wp:attachment":[{"href":"https:\/\/semmelweis.hu\/transzfuziologia\/wp-json\/wp\/v2\/media?parent=476"}],"wp:term":[{"taxonomy":"category","embeddable":true,"href":"https:\/\/semmelweis.hu\/transzfuziologia\/wp-json\/wp\/v2\/categories?post=476"},{"taxonomy":"post_tag","embeddable":true,"href":"https:\/\/semmelweis.hu\/transzfuziologia\/wp-json\/wp\/v2\/tags?post=476"}],"curies":[{"name":"wp","href":"https:\/\/api.w.org\/{rel}","templated":true}]}}