{"id":406,"date":"2021-03-01T10:37:09","date_gmt":"2021-03-01T09:37:09","guid":{"rendered":"https:\/\/semmelweis.hu\/transzfuziologia\/?page_id=406"},"modified":"2024-08-06T11:03:55","modified_gmt":"2024-08-06T09:03:55","slug":"munkatarsak","status":"publish","type":"page","link":"https:\/\/semmelweis.hu\/transzfuziologia\/gradualis-oktatas\/munkatarsak\/","title":{"rendered":"Tanulm\u00e1nyi felel\u0151s\u00f6k"},"content":{"rendered":"<h4><strong>Tanulm\u00e1nyi felel\u0151s:<\/strong><\/h4>\n<p><strong>Dr. Tordai Attila<\/strong><br \/>\n<a href=\"mailto:tordai.attila@med.semmelweis-univ.hu\">tordai.attila@semmelweis.hu<\/a><\/p>\n<p>+36 20 663 2334<\/p>\n<h4><strong>Tanulm\u00e1nyi \u00fcgyint\u00e9z\u0151:<\/strong><\/h4>\n<p><strong>Krist\u00f3f Szilvia<\/strong><br \/>\n<a href=\"mailto:kristof.szilvia@med.semmelweis-univ.hu\">kristof.szilvia@semmelweis.hu<\/a><\/p>\n<p>+36 20\u00a0666 3568<\/p>\n","protected":false},"excerpt":{"rendered":"<p>Tanulm\u00e1nyi felel\u0151s:<br \/>\nDr. Tordai Attila<br \/>\n<a href=\"mailto:tordai.attila@med.semmelweis-univ.hu\">tordai.attila@semmelweis.hu<\/a><br \/>\n+36 20 663 2334<br \/>\nTanulm\u00e1nyi \u00fcgyint\u00e9z\u0151:<br \/>\nKrist\u00f3f Szilvia<br \/>\n<a href=\"mailto:kristof.szilvia@med.semmelweis-univ.hu\">kristof.szilvia@semmelweis.hu<\/a><br \/>\n+36 20\u00a0666 3568<\/p>\n","protected":false},"author":101660,"featured_media":0,"parent":383,"menu_order":2,"comment_status":"closed","ping_status":"closed","template":"","meta":{"_acf_changed":false,"footnotes":""},"categories":[],"tags":[],"class_list":["post-406","page","type-page","status-publish","hentry"],"acf":[],"_links":{"self":[{"href":"https:\/\/semmelweis.hu\/transzfuziologia\/wp-json\/wp\/v2\/pages\/406","targetHints":{"allow":["GET"]}}],"collection":[{"href":"https:\/\/semmelweis.hu\/transzfuziologia\/wp-json\/wp\/v2\/pages"}],"about":[{"href":"https:\/\/semmelweis.hu\/transzfuziologia\/wp-json\/wp\/v2\/types\/page"}],"author":[{"embeddable":true,"href":"https:\/\/semmelweis.hu\/transzfuziologia\/wp-json\/wp\/v2\/users\/101660"}],"replies":[{"embeddable":true,"href":"https:\/\/semmelweis.hu\/transzfuziologia\/wp-json\/wp\/v2\/comments?post=406"}],"version-history":[{"count":7,"href":"https:\/\/semmelweis.hu\/transzfuziologia\/wp-json\/wp\/v2\/pages\/406\/revisions"}],"predecessor-version":[{"id":682,"href":"https:\/\/semmelweis.hu\/transzfuziologia\/wp-json\/wp\/v2\/pages\/406\/revisions\/682"}],"up":[{"embeddable":true,"href":"https:\/\/semmelweis.hu\/transzfuziologia\/wp-json\/wp\/v2\/pages\/383"}],"wp:attachment":[{"href":"https:\/\/semmelweis.hu\/transzfuziologia\/wp-json\/wp\/v2\/media?parent=406"}],"wp:term":[{"taxonomy":"category","embeddable":true,"href":"https:\/\/semmelweis.hu\/transzfuziologia\/wp-json\/wp\/v2\/categories?post=406"},{"taxonomy":"post_tag","embeddable":true,"href":"https:\/\/semmelweis.hu\/transzfuziologia\/wp-json\/wp\/v2\/tags?post=406"}],"curies":[{"name":"wp","href":"https:\/\/api.w.org\/{rel}","templated":true}]}}