{"id":383,"date":"2021-02-18T12:02:01","date_gmt":"2021-02-18T11:02:01","guid":{"rendered":"https:\/\/semmelweis.hu\/transzfuziologia\/?page_id=383"},"modified":"2025-06-05T10:50:58","modified_gmt":"2025-06-05T08:50:58","slug":"gradualis-oktatas","status":"publish","type":"page","link":"https:\/\/semmelweis.hu\/transzfuziologia\/gradualis-oktatas\/","title":{"rendered":"Transzfuziol\u00f3giai alapok"},"content":{"rendered":"<div class=\"keretes w-100\">\n<p style=\"text-align: justify\">A 2015\/2016. tan\u00e9vt\u0151l 3 tan\u00e9ven \u00e1t a K\u00f3r\u00e9lettani Int\u00e9zet szervezte a VI. \u00e9ves \u00c1OK-hallgat\u00f3k sz\u00e1m\u00e1ra a k\u00f6telez\u0151, egy hetes \u201e<strong>Transzf\u00fazi\u00f3s tanfolyamot<\/strong>\u201d magyar \u00e9s angol nyelven. A 2 (magyar), illetve 1 (angol, n\u00e9met) kreditpontos, \u00e9rdemjeggyel z\u00e1rul\u00f3 tant\u00e1rgy c\u00e9lkit\u0171z\u00e9se alapvet\u0151 elm\u00e9leti \u00e9s gyakorlati ismeretek \u00e1tad\u00e1sa a klinikai transzfuziol\u00f3gia ter\u00fclet\u00e9n, kiemelt hangs\u00fallyal a rutin klinikai gyakorlatban haszn\u00e1lt v\u00e9rk\u00e9sz\u00edtm\u00e9nyek el\u0151\u00e1ll\u00edt\u00e1s\u00e1val, vizsg\u00e1lataival, a bead\u00e1ssal j\u00e1r\u00f3 gyakorlati \u00e9s adminisztrat\u00edv teend\u0151kkel, kock\u00e1zatokkal, \u00e9s esetleges sz\u00f6v\u0151dm\u00e9nyekkel kapcsolatos alapismeretekre.<\/p>\n<p style=\"text-align: justify\"><strong>A 2019. szeptember\u00e9ben megalakult Transzfuziol\u00f3giai Tansz\u00e9k m\u00e1r az \u00f6n\u00e1ll\u00f3 t\u00e1rgyk\u00e9nt megjelent &#8222;transzfuziol\u00f3giai alapok&#8221; tant\u00e1rgy oktat\u00e1s\u00e1val folytatja a gradu\u00e1lis k\u00e9pz\u00e9st magyar \u00e9s angol nyelven.<\/strong><\/p>\n<\/div>\n<h4><strong>Elm\u00e9leti modul:<\/strong><\/h4>\n<p style=\"text-align: justify\">28 tan\u00f3r\u00e1s blokkos\u00edtott elm\u00e9leti el\u0151ad\u00e1s-sorozat megtart\u00e1sa a teljes \u00e9vfolyamnak. Az el\u0151ad\u00e1sok diasorai \u00e9s zoom hangfelv\u00e9tele el\u00e9rhet\u0151 a moodle rendszerben.<\/p>\n<p style=\"text-align: justify\"><strong><em>A vizsga<\/em>:<\/strong> 40 egyszer\u0171 v\u00e1laszt\u00e1sos elektronikus tesztk\u00e9rd\u00e9s megold\u00e1sa (4 vagy 5 v\u00e1laszlehet\u0151s\u00e9g) 25 perc megold\u00e1si id\u0151vel az e-learning\/moodle rendszerben. Az el\u00e9gs\u00e9ges szint el\u00e9r\u00e9s\u00e9hez 40\/21 (50%-ot meghalad\u00f3) helyes v\u00e1lasz sz\u00fcks\u00e9ges. A sikeres vizsga el\u0151felt\u00e9tele a gyakorlati modulon val\u00f3 r\u00e9szv\u00e9telnek. A k\u00e9rd\u00e9sek kiz\u00e1r\u00f3lag az el\u0151ad\u00e1sok anyag\u00e1b\u00f3l k\u00e9sz\u00fclnek.<\/p>\n<p style=\"text-align: justify\"><strong>A k\u00e9pz\u00e9s c\u00e9lja:<\/strong> a frissen v\u00e9gzett orvosok \u00f6n\u00e1ll\u00f3an k\u00e9pesek lesznek \u00e9s jogosults\u00e1got szereznek a transzf\u00fazi\u00f3 teljes folyamat\u00e1nak \u00f6n\u00e1ll\u00f3 kivitelez\u00e9s\u00e9re. Err\u0151l az egyetem k\u00fcl\u00f6n igazol\u00e1st \u00e1ll\u00edt ki, mentes\u00edt\u00e9st adva a rezidens t\u00f6rzsk\u00e9pz\u00e9s keret\u00e9ben el\u0151\u00edrt, OVSz \u00e1ltal szervezett, \u201e2 hetes transzf\u00fazi\u00f3s tanfolyam\u201d elv\u00e9gz\u00e9se al\u00f3l.<\/p>\n<p><a href=\"https:\/\/semmelweis.hu\/transzfuziologia\/gradualis-oktatas\/munkatarsak\/\">Tanulm\u00e1nyi felel\u0151s\u00f6k \u2192<\/a><\/p>\n<h4><strong>Az elm\u00e9leti k\u00e9pz\u00e9s oktat\u00f3i:<\/strong><\/h4>\n<p><strong>Tansz\u00e9ki Oktat\u00f3:<\/strong><\/p>\n<ul>\n<li>Dr. Tordai Attila egyetemi tan\u00e1r<\/li>\n<\/ul>\n<p><strong>Vend\u00e9goktat\u00f3k:<\/strong><\/p>\n<ul>\n<li>Dr. Andrikovics Hajnalka, D\u00e9l-Pesti Centrumk\u00f3rh\u00e1z, Orsz\u00e1gos Hematol\u00f3giai \u00e9s Infektol\u00f3giai Int\u00e9zet<\/li>\n<li>Dr. Marton Imelda, Szegedi Tudom\u00e1nyegyetem, II. Sz. Belgy\u00f3gy\u00e1szati Klinika, Transzfuziol\u00f3giai Tansz\u00e9k<\/li>\n<li>Dr. Hoffer Izabella, Orsz\u00e1gos V\u00e9rell\u00e1t\u00f3 Szolg\u00e1lat<\/li>\n<li>Dr. Bar\u00f3ti-T\u00f3th Kl\u00e1ra, Orsz\u00e1gos V\u00e9rell\u00e1t\u00f3 Szolg\u00e1lat, Min\u0151s\u00e9gbiztos\u00edt\u00e1si Igazgat\u00f3<\/li>\n<li>Dr. Nagy S\u00e1ndor, Orsz\u00e1gos V\u00e9rell\u00e1t\u00f3 Szolg\u00e1lat, Szakmai F\u0151igazgat\u00f3-helyettes<\/li>\n<li>Dr. Kriv\u00e1n Gergely, D\u00e9l-Pesti Centrumk\u00f3rh\u00e1z, Orsz\u00e1gos Hematol\u00f3giai \u00e9s Infektol\u00f3giai Int\u00e9zet, Semmelweis Egyetem, Infektol\u00f3giai Tansz\u00e9ki Csoport<\/li>\n<li>Dr. Farkas P\u00e9ter, Semmelweis Egyetem, III. sz. Belgy\u00f3gy\u00e1szati \u00e9s Hematol\u00f3giai Klinika<\/li>\n<li>Dr. Hauser Bal\u00e1zs, Semmelweis Egyetem, Aneszteziol\u00f3giai \u00e9s Intenz\u00edv Ter\u00e1pi\u00e1s Klinika<\/li>\n<li>Dr. R\u00e9ti Marienn, D\u00e9l-Pesti Centrumk\u00f3rh\u00e1z, Aferezis \u00e9s \u0150ssejtfeldolgoz\u00f3 r\u00e9szleg<\/li>\n<li>Dr. D\u00f3sa \u00c1gnes, Semmelweis Egyetem, Magatart\u00e1studom\u00e1nyi Int\u00e9zet<\/li>\n<li>Dr. T\u00e1nczos Kriszti\u00e1n,\u00a0 Soproni Erzs\u00e9bet Oktat\u00f3 K\u00f3rh\u00e1z, Aneszteziol\u00f3giai \u00e9s Intenz\u00edv Ter\u00e1pi\u00e1s Centrum<\/li>\n<li>Dr. Mih\u00e1ly S\u00e1ndor, OVSZ Transzplant\u00e1ci\u00f3s igazgat\u00f3<\/li>\n<\/ul>\n<p><a href=\"https:\/\/semmelweis.hu\/transzfuziologia\/gradualis-oktatas\/gyakorlati-kepzes\/\"><strong>A gyakorlati k\u00e9pz\u00e9sr\u0151l \u2192<\/strong><\/a><\/p>\n<h4><strong>Gyakorlati k\u00e9pz\u00e9s oktat\u00f3i:<\/strong><\/h4>\n<ul>\n<li>Dr. Nemes Nagy Zsuzsanna, Orsz\u00e1gos V\u00e9rell\u00e1t\u00f3 Szolg\u00e1lat, R\u00e9gi\u00f3igazgat\u00f3<\/li>\n<li>Dr. Zsigmond So\u00f3s Ildik\u00f3, Orsz\u00e1gos V\u00e9rell\u00e1t\u00f3 Szolg\u00e1lat, V\u00e9rcsoport Szerol\u00f3giai Oszt\u00e1ly, Oszt\u00e1lyvezet\u0151 F\u0151orvos<\/li>\n<li>Dr. Simon Zs\u00f3fia, Orsz\u00e1gos V\u00e9rell\u00e1t\u00f3 Szolg\u00e1lat<\/li>\n<li>Seregi Barbara, Orsz\u00e1gos V\u00e9rell\u00e1t\u00f3 Szolg\u00e1lat<\/li>\n<li>T\u00f3th Eszter Luca, Orsz\u00e1gos V\u00e9rell\u00e1t\u00f3 Szolg\u00e1lat<\/li>\n<\/ul>\n<p><span style=\"font-size: 14pt\"><strong>TRANSZF\u00daZI\u00d3S BEAVATKOZ\u00c1ST K\u00cdS\u00c9R\u0150 DOKUMENTUM:<\/strong><\/span><\/p>\n<p>K\u00e9rj\u00fck, hogy az al\u00e1bbi dokumentumot t\u00f6lts\u00e9k le \u00e9s kit\u00f6ltve k\u00fcldj\u00e9k el a kristof.szilvia@semmelweis.hu e-mail c\u00edmre.<\/p>\n<p><strong><span style=\"font-size: 18pt\"><a href=\"https:\/\/semmelweis.hu\/transzfuziologia\/files\/2024\/08\/Transzfuziologia_jelentolap_szigorlo.pdf\">Transzf\u00faziol\u00f3gia_jelentolap_szigorlo<\/a><\/span><\/strong><\/p>\n<p>&nbsp;<\/p>\n","protected":false},"excerpt":{"rendered":"<p>A 2015\/2016. tan\u00e9vt\u0151l 3 tan\u00e9ven \u00e1t a K\u00f3r\u00e9lettani Int\u00e9zet szervezte a VI. \u00e9ves \u00c1OK-hallgat\u00f3k sz\u00e1m\u00e1ra a k\u00f6telez\u0151, egy hetes \u201eTranszf\u00fazi\u00f3s tanfolyamot\u201d magyar \u00e9s angol nyelven. A 2 (magyar), illetve 1 (angol, n\u00e9met) kreditpontos, \u00e9rdemjeggyel z\u00e1rul\u00f3 tant\u00e1rgy c\u00e9lkit\u0171z\u00e9se alapvet\u0151 elm\u00e9leti \u00e9s gyakorlati ismeretek \u00e1tad\u00e1sa a klinikai transzfuziol\u00f3gia ter\u00fclet\u00e9n, kiemelt hangs\u00fallyal a rutin klinikai gyakorlatban haszn\u00e1lt v\u00e9rk\u00e9sz\u00edtm\u00e9nyek &hellip;<\/p>\n","protected":false},"author":101660,"featured_media":0,"parent":0,"menu_order":1,"comment_status":"closed","ping_status":"closed","template":"","meta":{"_acf_changed":false,"footnotes":""},"categories":[],"tags":[],"class_list":["post-383","page","type-page","status-publish","hentry"],"acf":[],"_links":{"self":[{"href":"https:\/\/semmelweis.hu\/transzfuziologia\/wp-json\/wp\/v2\/pages\/383","targetHints":{"allow":["GET"]}}],"collection":[{"href":"https:\/\/semmelweis.hu\/transzfuziologia\/wp-json\/wp\/v2\/pages"}],"about":[{"href":"https:\/\/semmelweis.hu\/transzfuziologia\/wp-json\/wp\/v2\/types\/page"}],"author":[{"embeddable":true,"href":"https:\/\/semmelweis.hu\/transzfuziologia\/wp-json\/wp\/v2\/users\/101660"}],"replies":[{"embeddable":true,"href":"https:\/\/semmelweis.hu\/transzfuziologia\/wp-json\/wp\/v2\/comments?post=383"}],"version-history":[{"count":10,"href":"https:\/\/semmelweis.hu\/transzfuziologia\/wp-json\/wp\/v2\/pages\/383\/revisions"}],"predecessor-version":[{"id":687,"href":"https:\/\/semmelweis.hu\/transzfuziologia\/wp-json\/wp\/v2\/pages\/383\/revisions\/687"}],"wp:attachment":[{"href":"https:\/\/semmelweis.hu\/transzfuziologia\/wp-json\/wp\/v2\/media?parent=383"}],"wp:term":[{"taxonomy":"category","embeddable":true,"href":"https:\/\/semmelweis.hu\/transzfuziologia\/wp-json\/wp\/v2\/categories?post=383"},{"taxonomy":"post_tag","embeddable":true,"href":"https:\/\/semmelweis.hu\/transzfuziologia\/wp-json\/wp\/v2\/tags?post=383"}],"curies":[{"name":"wp","href":"https:\/\/api.w.org\/{rel}","templated":true}]}}