{"id":381,"date":"2021-02-18T12:02:01","date_gmt":"2021-02-18T11:02:01","guid":{"rendered":"https:\/\/semmelweis.hu\/transzfuziologia\/?page_id=381"},"modified":"2023-07-17T11:17:40","modified_gmt":"2023-07-17T09:17:40","slug":"posztgradualis-oktatas","status":"publish","type":"page","link":"https:\/\/semmelweis.hu\/transzfuziologia\/posztgradualis-oktatas\/","title":{"rendered":"Posztgradu\u00e1lis K\u00e9pz\u00e9s"},"content":{"rendered":"<p style=\"text-align: justify;\">A Tansz\u00e9k r\u00e9szt vesz a szakorvosk\u00e9pz\u00e9sben (rezidens) \u00e9s a szakorvosok tov\u00e1bbk\u00e9pz\u00e9s\u00e9ben. A Tansz\u00e9k b\u00e1zis\u00e1n m\u0171k\u00f6dik a 45 alapszakvizsga egyikek\u00e9nt szerepl\u0151 \u201eTranszfuziol\u00f3giai Szakmai Gr\u00e9mium\u201d, amely a szakvizsg\u00e1ra val\u00f3 felk\u00e9sz\u00edt\u00e9s szakmai h\u00e1tter\u00e9t biztos\u00edtja, valamint r\u00e9szt vesz a szakorvosk\u00e9pz\u00e9s kurrikulum\u00e1nak meg\u00faj\u00edt\u00e1s\u00e1ban.<\/p>\n<h4><strong>Rezidens (szakorvos) k\u00e9pz\u00e9s:<\/strong><\/h4>\n<p>A Transzfuziol\u00f3giai Tansz\u00e9ken 2022. \u0151szi kezd\u00e9ssel lehet\u0151s\u00e9g ny\u00edlik 1 f\u0151 transzfuziol\u00f3giai rezidens bel\u00e9p\u00e9s\u00e9re az \u00e1llamilag t\u00e1mogatott k\u00e9pz\u00e9sben. <br \/>\nA Tansz\u00e9k b\u00e1zis\u00e1n m\u0171k\u00f6dik a SE Transzfuziol\u00f3giai Szakmai Gr\u00e9miuma, amely ell\u00e1tja a k\u00f6z\u00e9p-magyarorsz\u00e1gi r\u00e9gi\u00f3ba tartoz\u00f3 int\u00e9zm\u00e9nyekben (els\u0151sorban az Orsz\u00e1gos V\u00e9rell\u00e1t\u00f3 Szolg\u00e1latn\u00e1l) foly\u00f3 45 alap-szakk\u00e9pes\u00edt\u00e9s egyikek\u00e9nt rezidensk\u00e9pz\u00e9s szakmai fel\u00fcgyelet\u00e9t, r\u00e9szt vesz a kurrikulum meg\u00faj\u00edt\u00e1s\u00e1ban. A Gr\u00e9mium orsz\u00e1gos szinten felel\u0151s a szakvizsg\u00e1k elm\u00e9leti r\u00e9sze lebonyol\u00edt\u00e1s\u00e1\u00e9rt.<\/p>\n<h4><strong>Ph.D. k\u00e9pz\u00e9s:<\/strong><\/h4>\n<ul>\n<li>R\u00e1cz K\u00e1roly Klinikai orvostudom\u00e1nyok DI: 06 Program. Klinikai hematol\u00f3gia, vezet\u0151: prof. Masszi Tam\u00e1s, t\u00e9mavezet\u0151k: Tordai Attila, Andrikovics Hajnalka. <strong>Kutat\u00e1si t\u00e9m\u00e1k:<\/strong>\n<ul>\n<li>A patient blood management program megval\u00f3s\u00edthat\u00f3s\u00e1ga a SE-n, a kezdeti l\u00e9p\u00e9sek hat\u00e1sai;<\/li>\n<li>Transzplant\u00e1ci\u00f3s immungenetikai kutat\u00e1sok: a donor t\u00edpus\u00fa sejtmentes DNS szerepe a szerv-kil\u00f6k\u0151d\u00e9s el\u0151re jelz\u00e9s\u00e9ben;<\/li>\n<li>Molekul\u00e1ris genetikai m\u00f3dszerek alkalmaz\u00e1sa a transzf\u00fazi\u00f3 \u00e9s hematopoietikus \u0151ssejt transzplant\u00e1ci\u00f3 sor\u00e1n a megfelel\u0151 recipiens \u00e9s donor p\u00e1ros\u00edt\u00e1s kiv\u00e1laszt\u00e1s\u00e1ra;<\/li>\n<li>\u00d6r\u00f6kletes \u00e9s szerzett genetikai t\u00e9nyez\u0151k k\u00f6lcs\u00f6nhat\u00e1sainak vizsg\u00e1lata egyes hematol\u00f3giai k\u00f3rk\u00e9pek patomechanizmus\u00e1ban.<\/li>\n<\/ul>\n<\/li>\n<li>Molekul\u00e1ris orvostudom\u00e1nyok DI: t\u00e9mavezet\u0151: Enyedi \u00c1gnes. <br \/>\n<strong>Kutat\u00e1si t\u00e9m\u00e1k:<\/strong><\/p>\n<ul>\n<li>Ca2+ transzportfeh\u00e9rj\u00e9k vizsg\u00e1lata norm\u00e1l \u00e9s tumoros sejtekben, sz\u00f6vetekben.<\/li>\n<\/ul>\n<\/li>\n<\/ul>\n<h4><strong>Tov\u00e1bbk\u00e9pz\u00e9s:<\/strong><\/h4>\n<p>A Transzfuziol\u00f3giai Tansz\u00e9k az egyetem <a href=\"https:\/\/semmelweis.hu\/szak-es-tovabbkepzes\" target=\"_blank\" rel=\"noopener\">Szak- \u00e9s Tov\u00e1bbk\u00e9pz\u00e9si K\u00f6zpontj\u00e1val<\/a> egy\u00fcttm\u0171k\u00f6dve r\u00e9szt vesz az orvos-tov\u00e1bbk\u00e9pz\u00e9s keret\u00e9ben megtartott k\u00f6telez\u0151 \u00e9s k\u00f6telez\u0151en v\u00e1laszthat\u00f3 tanfolyamok szervez\u00e9s\u00e9ben \u00e9s lebonyol\u00edt\u00e1s\u00e1ban.<\/p>\n","protected":false},"excerpt":{"rendered":"<p>A Tansz\u00e9k r\u00e9szt vesz a szakorvosk\u00e9pz\u00e9sben (rezidens) \u00e9s a szakorvosok tov\u00e1bbk\u00e9pz\u00e9s\u00e9ben. A Tansz\u00e9k b\u00e1zis\u00e1n m\u0171k\u00f6dik a 45 alapszakvizsga egyikek\u00e9nt szerepl\u0151 \u201eTranszfuziol\u00f3giai Szakmai Gr\u00e9mium\u201d, amely a szakvizsg\u00e1ra val\u00f3 felk\u00e9sz\u00edt\u00e9s szakmai h\u00e1tter\u00e9t biztos\u00edtja, valamint r\u00e9szt vesz a szakorvosk\u00e9pz\u00e9s kurrikulum\u00e1nak meg\u00faj\u00edt\u00e1s\u00e1ban. Rezidens (szakorvos) k\u00e9pz\u00e9s: A Transzfuziol\u00f3giai Tansz\u00e9ken 2022. \u0151szi kezd\u00e9ssel lehet\u0151s\u00e9g ny\u00edlik 1 f\u0151 transzfuziol\u00f3giai rezidens bel\u00e9p\u00e9s\u00e9re az &hellip;<\/p>\n","protected":false},"author":101660,"featured_media":0,"parent":0,"menu_order":2,"comment_status":"closed","ping_status":"closed","template":"","meta":{"_acf_changed":false,"footnotes":""},"categories":[],"tags":[],"class_list":["post-381","page","type-page","status-publish","hentry"],"acf":[],"_links":{"self":[{"href":"https:\/\/semmelweis.hu\/transzfuziologia\/wp-json\/wp\/v2\/pages\/381","targetHints":{"allow":["GET"]}}],"collection":[{"href":"https:\/\/semmelweis.hu\/transzfuziologia\/wp-json\/wp\/v2\/pages"}],"about":[{"href":"https:\/\/semmelweis.hu\/transzfuziologia\/wp-json\/wp\/v2\/types\/page"}],"author":[{"embeddable":true,"href":"https:\/\/semmelweis.hu\/transzfuziologia\/wp-json\/wp\/v2\/users\/101660"}],"replies":[{"embeddable":true,"href":"https:\/\/semmelweis.hu\/transzfuziologia\/wp-json\/wp\/v2\/comments?post=381"}],"version-history":[{"count":7,"href":"https:\/\/semmelweis.hu\/transzfuziologia\/wp-json\/wp\/v2\/pages\/381\/revisions"}],"predecessor-version":[{"id":649,"href":"https:\/\/semmelweis.hu\/transzfuziologia\/wp-json\/wp\/v2\/pages\/381\/revisions\/649"}],"wp:attachment":[{"href":"https:\/\/semmelweis.hu\/transzfuziologia\/wp-json\/wp\/v2\/media?parent=381"}],"wp:term":[{"taxonomy":"category","embeddable":true,"href":"https:\/\/semmelweis.hu\/transzfuziologia\/wp-json\/wp\/v2\/categories?post=381"},{"taxonomy":"post_tag","embeddable":true,"href":"https:\/\/semmelweis.hu\/transzfuziologia\/wp-json\/wp\/v2\/tags?post=381"}],"curies":[{"name":"wp","href":"https:\/\/api.w.org\/{rel}","templated":true}]}}