{"id":368,"date":"2021-02-18T10:00:13","date_gmt":"2021-02-18T09:00:13","guid":{"rendered":"https:\/\/semmelweis.hu\/transzfuziologia\/?page_id=368"},"modified":"2023-07-17T11:04:51","modified_gmt":"2023-07-17T09:04:51","slug":"kutatas","status":"publish","type":"page","link":"https:\/\/semmelweis.hu\/transzfuziologia\/kutatas\/","title":{"rendered":"Kutat\u00e1s"},"content":{"rendered":"<h4><strong><img loading=\"lazy\" decoding=\"async\" class=\"wp-image-543 alignright\" src=\"https:\/\/semmelweis.hu\/transzfuziologia\/files\/2021\/03\/20210311_113844-400x300.jpg\" alt=\"\" width=\"381\" height=\"286\" srcset=\"https:\/\/semmelweis.hu\/transzfuziologia\/files\/2021\/03\/20210311_113844-400x300.jpg 400w, https:\/\/semmelweis.hu\/transzfuziologia\/files\/2021\/03\/20210311_113844-1024x768.jpg 1024w, https:\/\/semmelweis.hu\/transzfuziologia\/files\/2021\/03\/20210311_113844-768x576.jpg 768w, https:\/\/semmelweis.hu\/transzfuziologia\/files\/2021\/03\/20210311_113844-1536x1152.jpg 1536w, https:\/\/semmelweis.hu\/transzfuziologia\/files\/2021\/03\/20210311_113844-2048x1536.jpg 2048w, https:\/\/semmelweis.hu\/transzfuziologia\/files\/2021\/03\/20210311_113844-753x565.jpg 753w\" sizes=\"auto, (max-width: 381px) 100vw, 381px\" \/>kutat\u00e1si ter\u00fcleteink: <\/strong><\/h4>\n<p>Klinikai \u00e9s transzl\u00e1ci\u00f3s kutat\u00e1sokat v\u00e9gz\u00fcnk\u00a0 hematol\u00f3gia, transzfuziol\u00f3gia \u00e9s transzplant\u00e1ci\u00f3 ter\u00fcleteken egyetemi \u00e9s k\u00fcls\u0151 partnerekkel egy\u00fcttm\u0171k\u00f6d\u00e9sben.<\/p>\n<h5>Partnerek:<\/h5>\n<ol>\n<li>SE Transzplant\u00e1ci\u00f3s Klinika<\/li>\n<li>D\u00e9l-pesti Centrumk\u00f3rh\u00e1z \u2013 Orsz\u00e1gos Hematol\u00f3giai \u00e9s Infektol\u00f3giai Int\u00e9zet, Molekul\u00e1ris Genetikai Laborat\u00f3rium<\/li>\n<li>DPC Hematol\u00f3giai \u00e9s \u0150ssejt-transzplant\u00e1ci\u00f3s Oszt\u00e1ly<\/li>\n<li>Orsz\u00e1gos V\u00e9rell\u00e1t\u00f3 Szolg\u00e1lat.<\/li>\n<\/ol>\n","protected":false},"excerpt":{"rendered":"<p>kutat\u00e1si ter\u00fcleteink:<br \/>\nKlinikai \u00e9s transzl\u00e1ci\u00f3s kutat\u00e1sokat v\u00e9gz\u00fcnk\u00a0 hematol\u00f3gia, transzfuziol\u00f3gia \u00e9s transzplant\u00e1ci\u00f3 ter\u00fcleteken egyetemi \u00e9s k\u00fcls\u0151 partnerekkel egy\u00fcttm\u0171k\u00f6d\u00e9sben.<br \/>\nPartnerek:<\/p>\n<p>SE Transzplant\u00e1ci\u00f3s Klinika<br \/>\nD\u00e9l-pesti Centrumk\u00f3rh\u00e1z \u2013 Orsz\u00e1gos Hematol\u00f3giai \u00e9s Infektol\u00f3giai Int\u00e9zet, Molekul\u00e1ris Genetikai Laborat\u00f3rium<br \/>\nDPC Hematol\u00f3giai \u00e9s \u0150ssejt-transzplant\u00e1ci\u00f3s Oszt\u00e1ly<br \/>\nOrsz\u00e1gos V\u00e9rell\u00e1t\u00f3 Szolg\u00e1lat.<\/p>\n","protected":false},"author":101660,"featured_media":0,"parent":0,"menu_order":3,"comment_status":"closed","ping_status":"closed","template":"","meta":{"_acf_changed":false,"footnotes":""},"categories":[],"tags":[],"class_list":["post-368","page","type-page","status-publish","hentry"],"acf":[],"_links":{"self":[{"href":"https:\/\/semmelweis.hu\/transzfuziologia\/wp-json\/wp\/v2\/pages\/368","targetHints":{"allow":["GET"]}}],"collection":[{"href":"https:\/\/semmelweis.hu\/transzfuziologia\/wp-json\/wp\/v2\/pages"}],"about":[{"href":"https:\/\/semmelweis.hu\/transzfuziologia\/wp-json\/wp\/v2\/types\/page"}],"author":[{"embeddable":true,"href":"https:\/\/semmelweis.hu\/transzfuziologia\/wp-json\/wp\/v2\/users\/101660"}],"replies":[{"embeddable":true,"href":"https:\/\/semmelweis.hu\/transzfuziologia\/wp-json\/wp\/v2\/comments?post=368"}],"version-history":[{"count":5,"href":"https:\/\/semmelweis.hu\/transzfuziologia\/wp-json\/wp\/v2\/pages\/368\/revisions"}],"predecessor-version":[{"id":642,"href":"https:\/\/semmelweis.hu\/transzfuziologia\/wp-json\/wp\/v2\/pages\/368\/revisions\/642"}],"wp:attachment":[{"href":"https:\/\/semmelweis.hu\/transzfuziologia\/wp-json\/wp\/v2\/media?parent=368"}],"wp:term":[{"taxonomy":"category","embeddable":true,"href":"https:\/\/semmelweis.hu\/transzfuziologia\/wp-json\/wp\/v2\/categories?post=368"},{"taxonomy":"post_tag","embeddable":true,"href":"https:\/\/semmelweis.hu\/transzfuziologia\/wp-json\/wp\/v2\/tags?post=368"}],"curies":[{"name":"wp","href":"https:\/\/api.w.org\/{rel}","templated":true}]}}