{"id":131,"date":"2019-10-24T13:39:21","date_gmt":"2019-10-24T11:39:21","guid":{"rendered":"http:\/\/semmelweis.hu\/transzfuziologia\/?page_id=131"},"modified":"2023-07-17T10:52:27","modified_gmt":"2023-07-17T08:52:27","slug":"elerhetoseg","status":"publish","type":"page","link":"https:\/\/semmelweis.hu\/transzfuziologia\/elerhetoseg\/","title":{"rendered":"El\u00e9rhet\u0151s\u00e9g"},"content":{"rendered":"<p><span style=\"font-size: 18pt;\"><strong>Transzfuziol\u00f3giai Tansz\u00e9k<\/strong><\/span><\/p>\n<p><strong>C\u00edm:<\/strong> 1089 Budapest, Nagyv\u00e1rad t\u00e9r 4. 16. emelet<br \/>\n<strong>Postac\u00edm:<\/strong> 1085 Budapest, \u00dcll\u0151i \u00fat 26. ; 1428 Budapest, Pf.2.<br \/>\n<strong>Telefon:<\/strong> +36-1-459-1500\/56157<\/p>\n\n<!-- iframe plugin v.4.9 wordpress.org\/plugins\/iframe\/ -->\n<iframe loading=\"lazy\" style=\"border: 0;\" src=\"https:\/\/www.google.com\/maps\/embed?pb=!1m18!1m12!1m3!1d2696.547848548168!2d19.08939011562607!3d47.479239879176426!2m3!1f0!2f0!3f0!3m2!1i1024!2i768!4f13.1!3m3!1m2!1s0x4741dce663d65943%3A0xf5391fc3337d063b!2zQnVkYXBlc3QsIE5hZ3l2w6FyYWQgdMOpciA0LCAxMDg5!5e0!3m2!1shu!2shu!4v1571917623598!5m2!1shu!2shu\" width=\"100%\" height=\"450\" frameborder=\"0\" allowfullscreen=\"allowfullscreen\" scrolling=\"yes\" class=\"iframe-class\"><\/iframe>\n\n","protected":false},"excerpt":{"rendered":"<p>Transzfuziol\u00f3giai Tansz\u00e9k<br \/>\nC\u00edm: 1089 Budapest, Nagyv\u00e1rad t\u00e9r 4. 16. emelet<br \/>\nPostac\u00edm: 1085 Budapest, \u00dcll\u0151i \u00fat 26. ; 1428 Budapest, Pf.2.<br \/>\nTelefon: +36-1-459-1500\/56157<\/p>\n","protected":false},"author":12,"featured_media":0,"parent":0,"menu_order":6,"comment_status":"closed","ping_status":"closed","template":"template-fullwidth.php","meta":{"_acf_changed":false,"footnotes":""},"categories":[],"tags":[],"class_list":["post-131","page","type-page","status-publish","hentry"],"acf":[],"_links":{"self":[{"href":"https:\/\/semmelweis.hu\/transzfuziologia\/wp-json\/wp\/v2\/pages\/131","targetHints":{"allow":["GET"]}}],"collection":[{"href":"https:\/\/semmelweis.hu\/transzfuziologia\/wp-json\/wp\/v2\/pages"}],"about":[{"href":"https:\/\/semmelweis.hu\/transzfuziologia\/wp-json\/wp\/v2\/types\/page"}],"author":[{"embeddable":true,"href":"https:\/\/semmelweis.hu\/transzfuziologia\/wp-json\/wp\/v2\/users\/12"}],"replies":[{"embeddable":true,"href":"https:\/\/semmelweis.hu\/transzfuziologia\/wp-json\/wp\/v2\/comments?post=131"}],"version-history":[{"count":7,"href":"https:\/\/semmelweis.hu\/transzfuziologia\/wp-json\/wp\/v2\/pages\/131\/revisions"}],"predecessor-version":[{"id":637,"href":"https:\/\/semmelweis.hu\/transzfuziologia\/wp-json\/wp\/v2\/pages\/131\/revisions\/637"}],"wp:attachment":[{"href":"https:\/\/semmelweis.hu\/transzfuziologia\/wp-json\/wp\/v2\/media?parent=131"}],"wp:term":[{"taxonomy":"category","embeddable":true,"href":"https:\/\/semmelweis.hu\/transzfuziologia\/wp-json\/wp\/v2\/categories?post=131"},{"taxonomy":"post_tag","embeddable":true,"href":"https:\/\/semmelweis.hu\/transzfuziologia\/wp-json\/wp\/v2\/tags?post=131"}],"curies":[{"name":"wp","href":"https:\/\/api.w.org\/{rel}","templated":true}]}}