{"id":9,"date":"2023-09-14T16:52:14","date_gmt":"2023-09-14T14:52:14","guid":{"rendered":"https:\/\/semmelweis.hu\/tomo\/?page_id=9"},"modified":"2025-03-18T14:01:39","modified_gmt":"2025-03-18T13:01:39","slug":"elerhetosegek","status":"publish","type":"page","link":"https:\/\/semmelweis.hu\/tomo\/elerhetosegek\/","title":{"rendered":"El\u00e9rhet\u0151s\u00e9gek"},"content":{"rendered":"<h1>T\u00f6m\u0151 utcai Klinikai T\u00f6mbigazgat\u00f3s\u00e1g<\/h1>\n<p><strong>N\u00e1ndori Ferenc\u00a0<\/strong><br \/>\n<strong>t\u00f6mbigazgat\u00f3-helyettes<\/strong><\/p>\n<p>C\u00edm: 1083 Budapest, T\u00f6m\u0151 utca 25-29.<br \/>\nTelefon: 06 1 459-1500<\/p>\n<p><strong>Iroda c\u00edme:<\/strong><\/p>\n<p>1083 Budapest, Ill\u00e9s utca 26. fsz.<\/p>\n<p><a href=\"https:\/\/semmelweis.hu\/tomo\/munkatarsak\/\">Munkat\u00e1rsaink \u2192<\/a><\/p>\n<h4>A klinikai t\u00f6mb a t\u00e9rk\u00e9pen<\/h4>\n\n<!-- iframe plugin v.4.9 wordpress.org\/plugins\/iframe\/ -->\n<iframe src=\"https:\/\/www.google.com\/maps\/embed?pb=!1m18!1m12!1m3!1d2696.2454206409475!2d19.079418875604997!3d47.48513217117891!2m3!1f0!2f0!3f0!3m2!1i1024!2i768!4f13.1!3m3!1m2!1s0x4741dcf0f3914981%3A0x2dcd62231198aa28!2zQnVkYXBlc3QsIFTDtm3FkSB1LiAyNS0yOSwgMTA4Mw!5e0!3m2!1sen!2shu!4v1717747929221!5m2!1sen!2shu\" width=\"100%\" height=\"450\" style=\"border:0;\" allowfullscreen loading=\"lazy\" referrerpolicy=\"no-referrer-when-downgrade\" scrolling=\"yes\" class=\"iframe-class\" frameborder=\"0\"><\/iframe>\n\n","protected":false},"excerpt":{"rendered":"<p>T\u00f6m\u0151 utcai Klinikai T\u00f6mbigazgat\u00f3s\u00e1g<br \/>\nN\u00e1ndori Ferenc\u00a0<br \/>\nt\u00f6mbigazgat\u00f3-helyettes<br \/>\nC\u00edm: 1083 Budapest, T\u00f6m\u0151 utca 25-29.<br \/>\nTelefon: 06 1 459-1500<br \/>\nIroda c\u00edme:<br \/>\n1083 Budapest, Ill\u00e9s utca 26. fsz.<br \/>\n<a href=\"https:\/\/semmelweis.hu\/tomo\/munkatarsak\/\">Munkat\u00e1rsaink \u2192<\/a><br \/>\nA klinikai t\u00f6mb a t\u00e9rk\u00e9pen<\/p>\n","protected":false},"author":12,"featured_media":0,"parent":0,"menu_order":8,"comment_status":"closed","ping_status":"closed","template":"template-fullwidth.php","meta":{"_acf_changed":false,"footnotes":""},"categories":[],"tags":[],"class_list":["post-9","page","type-page","status-publish","hentry"],"acf":[],"_links":{"self":[{"href":"https:\/\/semmelweis.hu\/tomo\/wp-json\/wp\/v2\/pages\/9","targetHints":{"allow":["GET"]}}],"collection":[{"href":"https:\/\/semmelweis.hu\/tomo\/wp-json\/wp\/v2\/pages"}],"about":[{"href":"https:\/\/semmelweis.hu\/tomo\/wp-json\/wp\/v2\/types\/page"}],"author":[{"embeddable":true,"href":"https:\/\/semmelweis.hu\/tomo\/wp-json\/wp\/v2\/users\/12"}],"replies":[{"embeddable":true,"href":"https:\/\/semmelweis.hu\/tomo\/wp-json\/wp\/v2\/comments?post=9"}],"version-history":[{"count":10,"href":"https:\/\/semmelweis.hu\/tomo\/wp-json\/wp\/v2\/pages\/9\/revisions"}],"predecessor-version":[{"id":105,"href":"https:\/\/semmelweis.hu\/tomo\/wp-json\/wp\/v2\/pages\/9\/revisions\/105"}],"wp:attachment":[{"href":"https:\/\/semmelweis.hu\/tomo\/wp-json\/wp\/v2\/media?parent=9"}],"wp:term":[{"taxonomy":"category","embeddable":true,"href":"https:\/\/semmelweis.hu\/tomo\/wp-json\/wp\/v2\/categories?post=9"},{"taxonomy":"post_tag","embeddable":true,"href":"https:\/\/semmelweis.hu\/tomo\/wp-json\/wp\/v2\/tags?post=9"}],"curies":[{"name":"wp","href":"https:\/\/api.w.org\/{rel}","templated":true}]}}