{"id":5,"date":"2023-09-14T16:51:36","date_gmt":"2023-09-14T14:51:36","guid":{"rendered":"https:\/\/semmelweis.hu\/tomo\/?page_id=5"},"modified":"2025-01-15T14:57:06","modified_gmt":"2025-01-15T13:57:06","slug":"rolunk","status":"publish","type":"page","link":"https:\/\/semmelweis.hu\/tomo\/","title":{"rendered":"R\u00f3lunk"},"content":{"rendered":"<p>A T\u00f6m\u0151 utcai Klinikai T\u00f6mbigazgat\u00f3s\u00e1g a K\u00f6lts\u00e9gvet\u00e9si \u00e9s Kontrolling F\u0151igazgat\u00f3s\u00e1g Eg\u00e9szs\u00e9g\u00fcgyi H\u00e1l\u00f3zat-ir\u00e1ny\u00edt\u00e1si Igazgat\u00f3s\u00e1g funkcion\u00e1lis szervezeti egys\u00e9ge.<\/p>\n<p><strong>Biztos\u00edtja a k\u00f6vetkez\u0151 szervezeti egys\u00e9gek eset\u00e9n:<\/strong><\/p>\n<ul style=\"list-style-type: square\">\n<li>Belgy\u00f3gy\u00e1szati \u00e9s Onkol\u00f3giai Klinika,<\/li>\n<li>Neurol\u00f3giai Klinika,<\/li>\n<li>Pankre\u00e1sz Betegs\u00e9gek Int\u00e9zete,<\/li>\n<li>Pszichi\u00e1tria \u00e9s Pszichoter\u00e1pi\u00e1s Klinika,<\/li>\n<li>Pulmonol\u00f3gia Klinika<\/li>\n<li>Urol\u00f3giai Klinika<\/li>\n<\/ul>\n<p>a m\u0171k\u00f6d\u00e9s\u00e9t biztos\u00edt\u00f3 gazdas\u00e1gi, \u00e9s m\u0171szaki feladatokat, m\u0171k\u00f6d\u00e9si \u00e9s \u00fczemeltet\u00e9si felt\u00e9teleit. Ell\u00e1tja a m\u0171k\u00f6d\u00e9s\u00fckh\u00f6z sz\u00fcks\u00e9ges gazdas\u00e1gi, m\u0171szaki, szem\u00e9ly\u00fcgyi \u00e9s adminisztrat\u00edv tev\u00e9kenys\u00e9geket. Szervezete felett k\u00f6zvetlen\u00fcl az Eg\u00e9szs\u00e9g\u00fcgyi H\u00e1l\u00f3zatir\u00e1ny\u00edt\u00e1si igazgat\u00f3 \u00e9s a gazdas\u00e1gi f\u0151igazgat\u00f3 gyakorol ellen\u0151rz\u00e9st.<\/p>\n<h4><strong>Kapcsol\u00f3d\u00f3 oldalak<\/strong><\/h4>\n<p><a class=\"btn btn-secondary\" href=\"https:\/\/semmelweis.hu\/tomo\/muszaki-hibabejelentes\/\">M\u0171szaki hibabejelent\u00e9s<\/a>\u00a0 \u00a0 \u00a0 \u00a0<a class=\"button\" href=\"https:\/\/semmelweis.hu\/tomo\/elerhetosegek\/\">El\u00e9rhet\u0151s\u00e9g<\/a><\/p>\n","protected":false},"excerpt":{"rendered":"<p>A T\u00f6m\u0151 utcai Klinikai T\u00f6mbigazgat\u00f3s\u00e1g a K\u00f6lts\u00e9gvet\u00e9si \u00e9s Kontrolling F\u0151igazgat\u00f3s\u00e1g Eg\u00e9szs\u00e9g\u00fcgyi H\u00e1l\u00f3zat-ir\u00e1ny\u00edt\u00e1si Igazgat\u00f3s\u00e1g funkcion\u00e1lis szervezeti egys\u00e9ge. Biztos\u00edtja a k\u00f6vetkez\u0151 szervezeti egys\u00e9gek eset\u00e9n: Belgy\u00f3gy\u00e1szati \u00e9s Onkol\u00f3giai Klinika, Neurol\u00f3giai Klinika, Pankre\u00e1sz Betegs\u00e9gek Int\u00e9zete, Pszichi\u00e1tria \u00e9s Pszichoter\u00e1pi\u00e1s Klinika, Pulmonol\u00f3gia Klinika Urol\u00f3giai Klinika a m\u0171k\u00f6d\u00e9s\u00e9t biztos\u00edt\u00f3 gazdas\u00e1gi, \u00e9s m\u0171szaki feladatokat, m\u0171k\u00f6d\u00e9si \u00e9s \u00fczemeltet\u00e9si felt\u00e9teleit. Ell\u00e1tja a m\u0171k\u00f6d\u00e9s\u00fckh\u00f6z sz\u00fcks\u00e9ges gazdas\u00e1gi, &hellip;<\/p>\n","protected":false},"author":12,"featured_media":0,"parent":0,"menu_order":0,"comment_status":"closed","ping_status":"closed","template":"","meta":{"_acf_changed":false,"footnotes":""},"categories":[],"tags":[],"class_list":["post-5","page","type-page","status-publish","hentry"],"acf":[],"_links":{"self":[{"href":"https:\/\/semmelweis.hu\/tomo\/wp-json\/wp\/v2\/pages\/5","targetHints":{"allow":["GET"]}}],"collection":[{"href":"https:\/\/semmelweis.hu\/tomo\/wp-json\/wp\/v2\/pages"}],"about":[{"href":"https:\/\/semmelweis.hu\/tomo\/wp-json\/wp\/v2\/types\/page"}],"author":[{"embeddable":true,"href":"https:\/\/semmelweis.hu\/tomo\/wp-json\/wp\/v2\/users\/12"}],"replies":[{"embeddable":true,"href":"https:\/\/semmelweis.hu\/tomo\/wp-json\/wp\/v2\/comments?post=5"}],"version-history":[{"count":11,"href":"https:\/\/semmelweis.hu\/tomo\/wp-json\/wp\/v2\/pages\/5\/revisions"}],"predecessor-version":[{"id":99,"href":"https:\/\/semmelweis.hu\/tomo\/wp-json\/wp\/v2\/pages\/5\/revisions\/99"}],"wp:attachment":[{"href":"https:\/\/semmelweis.hu\/tomo\/wp-json\/wp\/v2\/media?parent=5"}],"wp:term":[{"taxonomy":"category","embeddable":true,"href":"https:\/\/semmelweis.hu\/tomo\/wp-json\/wp\/v2\/categories?post=5"},{"taxonomy":"post_tag","embeddable":true,"href":"https:\/\/semmelweis.hu\/tomo\/wp-json\/wp\/v2\/tags?post=5"}],"curies":[{"name":"wp","href":"https:\/\/api.w.org\/{rel}","templated":true}]}}