{"id":28,"date":"2024-06-07T08:27:54","date_gmt":"2024-06-07T06:27:54","guid":{"rendered":"https:\/\/semmelweis.hu\/tomo\/?page_id=28"},"modified":"2025-02-13T12:26:03","modified_gmt":"2025-02-13T11:26:03","slug":"muszaki-hibabejelentes","status":"publish","type":"page","link":"https:\/\/semmelweis.hu\/tomo\/muszaki-hibabejelentes\/","title":{"rendered":"M\u0171szaki hibabejelent\u00e9s"},"content":{"rendered":"<p><strong>T\u00c1J\u00c9KOZTAT\u00d3\u00a0<\/strong><strong>1\/2024. (VI.\/06.) a m\u0171szaki jelleg\u0171 jav\u00edt\u00e1s, karbantart\u00e1s (a tov\u00e1bbiakban egy\u00fctt: jav\u00edt\u00e1s) ig\u00e9nyl\u00e9s\u00e9nek bejelent\u00e9se, az elv\u00e9gzett jav\u00edt\u00e1s ig\u00e9nyl\u0151i \u00e1tv\u00e9tele \u00e9s a jav\u00edt\u00e1si munkalap igazol\u00e1sa (al\u00e1\u00edr\u00e1sa) t\u00e1rgy\u00e1ban<\/strong><\/p>\n<div class=\"keretes w-100\">\n<p><strong><em>FIGYELEM! A jelen T\u00c1J\u00c9KOZTAT\u00d3 a T\u00f6m\u0151 utcai \u00e9p\u00fcletet, \u00e9p\u00fcletg\u00e9p\u00e9szetet (villany, g\u00e1z, v\u00edz, csatorna, lift, f\u0171t\u00e9s), valamint a b\u00fatorzatot \u00e9rint\u0151 jav\u00edt\u00e1sokra vonatkozik. Az orvosi \u00e9s m\u00e1s m\u0171szereket, berendez\u00e9seket \u00e9rint\u0151 jav\u00edt\u00e1sokkal kapcsolatos feladatokr\u00f3l az \u00e9p\u00fcletben m\u0171k\u00f6d\u0151 szervezeti egys\u00e9gek \u00f6n\u00e1ll\u00f3an int\u00e9zkednek.<\/em><\/strong><\/p>\n<\/div>\n<p>A T\u00f6m\u0151 utcai Klinikai T\u00f6mbigazgat\u00f3s\u00e1g T\u00f6m\u0151 utcai \u00e9p\u00fclet\u00e9ben m\u0171k\u00f6d\u0151 szervezeti egys\u00e9gek r\u00e9sz\u00e9re a m\u0171szaki jelleg\u0171 jav\u00edt\u00e1sainak c\u00edmben jelzett folyamatai az al\u00e1bbiak szerint t\u00f6rt\u00e9nnek<\/p>\n<h2>I. \u00c1ltal\u00e1nos szab\u00e1lyok<\/h2>\n<p><strong>I\/1.)<\/strong> A T\u00f6m\u0151 utcai Klinikai T\u00f6mbigazgat\u00f3s\u00e1g T\u00f6m\u0151 utcai \u00e9p\u00fclet\u00e9ben m\u0171k\u00f6d\u0151 szervezeti egys\u00e9gek \u00e9s a munkak\u00f6ri le\u00edr\u00e1suk szerint az ugyanabban az \u00e9p\u00fcletben feladatot ell\u00e1t\u00f3, a T\u00f6mbigazgat\u00f3s\u00e1g valamennyi munkat\u00e1rs\u00e1nak, valamint a portaszolg\u00e1lat szem\u00e9lyzet\u00e9nek is, k\u00f6teless\u00e9ge az Egyetem birtok\u00e1ban (tulajdon\u00e1ban \u00e9s\/vagy haszn\u00e1lat\u00e1ban) l\u00e9v\u0151 m\u0171szaki, technikai berendez\u00e9seknek a rendeltet\u00e9sszer\u0171 haszn\u00e1lata, m\u0171szaki \u00e1llapot\u00e1nak k\u00edm\u00e9l\u00e9se, optim\u00e1lis energiafelhaszn\u00e1l\u00e1s\u00e1nak biztos\u00edt\u00e1sa \u00e9s birtokon bel\u00fcl tart\u00e1s\u00e1nak az el\u0151seg\u00edt\u00e9se.<\/p>\n<p><strong>I\/2.)<\/strong> Minden jav\u00edt\u00e1si ig\u00e9nybejelent\u00e9st megel\u0151z\u0151en a bejelent\u0151 k\u00f6teles meggy\u0151z\u0151dni a jav\u00edt\u00e1si ig\u00e9ny val\u00f3dis\u00e1g\u00e1r\u00f3l, indokolts\u00e1g\u00e1r\u00f3l, k\u00f6teles tov\u00e1bb\u00e1 a jav\u00edt\u00e1si ig\u00e9ny pontos hely\u00e9t megadni, a hibajelens\u00e9get a val\u00f3s\u00e1gnak megfelel\u0151en, szabatosan, t\u00e1rgyilagosan meghat\u00e1rozni. Az indokolatlan vagy nem val\u00f3s jav\u00edt\u00e1si ig\u00e9nybejelent\u00e9s f\u00f6l\u00f6slegesen terheli le a karbantart\u00f3 szem\u00e9lyzet munkaidej\u00e9t, amely m\u00e1s, t\u00e9nyleges jav\u00edt\u00e1si sz\u00fcks\u00e9glet elv\u00e9gz\u00e9s\u00e9nek hat\u00e1ridej\u00e9t tolja k\u00e9s\u0151bbi id\u0151pontra.<\/p>\n<p><strong>I\/3.)<\/strong> Elt\u00e9r\u0151 a hibabejelent\u00e9s m\u00f3dja a t\u00f6rzs-munkaid\u0151ben <strong>(munkanapokon 07:00 \u2013 15:00 \u00f3ra k\u00f6z\u00f6tt) <\/strong>\u00e9s m\u00e1s az azon k\u00edv\u00fcli id\u0151ben. Ennek r\u00e9szletes le\u00edr\u00e1s\u00e1t a jelen T\u00c1J\u00c9KOZTAT\u00d3 II. fejezete tartalmazza.<\/p>\n<p><strong>I\/4.)<\/strong> Mindenk\u00e9ppen t\u00f6rekedni kell arra, hogy amennyiben a hiba jellege \u00e9s a jav\u00edt\u00e1shoz sz\u00fcks\u00e9ges szersz\u00e1m-ell\u00e1totts\u00e1gunk lehet\u0151v\u00e9 teszi, els\u0151sorban a saj\u00e1t munkaer\u0151vel (saj\u00e1t karbantart\u00f3 munkat\u00e1rsainkkal) v\u00e9geztess\u00fck el a jav\u00edt\u00e1st. Ez az alapos helyismereten \u00e9s a maxim\u00e1lis rugalmass\u00e1gon t\u00falmen\u0151en kifejezetten k\u00f6lts\u00e9ghat\u00e9konyabb, mint a m\u00e1s m\u00f3don t\u00f6rt\u00e9n\u0151 jav\u00edttat\u00e1s.<\/p>\n<p><strong>I\/5.)<\/strong> Amennyiben a h\u00e1zilagos jav\u00edttat\u00e1s ak\u00e1r a szersz\u00e1m-ell\u00e1totts\u00e1gunk hi\u00e1nya, ak\u00e1r a saj\u00e1t munkaer\u0151 leterhelts\u00e9ge miatt, ak\u00e1r az\u00e9rt, mert a jav\u00edtand\u00f3 dolog garanci\u00e1lis \u00e9s h\u00e1zi jav\u00edt\u00e1s a garancia elveszt\u00e9s\u00e9vel j\u00e1rna, annak a k\u00fcls\u0151 jav\u00edt\u00e1sra t\u00f6rt\u00e9n\u0151 bejelent\u00e9se a T\u00f6mbigazgat\u00f3s\u00e1g m\u0171szaki oszt\u00e1lyvezet\u0151j\u00e9nek feladata. (A jelen T\u00c1J\u00c9KOZTAT\u00d3 \u00e9rtelmez\u00e9s\u00e9ben \u201ek\u00fcls\u0151\u201d jav\u00edt\u00e1snak min\u0151s\u00fcl a nem a T\u00f6mbigazgat\u00f3s\u00e1g karbantart\u00f3 szem\u00e9lyzet\u00e9vel t\u00f6rt\u00e9n\u0151 jav\u00edttat\u00e1s, f\u00fcggetlen\u00fcl att\u00f3l, hogy azt a Semmelweis Egyetem m\u00e1s szervezeti egys\u00e9ge v\u00e9gzi vagy az Egyetemen k\u00edv\u00fcli szervezet, t\u00e1rsas\u00e1g, v\u00e1llalkoz\u00e1s.)<\/p>\n<p><strong>I\/6.)<\/strong> A szervezeti egys\u00e9g r\u00e9sz\u00e9r\u0151l ig\u00e9nyelt jav\u00edt\u00e1st annak elv\u00e9gz\u00e9sekor igazolni kell, f\u00fcggetlen\u00fcl att\u00f3l, hogy a jav\u00edt\u00e1st a T\u00f6mbigazgat\u00f3s\u00e1g saj\u00e1t karbantart\u00f3 szem\u00e9lyzete vagy k\u00fcls\u0151 szem\u00e9lyzet v\u00e9gzi. Az igazol\u00e1s m\u00f3djai az al\u00e1bbiak lehetnek, \u00e9s elv\u00e9gzett jav\u00edt\u00e1st a jav\u00edt\u00e1st v\u00e9gz\u0151 \u00e1ltal ki\u00e1ll\u00edtott munkalapon igazolni kell. Az igazol\u00e1snak az igazol\u00f3 olvashat\u00f3 nev\u00e9t, az olvashat\u00f3 d\u00e1tumot, \u00f3ra, perc pontoss\u00e1ggal, valamint az igazol\u00f3 al\u00e1\u00edr\u00e1s\u00e1t kell tartalmazni. A saj\u00e1t karbantart\u00f3 munkat\u00e1rsainkkal t\u00f6rt\u00e9n\u0151 jav\u00edttat\u00e1s eset\u00e9n a munka elv\u00e9gz\u00e9s\u00e9nek az igazol\u00e1sa a szervezeti egys\u00e9g \u00e1ltal a munkav\u00e9gz\u00e9st kezdem\u00e9nyez\u0151 hibabejelent\u0151 lap megfelel\u0151 r\u00e9sz\u00e9n t\u00f6rt\u00e9nik.<\/p>\n<p><strong>I\/7.)<\/strong> Abban az esetben, ha a m\u0171szaki jelleg\u0171 jav\u00edt\u00e1s (karbantart\u00e1s) nem a szervezeti egys\u00e9g bejelent\u00e9se alapj\u00e1n t\u00f6rt\u00e9nik, a munka elv\u00e9gz\u00e9s\u00e9nek munkalapon t\u00f6rt\u00e9n\u0151 igazol\u00e1sa nem a szervezeti egys\u00e9g feladata \u00e9s jogosults\u00e1ga.<\/p>\n<p><strong><em>I\/8.)<\/em><\/strong><em> A T\u00f6m\u0151 \u00e9p\u00fclet k\u00f6z\u00f6s haszn\u00e1lat\u00fa ter\u00fcleteit \u00e9s k\u00f6z\u00f6s haszn\u00e1lat\u00fa h\u00e1l\u00f3zatait, eszk\u00f6zeit (felvon\u00f3, orvosi g\u00e1z; haszn\u00e1lati v\u00edz; elektromos \u00e1ram; f\u0171t\u00e9s) \u00e9rint\u0151 probl\u00e9m\u00e1k eset\u00e9ben a k\u00e9szenl\u00e9tes telefonsz\u00e1m h\u00edv\u00e1sa el\u00e9gs\u00e9ges, nem sz\u00fcks\u00e9ges k\u00fcl\u00f6n hibajegy ki\u00e1ll\u00edt\u00e1sa.<\/em><\/p>\n<p><strong>I\/9.)<\/strong> A nem a T\u00f6mbigazgat\u00f3s\u00e1g karbantart\u00f3 munkat\u00e1rsai \u00e1ltal v\u00e9gzett m\u0171szaki jav\u00edt\u00e1s eset\u00e9n a munkav\u00e9gz\u00e9s helysz\u00edn\u00e9n megjelen\u0151 szem\u00e9ly k\u00f6teles bejelentkezni a szervezeti egys\u00e9g szolg\u00e1latban l\u00e9v\u0151 vezet\u0151 (oszt\u00e1ly\/r\u00e9szlegvezet\u0151) \u00e1pol\u00f3j\u00e1n\u00e1l, vezet\u0151 (oszt\u00e1ly\/r\u00e9szlegvezet\u0151) asszisztens\u00e9n\u00e9l (t\u00e1voll\u00e9t\u00fck eset\u00e9n azok jogszer\u0171 helyettes\u00edt\u0151j\u00fckn\u00e9l). (A bejelentkez\u00e9si k\u00f6telezetts\u00e9g\u00fckr\u0151l a jav\u00edt\u00e1st v\u00e9gz\u0151 k\u00fcls\u0151 szem\u00e9lyek a megrendel\u00e9s \u00e1tv\u00e9tel\u00e9vel t\u00e1j\u00e9koztat\u00e1s kapnak.) A bejelentkez\u00e9s abban az esetben mell\u0151zhet\u0151, ha a jav\u00edt\u00e1st v\u00e9gz\u0151 k\u00fcls\u0151 szem\u00e9lyt a T\u00f6mbigazgat\u00f3s\u00e1g munkat\u00e1rsa vagy a szervezeti egys\u00e9g munkat\u00e1rsa k\u00eds\u00e9ri a jav\u00edt\u00e1s helysz\u00edn\u00e9re.<\/p>\n<p><strong>I\/10.)<\/strong> Az \u00e9rintett szervezeti egys\u00e9g r\u00e9sz\u00e9re fizet\u00e9si k\u00f6telezetts\u00e9get keletkeztet\u0151 jav\u00edt\u00e1si megrendel\u00e9st a szervezeti egys\u00e9g vezet\u0151je a p\u00e9nz\u00fcgyi ellenjegyz\u00e9sre jogosult munkat\u00e1rs ellenjegyz\u00e9se mellett bocs\u00e1that ki. Az ett\u0151l elt\u00e9r\u0151 m\u00f3don tett fizet\u00e9si k\u00f6telezetts\u00e9gv\u00e1llal\u00e1s p\u00e9nz\u00fcgyi konzekvenci\u00e1ja a szab\u00e1lyt\u00f3l elt\u00e9r\u0151en elj\u00e1r\u00f3 szem\u00e9lyt terheli.<\/p>\n<h2>II. Ig\u00e9nyl\u00e9sre jogosult szem\u00e9lyek\u00a0<\/h2>\n<p><strong>II\/1.)<\/strong> <strong>Munkanapokon t\u00f6rzsid\u0151ben \u2013 7:00 \u00e9s 15:00 \u00f3ra k\u00f6z\u00f6tt<\/strong> a jav\u00edt\u00e1si ig\u00e9ny bejelent\u00e9s\u00e9re \u00e9s a teljes\u00edt\u00e9s igazol\u00e1s\u00e1ra jogosult szem\u00e9lyek a k\u00f6vetkez\u0151k: A T\u00f6m\u0151 utcai \u00e9p\u00fcletben m\u0171k\u00f6d\u0151 szervezeti egys\u00e9gek tekintet\u00e9ben:<\/p>\n<ul>\n<li>vezet\u0151 (oszt\u00e1ly\/r\u00e9szlegvezet\u0151) \u00e1pol\u00f3i,<\/li>\n<li>vezet\u0151 (oszt\u00e1ly\/r\u00e9szlegvezet\u0151) asszisztensei, \u00e9s<\/li>\n<li>a felsoroltak jogszer\u0171 helyettesei, helyettes\u00edt\u0151i, valamint<\/li>\n<li>a szervezeti egys\u00e9gek vezet\u0151 orvosai.<\/li>\n<\/ul>\n<p><strong>II\/2.)<\/strong> Jav\u00edt\u00e1s ig\u00e9nyl\u00e9s\u00e9re \u00e9s a jav\u00edt\u00e1s megt\u00f6rt\u00e9nt\u00e9nek igazol\u00e1sa a munkanapi 07:00 &#8211; 15:00 \u00f3ra k\u00f6z\u00f6tti id\u0151n k\u00edv\u00fcli id\u0151ben, valamint pihen\u0151napokon \u00e9s munkasz\u00fcneti napokon jogosult szem\u00e9lyek a k\u00f6vetkez\u0151k:<\/p>\n<ul>\n<li>vezet\u0151 (oszt\u00e1ly\/r\u00e9szlegvezet\u0151) \u00e1pol\u00f3i,<\/li>\n<li>vezet\u0151 (oszt\u00e1ly\/r\u00e9szlegvezet\u0151) asszisztensei, \u00e9s<\/li>\n<li>a felsoroltak jogszer\u0171 helyettesei, helyettes\u00edt\u0151i,<\/li>\n<li>a szervezeti egys\u00e9gek vezet\u0151 orvosai,<\/li>\n<li>\u00fcgyeletvezet\u0151 orvosok \u00e9s<\/li>\n<li>az ezen id\u0151szakban az ilyen feladattal a vezet\u0151je \u00e1ltal megb\u00edzott, ennek hi\u00e1ny\u00e1ban a rangid\u0151s munkat\u00e1rsak.<\/li>\n<\/ul>\n<h2>III. Az ig\u00e9ny bejelent\u00e9s\u00e9nek l\u00e9p\u00e9sei<\/h2>\n<p>A JELEN FEJEZETBEN \u00cdRT AZON ESETEKBEN, AMIKOR A HIBABEJELENT\u00c9S TELEFONON TEHET\u0150 VAGY TEEND\u0150 MEG, A H\u00cdVHAT\u00d3 TELEFONSZ\u00c1M A K\u00d6VETKEZ\u0150:<\/p>\n<p><strong>+36-30-877-4055<\/strong><\/p>\n<p><strong>III\/1.) <\/strong>A m\u0171szaki jelleg\u0171 jav\u00edt\u00e1si ig\u00e9nyt\/k\u00e9r\u00e9st t\u00f6rzs-munkaid\u0151ben <strong>munkanapokon 07:00 \u2013 15:00 \u00f3ra k\u00f6z\u00f6tti id\u0151szakban<\/strong> alapesetben \u00edr\u00e1sban, el\u0151zetesen kell bejelenteni a T\u00f6mbigazgat\u00f3s\u00e1g m\u0171szaki oszt\u00e1lyvezet\u0151je r\u00e9sz\u00e9re a jelen T\u00c1J\u00c9KOZTAT\u00d3 1. sz\u00e1m\u00fa mell\u00e9klet\u00e9ben megadott e-mail c\u00edmre a kiadott \u00e9s hi\u00e1nytalanul kit\u00f6lt\u00f6tt m\u0171szaki hibabejelent\u0151 \u0171rlap seg\u00edts\u00e9g\u00e9vel. \u00c1ramsz\u00fcnet eset\u00e9n telefonon kell \u00e9rtes\u00edteni a k\u00e9szenl\u00e9tes karbantart\u00f3t fenti telefonsz\u00e1mon. Egy\u00e9b s\u00fcrg\u0151s \u2013 m\u0171k\u00f6d\u00e9st g\u00e1tl\u00f3 hiba eset\u00e9n az \u00edr\u00e1sban t\u00f6rt\u00e9n\u0151 ig\u00e9nybejelent\u00e9st megel\u0151zheti a telefonon t\u00f6rt\u00e9n\u0151 ig\u00e9nyk\u00f6zl\u00e9s, de az \u00edr\u00e1sos hibabejelent\u00e9st 1\u00a0\u00f3r\u00e1n bel\u00fcl p\u00f3tolni kell.<\/p>\n<p><strong>III\/2.)<\/strong> Munkanapokon a 07:00 &#8211; 15:00 \u00f3ra k\u00f6z\u00f6tti id\u0151n k\u00edv\u00fcl, valamint pihen\u0151napokon \u00e9s munkasz\u00fcneti napokon az ig\u00e9nyt telefonon a k\u00e9szenl\u00e9tes karbantart\u00f3 r\u00e9sz\u00e9re kell bejelenteni a fenti telefonsz\u00e1mon. A fenti le\u00edr\u00e1s szerinti \u00edr\u00e1sos hibabejelent\u00e9st minden esetben meg kell ilyenkor is tenni, legk\u00e9s\u0151bb a k\u00f6vetkez\u0151 munkanap reggel 9 \u00f3r\u00e1ig, a hibabejelent\u0151 lapon szerepl\u0151 e-mail c\u00edmen kereszt\u00fcl.<\/p>\n<p>Az \u00edr\u00e1sban leadott hibabejelent\u00e9sek elh\u00e1r\u00edt\u00e1sa, ig\u00e9nyek teljes\u00edt\u00e9se az \u00e9p\u00fcletben ter\u00fcleti leoszt\u00e1s alapj\u00e1n <strong>tervezetten<\/strong> az al\u00e1bbi rend szerint t\u00f6rt\u00e9nik meg:<\/p>\n<ul>\n<li>kedd, szerda \u00e9s cs\u00fct\u00f6rt\u00f6ki munkarend szerinti munkanapokon a Pulmonol\u00f3giai Klinika ter\u00fclt\u00e9t \u00e9rint\u0151 jav\u00edt\u00e1sok teljes\u00edt\u00e9se t\u00f6rt\u00e9nik,<\/li>\n<li>h\u00e9tf\u0151 \u00e9s p\u00e9nteki munkarend szerinti munkanapokon a <strong>NEM<\/strong> a Pulmonol\u00f3giai Klinika ter\u00fclt\u00e9t \u00e9rint\u0151 jav\u00edt\u00e1sok teljes\u00edt\u00e9se t\u00f6rt\u00e9nik.<\/li>\n<\/ul>\n<p>A hibabejelent\u0151 nyomtatv\u00e1ny innen t\u00f6lthet\u0151 le: <a href=\"https:\/\/semmelweis.hu\/tomo\/files\/2025\/02\/SE-TUKT-Muszaki-Hibabejelento-Urlap_vegleges-3.xlsx\">_SE-TUKT-Muszaki-Hibabejelento-Urlap_vegleges-3<\/a><\/p>\n<p>&nbsp;<\/p>\n","protected":false},"excerpt":{"rendered":"<p>T\u00c1J\u00c9KOZTAT\u00d3\u00a01\/2024. (VI.\/06.) a m\u0171szaki jelleg\u0171 jav\u00edt\u00e1s, karbantart\u00e1s (a tov\u00e1bbiakban egy\u00fctt: jav\u00edt\u00e1s) ig\u00e9nyl\u00e9s\u00e9nek bejelent\u00e9se, az elv\u00e9gzett jav\u00edt\u00e1s ig\u00e9nyl\u0151i \u00e1tv\u00e9tele \u00e9s a jav\u00edt\u00e1si munkalap igazol\u00e1sa (al\u00e1\u00edr\u00e1sa) t\u00e1rgy\u00e1ban FIGYELEM! A jelen T\u00c1J\u00c9KOZTAT\u00d3 a T\u00f6m\u0151 utcai \u00e9p\u00fcletet, \u00e9p\u00fcletg\u00e9p\u00e9szetet (villany, g\u00e1z, v\u00edz, csatorna, lift, f\u0171t\u00e9s), valamint a b\u00fatorzatot \u00e9rint\u0151 jav\u00edt\u00e1sokra vonatkozik. Az orvosi \u00e9s m\u00e1s m\u0171szereket, berendez\u00e9seket \u00e9rint\u0151 jav\u00edt\u00e1sokkal kapcsolatos &hellip;<\/p>\n","protected":false},"author":102181,"featured_media":0,"parent":0,"menu_order":1,"comment_status":"closed","ping_status":"closed","template":"template-fullwidth.php","meta":{"_acf_changed":false,"footnotes":""},"categories":[],"tags":[],"class_list":["post-28","page","type-page","status-publish","hentry"],"acf":[],"_links":{"self":[{"href":"https:\/\/semmelweis.hu\/tomo\/wp-json\/wp\/v2\/pages\/28","targetHints":{"allow":["GET"]}}],"collection":[{"href":"https:\/\/semmelweis.hu\/tomo\/wp-json\/wp\/v2\/pages"}],"about":[{"href":"https:\/\/semmelweis.hu\/tomo\/wp-json\/wp\/v2\/types\/page"}],"author":[{"embeddable":true,"href":"https:\/\/semmelweis.hu\/tomo\/wp-json\/wp\/v2\/users\/102181"}],"replies":[{"embeddable":true,"href":"https:\/\/semmelweis.hu\/tomo\/wp-json\/wp\/v2\/comments?post=28"}],"version-history":[{"count":11,"href":"https:\/\/semmelweis.hu\/tomo\/wp-json\/wp\/v2\/pages\/28\/revisions"}],"predecessor-version":[{"id":101,"href":"https:\/\/semmelweis.hu\/tomo\/wp-json\/wp\/v2\/pages\/28\/revisions\/101"}],"wp:attachment":[{"href":"https:\/\/semmelweis.hu\/tomo\/wp-json\/wp\/v2\/media?parent=28"}],"wp:term":[{"taxonomy":"category","embeddable":true,"href":"https:\/\/semmelweis.hu\/tomo\/wp-json\/wp\/v2\/categories?post=28"},{"taxonomy":"post_tag","embeddable":true,"href":"https:\/\/semmelweis.hu\/tomo\/wp-json\/wp\/v2\/tags?post=28"}],"curies":[{"name":"wp","href":"https:\/\/api.w.org\/{rel}","templated":true}]}}