{"id":9205,"date":"2026-03-25T09:33:22","date_gmt":"2026-03-25T08:33:22","guid":{"rendered":"https:\/\/semmelweis.hu\/tmk\/?page_id=9205"},"modified":"2026-03-25T09:39:53","modified_gmt":"2026-03-25T08:39:53","slug":"ctm-2026-27-programok","status":"publish","type":"page","link":"https:\/\/semmelweis.hu\/tmk\/oktatas\/ctm-2026-27-programok\/","title":{"rendered":"CTM 2026\/27 Programok"},"content":{"rendered":"<section aria-label=\"CTM PhD Program\">\n<h1>CTM PhD Program \u2013 Learning by doing<\/h1>\n<p><strong>Gyakorlatorient\u00e1lt PhD-k\u00e9pz\u00e9s er\u0151s m\u00f3dszertani t\u00e1mogat\u00e1ssal \u00e9s mentor\u00e1l\u00e1ssal.<\/strong> N\u00e9zd meg a programvide\u00f3t, b\u00f6ng\u00e9szd a hallgat\u00f3i projekteket, \u00e9s jelentkezz el\u0151 2026\/27-re.<\/p>\n<p><a href=\"https:\/\/forms.office.com\/e\/s66PwiXksV?origin=lprLink\" target=\"_blank\" rel=\"noopener\"><strong>El\u0151jelentkez\u00e9s 2026\/27 \u2192<\/strong><\/a><br \/>\n<a href=\"https:\/\/semmelweis.hu\/tmk\/files\/2026\/01\/project-book-2526-compressed_3_compressed.pdf\" target=\"_blank\" rel=\"noopener\">Hallgat\u00f3i projektek (PDF) \u2192<\/a><br \/>\n<a href=\"https:\/\/www.youtube.com\/watch?v=Nkhm3Ixc7GI\" target=\"_blank\" rel=\"noopener\">Programvide\u00f3 megnyit\u00e1sa \u2192<\/a><\/p>\n<hr \/>\n<h2>Mi\u00e9rt \u00e9rdemes csatlakozni?<\/h2>\n<ul>\n<li><strong>Learning by doing:<\/strong> val\u00f3s kutat\u00e1si projektek, m\u00e9rhet\u0151 kimenetek.<\/li>\n<li><strong>Mentor\u00e1l\u00e1s:<\/strong> struktur\u00e1lt halad\u00e1s, rendszeres visszacsatol\u00e1s.<\/li>\n<li><strong>Akad\u00e9miai output:<\/strong> projekt- \u00e9s publik\u00e1ci\u00f3s f\u00f3kusz.<\/li>\n<\/ul>\n<p><strong>Megjegyz\u00e9s:<\/strong> A r\u00e9szletek int\u00e9zm\u00e9nyenk\u00e9nt v\u00e1ltozhatnak (jelentkez\u00e9si folyamat, adminisztr\u00e1ci\u00f3), de a programlogika egys\u00e9ges.<\/p>\n<hr \/>\n<h2>Programvide\u00f3<\/h2>\n<p><iframe loading=\"lazy\" src=\"https:\/\/www.youtube.com\/embed\/Nkhm3Ixc7GI\" width=\"100%\" height=\"480\"><br \/>\n  <\/iframe><\/p>\n<p>Ha a be\u00e1gyaz\u00e1s nem jelenik meg, a vide\u00f3 k\u00fcl\u00f6n lapon is el\u00e9rhet\u0151: <a href=\"https:\/\/www.youtube.com\/watch?v=Nkhm3Ixc7GI\" target=\"_blank\" rel=\"noopener\">Megnyit\u00e1s YouTube-on<\/a><\/p>\n<hr \/>\n<h2>Gyors bel\u00e9p\u00e9si pontok<\/h2>\n<ul>\n<li><a href=\"https:\/\/forms.office.com\/e\/s66PwiXksV?origin=lprLink\" target=\"_blank\" rel=\"noopener\">El\u0151jelentkez\u00e9s 2026\/27<\/a><\/li>\n<li><a href=\"https:\/\/semmelweis.hu\/tmk\/files\/2026\/01\/project-book-2526-compressed_3_compressed.pdf\" target=\"_blank\" rel=\"noopener\">Hallgat\u00f3i projektek (PDF)<\/a><\/li>\n<li><a href=\"https:\/\/youtu.be\/MWBkjRfxkfQ?si=Q13NCDIo_kNEfBYg\" target=\"_blank\" rel=\"noopener\">Webin\u00e1r felv\u00e9tel<\/a><\/li>\n<li><a href=\"https:\/\/www.youtube.com\/playlist?list=PLRKA1an--trcfWshxmLWxcvKXJG4enazD\" target=\"_blank\" rel=\"noopener\">PhD v\u00e9d\u00e9sek (YouTube playlist)<\/a><\/li>\n<\/ul>\n<hr \/>\n<h2>K\u00f6vetkez\u0151 l\u00e9p\u00e9s<\/h2>\n<p><strong>Indulj el 2 perc alatt.<\/strong> T\u00f6ltsd ki az <a href=\"https:\/\/forms.office.com\/e\/s66PwiXksV?origin=lprLink\" target=\"_blank\" rel=\"noopener\">el\u0151jelentkez\u00e9st<\/a>, \u00e9s k\u00fcldj\u00fck a k\u00f6vetkez\u0151 l\u00e9p\u00e9seket, valamint a relev\u00e1ns anyagokat.<\/p>\n<\/section>\n","protected":false},"excerpt":{"rendered":"<p>CTM PhD Program \u2013 Learning by doing Gyakorlatorient\u00e1lt PhD-k\u00e9pz\u00e9s er\u0151s m\u00f3dszertani t\u00e1mogat\u00e1ssal \u00e9s mentor\u00e1l\u00e1ssal. N\u00e9zd meg a programvide\u00f3t, b\u00f6ng\u00e9szd a hallgat\u00f3i projekteket, \u00e9s jelentkezz el\u0151 2026\/27-re. <a href=\"https:\/\/forms.office.com\/e\/s66PwiXksV?origin=lprLink\" target=\"_blank\" rel=\"noopener\">El\u0151jelentkez\u00e9s 2026\/27 \u2192<\/a> <a href=\"https:\/\/semmelweis.hu\/tmk\/files\/2026\/01\/project-book-2526-compressed_3_compressed.pdf\" target=\"_blank\" rel=\"noopener\">Hallgat\u00f3i projektek (PDF) \u2192<\/a> <a href=\"https:\/\/www.youtube.com\/watch?v=Nkhm3Ixc7GI\" target=\"_blank\" rel=\"noopener\">Programvide\u00f3 megnyit\u00e1sa \u2192<\/a> Mi\u00e9rt \u00e9rdemes csatlakozni? Learning by doing: val\u00f3s kutat\u00e1si projektek, m\u00e9rhet\u0151 kimenetek. Mentor\u00e1l\u00e1s: struktur\u00e1lt halad\u00e1s, rendszeres visszacsatol\u00e1s. Akad\u00e9miai output: projekt- \u00e9s publik\u00e1ci\u00f3s f\u00f3kusz. Megjegyz\u00e9s: A r\u00e9szletek int\u00e9zm\u00e9nyenk\u00e9nt v\u00e1ltozhatnak (jelentkez\u00e9si folyamat, &hellip;<\/p>\n","protected":false},"author":101929,"featured_media":0,"parent":2799,"menu_order":0,"comment_status":"closed","ping_status":"closed","template":"","meta":{"_acf_changed":false,"footnotes":""},"categories":[],"tags":[],"class_list":["post-9205","page","type-page","status-publish","hentry"],"acf":[],"_links":{"self":[{"href":"https:\/\/semmelweis.hu\/tmk\/wp-json\/wp\/v2\/pages\/9205","targetHints":{"allow":["GET"]}}],"collection":[{"href":"https:\/\/semmelweis.hu\/tmk\/wp-json\/wp\/v2\/pages"}],"about":[{"href":"https:\/\/semmelweis.hu\/tmk\/wp-json\/wp\/v2\/types\/page"}],"author":[{"embeddable":true,"href":"https:\/\/semmelweis.hu\/tmk\/wp-json\/wp\/v2\/users\/101929"}],"replies":[{"embeddable":true,"href":"https:\/\/semmelweis.hu\/tmk\/wp-json\/wp\/v2\/comments?post=9205"}],"version-history":[{"count":3,"href":"https:\/\/semmelweis.hu\/tmk\/wp-json\/wp\/v2\/pages\/9205\/revisions"}],"predecessor-version":[{"id":9210,"href":"https:\/\/semmelweis.hu\/tmk\/wp-json\/wp\/v2\/pages\/9205\/revisions\/9210"}],"up":[{"embeddable":true,"href":"https:\/\/semmelweis.hu\/tmk\/wp-json\/wp\/v2\/pages\/2799"}],"wp:attachment":[{"href":"https:\/\/semmelweis.hu\/tmk\/wp-json\/wp\/v2\/media?parent=9205"}],"wp:term":[{"taxonomy":"category","embeddable":true,"href":"https:\/\/semmelweis.hu\/tmk\/wp-json\/wp\/v2\/categories?post=9205"},{"taxonomy":"post_tag","embeddable":true,"href":"https:\/\/semmelweis.hu\/tmk\/wp-json\/wp\/v2\/tags?post=9205"}],"curies":[{"name":"wp","href":"https:\/\/api.w.org\/{rel}","templated":true}]}}