{"id":6426,"date":"2025-07-30T09:48:59","date_gmt":"2025-07-30T07:48:59","guid":{"rendered":"https:\/\/semmelweis.hu\/tmk\/?page_id=6426"},"modified":"2025-11-04T10:34:00","modified_gmt":"2025-11-04T09:34:00","slug":"sport-space-science","status":"publish","type":"page","link":"https:\/\/semmelweis.hu\/tmk\/en\/phd-program\/phd-students\/3rd-4rd-year-students\/sport-space-science\/","title":{"rendered":"Sport &amp; Space Science"},"content":{"rendered":"<script type=\"text\/javascript\" src=\"https:\/\/semmelweis.hu\/tmk\/wp-content\/themes\/se18\/dist\/scripts\/carousel.js\"><\/script>    <section class=\"post-cards shortcode-wrapper\">\r\n        <div id=\"news-container\" class=\" d-none d-sm-flex flex-column  full-width-post-cards-shortcode-card news-container-for-card-code\" style=\"\">\r\n            \r\n            <div class=\"row card-row my-2 pt-3 pb-0 mx-0 w-100 \">\r\n               \r\n                \ufeff\r\n    <div class=\"card-format col col-12 col-md-4 col-lg-3 pl-1 pl-md-0 pr-1 pr-md-2 mb-2\">\r\n        <a class=\"d-block w-100\"  href=\"https:\/\/semmelweis.hu\/tmk\/en\/2025\/07\/31\/amir-makolli-2\/\">\r\n      <!--  <a class=\"d-block w-100\" target=\"_blank\" href=\" \"> -->\r\n            <div class=\"card\">\r\n                                    <div class=\"card-image img-fluid \">\r\n                         \r\n                        <img loading=\"lazy\" decoding=\"async\" width=\"753\" height=\"502\" src=\"https:\/\/semmelweis.hu\/tmk\/files\/2023\/08\/amir-makolli-768x512.jpg\" class=\"landscape wp-post-image\" alt=\"\" srcset=\"https:\/\/semmelweis.hu\/tmk\/files\/2023\/08\/amir-makolli-768x512.jpg 768w, https:\/\/semmelweis.hu\/tmk\/files\/2023\/08\/amir-makolli-400x267.jpg 400w, https:\/\/semmelweis.hu\/tmk\/files\/2023\/08\/amir-makolli-1024x683.jpg 1024w, https:\/\/semmelweis.hu\/tmk\/files\/2023\/08\/amir-makolli-753x502.jpg 753w, https:\/\/semmelweis.hu\/tmk\/files\/2023\/08\/amir-makolli-203x135.jpg 203w, https:\/\/semmelweis.hu\/tmk\/files\/2023\/08\/amir-makolli.jpg 1200w\" sizes=\"auto, (max-width: 753px) 100vw, 753px\" \/>                    <\/div>\r\n                \r\n                <div class=\"card-body\">\r\n                    <div class=\"card-date text-uppercase  d-none  \">\r\n                                                    <h5><span class=\"font-weight-normal\">2025. <\/span>j\u00falius 31.<\/h5>\r\n                                            <\/div>\r\n                    <div class=\"card-title\">\r\n                        <h3 class=\"mt-2 entry-title\">Amir Makolli<\/h3>\r\n                    <\/div>\r\n                    <style>\r\n                        .card-text-inside{\r\n                                                 display: -webkit-box;\r\n                    -webkit-line-clamp: 4;\r\n                    -webkit-box-orient: vertical;\r\n                     overflow:hidden;\r\n                     text-overflow: ellipsis;\r\n                        }\r\n                        <\/style>\r\n                                    <\/div>\r\n            <\/div>\r\n        <\/a>\r\n    <\/div>\r\n\r\n\r\n\ufeff\r\n    <div class=\"card-format col col-12 col-md-4 col-lg-3 pl-1 pl-md-0 pr-1 pr-md-2 mb-2\">\r\n        <a class=\"d-block w-100\"  href=\"https:\/\/semmelweis.hu\/tmk\/en\/2025\/07\/31\/viktoria-barna\/\">\r\n      <!--  <a class=\"d-block w-100\" target=\"_blank\" href=\" \"> -->\r\n            <div class=\"card\">\r\n                                    <div class=\"card-image img-fluid \">\r\n                         \r\n                        <img loading=\"lazy\" decoding=\"async\" width=\"753\" height=\"502\" src=\"https:\/\/semmelweis.hu\/tmk\/files\/2023\/08\/barna-viki-768x512.jpg\" class=\"landscape wp-post-image\" alt=\"\" srcset=\"https:\/\/semmelweis.hu\/tmk\/files\/2023\/08\/barna-viki-768x512.jpg 768w, https:\/\/semmelweis.hu\/tmk\/files\/2023\/08\/barna-viki-400x267.jpg 400w, https:\/\/semmelweis.hu\/tmk\/files\/2023\/08\/barna-viki-1024x683.jpg 1024w, https:\/\/semmelweis.hu\/tmk\/files\/2023\/08\/barna-viki-753x502.jpg 753w, https:\/\/semmelweis.hu\/tmk\/files\/2023\/08\/barna-viki-203x135.jpg 203w, https:\/\/semmelweis.hu\/tmk\/files\/2023\/08\/barna-viki.jpg 1200w\" sizes=\"auto, (max-width: 753px) 100vw, 753px\" \/>                    <\/div>\r\n                \r\n                <div class=\"card-body\">\r\n                    <div class=\"card-date text-uppercase  d-none  \">\r\n                                                    <h5><span class=\"font-weight-normal\">2025. <\/span>j\u00falius 31.<\/h5>\r\n                                            <\/div>\r\n                    <div class=\"card-title\">\r\n                        <h3 class=\"mt-2 entry-title\">Vikt\u00f3ria Barna<\/h3>\r\n                    <\/div>\r\n                    <style>\r\n                        .card-text-inside{\r\n                                                 display: -webkit-box;\r\n                    -webkit-line-clamp: 4;\r\n                    -webkit-box-orient: vertical;\r\n                     overflow:hidden;\r\n                     text-overflow: ellipsis;\r\n                        }\r\n                        <\/style>\r\n                                    <\/div>\r\n            <\/div>\r\n        <\/a>\r\n    <\/div>\r\n\r\n\r\n\ufeff\r\n    <div class=\"card-format col col-12 col-md-4 col-lg-3 pl-1 pl-md-0 pr-1 pr-md-2 mb-2\">\r\n        <a class=\"d-block w-100\"  href=\"https:\/\/semmelweis.hu\/tmk\/en\/2025\/07\/31\/zsuzsanna-pasztorne-benyo\/\">\r\n      <!--  <a class=\"d-block w-100\" target=\"_blank\" href=\" \"> -->\r\n            <div class=\"card\">\r\n                                    <div class=\"card-image img-fluid \">\r\n                         \r\n                        <img loading=\"lazy\" decoding=\"async\" width=\"753\" height=\"502\" src=\"https:\/\/semmelweis.hu\/tmk\/files\/2023\/08\/pasztorne-benyo-zsuzsa-768x512.jpg\" class=\"landscape wp-post-image\" alt=\"\" srcset=\"https:\/\/semmelweis.hu\/tmk\/files\/2023\/08\/pasztorne-benyo-zsuzsa-768x512.jpg 768w, https:\/\/semmelweis.hu\/tmk\/files\/2023\/08\/pasztorne-benyo-zsuzsa-400x267.jpg 400w, https:\/\/semmelweis.hu\/tmk\/files\/2023\/08\/pasztorne-benyo-zsuzsa-1024x683.jpg 1024w, https:\/\/semmelweis.hu\/tmk\/files\/2023\/08\/pasztorne-benyo-zsuzsa-753x502.jpg 753w, https:\/\/semmelweis.hu\/tmk\/files\/2023\/08\/pasztorne-benyo-zsuzsa-203x135.jpg 203w, https:\/\/semmelweis.hu\/tmk\/files\/2023\/08\/pasztorne-benyo-zsuzsa.jpg 1200w\" sizes=\"auto, (max-width: 753px) 100vw, 753px\" \/>                    <\/div>\r\n                \r\n                <div class=\"card-body\">\r\n                    <div class=\"card-date text-uppercase  d-none  \">\r\n                                                    <h5><span class=\"font-weight-normal\">2025. <\/span>j\u00falius 31.<\/h5>\r\n                                            <\/div>\r\n                    <div class=\"card-title\">\r\n                        <h3 class=\"mt-2 entry-title\">Zsuzsanna P\u00e1sztorn\u00e9 Beny\u00f3<\/h3>\r\n                    <\/div>\r\n                    <style>\r\n                        .card-text-inside{\r\n                                                 display: -webkit-box;\r\n                    -webkit-line-clamp: 4;\r\n                    -webkit-box-orient: vertical;\r\n                     overflow:hidden;\r\n                     text-overflow: ellipsis;\r\n                        }\r\n                        <\/style>\r\n                                    <\/div>\r\n            <\/div>\r\n        <\/a>\r\n    <\/div>\r\n\r\n\r\n                \r\n            <\/div>\r\n        <\/div>\r\n\r\n                        <div class=\"post-slide-hirek row px-0\">\r\n            <style>\r\n                .post-slide-hirek .owl-nav button {\r\n                    margin: 0px !important;\r\n                    height: 100% !important;\r\n                }\r\n\r\n                .card-custom-title {\r\n                    font-size: 17px;\r\n                    line-height: 23px;\r\n                    overflow: hidden;\r\n                    text-overflow: ellipsis;\r\n                    display: -webkit-box;\r\n                    -webkit-line-clamp: 3;\r\n                    -webkit-box-orient: vertical;\r\n                    min-height: 72px;\r\n                }\r\n\r\n                .card-custom-max-h {\r\n                    max-height: 235px !important;\r\n                    object-fit: cover;\r\n                }\r\n\r\n                .post-slide-hirek .owl-item .card-img img {\r\n                    opacity: 1 !important;\r\n                    aspect-ratio: 3\/ 2;\r\n\r\n                }\r\n                .card:has(.card-date:not(.d-none)):not(:has(img)) {\r\n                    margin-top: 20px;\r\n                }\r\n            <\/style>\r\n                            <div class=\"owl-carousel col-12 px-0 mt-2 mb-4 md-md-0 d-sm-none\">\r\n                                            <a class=\"item-1\" href=\"https:\/\/semmelweis.hu\/tmk\/en\/2025\/07\/31\/amir-makolli-2\/\">\r\n\r\n                            <div class=\"card-img \">\r\n                                <img loading=\"lazy\" decoding=\"async\" width=\"560\" height=\"373\" src=\"https:\/\/semmelweis.hu\/tmk\/files\/2023\/08\/amir-makolli.jpg\" class=\"d-block card-custom-max-h  img-fluid n-1 wp-post-image\" alt=\"\" srcset=\"https:\/\/semmelweis.hu\/tmk\/files\/2023\/08\/amir-makolli.jpg 1200w, https:\/\/semmelweis.hu\/tmk\/files\/2023\/08\/amir-makolli-400x267.jpg 400w, https:\/\/semmelweis.hu\/tmk\/files\/2023\/08\/amir-makolli-1024x683.jpg 1024w, https:\/\/semmelweis.hu\/tmk\/files\/2023\/08\/amir-makolli-768x512.jpg 768w, https:\/\/semmelweis.hu\/tmk\/files\/2023\/08\/amir-makolli-753x502.jpg 753w, https:\/\/semmelweis.hu\/tmk\/files\/2023\/08\/amir-makolli-203x135.jpg 203w\" sizes=\"auto, (max-width: 560px) 100vw, 560px\" \/>                            <\/div>\r\n                            <div class=\"card-title mb-1\">\r\n                                <h3 class=\"mt-0 pt-1 mb-0 px-2 card-custom-title d-flex align-items-center d-md-block\">\r\n                                    <span class=\"entry-title pt-0 pt-md-1\">Amir Makolli                                <\/h3>\r\n                            <\/div>\r\n                            \r\n\r\n                        <\/a>\r\n                                            <a class=\"item-2\" href=\"https:\/\/semmelweis.hu\/tmk\/en\/2025\/07\/31\/viktoria-barna\/\">\r\n\r\n                            <div class=\"card-img \">\r\n                                <img loading=\"lazy\" decoding=\"async\" width=\"560\" height=\"373\" src=\"https:\/\/semmelweis.hu\/tmk\/files\/2023\/08\/barna-viki.jpg\" class=\"d-block card-custom-max-h  img-fluid n-2 wp-post-image\" alt=\"\" srcset=\"https:\/\/semmelweis.hu\/tmk\/files\/2023\/08\/barna-viki.jpg 1200w, https:\/\/semmelweis.hu\/tmk\/files\/2023\/08\/barna-viki-400x267.jpg 400w, https:\/\/semmelweis.hu\/tmk\/files\/2023\/08\/barna-viki-1024x683.jpg 1024w, https:\/\/semmelweis.hu\/tmk\/files\/2023\/08\/barna-viki-768x512.jpg 768w, https:\/\/semmelweis.hu\/tmk\/files\/2023\/08\/barna-viki-753x502.jpg 753w, https:\/\/semmelweis.hu\/tmk\/files\/2023\/08\/barna-viki-203x135.jpg 203w\" sizes=\"auto, (max-width: 560px) 100vw, 560px\" \/>                            <\/div>\r\n                            <div class=\"card-title mb-1\">\r\n                                <h3 class=\"mt-0 pt-1 mb-0 px-2 card-custom-title d-flex align-items-center d-md-block\">\r\n                                    <span class=\"entry-title pt-0 pt-md-1\">Vikt\u00f3ria Barna                                <\/h3>\r\n                            <\/div>\r\n                            \r\n\r\n                        <\/a>\r\n                                            <a class=\"item-3\" href=\"https:\/\/semmelweis.hu\/tmk\/en\/2025\/07\/31\/zsuzsanna-pasztorne-benyo\/\">\r\n\r\n                            <div class=\"card-img \">\r\n                                <img loading=\"lazy\" decoding=\"async\" width=\"560\" height=\"373\" src=\"https:\/\/semmelweis.hu\/tmk\/files\/2023\/08\/pasztorne-benyo-zsuzsa.jpg\" class=\"d-block card-custom-max-h  img-fluid n-3 wp-post-image\" alt=\"\" srcset=\"https:\/\/semmelweis.hu\/tmk\/files\/2023\/08\/pasztorne-benyo-zsuzsa.jpg 1200w, https:\/\/semmelweis.hu\/tmk\/files\/2023\/08\/pasztorne-benyo-zsuzsa-400x267.jpg 400w, https:\/\/semmelweis.hu\/tmk\/files\/2023\/08\/pasztorne-benyo-zsuzsa-1024x683.jpg 1024w, https:\/\/semmelweis.hu\/tmk\/files\/2023\/08\/pasztorne-benyo-zsuzsa-768x512.jpg 768w, https:\/\/semmelweis.hu\/tmk\/files\/2023\/08\/pasztorne-benyo-zsuzsa-753x502.jpg 753w, https:\/\/semmelweis.hu\/tmk\/files\/2023\/08\/pasztorne-benyo-zsuzsa-203x135.jpg 203w\" sizes=\"auto, (max-width: 560px) 100vw, 560px\" \/>                            <\/div>\r\n                            <div class=\"card-title mb-1\">\r\n                                <h3 class=\"mt-0 pt-1 mb-0 px-2 card-custom-title d-flex align-items-center d-md-block\">\r\n                                    <span class=\"entry-title pt-0 pt-md-1\">Zsuzsanna P\u00e1sztorn\u00e9 Beny\u00f3                                <\/h3>\r\n                            <\/div>\r\n                            \r\n\r\n                        <\/a>\r\n                                    <\/div>\r\n\r\n                    \r\n        <\/div><!-- owl-carousel -->\r\n    <\/section>\r\n\r\n\n","protected":false},"excerpt":{"rendered":"<p>TOPIC Human adaptation to spaceflight VISION Achieve healthy longevity in space and on Earth. MISSION Hungarian TRISH = Translational Research Institute for Space Health SPECIFIC GOALS PROJECT 1: Investigating the effectiveness of bisphosphonates in preventing altered gravity-related bone loss and renal stone formation: a systematic review and meta-analysis. PROJECT 2: Investigating the effect of the &hellip;<\/p>\n","protected":false},"author":101929,"featured_media":7800,"parent":6364,"menu_order":0,"comment_status":"closed","ping_status":"closed","template":"template-fullwidth.php","meta":{"_acf_changed":false,"footnotes":""},"categories":[],"tags":[],"class_list":["post-6426","page","type-page","status-publish","has-post-thumbnail","hentry"],"acf":[],"_links":{"self":[{"href":"https:\/\/semmelweis.hu\/tmk\/wp-json\/wp\/v2\/pages\/6426","targetHints":{"allow":["GET"]}}],"collection":[{"href":"https:\/\/semmelweis.hu\/tmk\/wp-json\/wp\/v2\/pages"}],"about":[{"href":"https:\/\/semmelweis.hu\/tmk\/wp-json\/wp\/v2\/types\/page"}],"author":[{"embeddable":true,"href":"https:\/\/semmelweis.hu\/tmk\/wp-json\/wp\/v2\/users\/101929"}],"replies":[{"embeddable":true,"href":"https:\/\/semmelweis.hu\/tmk\/wp-json\/wp\/v2\/comments?post=6426"}],"version-history":[{"count":4,"href":"https:\/\/semmelweis.hu\/tmk\/wp-json\/wp\/v2\/pages\/6426\/revisions"}],"predecessor-version":[{"id":8123,"href":"https:\/\/semmelweis.hu\/tmk\/wp-json\/wp\/v2\/pages\/6426\/revisions\/8123"}],"up":[{"embeddable":true,"href":"https:\/\/semmelweis.hu\/tmk\/wp-json\/wp\/v2\/pages\/6364"}],"wp:featuredmedia":[{"embeddable":true,"href":"https:\/\/semmelweis.hu\/tmk\/wp-json\/wp\/v2\/media\/7800"}],"wp:attachment":[{"href":"https:\/\/semmelweis.hu\/tmk\/wp-json\/wp\/v2\/media?parent=6426"}],"wp:term":[{"taxonomy":"category","embeddable":true,"href":"https:\/\/semmelweis.hu\/tmk\/wp-json\/wp\/v2\/categories?post=6426"},{"taxonomy":"post_tag","embeddable":true,"href":"https:\/\/semmelweis.hu\/tmk\/wp-json\/wp\/v2\/tags?post=6426"}],"curies":[{"name":"wp","href":"https:\/\/api.w.org\/{rel}","templated":true}]}}