{"id":6144,"date":"2025-07-28T16:48:47","date_gmt":"2025-07-28T14:48:47","guid":{"rendered":"https:\/\/semmelweis.hu\/tmk\/?page_id=6144"},"modified":"2025-11-04T10:26:22","modified_gmt":"2025-11-04T09:26:22","slug":"miscellaneous","status":"publish","type":"page","link":"https:\/\/semmelweis.hu\/tmk\/oktatas\/phd-hallgatok\/i-eves-hallgatok\/miscellaneous\/","title":{"rendered":"Miscellaneous"},"content":{"rendered":"<script type=\"text\/javascript\" src=\"https:\/\/semmelweis.hu\/tmk\/wp-content\/themes\/se18\/dist\/scripts\/carousel.js\"><\/script>    <section class=\"post-cards shortcode-wrapper\">\r\n        <div id=\"news-container\" class=\" d-none d-sm-flex flex-column  full-width-post-cards-shortcode-card news-container-for-card-code\" style=\"\">\r\n            \r\n            <div class=\"row card-row my-2 pt-3 pb-0 mx-0 w-100 \">\r\n               \r\n                \ufeff\r\n    <div class=\"card-format col col-12 col-md-4 col-lg-3 pl-1 pl-md-0 pr-1 pr-md-2 mb-2\">\r\n        <a class=\"d-block w-100\"  href=\"https:\/\/semmelweis.hu\/tmk\/2025\/08\/08\/amit-lucatz\/\">\r\n      <!--  <a class=\"d-block w-100\" target=\"_blank\" href=\" \"> -->\r\n            <div class=\"card\">\r\n                                    <div class=\"card-image img-fluid bg-image\">\r\n                         \r\n                        <img class='wp-post-image img-fluid landscape' src='https:\/\/semmelweis.hu\/tmk\/wp-content\/themes\/se18\/dist\/images\/svg\/bg-image.svg' \/>                    <\/div>\r\n                \r\n                <div class=\"card-body\">\r\n                    <div class=\"card-date text-uppercase  d-none  \">\r\n                                                    <h5><span class=\"font-weight-normal\">2025. <\/span>augusztus 8.<\/h5>\r\n                                            <\/div>\r\n                    <div class=\"card-title\">\r\n                        <h3 class=\"mt-2 entry-title\">Amit Lucatz<\/h3>\r\n                    <\/div>\r\n                    <style>\r\n                        .card-text-inside{\r\n                                                 display: -webkit-box;\r\n                    -webkit-line-clamp: 4;\r\n                    -webkit-box-orient: vertical;\r\n                     overflow:hidden;\r\n                     text-overflow: ellipsis;\r\n                        }\r\n                        <\/style>\r\n                                    <\/div>\r\n            <\/div>\r\n        <\/a>\r\n    <\/div>\r\n\r\n\r\n\ufeff\r\n    <div class=\"card-format col col-12 col-md-4 col-lg-3 pl-1 pl-md-0 pr-1 pr-md-2 mb-2\">\r\n        <a class=\"d-block w-100\"  href=\"https:\/\/semmelweis.hu\/tmk\/2025\/08\/08\/lippai-judit\/\">\r\n      <!--  <a class=\"d-block w-100\" target=\"_blank\" href=\" \"> -->\r\n            <div class=\"card\">\r\n                                    <div class=\"card-image img-fluid bg-image\">\r\n                         \r\n                        <img class='wp-post-image img-fluid landscape' src='https:\/\/semmelweis.hu\/tmk\/wp-content\/themes\/se18\/dist\/images\/svg\/bg-image.svg' \/>                    <\/div>\r\n                \r\n                <div class=\"card-body\">\r\n                    <div class=\"card-date text-uppercase  d-none  \">\r\n                                                    <h5><span class=\"font-weight-normal\">2025. <\/span>augusztus 8.<\/h5>\r\n                                            <\/div>\r\n                    <div class=\"card-title\">\r\n                        <h3 class=\"mt-2 entry-title\">Lippai Judit<\/h3>\r\n                    <\/div>\r\n                    <style>\r\n                        .card-text-inside{\r\n                                                 display: -webkit-box;\r\n                    -webkit-line-clamp: 4;\r\n                    -webkit-box-orient: vertical;\r\n                     overflow:hidden;\r\n                     text-overflow: ellipsis;\r\n                        }\r\n                        <\/style>\r\n                                    <\/div>\r\n            <\/div>\r\n        <\/a>\r\n    <\/div>\r\n\r\n\r\n\ufeff\r\n    <div class=\"card-format col col-12 col-md-4 col-lg-3 pl-1 pl-md-0 pr-1 pr-md-2 mb-2\">\r\n        <a class=\"d-block w-100\"  href=\"https:\/\/semmelweis.hu\/tmk\/2025\/11\/04\/majed-abu-shenar\/\">\r\n      <!--  <a class=\"d-block w-100\" target=\"_blank\" href=\" \"> -->\r\n            <div class=\"card\">\r\n                                    <div class=\"card-image img-fluid bg-image\">\r\n                         \r\n                        <img class='wp-post-image img-fluid landscape' src='https:\/\/semmelweis.hu\/tmk\/wp-content\/themes\/se18\/dist\/images\/svg\/bg-image.svg' \/>                    <\/div>\r\n                \r\n                <div class=\"card-body\">\r\n                    <div class=\"card-date text-uppercase  d-none  \">\r\n                                                    <h5><span class=\"font-weight-normal\">2025. <\/span>november 4.<\/h5>\r\n                                            <\/div>\r\n                    <div class=\"card-title\">\r\n                        <h3 class=\"mt-2 entry-title\">Majed Abu Shenar<\/h3>\r\n                    <\/div>\r\n                    <style>\r\n                        .card-text-inside{\r\n                                                 display: -webkit-box;\r\n                    -webkit-line-clamp: 4;\r\n                    -webkit-box-orient: vertical;\r\n                     overflow:hidden;\r\n                     text-overflow: ellipsis;\r\n                        }\r\n                        <\/style>\r\n                                    <\/div>\r\n            <\/div>\r\n        <\/a>\r\n    <\/div>\r\n\r\n\r\n\ufeff\r\n    <div class=\"card-format col col-12 col-md-4 col-lg-3 pl-1 pl-md-0 pr-1 pr-md-2 mb-2\">\r\n        <a class=\"d-block w-100\"  href=\"https:\/\/semmelweis.hu\/tmk\/2025\/08\/08\/molnar-jozsef-denes\/\">\r\n      <!--  <a class=\"d-block w-100\" target=\"_blank\" href=\" \"> -->\r\n            <div class=\"card\">\r\n                                    <div class=\"card-image img-fluid bg-image\">\r\n                         \r\n                        <img class='wp-post-image img-fluid landscape' src='https:\/\/semmelweis.hu\/tmk\/wp-content\/themes\/se18\/dist\/images\/svg\/bg-image.svg' \/>                    <\/div>\r\n                \r\n                <div class=\"card-body\">\r\n                    <div class=\"card-date text-uppercase  d-none  \">\r\n                                                    <h5><span class=\"font-weight-normal\">2025. <\/span>augusztus 8.<\/h5>\r\n                                            <\/div>\r\n                    <div class=\"card-title\">\r\n                        <h3 class=\"mt-2 entry-title\">Moln\u00e1r J\u00f3zsef D\u00e9nes<\/h3>\r\n                    <\/div>\r\n                    <style>\r\n                        .card-text-inside{\r\n                                                 display: -webkit-box;\r\n                    -webkit-line-clamp: 4;\r\n                    -webkit-box-orient: vertical;\r\n                     overflow:hidden;\r\n                     text-overflow: ellipsis;\r\n                        }\r\n                        <\/style>\r\n                                    <\/div>\r\n            <\/div>\r\n        <\/a>\r\n    <\/div>\r\n\r\n\r\n\ufeff\r\n    <div class=\"card-format col col-12 col-md-4 col-lg-3 pl-1 pl-md-0 pr-1 pr-md-2 mb-2\">\r\n        <a class=\"d-block w-100\"  href=\"https:\/\/semmelweis.hu\/tmk\/2025\/08\/08\/nhat-vo\/\">\r\n      <!--  <a class=\"d-block w-100\" target=\"_blank\" href=\" \"> -->\r\n            <div class=\"card\">\r\n                                    <div class=\"card-image img-fluid bg-image\">\r\n                         \r\n                        <img class='wp-post-image img-fluid landscape' src='https:\/\/semmelweis.hu\/tmk\/wp-content\/themes\/se18\/dist\/images\/svg\/bg-image.svg' \/>                    <\/div>\r\n                \r\n                <div class=\"card-body\">\r\n                    <div class=\"card-date text-uppercase  d-none  \">\r\n                                                    <h5><span class=\"font-weight-normal\">2025. <\/span>augusztus 8.<\/h5>\r\n                                            <\/div>\r\n                    <div class=\"card-title\">\r\n                        <h3 class=\"mt-2 entry-title\">Nhat Vo<\/h3>\r\n                    <\/div>\r\n                    <style>\r\n                        .card-text-inside{\r\n                                                 display: -webkit-box;\r\n                    -webkit-line-clamp: 4;\r\n                    -webkit-box-orient: vertical;\r\n                     overflow:hidden;\r\n                     text-overflow: ellipsis;\r\n                        }\r\n                        <\/style>\r\n                                    <\/div>\r\n            <\/div>\r\n        <\/a>\r\n    <\/div>\r\n\r\n\r\n\ufeff\r\n    <div class=\"card-format col col-12 col-md-4 col-lg-3 pl-1 pl-md-0 pr-1 pr-md-2 mb-2\">\r\n        <a class=\"d-block w-100\"  href=\"https:\/\/semmelweis.hu\/tmk\/2025\/08\/08\/omar-abu-elyounes\/\">\r\n      <!--  <a class=\"d-block w-100\" target=\"_blank\" href=\" \"> -->\r\n            <div class=\"card\">\r\n                                    <div class=\"card-image img-fluid bg-image\">\r\n                         \r\n                        <img class='wp-post-image img-fluid landscape' src='https:\/\/semmelweis.hu\/tmk\/wp-content\/themes\/se18\/dist\/images\/svg\/bg-image.svg' \/>                    <\/div>\r\n                \r\n                <div class=\"card-body\">\r\n                    <div class=\"card-date text-uppercase  d-none  \">\r\n                                                    <h5><span class=\"font-weight-normal\">2025. <\/span>augusztus 8.<\/h5>\r\n                                            <\/div>\r\n                    <div class=\"card-title\">\r\n                        <h3 class=\"mt-2 entry-title\">Omar Abu Elyounes<\/h3>\r\n                    <\/div>\r\n                    <style>\r\n                        .card-text-inside{\r\n                                                 display: -webkit-box;\r\n                    -webkit-line-clamp: 4;\r\n                    -webkit-box-orient: vertical;\r\n                     overflow:hidden;\r\n                     text-overflow: ellipsis;\r\n                        }\r\n                        <\/style>\r\n                                    <\/div>\r\n            <\/div>\r\n        <\/a>\r\n    <\/div>\r\n\r\n\r\n\ufeff\r\n    <div class=\"card-format col col-12 col-md-4 col-lg-3 pl-1 pl-md-0 pr-1 pr-md-2 mb-2\">\r\n        <a class=\"d-block w-100\"  href=\"https:\/\/semmelweis.hu\/tmk\/2025\/08\/08\/theodor-penisoara\/\">\r\n      <!--  <a class=\"d-block w-100\" target=\"_blank\" href=\" \"> -->\r\n            <div class=\"card\">\r\n                                    <div class=\"card-image img-fluid bg-image\">\r\n                         \r\n                        <img class='wp-post-image img-fluid landscape' src='https:\/\/semmelweis.hu\/tmk\/wp-content\/themes\/se18\/dist\/images\/svg\/bg-image.svg' \/>                    <\/div>\r\n                \r\n                <div class=\"card-body\">\r\n                    <div class=\"card-date text-uppercase  d-none  \">\r\n                                                    <h5><span class=\"font-weight-normal\">2025. <\/span>augusztus 8.<\/h5>\r\n                                            <\/div>\r\n                    <div class=\"card-title\">\r\n                        <h3 class=\"mt-2 entry-title\">Theodor Peni\u0219oar\u0103<\/h3>\r\n                    <\/div>\r\n                    <style>\r\n                        .card-text-inside{\r\n                                                 display: -webkit-box;\r\n                    -webkit-line-clamp: 4;\r\n                    -webkit-box-orient: vertical;\r\n                     overflow:hidden;\r\n                     text-overflow: ellipsis;\r\n                        }\r\n                        <\/style>\r\n                                    <\/div>\r\n            <\/div>\r\n        <\/a>\r\n    <\/div>\r\n\r\n\r\n                \r\n            <\/div>\r\n        <\/div>\r\n\r\n                        <div class=\"post-slide-hirek row px-0\">\r\n            <style>\r\n                .post-slide-hirek .owl-nav button {\r\n                    margin: 0px !important;\r\n                    height: 100% !important;\r\n                }\r\n\r\n                .card-custom-title {\r\n                    font-size: 17px;\r\n                    line-height: 23px;\r\n                    overflow: hidden;\r\n                    text-overflow: ellipsis;\r\n                    display: -webkit-box;\r\n                    -webkit-line-clamp: 3;\r\n                    -webkit-box-orient: vertical;\r\n                    min-height: 72px;\r\n                }\r\n\r\n                .card-custom-max-h {\r\n                    max-height: 235px !important;\r\n                    object-fit: cover;\r\n                }\r\n\r\n                .post-slide-hirek .owl-item .card-img img {\r\n                    opacity: 1 !important;\r\n                    aspect-ratio: 3\/ 2;\r\n\r\n                }\r\n                .card:has(.card-date:not(.d-none)):not(:has(img)) {\r\n                    margin-top: 20px;\r\n                }\r\n            <\/style>\r\n                            <div class=\"owl-carousel col-12 px-0 mt-2 mb-4 md-md-0 d-sm-none\">\r\n                                            <a class=\"item-1\" href=\"https:\/\/semmelweis.hu\/tmk\/2025\/08\/08\/amit-lucatz\/\">\r\n\r\n                            <div class=\"card-img bg-image\">\r\n                                <img decoding=\"async\" class=\"wp-post-image img-fluid\" src=\"https:\/\/semmelweis.hu\/wp-content\/themes\/se18\/dist\/images\/svg\/bg-image.svg\">                            <\/div>\r\n                            <div class=\"card-title mb-1\">\r\n                                <h3 class=\"mt-0 pt-1 mb-0 px-2 card-custom-title d-flex align-items-center d-md-block\">\r\n                                    <span class=\"entry-title pt-0 pt-md-1\">Amit Lucatz                                <\/h3>\r\n                            <\/div>\r\n                            \r\n\r\n                        <\/a>\r\n                                            <a class=\"item-2\" href=\"https:\/\/semmelweis.hu\/tmk\/2025\/08\/08\/lippai-judit\/\">\r\n\r\n                            <div class=\"card-img bg-image\">\r\n                                <img decoding=\"async\" class=\"wp-post-image img-fluid\" src=\"https:\/\/semmelweis.hu\/wp-content\/themes\/se18\/dist\/images\/svg\/bg-image.svg\">                            <\/div>\r\n                            <div class=\"card-title mb-1\">\r\n                                <h3 class=\"mt-0 pt-1 mb-0 px-2 card-custom-title d-flex align-items-center d-md-block\">\r\n                                    <span class=\"entry-title pt-0 pt-md-1\">Lippai Judit                                <\/h3>\r\n                            <\/div>\r\n                            \r\n\r\n                        <\/a>\r\n                                            <a class=\"item-3\" href=\"https:\/\/semmelweis.hu\/tmk\/2025\/11\/04\/majed-abu-shenar\/\">\r\n\r\n                            <div class=\"card-img bg-image\">\r\n                                <img decoding=\"async\" class=\"wp-post-image img-fluid\" src=\"https:\/\/semmelweis.hu\/wp-content\/themes\/se18\/dist\/images\/svg\/bg-image.svg\">                            <\/div>\r\n                            <div class=\"card-title mb-1\">\r\n                                <h3 class=\"mt-0 pt-1 mb-0 px-2 card-custom-title d-flex align-items-center d-md-block\">\r\n                                    <span class=\"entry-title pt-0 pt-md-1\">Majed Abu Shenar                                <\/h3>\r\n                            <\/div>\r\n                            \r\n\r\n                        <\/a>\r\n                                            <a class=\"item-4\" href=\"https:\/\/semmelweis.hu\/tmk\/2025\/08\/08\/molnar-jozsef-denes\/\">\r\n\r\n                            <div class=\"card-img bg-image\">\r\n                                <img decoding=\"async\" class=\"wp-post-image img-fluid\" src=\"https:\/\/semmelweis.hu\/wp-content\/themes\/se18\/dist\/images\/svg\/bg-image.svg\">                            <\/div>\r\n                            <div class=\"card-title mb-1\">\r\n                                <h3 class=\"mt-0 pt-1 mb-0 px-2 card-custom-title d-flex align-items-center d-md-block\">\r\n                                    <span class=\"entry-title pt-0 pt-md-1\">Moln\u00e1r J\u00f3zsef D\u00e9nes                                <\/h3>\r\n                            <\/div>\r\n                            \r\n\r\n                        <\/a>\r\n                                            <a class=\"item-5\" href=\"https:\/\/semmelweis.hu\/tmk\/2025\/08\/08\/nhat-vo\/\">\r\n\r\n                            <div class=\"card-img bg-image\">\r\n                                <img decoding=\"async\" class=\"wp-post-image img-fluid\" src=\"https:\/\/semmelweis.hu\/wp-content\/themes\/se18\/dist\/images\/svg\/bg-image.svg\">                            <\/div>\r\n                            <div class=\"card-title mb-1\">\r\n                                <h3 class=\"mt-0 pt-1 mb-0 px-2 card-custom-title d-flex align-items-center d-md-block\">\r\n                                    <span class=\"entry-title pt-0 pt-md-1\">Nhat Vo                                <\/h3>\r\n                            <\/div>\r\n                            \r\n\r\n                        <\/a>\r\n                                            <a class=\"item-6\" href=\"https:\/\/semmelweis.hu\/tmk\/2025\/08\/08\/omar-abu-elyounes\/\">\r\n\r\n                            <div class=\"card-img bg-image\">\r\n                                <img decoding=\"async\" class=\"wp-post-image img-fluid\" src=\"https:\/\/semmelweis.hu\/wp-content\/themes\/se18\/dist\/images\/svg\/bg-image.svg\">                            <\/div>\r\n                            <div class=\"card-title mb-1\">\r\n                                <h3 class=\"mt-0 pt-1 mb-0 px-2 card-custom-title d-flex align-items-center d-md-block\">\r\n                                    <span class=\"entry-title pt-0 pt-md-1\">Omar Abu Elyounes                                <\/h3>\r\n                            <\/div>\r\n                            \r\n\r\n                        <\/a>\r\n                                            <a class=\"item-7\" href=\"https:\/\/semmelweis.hu\/tmk\/2025\/08\/08\/theodor-penisoara\/\">\r\n\r\n                            <div class=\"card-img bg-image\">\r\n                                <img decoding=\"async\" class=\"wp-post-image img-fluid\" src=\"https:\/\/semmelweis.hu\/wp-content\/themes\/se18\/dist\/images\/svg\/bg-image.svg\">                            <\/div>\r\n                            <div class=\"card-title mb-1\">\r\n                                <h3 class=\"mt-0 pt-1 mb-0 px-2 card-custom-title d-flex align-items-center d-md-block\">\r\n                                    <span class=\"entry-title pt-0 pt-md-1\">Theodor Peni\u0219oar\u0103                                <\/h3>\r\n                            <\/div>\r\n                            \r\n\r\n                        <\/a>\r\n                                    <\/div>\r\n\r\n                    \r\n        <\/div><!-- owl-carousel -->\r\n    <\/section>\r\n\r\n\n","protected":false},"excerpt":{"rendered":"<p>TOPIC New Perspectives on Pulmonary Rehabilitation for Chronic Pulmonary Diseases VISION To achieve the best quality of life for patients with chronic pulmonary diseases. MISSION To identify which patients benefit the most from pulmonary rehabilitation. PROJECT TITLE 1 Investigating the Effects of Pulmonary Rehabilitation on Patient and Disease-related Factors in COPD: A Systematic Review and &hellip;<\/p>\n","protected":false},"author":101929,"featured_media":6145,"parent":5952,"menu_order":0,"comment_status":"closed","ping_status":"closed","template":"template-fullwidth.php","meta":{"_acf_changed":false,"footnotes":""},"categories":[],"tags":[],"class_list":["post-6144","page","type-page","status-publish","has-post-thumbnail","hentry"],"acf":[],"_links":{"self":[{"href":"https:\/\/semmelweis.hu\/tmk\/wp-json\/wp\/v2\/pages\/6144","targetHints":{"allow":["GET"]}}],"collection":[{"href":"https:\/\/semmelweis.hu\/tmk\/wp-json\/wp\/v2\/pages"}],"about":[{"href":"https:\/\/semmelweis.hu\/tmk\/wp-json\/wp\/v2\/types\/page"}],"author":[{"embeddable":true,"href":"https:\/\/semmelweis.hu\/tmk\/wp-json\/wp\/v2\/users\/101929"}],"replies":[{"embeddable":true,"href":"https:\/\/semmelweis.hu\/tmk\/wp-json\/wp\/v2\/comments?post=6144"}],"version-history":[{"count":2,"href":"https:\/\/semmelweis.hu\/tmk\/wp-json\/wp\/v2\/pages\/6144\/revisions"}],"predecessor-version":[{"id":8094,"href":"https:\/\/semmelweis.hu\/tmk\/wp-json\/wp\/v2\/pages\/6144\/revisions\/8094"}],"up":[{"embeddable":true,"href":"https:\/\/semmelweis.hu\/tmk\/wp-json\/wp\/v2\/pages\/5952"}],"wp:featuredmedia":[{"embeddable":true,"href":"https:\/\/semmelweis.hu\/tmk\/wp-json\/wp\/v2\/media\/6145"}],"wp:attachment":[{"href":"https:\/\/semmelweis.hu\/tmk\/wp-json\/wp\/v2\/media?parent=6144"}],"wp:term":[{"taxonomy":"category","embeddable":true,"href":"https:\/\/semmelweis.hu\/tmk\/wp-json\/wp\/v2\/categories?post=6144"},{"taxonomy":"post_tag","embeddable":true,"href":"https:\/\/semmelweis.hu\/tmk\/wp-json\/wp\/v2\/tags?post=6144"}],"curies":[{"name":"wp","href":"https:\/\/api.w.org\/{rel}","templated":true}]}}