{"id":5952,"date":"2025-07-28T11:44:07","date_gmt":"2025-07-28T09:44:07","guid":{"rendered":"https:\/\/semmelweis.hu\/tmk\/?page_id=5952"},"modified":"2025-07-28T11:44:07","modified_gmt":"2025-07-28T09:44:07","slug":"i-eves-hallgatok","status":"publish","type":"page","link":"https:\/\/semmelweis.hu\/tmk\/oktatas\/phd-hallgatok\/i-eves-hallgatok\/","title":{"rendered":"I. \u00e9ves hallgat\u00f3k"},"content":{"rendered":"<p><!-- I. \u00c9V \u2013 a kutat\u00e1s alapjai --><\/p>\n<h2 class=\"lead\">I. \u00e9v \u2013 a kutat\u00e1s alapjai<\/h2>\n<p>Az els\u0151 \u00e9v <strong>egyetlen c\u00e9lja<\/strong> a kutat\u00e1si alapismeretek elsaj\u00e1t\u00edt\u00e1sa: a helyes k\u00e9rd\u00e9sfeltev\u00e9st\u0151l \u00e9s m\u00f3dszertant\u00f3l eg\u00e9szen az els\u0151 publik\u00e1ci\u00f3ig, \u00f6sszesen <strong>n\u00e9gy egym\u00e1sra \u00e9p\u00fcl\u0151 f\u00e1zisban<\/strong>.<\/p>\n<p><strong>F\u00e1zis I. \u2013 K\u00e9rd\u00e9s \u00a0\u2022\u00a0 Tervez\u00e9s<\/strong>: a legfontosabb kutat\u00e1si k\u00e9rd\u00e9s azonos\u00edt\u00e1sa, egyszer\u0171s\u00edt\u00e9se \u00e9s projektterv k\u00e9sz\u00edt\u00e9se; a PhD-t\u00e9zis v\u00e1zlat\u00e1nak elk\u00e9sz\u00edt\u00e9se; HDS-TM m\u00f3dszertan elsaj\u00e1t\u00edt\u00e1sa; az adatgy\u0171jt\u00e9s elind\u00edt\u00e1sa.<\/p>\n<p><strong>F\u00e1zis II. \u2013 Kommunik\u00e1ci\u00f3 \u00a0\u2022\u00a0 Eredm\u00e9nyek<\/strong>: cikk\u00edr\u00e1si technik\u00e1k, professzion\u00e1lis tudom\u00e1nyos kommunik\u00e1ci\u00f3, kritikus eredm\u00e9ny\u00e9rtelmez\u00e9s; a kutat\u00e1s befejez\u00e9se, eredm\u00e9nyek bemutat\u00e1sa \u00e9s prezent\u00e1l\u00e1sa.<\/p>\n<p><strong>F\u00e1zis III. \u2013 Learning by Doing<\/strong>: szem\u00e9lyes tal\u00e1lkoz\u00e1sok \u00e9lvonalbeli kutat\u00f3kkal; a keres\u00e9si \/ adat\u00f6sszegz\u0151 munka lez\u00e1r\u00e1sa \u00e9s az el\u00e9rt halad\u00e1s ismertet\u00e9se.<\/p>\n<p><strong>F\u00e1zis IV. \u2013 Els\u0151 publik\u00e1ci\u00f3<\/strong>: az els\u0151 cikk meg\u00edr\u00e1sa \u00e9s v\u00e9gleges\u00edt\u00e9se, majd az eredm\u00e9nyek bemutat\u00e1sa a progress reporton.<\/p>\n<p>A hallgat\u00f3k az <strong>I. \u00e9vben heti n\u00e9gy napot<\/strong> szentelnek tudom\u00e1nyos munk\u00e1ra (meta-anal\u00edzisek, regiszter\u00e9p\u00edt\u00e9s, klinikai vizsg\u00e1latok), \u00e9s csak <strong>egy napot<\/strong> t\u00f6ltenek rezidensi feladatokkal \u00e9s oktat\u00e1ssal. Minden f\u00e1zist <strong>progress report<\/strong> z\u00e1r, ahol k\u00f6telez\u0151 az el\u0151rehalad\u00e1s bemutat\u00e1sa.<\/p>\n<p>A <strong>II. \u00e9vt\u0151l<\/strong> a f\u00f3kusz megfordul: a hallgat\u00f3k <strong>heti n\u00e9gy napot<\/strong> dolgoznak a klinik\u00e1n, \u00e9s <strong>egy v\u00e9dett napot<\/strong> ford\u00edthatnak kutat\u00e1sra, imm\u00e1r nagyobb \u00f6n\u00e1ll\u00f3s\u00e1ggal.<\/p>\n<style>\n           #page-grid .card-body > .line-clamp-box.excerpt{\n        width: inherit;\n        max-width: inherit;\n        display:flex;\n        min-height: 2.4em;\n        flex-direction: column;\n        justify-content: space-around;\n        background-color: #D6E4EA;\n        min-height: 3.4rem;\n        font-family: \"Montserrat\", sans-serif;\n    }\n\n    #page-grid a:hover .card-body > .line-clamp-box.excerpt {\n        background-color: #fff;\n        color: #313B40;\n    }\n\n    #page-grid .card-body .line-clamp-box.excerpt section{\n        max-width: inherit;\n        display: -webkit-box;\n        -webkit-line-clamp: 2;\n        -webkit-box-orient: vertical;\n        overflow: hidden;\n        text-overflow: ellipsis;\n        hyphens: auto;\n        margin: auto;\n        \n    }\n    .line-clamp-box.excerpt section, .line-clamp-box.excerpt section p{\n        font-size:0.8em;\n    }\n    \n<\/style>\n    <section id=\"page-grid\">\n        \n        <div class=\"row row-cols-1 row-cols-md-2 row-cols-lg-4 no-gutters mx-0 \">    <div class =\"col  mb-2 card-wrapper\">\n        <a class=\"d-flex flex-fill card-link-warapper m-md-1\" href=\"https:\/\/semmelweis.hu\/tmk\/oktatas\/phd-hallgatok\/i-eves-hallgatok\/cardiology-sport-space-science\/\">\n            <div class=\"card border border-secondary se-border flex-fill\">\n                <div class=\"row no-gutters mx-0 d-flex flex-nowrap flex-md-wrap align-items-center\">\n                    <div class =\"  col-5 col-md-12   card-image justify-content-center\">\n                        <img loading=\"lazy\" decoding=\"async\" width=\"600\" height=\"400\" src=\"https:\/\/semmelweis.hu\/tmk\/files\/2025\/08\/cardio-sport-stb.png\" class=\"landscape wp-post-image\" alt=\"\" srcset=\"https:\/\/semmelweis.hu\/tmk\/files\/2025\/08\/cardio-sport-stb.png 600w, https:\/\/semmelweis.hu\/tmk\/files\/2025\/08\/cardio-sport-stb-400x267.png 400w, https:\/\/semmelweis.hu\/tmk\/files\/2025\/08\/cardio-sport-stb-203x135.png 203w\" sizes=\"auto, (max-width: 600px) 100vw, 600px\" \/>\n                    <\/div>\n                    <div class=\"card-body  col flex-column  col-md-12 p-0\">\n                        <div class=\"line-clamp-box p-3\">\n                            <h5 class=\"ml-0 ml-sm-1 mt-2 align-items-center\"  >Cardio-Sport-Radio-Ortho<\/h5>\n                        <\/div>\n                        \n                    <\/div>\n                <\/div>\n\n            <\/div>\n        <\/a>\n    <\/div>    <div class =\"col  mb-2 card-wrapper\">\n        <a class=\"d-flex flex-fill card-link-warapper m-md-1\" href=\"https:\/\/semmelweis.hu\/tmk\/oktatas\/phd-hallgatok\/i-eves-hallgatok\/critical-care\/\">\n            <div class=\"card border border-secondary se-border flex-fill\">\n                <div class=\"row no-gutters mx-0 d-flex flex-nowrap flex-md-wrap align-items-center\">\n                    <div class =\"  col-5 col-md-12   card-image justify-content-center\">\n                        <img loading=\"lazy\" decoding=\"async\" width=\"600\" height=\"400\" src=\"https:\/\/semmelweis.hu\/tmk\/files\/2025\/07\/critical-care.png\" class=\"landscape wp-post-image\" alt=\"\" srcset=\"https:\/\/semmelweis.hu\/tmk\/files\/2025\/07\/critical-care.png 600w, https:\/\/semmelweis.hu\/tmk\/files\/2025\/07\/critical-care-400x267.png 400w, https:\/\/semmelweis.hu\/tmk\/files\/2025\/07\/critical-care-203x135.png 203w\" sizes=\"auto, (max-width: 600px) 100vw, 600px\" \/>\n                    <\/div>\n                    <div class=\"card-body  col flex-column  col-md-12 p-0\">\n                        <div class=\"line-clamp-box p-3\">\n                            <h5 class=\"ml-0 ml-sm-1 mt-2 align-items-center\"  >Critical Care<\/h5>\n                        <\/div>\n                        \n                    <\/div>\n                <\/div>\n\n            <\/div>\n        <\/a>\n    <\/div>    <div class =\"col  mb-2 card-wrapper\">\n        <a class=\"d-flex flex-fill card-link-warapper m-md-1\" href=\"https:\/\/semmelweis.hu\/tmk\/oktatas\/phd-hallgatok\/i-eves-hallgatok\/dentistry\/\">\n            <div class=\"card border border-secondary se-border flex-fill\">\n                <div class=\"row no-gutters mx-0 d-flex flex-nowrap flex-md-wrap align-items-center\">\n                    <div class =\"  col-5 col-md-12   card-image justify-content-center\">\n                        <img loading=\"lazy\" decoding=\"async\" width=\"600\" height=\"400\" src=\"https:\/\/semmelweis.hu\/tmk\/files\/2025\/07\/40.png\" class=\"landscape wp-post-image\" alt=\"\" srcset=\"https:\/\/semmelweis.hu\/tmk\/files\/2025\/07\/40.png 600w, https:\/\/semmelweis.hu\/tmk\/files\/2025\/07\/40-400x267.png 400w, https:\/\/semmelweis.hu\/tmk\/files\/2025\/07\/40-203x135.png 203w\" sizes=\"auto, (max-width: 600px) 100vw, 600px\" \/>\n                    <\/div>\n                    <div class=\"card-body  col flex-column  col-md-12 p-0\">\n                        <div class=\"line-clamp-box p-3\">\n                            <h5 class=\"ml-0 ml-sm-1 mt-2 align-items-center\"  >Dentistry<\/h5>\n                        <\/div>\n                        \n                    <\/div>\n                <\/div>\n\n            <\/div>\n        <\/a>\n    <\/div>    <div class =\"col  mb-2 card-wrapper\">\n        <a class=\"d-flex flex-fill card-link-warapper m-md-1\" href=\"https:\/\/semmelweis.hu\/tmk\/oktatas\/phd-hallgatok\/i-eves-hallgatok\/dermatology-pediatrics\/\">\n            <div class=\"card border border-secondary se-border flex-fill\">\n                <div class=\"row no-gutters mx-0 d-flex flex-nowrap flex-md-wrap align-items-center\">\n                    <div class =\"  col-5 col-md-12   card-image justify-content-center\">\n                        <img loading=\"lazy\" decoding=\"async\" width=\"600\" height=\"400\" src=\"https:\/\/semmelweis.hu\/tmk\/files\/2025\/07\/47.png\" class=\"landscape wp-post-image\" alt=\"\" srcset=\"https:\/\/semmelweis.hu\/tmk\/files\/2025\/07\/47.png 600w, https:\/\/semmelweis.hu\/tmk\/files\/2025\/07\/47-400x267.png 400w, https:\/\/semmelweis.hu\/tmk\/files\/2025\/07\/47-203x135.png 203w\" sizes=\"auto, (max-width: 600px) 100vw, 600px\" \/>\n                    <\/div>\n                    <div class=\"card-body  col flex-column  col-md-12 p-0\">\n                        <div class=\"line-clamp-box p-3\">\n                            <h5 class=\"ml-0 ml-sm-1 mt-2 align-items-center\"  >Dermatology-Pediatrics<\/h5>\n                        <\/div>\n                        \n                    <\/div>\n                <\/div>\n\n            <\/div>\n        <\/a>\n    <\/div>    <div class =\"col  mb-2 card-wrapper\">\n        <a class=\"d-flex flex-fill card-link-warapper m-md-1\" href=\"https:\/\/semmelweis.hu\/tmk\/oktatas\/phd-hallgatok\/i-eves-hallgatok\/gastroenterology\/\">\n            <div class=\"card border border-secondary se-border flex-fill\">\n                <div class=\"row no-gutters mx-0 d-flex flex-nowrap flex-md-wrap align-items-center\">\n                    <div class =\"  col-5 col-md-12   card-image justify-content-center\">\n                        <img loading=\"lazy\" decoding=\"async\" width=\"600\" height=\"400\" src=\"https:\/\/semmelweis.hu\/tmk\/files\/2025\/07\/44.png\" class=\"landscape wp-post-image\" alt=\"\" srcset=\"https:\/\/semmelweis.hu\/tmk\/files\/2025\/07\/44.png 600w, https:\/\/semmelweis.hu\/tmk\/files\/2025\/07\/44-400x267.png 400w, https:\/\/semmelweis.hu\/tmk\/files\/2025\/07\/44-203x135.png 203w\" sizes=\"auto, (max-width: 600px) 100vw, 600px\" \/>\n                    <\/div>\n                    <div class=\"card-body  col flex-column  col-md-12 p-0\">\n                        <div class=\"line-clamp-box p-3\">\n                            <h5 class=\"ml-0 ml-sm-1 mt-2 align-items-center\"  >Gastroenterology<\/h5>\n                        <\/div>\n                        \n                    <\/div>\n                <\/div>\n\n            <\/div>\n        <\/a>\n    <\/div>    <div class =\"col  mb-2 card-wrapper\">\n        <a class=\"d-flex flex-fill card-link-warapper m-md-1\" href=\"https:\/\/semmelweis.hu\/tmk\/oktatas\/phd-hallgatok\/i-eves-hallgatok\/gynecology-urology\/\">\n            <div class=\"card border border-secondary se-border flex-fill\">\n                <div class=\"row no-gutters mx-0 d-flex flex-nowrap flex-md-wrap align-items-center\">\n                    <div class =\"  col-5 col-md-12   card-image justify-content-center\">\n                        <img loading=\"lazy\" decoding=\"async\" width=\"600\" height=\"400\" src=\"https:\/\/semmelweis.hu\/tmk\/files\/2025\/07\/43.png\" class=\"landscape wp-post-image\" alt=\"\" srcset=\"https:\/\/semmelweis.hu\/tmk\/files\/2025\/07\/43.png 600w, https:\/\/semmelweis.hu\/tmk\/files\/2025\/07\/43-400x267.png 400w, https:\/\/semmelweis.hu\/tmk\/files\/2025\/07\/43-203x135.png 203w\" sizes=\"auto, (max-width: 600px) 100vw, 600px\" \/>\n                    <\/div>\n                    <div class=\"card-body  col flex-column  col-md-12 p-0\">\n                        <div class=\"line-clamp-box p-3\">\n                            <h5 class=\"ml-0 ml-sm-1 mt-2 align-items-center\"  >Gynecology &amp; Urology<\/h5>\n                        <\/div>\n                        \n                    <\/div>\n                <\/div>\n\n            <\/div>\n        <\/a>\n    <\/div>    <div class =\"col  mb-2 card-wrapper\">\n        <a class=\"d-flex flex-fill card-link-warapper m-md-1\" href=\"https:\/\/semmelweis.hu\/tmk\/oktatas\/phd-hallgatok\/i-eves-hallgatok\/miscellaneous\/\">\n            <div class=\"card border border-secondary se-border flex-fill\">\n                <div class=\"row no-gutters mx-0 d-flex flex-nowrap flex-md-wrap align-items-center\">\n                    <div class =\"  col-5 col-md-12   card-image justify-content-center\">\n                        <img loading=\"lazy\" decoding=\"async\" width=\"600\" height=\"400\" src=\"https:\/\/semmelweis.hu\/tmk\/files\/2025\/07\/41.png\" class=\"landscape wp-post-image\" alt=\"\" srcset=\"https:\/\/semmelweis.hu\/tmk\/files\/2025\/07\/41.png 600w, https:\/\/semmelweis.hu\/tmk\/files\/2025\/07\/41-400x267.png 400w, https:\/\/semmelweis.hu\/tmk\/files\/2025\/07\/41-203x135.png 203w\" sizes=\"auto, (max-width: 600px) 100vw, 600px\" \/>\n                    <\/div>\n                    <div class=\"card-body  col flex-column  col-md-12 p-0\">\n                        <div class=\"line-clamp-box p-3\">\n                            <h5 class=\"ml-0 ml-sm-1 mt-2 align-items-center\"  >Miscellaneous<\/h5>\n                        <\/div>\n                        \n                    <\/div>\n                <\/div>\n\n            <\/div>\n        <\/a>\n    <\/div>        <\/div>\n    <\/section>\n","protected":false},"excerpt":{"rendered":"<p>I. \u00e9v \u2013 a kutat\u00e1s alapjai Az els\u0151 \u00e9v egyetlen c\u00e9lja a kutat\u00e1si alapismeretek elsaj\u00e1t\u00edt\u00e1sa: a helyes k\u00e9rd\u00e9sfeltev\u00e9st\u0151l \u00e9s m\u00f3dszertant\u00f3l eg\u00e9szen az els\u0151 publik\u00e1ci\u00f3ig, \u00f6sszesen n\u00e9gy egym\u00e1sra \u00e9p\u00fcl\u0151 f\u00e1zisban. F\u00e1zis I. \u2013 K\u00e9rd\u00e9s \u00a0\u2022\u00a0 Tervez\u00e9s: a legfontosabb kutat\u00e1si k\u00e9rd\u00e9s azonos\u00edt\u00e1sa, egyszer\u0171s\u00edt\u00e9se \u00e9s projektterv k\u00e9sz\u00edt\u00e9se; a PhD-t\u00e9zis v\u00e1zlat\u00e1nak elk\u00e9sz\u00edt\u00e9se; HDS-TM m\u00f3dszertan elsaj\u00e1t\u00edt\u00e1sa; az adatgy\u0171jt\u00e9s elind\u00edt\u00e1sa. F\u00e1zis &hellip;<\/p>\n","protected":false},"author":101929,"featured_media":0,"parent":2001,"menu_order":0,"comment_status":"closed","ping_status":"closed","template":"","meta":{"_acf_changed":false,"footnotes":""},"categories":[],"tags":[],"class_list":["post-5952","page","type-page","status-publish","hentry"],"acf":[],"_links":{"self":[{"href":"https:\/\/semmelweis.hu\/tmk\/wp-json\/wp\/v2\/pages\/5952","targetHints":{"allow":["GET"]}}],"collection":[{"href":"https:\/\/semmelweis.hu\/tmk\/wp-json\/wp\/v2\/pages"}],"about":[{"href":"https:\/\/semmelweis.hu\/tmk\/wp-json\/wp\/v2\/types\/page"}],"author":[{"embeddable":true,"href":"https:\/\/semmelweis.hu\/tmk\/wp-json\/wp\/v2\/users\/101929"}],"replies":[{"embeddable":true,"href":"https:\/\/semmelweis.hu\/tmk\/wp-json\/wp\/v2\/comments?post=5952"}],"version-history":[{"count":1,"href":"https:\/\/semmelweis.hu\/tmk\/wp-json\/wp\/v2\/pages\/5952\/revisions"}],"predecessor-version":[{"id":5953,"href":"https:\/\/semmelweis.hu\/tmk\/wp-json\/wp\/v2\/pages\/5952\/revisions\/5953"}],"up":[{"embeddable":true,"href":"https:\/\/semmelweis.hu\/tmk\/wp-json\/wp\/v2\/pages\/2001"}],"wp:attachment":[{"href":"https:\/\/semmelweis.hu\/tmk\/wp-json\/wp\/v2\/media?parent=5952"}],"wp:term":[{"taxonomy":"category","embeddable":true,"href":"https:\/\/semmelweis.hu\/tmk\/wp-json\/wp\/v2\/categories?post=5952"},{"taxonomy":"post_tag","embeddable":true,"href":"https:\/\/semmelweis.hu\/tmk\/wp-json\/wp\/v2\/tags?post=5952"}],"curies":[{"name":"wp","href":"https:\/\/api.w.org\/{rel}","templated":true}]}}