{"id":5625,"date":"2025-07-25T10:19:59","date_gmt":"2025-07-25T08:19:59","guid":{"rendered":"https:\/\/semmelweis.hu\/tmk\/?page_id=5625"},"modified":"2025-07-25T10:21:53","modified_gmt":"2025-07-25T08:21:53","slug":"ii-eves-hallgatok","status":"publish","type":"page","link":"https:\/\/semmelweis.hu\/tmk\/oktatas\/phd-hallgatok\/ii-eves-hallgatok\/","title":{"rendered":"II. \u00e9ves hallgat\u00f3k"},"content":{"rendered":"<p><!-- II. \u00c9V \u2013 TM PhD k\u00e9pz\u00e9s --><\/p>\n<h2 class=\"lead\">II. \u00e9v \u2013 felk\u00e9sz\u00fcl\u00e9s a Komplex Vizsg\u00e1ra<\/h2>\n<p>A m\u00e1sodik \u00e9vben a hallgat\u00f3k <strong>heti legal\u00e1bb egy teljes napot<\/strong> sz\u00e1nnak kutat\u00e1sra \u00e9s a Komplex Vizsg\u00e1ra val\u00f3 felk\u00e9sz\u00fcl\u00e9sre. A f\u0151 c\u00e9lok:<\/p>\n<ul>\n<li>halad\u00f3 m\u00f3dszertani ismeretek elsaj\u00e1t\u00edt\u00e1sa,<\/li>\n<li>a disszert\u00e1ci\u00f3hoz sz\u00fcks\u00e9ges projektek befejez\u00e9se,<\/li>\n<li><strong>SMS-hallgat\u00f3k<\/strong> sz\u00e1m\u00e1ra a \u201eteaching by doing\u201d oktat\u00e1si m\u00f3dszer gyakorl\u00e1sa.<\/li>\n<\/ul>\n<h3 class=\"lead\">K\u00f6telez\u0151 esem\u00e9nyek \u00e9s hat\u00e1rid\u0151k<\/h3>\n<ul>\n<li><strong>Csoport\u00admeeting<\/strong> \u2013 k\u00e9thetente, az Accelerator \u00e9s Excellent hallgat\u00f3knak k\u00f6telez\u0151.<\/li>\n<li><strong>Projekt\u00admeeting<\/strong> \u2013 minimum havi 1, cikk\u00edr\u00e1si f\u00e1zisban ak\u00e1r 1\u20132\/h\u00f3.<\/li>\n<li><strong>Progress Report<\/strong> \u2013 \u00e9vente k\u00e9tszer, minden hallgat\u00f3nak k\u00f6telez\u0151.<\/li>\n<\/ul>\n<p><em>\u00c1ltal\u00e1nos szab\u00e1lyok:<\/em><\/p>\n<ul>\n<li>Az els\u0151 cikk <strong>legk\u00e9s\u0151bb az 5. Progress Reportig<\/strong> beny\u00fajtand\u00f3.<\/li>\n<li>A m\u00e1sodik projekt statisztikai elemz\u00e9se szint\u00e9n az 5. Progress Reportig befejezend\u0151.<\/li>\n<li>A m\u00e1sodik cikk <strong>a 6. Progress Reportig<\/strong> v\u00e9gleges\u00edtend\u0151.<\/li>\n<li>Minden hallgat\u00f3 k\u00f6teles eredm\u00e9nyeit bemutatni a Progress Reportokon.<\/li>\n<\/ul>\n<h3 class=\"lead\">T\u00e1mogat\u00e1s \u00e9s infrastrukt\u00fara<\/h3>\n<ul>\n<li><strong>M\u00f3dszertani konzult\u00e1ci\u00f3:<\/strong> a csoport\u00ad\u00e9rtekezleteket tapasztalt ESF- \u00e9s ESD-konzulensek vezetik.<\/li>\n<li><strong>Statisztikai h\u00e1tt\u00e9r:<\/strong> a projektekhez ugyanaz a statisztikai csapat biztos\u00edt t\u00e1mogat\u00e1st; \u00fctemterv lead\u00e1sa k\u00f6telez\u0151.<\/li>\n<li><strong>Moodle \u201eTutorial\u201d szekci\u00f3:<\/strong> folyamatosan b\u0151v\u00fcl\u0151 online seg\u00e9danyagok.<\/li>\n<li><strong>Vend\u00e9g\u00adel\u0151ad\u00e1sok:<\/strong> nemzetk\u00f6zileg elismert kutat\u00f3k el\u0151ad\u00e1sai, minden hallgat\u00f3nak aj\u00e1nlott.<\/li>\n<li><strong>Learning Management Systems:<\/strong> Moodle \u00e9s Microsoft-felh\u0151szolg\u00e1ltat\u00e1sok rendszeres haszn\u00e1lata.<\/li>\n<\/ul>\n<p>A II. \u00e9v strukt\u00far\u00e1ja el\u0151seg\u00edti, hogy a hallgat\u00f3k id\u0151ben teljes\u00edts\u00e9k a <strong>Komplex Vizsg\u00e1t<\/strong>, valamint megalapozz\u00e1k disszert\u00e1ci\u00f3juk sikeres befejez\u00e9s\u00e9t.<\/p>\n<style>\n           #page-grid .card-body > .line-clamp-box.excerpt{\n        width: inherit;\n        max-width: inherit;\n        display:flex;\n        min-height: 2.4em;\n        flex-direction: column;\n        justify-content: space-around;\n        background-color: #D6E4EA;\n        min-height: 3.4rem;\n        font-family: \"Montserrat\", sans-serif;\n    }\n\n    #page-grid a:hover .card-body > .line-clamp-box.excerpt {\n        background-color: #fff;\n        color: #313B40;\n    }\n\n    #page-grid .card-body .line-clamp-box.excerpt section{\n        max-width: inherit;\n        display: -webkit-box;\n        -webkit-line-clamp: 2;\n        -webkit-box-orient: vertical;\n        overflow: hidden;\n        text-overflow: ellipsis;\n        hyphens: auto;\n        margin: auto;\n        \n    }\n    .line-clamp-box.excerpt section, .line-clamp-box.excerpt section p{\n        font-size:0.8em;\n    }\n    \n<\/style>\n    <section id=\"page-grid\">\n        \n        <div class=\"row row-cols-1 row-cols-md-2 row-cols-lg-4 no-gutters mx-0 \">    <div class =\"col  mb-2 card-wrapper\">\n        <a class=\"d-flex flex-fill card-link-warapper m-md-1\" href=\"https:\/\/semmelweis.hu\/tmk\/oktatas\/phd-hallgatok\/ii-eves-hallgatok\/cardiology-intensive\/\">\n            <div class=\"card border border-secondary se-border flex-fill\">\n                <div class=\"row no-gutters mx-0 d-flex flex-nowrap flex-md-wrap align-items-center\">\n                    <div class =\"  col-5 col-md-12   card-image justify-content-center\">\n                        <img loading=\"lazy\" decoding=\"async\" width=\"600\" height=\"400\" src=\"https:\/\/semmelweis.hu\/tmk\/files\/2025\/07\/28.png\" class=\"landscape wp-post-image\" alt=\"\" srcset=\"https:\/\/semmelweis.hu\/tmk\/files\/2025\/07\/28.png 600w, https:\/\/semmelweis.hu\/tmk\/files\/2025\/07\/28-400x267.png 400w, https:\/\/semmelweis.hu\/tmk\/files\/2025\/07\/28-203x135.png 203w\" sizes=\"auto, (max-width: 600px) 100vw, 600px\" \/>\n                    <\/div>\n                    <div class=\"card-body  col flex-column  col-md-12 p-0\">\n                        <div class=\"line-clamp-box p-3\">\n                            <h5 class=\"ml-0 ml-sm-1 mt-2 align-items-center\"  >Cardiology, Sport &amp; Space Science<\/h5>\n                        <\/div>\n                        \n                    <\/div>\n                <\/div>\n\n            <\/div>\n        <\/a>\n    <\/div>    <div class =\"col  mb-2 card-wrapper\">\n        <a class=\"d-flex flex-fill card-link-warapper m-md-1\" href=\"https:\/\/semmelweis.hu\/tmk\/oktatas\/phd-hallgatok\/ii-eves-hallgatok\/critical-care\/\">\n            <div class=\"card border border-secondary se-border flex-fill\">\n                <div class=\"row no-gutters mx-0 d-flex flex-nowrap flex-md-wrap align-items-center\">\n                    <div class =\"  col-5 col-md-12   card-image justify-content-center\">\n                        <img loading=\"lazy\" decoding=\"async\" width=\"600\" height=\"400\" src=\"https:\/\/semmelweis.hu\/tmk\/files\/2025\/07\/sport-science.png\" class=\"landscape wp-post-image\" alt=\"\" srcset=\"https:\/\/semmelweis.hu\/tmk\/files\/2025\/07\/sport-science.png 600w, https:\/\/semmelweis.hu\/tmk\/files\/2025\/07\/sport-science-400x267.png 400w, https:\/\/semmelweis.hu\/tmk\/files\/2025\/07\/sport-science-203x135.png 203w\" sizes=\"auto, (max-width: 600px) 100vw, 600px\" \/>\n                    <\/div>\n                    <div class=\"card-body  col flex-column  col-md-12 p-0\">\n                        <div class=\"line-clamp-box p-3\">\n                            <h5 class=\"ml-0 ml-sm-1 mt-2 align-items-center\"  >Critical Care<\/h5>\n                        <\/div>\n                        \n                    <\/div>\n                <\/div>\n\n            <\/div>\n        <\/a>\n    <\/div>    <div class =\"col  mb-2 card-wrapper\">\n        <a class=\"d-flex flex-fill card-link-warapper m-md-1\" href=\"https:\/\/semmelweis.hu\/tmk\/oktatas\/phd-hallgatok\/ii-eves-hallgatok\/dentistry\/\">\n            <div class=\"card border border-secondary se-border flex-fill\">\n                <div class=\"row no-gutters mx-0 d-flex flex-nowrap flex-md-wrap align-items-center\">\n                    <div class =\"  col-5 col-md-12   card-image justify-content-center\">\n                        <img loading=\"lazy\" decoding=\"async\" width=\"600\" height=\"400\" src=\"https:\/\/semmelweis.hu\/tmk\/files\/2025\/07\/29.png\" class=\"landscape wp-post-image\" alt=\"\" srcset=\"https:\/\/semmelweis.hu\/tmk\/files\/2025\/07\/29.png 600w, https:\/\/semmelweis.hu\/tmk\/files\/2025\/07\/29-400x267.png 400w, https:\/\/semmelweis.hu\/tmk\/files\/2025\/07\/29-203x135.png 203w\" sizes=\"auto, (max-width: 600px) 100vw, 600px\" \/>\n                    <\/div>\n                    <div class=\"card-body  col flex-column  col-md-12 p-0\">\n                        <div class=\"line-clamp-box p-3\">\n                            <h5 class=\"ml-0 ml-sm-1 mt-2 align-items-center\"  >Dentistry<\/h5>\n                        <\/div>\n                        \n                    <\/div>\n                <\/div>\n\n            <\/div>\n        <\/a>\n    <\/div>    <div class =\"col  mb-2 card-wrapper\">\n        <a class=\"d-flex flex-fill card-link-warapper m-md-1\" href=\"https:\/\/semmelweis.hu\/tmk\/oktatas\/phd-hallgatok\/ii-eves-hallgatok\/pediatrics\/\">\n            <div class=\"card border border-secondary se-border flex-fill\">\n                <div class=\"row no-gutters mx-0 d-flex flex-nowrap flex-md-wrap align-items-center\">\n                    <div class =\"  col-5 col-md-12   card-image justify-content-center\">\n                        <img loading=\"lazy\" decoding=\"async\" width=\"600\" height=\"400\" src=\"https:\/\/semmelweis.hu\/tmk\/files\/2025\/07\/36.png\" class=\"landscape wp-post-image\" alt=\"\" srcset=\"https:\/\/semmelweis.hu\/tmk\/files\/2025\/07\/36.png 600w, https:\/\/semmelweis.hu\/tmk\/files\/2025\/07\/36-400x267.png 400w, https:\/\/semmelweis.hu\/tmk\/files\/2025\/07\/36-203x135.png 203w\" sizes=\"auto, (max-width: 600px) 100vw, 600px\" \/>\n                    <\/div>\n                    <div class=\"card-body  col flex-column  col-md-12 p-0\">\n                        <div class=\"line-clamp-box p-3\">\n                            <h5 class=\"ml-0 ml-sm-1 mt-2 align-items-center\"  >Dermatology &amp; Pediatrics<\/h5>\n                        <\/div>\n                        \n                    <\/div>\n                <\/div>\n\n            <\/div>\n        <\/a>\n    <\/div>    <div class =\"col  mb-2 card-wrapper\">\n        <a class=\"d-flex flex-fill card-link-warapper m-md-1\" href=\"https:\/\/semmelweis.hu\/tmk\/oktatas\/phd-hallgatok\/ii-eves-hallgatok\/gastroenterology\/\">\n            <div class=\"card border border-secondary se-border flex-fill\">\n                <div class=\"row no-gutters mx-0 d-flex flex-nowrap flex-md-wrap align-items-center\">\n                    <div class =\"  col-5 col-md-12   card-image justify-content-center\">\n                        <img loading=\"lazy\" decoding=\"async\" width=\"600\" height=\"400\" src=\"https:\/\/semmelweis.hu\/tmk\/files\/2025\/07\/33.png\" class=\"landscape wp-post-image\" alt=\"\" srcset=\"https:\/\/semmelweis.hu\/tmk\/files\/2025\/07\/33.png 600w, https:\/\/semmelweis.hu\/tmk\/files\/2025\/07\/33-400x267.png 400w, https:\/\/semmelweis.hu\/tmk\/files\/2025\/07\/33-203x135.png 203w\" sizes=\"auto, (max-width: 600px) 100vw, 600px\" \/>\n                    <\/div>\n                    <div class=\"card-body  col flex-column  col-md-12 p-0\">\n                        <div class=\"line-clamp-box p-3\">\n                            <h5 class=\"ml-0 ml-sm-1 mt-2 align-items-center\"  >Gastroenterology<\/h5>\n                        <\/div>\n                        \n                    <\/div>\n                <\/div>\n\n            <\/div>\n        <\/a>\n    <\/div>    <div class =\"col  mb-2 card-wrapper\">\n        <a class=\"d-flex flex-fill card-link-warapper m-md-1\" href=\"https:\/\/semmelweis.hu\/tmk\/oktatas\/phd-hallgatok\/ii-eves-hallgatok\/gynecology-urology\/\">\n            <div class=\"card border border-secondary se-border flex-fill\">\n                <div class=\"row no-gutters mx-0 d-flex flex-nowrap flex-md-wrap align-items-center\">\n                    <div class =\"  col-5 col-md-12   card-image justify-content-center\">\n                        <img loading=\"lazy\" decoding=\"async\" width=\"600\" height=\"400\" src=\"https:\/\/semmelweis.hu\/tmk\/files\/2025\/07\/32.png\" class=\"landscape wp-post-image\" alt=\"\" srcset=\"https:\/\/semmelweis.hu\/tmk\/files\/2025\/07\/32.png 600w, https:\/\/semmelweis.hu\/tmk\/files\/2025\/07\/32-400x267.png 400w, https:\/\/semmelweis.hu\/tmk\/files\/2025\/07\/32-203x135.png 203w\" sizes=\"auto, (max-width: 600px) 100vw, 600px\" \/>\n                    <\/div>\n                    <div class=\"card-body  col flex-column  col-md-12 p-0\">\n                        <div class=\"line-clamp-box p-3\">\n                            <h5 class=\"ml-0 ml-sm-1 mt-2 align-items-center\"  >Gynecology &amp; Urology<\/h5>\n                        <\/div>\n                        \n                    <\/div>\n                <\/div>\n\n            <\/div>\n        <\/a>\n    <\/div>    <div class =\"col  mb-2 card-wrapper\">\n        <a class=\"d-flex flex-fill card-link-warapper m-md-1\" href=\"https:\/\/semmelweis.hu\/tmk\/oktatas\/phd-hallgatok\/ii-eves-hallgatok\/dermatology-miscellaneous\/\">\n            <div class=\"card border border-secondary se-border flex-fill\">\n                <div class=\"row no-gutters mx-0 d-flex flex-nowrap flex-md-wrap align-items-center\">\n                    <div class =\"  col-5 col-md-12   card-image justify-content-center\">\n                        <img loading=\"lazy\" decoding=\"async\" width=\"600\" height=\"400\" src=\"https:\/\/semmelweis.hu\/tmk\/files\/2025\/07\/30.png\" class=\"landscape wp-post-image\" alt=\"\" srcset=\"https:\/\/semmelweis.hu\/tmk\/files\/2025\/07\/30.png 600w, https:\/\/semmelweis.hu\/tmk\/files\/2025\/07\/30-400x267.png 400w, https:\/\/semmelweis.hu\/tmk\/files\/2025\/07\/30-203x135.png 203w\" sizes=\"auto, (max-width: 600px) 100vw, 600px\" \/>\n                    <\/div>\n                    <div class=\"card-body  col flex-column  col-md-12 p-0\">\n                        <div class=\"line-clamp-box p-3\">\n                            <h5 class=\"ml-0 ml-sm-1 mt-2 align-items-center\"  >Miscellaneous<\/h5>\n                        <\/div>\n                        \n                    <\/div>\n                <\/div>\n\n            <\/div>\n        <\/a>\n    <\/div>        <\/div>\n    <\/section>\n","protected":false},"excerpt":{"rendered":"<p>II. \u00e9v \u2013 felk\u00e9sz\u00fcl\u00e9s a Komplex Vizsg\u00e1ra A m\u00e1sodik \u00e9vben a hallgat\u00f3k heti legal\u00e1bb egy teljes napot sz\u00e1nnak kutat\u00e1sra \u00e9s a Komplex Vizsg\u00e1ra val\u00f3 felk\u00e9sz\u00fcl\u00e9sre. A f\u0151 c\u00e9lok: halad\u00f3 m\u00f3dszertani ismeretek elsaj\u00e1t\u00edt\u00e1sa, a disszert\u00e1ci\u00f3hoz sz\u00fcks\u00e9ges projektek befejez\u00e9se, SMS-hallgat\u00f3k sz\u00e1m\u00e1ra a \u201eteaching by doing\u201d oktat\u00e1si m\u00f3dszer gyakorl\u00e1sa. K\u00f6telez\u0151 esem\u00e9nyek \u00e9s hat\u00e1rid\u0151k Csoport\u00admeeting \u2013 k\u00e9thetente, az Accelerator &hellip;<\/p>\n","protected":false},"author":101929,"featured_media":0,"parent":2001,"menu_order":0,"comment_status":"closed","ping_status":"closed","template":"","meta":{"_acf_changed":false,"footnotes":""},"categories":[],"tags":[],"class_list":["post-5625","page","type-page","status-publish","hentry"],"acf":[],"_links":{"self":[{"href":"https:\/\/semmelweis.hu\/tmk\/wp-json\/wp\/v2\/pages\/5625","targetHints":{"allow":["GET"]}}],"collection":[{"href":"https:\/\/semmelweis.hu\/tmk\/wp-json\/wp\/v2\/pages"}],"about":[{"href":"https:\/\/semmelweis.hu\/tmk\/wp-json\/wp\/v2\/types\/page"}],"author":[{"embeddable":true,"href":"https:\/\/semmelweis.hu\/tmk\/wp-json\/wp\/v2\/users\/101929"}],"replies":[{"embeddable":true,"href":"https:\/\/semmelweis.hu\/tmk\/wp-json\/wp\/v2\/comments?post=5625"}],"version-history":[{"count":2,"href":"https:\/\/semmelweis.hu\/tmk\/wp-json\/wp\/v2\/pages\/5625\/revisions"}],"predecessor-version":[{"id":5627,"href":"https:\/\/semmelweis.hu\/tmk\/wp-json\/wp\/v2\/pages\/5625\/revisions\/5627"}],"up":[{"embeddable":true,"href":"https:\/\/semmelweis.hu\/tmk\/wp-json\/wp\/v2\/pages\/2001"}],"wp:attachment":[{"href":"https:\/\/semmelweis.hu\/tmk\/wp-json\/wp\/v2\/media?parent=5625"}],"wp:term":[{"taxonomy":"category","embeddable":true,"href":"https:\/\/semmelweis.hu\/tmk\/wp-json\/wp\/v2\/categories?post=5625"},{"taxonomy":"post_tag","embeddable":true,"href":"https:\/\/semmelweis.hu\/tmk\/wp-json\/wp\/v2\/tags?post=5625"}],"curies":[{"name":"wp","href":"https:\/\/api.w.org\/{rel}","templated":true}]}}