{"id":5133,"date":"2025-07-23T09:03:34","date_gmt":"2025-07-23T07:03:34","guid":{"rendered":"https:\/\/semmelweis.hu\/tmk\/?page_id=5133"},"modified":"2025-12-11T08:12:27","modified_gmt":"2025-12-11T07:12:27","slug":"transzlacios-medicina-kozpont-tortenete","status":"publish","type":"page","link":"https:\/\/semmelweis.hu\/tmk\/a-kozpontrol\/transzlacios-medicina-kozpont-tortenete\/","title":{"rendered":"Transzl\u00e1ci\u00f3s Medicina K\u00f6zpont t\u00f6rt\u00e9nete"},"content":{"rendered":"<h1>Transzl\u00e1ci\u00f3s Medicina K\u00f6zpont t\u00f6rt\u00e9nete<\/h1>\n<p class=\"lead\">A transzl\u00e1ci\u00f3s medicina t\u00f6rt\u00e9nete \u2013 a kutat\u00e1st\u00f3l a gy\u00f3gy\u00edt\u00e1sig<\/p>\n<p>&nbsp;<\/p>\n<p style=\"text-align: justify\">A modern orvosl\u00e1s egyik legnagyobb kih\u00edv\u00e1sa ma nem az \u00faj tudom\u00e1nyos eredm\u00e9nyek hi\u00e1nya, hanem azok <strong>gyakorlati alkalmaz\u00e1s\u00e1nak\u00a0lass\u00fas\u00e1ga<\/strong>. A transzl\u00e1ci\u00f3s medicina erre a kih\u00edv\u00e1sra ad v\u00e1laszt: c\u00e9lja, hogy a laborat\u00f3riumi felfedez\u00e9sek, klinikai kutat\u00e1sok \u00e9s innov\u00e1ci\u00f3k <strong>min\u00e9l gyorsabban<\/strong> <strong>\u00e9s hat\u00e9konyabban jussanak el a betegekhez<\/strong>, \u00e9s val\u00f3di t\u00e1rsadalmi haszonn\u00e1 v\u00e1ljanak.<\/p>\n<p><img loading=\"lazy\" decoding=\"async\" class=\"size-medium wp-image-5145 alignright\" style=\"font-weight: bold\" src=\"https:\/\/semmelweis.hu\/tmk\/files\/2025\/07\/20170131-0404-3474-csortos-szabolcs-konferencia-stay-alive-400x267.jpg\" alt=\"\" width=\"400\" height=\"267\" srcset=\"https:\/\/semmelweis.hu\/tmk\/files\/2025\/07\/20170131-0404-3474-csortos-szabolcs-konferencia-stay-alive-400x267.jpg 400w, https:\/\/semmelweis.hu\/tmk\/files\/2025\/07\/20170131-0404-3474-csortos-szabolcs-konferencia-stay-alive-1024x683.jpg 1024w, https:\/\/semmelweis.hu\/tmk\/files\/2025\/07\/20170131-0404-3474-csortos-szabolcs-konferencia-stay-alive-768x512.jpg 768w, https:\/\/semmelweis.hu\/tmk\/files\/2025\/07\/20170131-0404-3474-csortos-szabolcs-konferencia-stay-alive-753x502.jpg 753w, https:\/\/semmelweis.hu\/tmk\/files\/2025\/07\/20170131-0404-3474-csortos-szabolcs-konferencia-stay-alive-203x135.jpg 203w, https:\/\/semmelweis.hu\/tmk\/files\/2025\/07\/20170131-0404-3474-csortos-szabolcs-konferencia-stay-alive.jpg 1200w\" sizes=\"auto, (max-width: 400px) 100vw, 400px\" \/><\/p>\n<p style=\"text-align: justify\">Magyarorsz\u00e1gon a transzl\u00e1ci\u00f3s szeml\u00e9let \u00faj lend\u00fcletet kapott 2016-ban, amikor <strong>Hegyi P\u00e9ter professzor vezet\u00e9s\u00e9vel megalakult az\u00a0<\/strong><strong>els\u0151 Transzl\u00e1ci\u00f3s Medicina <\/strong><strong style=\"font-size: 1rem\">K\u00f6zpont<\/strong><span style=\"font-size: 1rem\"> a <\/span><a href=\"https:\/\/aok.pte.hu\/hu\/egyseg\/150\">P\u00e9csi Tudom\u00e1nyegyetemen<\/a><span style=\"font-size: 1rem\">. A kezdem\u00e9nyez\u00e9st a <\/span><strong style=\"font-size: 1rem\">Transzl\u00e1ci\u00f3s Medicina Alap\u00edtv\u00e1ny<\/strong><span style=\"font-size: 1rem\"> t\u00e1mogatta: biztos\u00edtotta a m\u00f3dszertani alapokat, digit\u00e1lis infrastrukt\u00far\u00e1t \u00e9s a nemzetk\u00f6zi kapcsolatrendszert.<\/span><\/p>\n<p style=\"text-align: justify\">A modell sikere gyorsan orsz\u00e1gos m\u00e9ret\u0171v\u00e9 n\u0151tte ki mag\u00e1t: <strong>a Szent Gy\u00f6rgy K\u00f3rh\u00e1z Sz\u00e9kesfeh\u00e9rv\u00e1ron, a Heim P\u00e1l Gyermekk\u00f3rh\u00e1z Budapesten<\/strong> is csatlakozott.<\/p>\n<p class=\"lead\" style=\"text-align: justify\">A Semmelweis Egyetem TMK \u2013 Eur\u00f3pa \u00e9lvonal\u00e1ban<\/p>\n<p style=\"text-align: justify\">2021. \u00e9vi alap\u00edt\u00e1st\u00f3l a transzl\u00e1ci\u00f3s medicina k\u00f6zponti szerepl\u0151je ma m\u00e1r a <strong>Semmelweis Egyetem Transzl\u00e1ci\u00f3s Medicina K\u00f6zpontja (TMK)<\/strong>, amely Eur\u00f3pa egyik legnagyobb \u00e9s legdinamikusabban fejl\u0151d\u0151 TM-k\u00f6zpontj\u00e1v\u00e1 v\u00e1lt. A K\u00f6zpont olyan platformot teremt, ahol az <strong>alapkutat\u00e1s, klinikum, oktat\u00e1s \u00e9s adatvez\u00e9relt innov\u00e1ci\u00f3 szorosan egy\u00fcttm\u0171k\u00f6dik<\/strong>. C\u00e9lunk, hogy <strong>a tudom\u00e1ny mozg\u00e1sba hozza a gy\u00f3gy\u00edt\u00e1st<\/strong>, \u00e9s a kutat\u00e1si eredm\u00e9nyek ne \u00e9vekkel k\u00e9s\u0151bb, hanem m\u00e1r a keletkez\u00e9s\u00fck pillanat\u00e1ban szolg\u00e1lj\u00e1k a betegell\u00e1t\u00e1st.<\/p>\n<p style=\"text-align: justify\"><img loading=\"lazy\" decoding=\"async\" class=\" wp-image-5143 alignleft\" src=\"https:\/\/semmelweis.hu\/tmk\/files\/2025\/07\/RS137592_C19A5874-scr-400x267.jpg\" alt=\"\" width=\"503\" height=\"336\" srcset=\"https:\/\/semmelweis.hu\/tmk\/files\/2025\/07\/RS137592_C19A5874-scr-400x267.jpg 400w, https:\/\/semmelweis.hu\/tmk\/files\/2025\/07\/RS137592_C19A5874-scr-1024x683.jpg 1024w, https:\/\/semmelweis.hu\/tmk\/files\/2025\/07\/RS137592_C19A5874-scr-768x512.jpg 768w, https:\/\/semmelweis.hu\/tmk\/files\/2025\/07\/RS137592_C19A5874-scr-753x502.jpg 753w, https:\/\/semmelweis.hu\/tmk\/files\/2025\/07\/RS137592_C19A5874-scr-203x135.jpg 203w, https:\/\/semmelweis.hu\/tmk\/files\/2025\/07\/RS137592_C19A5874-scr.jpg 1200w\" sizes=\"auto, (max-width: 503px) 100vw, 503px\" \/><\/p>\n<p style=\"text-align: justify\">A TMK kiemelt feladata az eg\u00e9szs\u00e9g\u00fcgyi szakemberek ut\u00e1np\u00f3tl\u00e1s-k\u00e9pz\u00e9se. A hallgat\u00f3k nemcsak tudom\u00e1nyos ismereteket szereznek,\u00a0hanem <strong>gyakorlati\u00a0<\/strong><strong style=\"font-size: 1rem\">tapasztalatokat is<\/strong><span style=\"font-size: 1rem\">, amelyekkel k\u00f6zvetlen hat\u00e1st gyakorolhatnak a betegell\u00e1t\u00e1s min\u0151s\u00e9g\u00e9re.<\/span><\/p>\n<p class=\"lead\" style=\"text-align: justify\">Nemzetk\u00f6zi terjeszked\u00e9s \u2013 a TMK j\u00f6v\u0151je<\/p>\n<p>A transzl\u00e1ci\u00f3s medicina modellje <strong>2025-ben \u00faj m\u00e9rf\u00f6ldk\u0151h\u00f6z \u00e9rkezik<\/strong>:<\/p>\n<p><strong>\u2022 a Szegedi Tudom\u00e1nyegyetemen<\/strong> \u00e9s<\/p>\n<p style=\"text-align: justify\"><strong>\u2022 a B\u00e9csi Orvostudom\u00e1nyi Egyetemen (Medical University of Vienna)<br \/>\n<\/strong>is elindul a <strong style=\"font-size: 1rem\">PhD-k\u00e9pz\u00e9s<\/strong><span style=\"font-size: 1rem\">, valamint a<\/span><strong style=\"font-size: 1rem\"> t\u00e9mavezet\u0151i mesterk\u00e9pz\u00e9s<\/strong><span style=\"font-size: 1rem\">.<\/span><\/p>\n<p style=\"text-align: justify\">Ez nemcsak a program nemzetk\u00f6zi s\u00faly\u00e1t n\u00f6veli, hanem lehet\u0151s\u00e9get teremt arra is, hogy a hallgat\u00f3k \u00e9s oktat\u00f3k <strong>t\u00f6bb int\u00e9zm\u00e9nyen \u00e1t\u00edvel\u0151 tud\u00e1sk\u00f6z\u00f6ss\u00e9g<\/strong> r\u00e9sz\u00e9v\u00e9 v\u00e1ljanak \u2013 olyan tudom\u00e1nyos h\u00e1l\u00f3zatt\u00e1, amely m\u00e1r ma \u00e9p\u00edti a holnap eg\u00e9szs\u00e9g\u00fcgy\u00e9t.<\/p>\n<p class=\"lead\">Technol\u00f3giai \u00e9s kutat\u00e1st\u00e1mogat\u00e1si h\u00e1tt\u00e9r<\/p>\n<p>A TMK nemcsak oktat\u00e1si k\u00f6zpont, hanem <strong>kutat\u00e1sokat t\u00e1mogat\u00f3 er\u0151forr\u00e1sb\u00e1zis<\/strong> is:<\/p>\n<ul>\n<li style=\"text-align: justify\">az <strong>ECDMS rendszer<\/strong> r\u00e9v\u00e9n megb\u00edzhat\u00f3, valid\u00e1lt eg\u00e9szs\u00e9g\u00fcgyi adatokkal dolgozunk,<\/li>\n<li style=\"text-align: justify\"><strong>tudom\u00e1nyos m\u00f3dszertani, biostatisztikai, informatikai \u00e9s AI-t\u00e1mogat\u00e1ssal<\/strong> seg\u00edtj\u00fck a kutat\u00e1sokat,<\/li>\n<li style=\"text-align: justify\">\u00e9s akt\u00edv szerepl\u0151i vagyunk az adatvez\u00e9relt klinikai innov\u00e1ci\u00f3nak.<\/li>\n<\/ul>\n<p class=\"lead\" style=\"text-align: justify\">Strat\u00e9giai partnereink<\/p>\n<ul>\n<li style=\"list-style-type: none\">\n<ul>\n<li style=\"text-align: justify\"><strong>Transzl\u00e1ci\u00f3s Medicina Alap\u00edtv\u00e1ny<\/strong> \u2013 tudom\u00e1nyos kutat\u00e1sok t\u00e1mogat\u00e1s\u00e1hoz informatikai rendszert (ECDMS) \u00e9s e-learning tananyagot biztos\u00edt, el\u0151seg\u00edtve a kutat\u00e1si infrastrukt\u00fara fejleszt\u00e9s\u00e9t \u00e9s a digit\u00e1lis k\u00e9pz\u00e9st.<\/li>\n<li style=\"text-align: justify\"><strong>Nemzeti Orvosbiol\u00f3giai Alap\u00edtv\u00e1ny<\/strong> \u2013 <span data-teams=\"true\">e-learning tananyagok fejleszt\u00e9s\u00e9vel \u00e9s fiatal kutat\u00f3k toborz\u00e1s\u00e1val j\u00e1rul hozz\u00e1 a tudom\u00e1nyos ut\u00e1np\u00f3tl\u00e1s biztos\u00edt\u00e1s\u00e1hoz a<\/span> <a href=\"https:\/\/www.edu-sci.org\/?lang=hu\"><em>National Academy of Scientist Education<\/em><\/a> program keret\u00e9ben.<\/li>\n<li style=\"text-align: justify\"><strong>Szegedi Tudom\u00e1nyegyetem &amp; University of Vienna<\/strong> \u2013 2025-t\u0151l a transzl\u00e1ci\u00f3s medicina nemzetk\u00f6zi k\u00e9pz\u00e9si h\u00e1l\u00f3zat\u00e1nak kulcsszerepl\u0151i.<\/li>\n<\/ul>\n<\/li>\n<\/ul>\n<p class=\"lead\" style=\"text-align: justify\">Egy\u00fcttm\u0171k\u00f6d\u0151 eg\u00e9szs\u00e9g\u00fcgyi int\u00e9zm\u00e9nyek<\/p>\n<ul>\n<li style=\"list-style-type: none\">\n<ul>\n<li style=\"text-align: justify\"><strong>Heim P\u00e1l Orsz\u00e1gos Gyermekgy\u00f3gy\u00e1szati Int\u00e9zet<\/strong> \u2013 11 f\u0151<\/li>\n<li style=\"text-align: justify\"><strong>Fej\u00e9r V\u00e1rmegyei Szent Gy\u00f6rgy Egyetemi Oktat\u00f3 K\u00f3rh\u00e1z<\/strong> \u2013 8 f\u0151<\/li>\n<li style=\"text-align: justify\"><strong>Bajcsy-Zsilinszky K\u00f3rh\u00e1z \u00e9s Rendel\u0151int\u00e9zet<\/strong> \u2013 7 f\u0151<\/li>\n<li style=\"text-align: justify\"><strong>Honv\u00e9dk\u00f3rh\u00e1z (Magyar Honv\u00e9ds\u00e9g Eg\u00e9szs\u00e9g\u00fcgyi K\u00f6zpontja)<\/strong> \u2013 4 f\u0151<\/li>\n<li style=\"text-align: justify\"><strong>P\u00e9csi Tudom\u00e1nyegyetem<\/strong> \u2013 3 f\u0151<\/li>\n<li style=\"text-align: justify\"><strong>Vas V\u00e1rmegyei Markusovszky Egyetemi Oktat\u00f3k\u00f3rh\u00e1z<\/strong> \u2013 3 f\u0151<\/li>\n<li style=\"text-align: justify\"><strong>Markusovszky K\u00f3rh\u00e1z, Szombathely<\/strong> \u2013 3 f\u0151<\/li>\n<li style=\"text-align: justify\"><strong>J\u00f3sa Andr\u00e1s Oktat\u00f3k\u00f3rh\u00e1z, Ny\u00edregyh\u00e1za<\/strong> \u2013 2 f\u0151<\/li>\n<li style=\"text-align: justify\"><strong>Tirgu Mures Emergency Clinical County Hospital<\/strong> \u2013 2 f\u0151<\/li>\n<li style=\"text-align: justify\"><strong>Veszpr\u00e9m V\u00e1rmegyei Csolnoky Ferenc K\u00f3rh\u00e1z<\/strong> \u2013 2 f\u0151<\/li>\n<li style=\"text-align: justify\"><strong>Sz\u00e9kesfeh\u00e9rv\u00e1ri Szent Gy\u00f6rgy K\u00f3rh\u00e1z<\/strong> \u2013 1 f\u0151<\/li>\n<li style=\"text-align: justify\"><strong>Albert Schweitzer K\u00f3rh\u00e1z, Hatvan<\/strong> \u2013 1 f\u0151<\/li>\n<li style=\"text-align: justify\"><strong>Uzsoki Utcai K\u00f3rh\u00e1z<\/strong> \u2013 1 f\u0151<\/li>\n<li style=\"text-align: justify\"><strong>B\u00e1cs-Kiskun Megyei K\u00f3rh\u00e1z, Kecskem\u00e9t\/Kalocsa<\/strong> \u2013 2 f\u0151<\/li>\n<li style=\"text-align: justify\"><strong>\u00daj Szent J\u00e1nos K\u00f3rh\u00e1z \u00e9s Rendel\u0151int\u00e9zet<\/strong> \u2013 1 f\u0151<\/li>\n<li style=\"text-align: justify\"><strong>Szent Borb\u00e1la K\u00f3rh\u00e1z<\/strong> \u2013 1 f\u0151<\/li>\n<li style=\"text-align: justify\"><strong>Somogy Megyei Kaposi M\u00f3r Oktat\u00f3 K\u00f3rh\u00e1z<\/strong> \u2013 1 f\u0151<\/li>\n<li style=\"text-align: justify\"><strong>Zala Megyei Szent Rafael K\u00f3rh\u00e1z<\/strong> \u2013 1 f\u0151<\/li>\n<li style=\"text-align: justify\"><strong>Toldy Ferenc K\u00f3rh\u00e1z<\/strong> \u2013 2 f\u0151<\/li>\n<li style=\"text-align: justify\"><strong>Szent Imre Egyetemi Oktat\u00f3k\u00f3rh\u00e1z, Budapest<\/strong> \u2013 2 f\u0151<\/li>\n<li style=\"text-align: justify\"><strong>Budapesti Dr. Manninger Jen\u0151 Trauma Centrum<\/strong> \u2013 1 f\u0151<\/li>\n<li style=\"text-align: justify\"><strong>Gottsegen Gy\u00f6rgy Orsz\u00e1gos Kardiol\u00f3giai Int\u00e9zet<\/strong> \u2013 1 f\u0151<\/li>\n<li style=\"text-align: justify\"><strong>University Hospital Martin<\/strong> \u2013 1 f\u0151<\/li>\n<li style=\"text-align: justify\"><strong>Regional Institute of Oncology, Ia\u0219i<\/strong> \u2013 1 f\u0151<\/li>\n<li style=\"text-align: justify\"><strong>Sf\u00e2ntul Spiridon County Emergency Hospital, Ia\u0219i<\/strong> \u2013 2 f\u0151<\/li>\n<li style=\"text-align: justify\">Gottsegen Gy\u00f6rgy Orsz\u00e1gos Kardiol\u00f3giai Int\u00e9zet \u2013 1 f\u0151<\/li>\n<li style=\"text-align: justify\"><strong>Institute of Pneumophysiology \u201cMarius Nasta\u201d, Bucharest<\/strong> \u2013 1 f\u0151<\/li>\n<li style=\"text-align: justify\">Quzhou People\u2019s Hospital, Wenzhou Medical University \u2013 1 f\u0151<\/li>\n<li style=\"text-align: justify\">D\u00e9l-budai Centrumk\u00f3rh\u00e1z Szent Imre Egyetemi Oktat\u00f3k\u00f3rh\u00e1z, Seb\u00e9szeti Oszt\u00e1ly \u2013 1 f\u0151<\/li>\n<li style=\"text-align: justify\"><strong>National Institute of Diabetes, Nutrition and Metabolic Diseases \u201cN.C. Paulescu\u201d, Bucharest<\/strong> \u2013 1 f\u0151<\/li>\n<li style=\"text-align: justify\"><strong>Saint Mary Emergency Children Hospital<\/strong> \u2013 1 f\u0151<\/li>\n<li style=\"text-align: justify\"><strong>Institute of Clinical Pharmacy, University of Szeged<\/strong> \u2013 1 f\u0151<\/li>\n<li style=\"text-align: justify\"><strong>Department of Neurology, University Clinical Center of Kosovo<\/strong> \u2013 1 f\u0151<\/li>\n<li style=\"text-align: justify\"><strong>Toldy Ferenc K\u00f3rh\u00e1z \u2013 Seb\u00e9szeti Oszt\u00e1ly<\/strong> \u2013 1 f\u0151<\/li>\n<\/ul>\n<\/li>\n<\/ul>\n<p class=\"lead\" style=\"text-align: justify\">Egy\u00e9b egy\u00fcttm\u0171k\u00f6d\u0151 szervezetek, v\u00e1llalatok, oszt\u00e1lyok<\/p>\n<ul>\n<li style=\"list-style-type: none\">\n<ul>\n<li style=\"text-align: justify\">Novo Nordisk \u2013 1 f\u0151<\/li>\n<li style=\"text-align: justify\">Preventrend Kft. \u2013 1 f\u0151<\/li>\n<li style=\"text-align: justify\">E\u00f6tv\u00f6s Lor\u00e1nd Tudom\u00e1nyegyetem, T\u00e1rsadalomtudom\u00e1nyi Kar \u2013 1 f\u0151<\/li>\n<li style=\"text-align: justify\">Ziv Medical Centre, Tzfat, Izrael \u2013 1 f\u0151<\/li>\n<li style=\"text-align: justify\">Candena Slovakia \u2013 1 f\u0151<\/li>\n<li style=\"text-align: justify\">Magyar Nemzeti Bank (The Central Bank of Hungary) \u2013 1 f\u0151<\/li>\n<li style=\"text-align: justify\">Clinic of Stomatology and Maxillofacial Surgery, UNLP Ko\u0161ice \u2013 1 f\u0151<\/li>\n<li style=\"text-align: justify\">Grigore T. Popa Medicine and Pharmacy University, Ia\u0219i \u2013 1 f\u0151<\/li>\n<li style=\"text-align: justify\">Fundeni Clinical Institute, Bucharest \u2013 1 f\u0151<\/li>\n<li style=\"text-align: justify\">K\u0151b\u00e1nyai Fekete Istv\u00e1n \u00c1ltal\u00e1nos Iskola \u2013 1 f\u0151<\/li>\n<\/ul>\n<\/li>\n<\/ul>\n<p>\u00a0 \u00a0 \u00a0 \u00a0 \u00a0 \u00a0 \u00a0 \u00a0 \u00a0 \u00a0 \u00a0 \u00a0 \u00a0 \u00a0 \u00a0 \u00a0 \u00a0 \u00a0 \u00a0 \u00a0 \u00a0 \u00a0 \u00a0 \u00a0 \u00a0 \u00a0 \u00a0 \u00a0 \u00a0 \u00a0 \u00a0<iframe loading=\"lazy\" src=\"https:\/\/www.google.com\/maps\/d\/u\/1\/embed?mid=1fj-4upkVx0XUNNM-DiX6lU35aeCi8l4&amp;ehbc=2E312F&amp;noprof=1\" width=\"640\" height=\"480\">&gt;<\/iframe><\/p>\n<p class=\"lead\">Eredm\u00e9nyek<\/p>\n<p>A<strong> 2021\u20132025 k\u00f6z\u00f6tti id\u0151szak eredm\u00e9nyei<\/strong> \u00f6nmaguk\u00e9rt besz\u00e9lnek:<\/p>\n<p><img loading=\"lazy\" decoding=\"async\" class=\"aligncenter size-medium wp-image-5134\" src=\"https:\/\/semmelweis.hu\/tmk\/files\/2025\/07\/Kepernyokep-2025-07-23-090043-400x354.png\" alt=\"\" width=\"400\" height=\"354\" srcset=\"https:\/\/semmelweis.hu\/tmk\/files\/2025\/07\/Kepernyokep-2025-07-23-090043-400x354.png 400w, https:\/\/semmelweis.hu\/tmk\/files\/2025\/07\/Kepernyokep-2025-07-23-090043-1024x907.png 1024w, https:\/\/semmelweis.hu\/tmk\/files\/2025\/07\/Kepernyokep-2025-07-23-090043-768x680.png 768w, https:\/\/semmelweis.hu\/tmk\/files\/2025\/07\/Kepernyokep-2025-07-23-090043-753x667.png 753w, https:\/\/semmelweis.hu\/tmk\/files\/2025\/07\/Kepernyokep-2025-07-23-090043.png 1151w\" sizes=\"auto, (max-width: 400px) 100vw, 400px\" \/><\/p>\n<p><!-- Projekt Book 18. oldal\u00e1r\u00f3l sz\u00e1rmaz\u00f3 k\u00e9p vagy illusztr\u00e1ci\u00f3 --><\/p>\n<p class=\"lead\" style=\"text-align: center\">Csatlakozz hozz\u00e1nk!<\/p>\n<p style=\"text-align: center\">Ha olyan k\u00f6z\u00f6ss\u00e9get keresel, ahol a tudom\u00e1ny nem \u00f6nc\u00e9l\u00fa, hanem az emberek szolg\u00e1lat\u00e1ban \u00e1ll, akkor a Transzl\u00e1ci\u00f3s Medicina K\u00f6zpont neked sz\u00f3l. Legy\u00e9l hallgat\u00f3, oktat\u00f3, kutat\u00f3 vagy partnerint\u00e9zm\u00e9ny \u2013 n\u00e1lunk a j\u00f6v\u0151 eg\u00e9szs\u00e9g\u00fcgye veled kezd\u0151dik.<\/p>\n<p style=\"text-align: center\"><strong>Kapcsolat:<\/strong> <a href=\"mailto:tmk@semmelweis.hu\">tmk@semmelweis.hu<\/a><\/p>\n","protected":false},"excerpt":{"rendered":"<p>A modern orvosl\u00e1s egyik legnagyobb kih\u00edv\u00e1sa ma nem az \u00faj tudom\u00e1nyos eredm\u00e9nyek hi\u00e1nya, hanem azok gyakorlati alkalmaz\u00e1s\u00e1nak lass\u00fas\u00e1ga. A transzl\u00e1ci\u00f3s medicina erre a kih\u00edv\u00e1sra ad v\u00e1laszt: c\u00e9lja, hogy a laborat\u00f3riumi felfedez\u00e9sek, klinikai kutat\u00e1sok \u00e9s innov\u00e1ci\u00f3k min\u00e9l gyorsabban \u00e9s hat\u00e9konyabban jussanak el a betegekhez, \u00e9s val\u00f3di t\u00e1rsadalmi haszonn\u00e1 v\u00e1ljanak.<\/p>\n","protected":false},"author":101929,"featured_media":6474,"parent":5161,"menu_order":0,"comment_status":"closed","ping_status":"closed","template":"template-fullwidth.php","meta":{"_acf_changed":false,"footnotes":""},"categories":[],"tags":[],"class_list":["post-5133","page","type-page","status-publish","has-post-thumbnail","hentry"],"acf":[],"_links":{"self":[{"href":"https:\/\/semmelweis.hu\/tmk\/wp-json\/wp\/v2\/pages\/5133","targetHints":{"allow":["GET"]}}],"collection":[{"href":"https:\/\/semmelweis.hu\/tmk\/wp-json\/wp\/v2\/pages"}],"about":[{"href":"https:\/\/semmelweis.hu\/tmk\/wp-json\/wp\/v2\/types\/page"}],"author":[{"embeddable":true,"href":"https:\/\/semmelweis.hu\/tmk\/wp-json\/wp\/v2\/users\/101929"}],"replies":[{"embeddable":true,"href":"https:\/\/semmelweis.hu\/tmk\/wp-json\/wp\/v2\/comments?post=5133"}],"version-history":[{"count":11,"href":"https:\/\/semmelweis.hu\/tmk\/wp-json\/wp\/v2\/pages\/5133\/revisions"}],"predecessor-version":[{"id":8843,"href":"https:\/\/semmelweis.hu\/tmk\/wp-json\/wp\/v2\/pages\/5133\/revisions\/8843"}],"up":[{"embeddable":true,"href":"https:\/\/semmelweis.hu\/tmk\/wp-json\/wp\/v2\/pages\/5161"}],"wp:featuredmedia":[{"embeddable":true,"href":"https:\/\/semmelweis.hu\/tmk\/wp-json\/wp\/v2\/media\/6474"}],"wp:attachment":[{"href":"https:\/\/semmelweis.hu\/tmk\/wp-json\/wp\/v2\/media?parent=5133"}],"wp:term":[{"taxonomy":"category","embeddable":true,"href":"https:\/\/semmelweis.hu\/tmk\/wp-json\/wp\/v2\/categories?post=5133"},{"taxonomy":"post_tag","embeddable":true,"href":"https:\/\/semmelweis.hu\/tmk\/wp-json\/wp\/v2\/tags?post=5133"}],"curies":[{"name":"wp","href":"https:\/\/api.w.org\/{rel}","templated":true}]}}