{"id":5114,"date":"2025-07-22T14:35:32","date_gmt":"2025-07-22T12:35:32","guid":{"rendered":"https:\/\/semmelweis.hu\/tmk\/?page_id=5114"},"modified":"2025-12-04T09:16:33","modified_gmt":"2025-12-04T08:16:33","slug":"basic-summer-school","status":"publish","type":"page","link":"https:\/\/semmelweis.hu\/tmk\/felnottkepzes\/basic-summer-school\/","title":{"rendered":"Basic Summer School"},"content":{"rendered":"<div style=\"margin-bottom: 40px;padding: 15px;border-left: 5px solid black;background: #f4f4f4\">\n<h3>Basic Summer School<\/h3>\n<p><strong>L\u00e9pj be a transzl\u00e1ci\u00f3s medicina vil\u00e1g\u00e1ba!<\/strong><\/p>\n<p>A <strong>Basic Summer School<\/strong> intenz\u00edv, nemzetk\u00f6zi \u00e9s gyakorlatias k\u00e9pz\u00e9s eg\u00e9szs\u00e9g\u00fcgyi tanulm\u00e1nyokat folytat\u00f3 vagy m\u00e1r diplom\u00e1s szakembereknek. A r\u00e9sztvev\u0151k megtanulj\u00e1k, mik\u00e9nt v\u00e1lik egy tudom\u00e1nyos felfedez\u00e9sb\u0151l val\u00f3di betegell\u00e1t\u00e1s.<\/p>\n<h4>A k\u00e9pz\u00e9st k\u00f6vet\u0151en k\u00e9pes leszel<\/h4>\n<ul>\n<li>a transzl\u00e1ci\u00f3s medicina szeml\u00e9let\u00e9nek alkalmaz\u00e1s\u00e1ra,<\/li>\n<li>a tudom\u00e1nyos szakirodalom kritikus \u00e9rt\u00e9kel\u00e9s\u00e9re,<\/li>\n<li>a modern klinikai kutat\u00e1s m\u00f3dszertan\u00e1nak meg\u00e9rt\u00e9s\u00e9re,<\/li>\n<li>az eg\u00e9szs\u00e9g\u00fcgyi ell\u00e1t\u00e1s kutat\u00e1s\u00e1ra (healthcare delivery science),<\/li>\n<li>\u00f6n\u00e1ll\u00f3 kutat\u00e1si munka v\u00e9gz\u00e9s\u00e9re.<\/li>\n<\/ul>\n<h4>Amit \u00e9rdemes tudnod<\/h4>\n<ul>\n<li><strong>Id\u0151tartam:<\/strong> 2 h\u00e9t<\/li>\n<li><strong>Tand\u00edj:<\/strong> \u20ac1,500-t\u00f3l<\/li>\n<li><strong>Jelentkez\u00e9si hat\u00e1rid\u0151k:<\/strong> 1 december \/ 5 m\u00e1jus<\/li>\n<li><strong>Jelentkez\u00e9si felt\u00e9tel:<\/strong> B2 angol nyelvtud\u00e1s; eg\u00e9szs\u00e9gtudom\u00e1nyi tanulm\u00e1nyok vagy v\u00e9gzetts\u00e9g el\u0151nyt jelent<\/li>\n<li><strong>K\u00e9pz\u00e9si forma:<\/strong> szem\u00e9lyes \/ online<\/li>\n<\/ul>\n<p>Ha \u00e9rdekel, hogyan v\u00e1lik a kutat\u00e1sb\u00f3l val\u00f3di betegell\u00e1t\u00e1s, csatlakozz a Transzl\u00e1ci\u00f3s Medicina Ny\u00e1ri Egyetemhez \u2013 <strong>jelentkezz most!<\/strong><br \/>\n<a href=\"https:\/\/forms.office.com\/e\/tPKYU9cm8s\">https:\/\/forms.office.com\/e\/tPKYU9cm8s<\/a><\/p>\n<p>Tov\u00e1bbi inform\u00e1ci\u00f3k: <a href=\"https:\/\/semmelweis.hu\/tmk\/files\/2025\/12\/BASIC-SUMMER-SCHOOL-PROGRAM-2526.pdf\">Booklet<\/a><\/p>\n<\/div>\n","protected":false},"excerpt":{"rendered":"<p>Basic Summer School L\u00e9pj be a transzl\u00e1ci\u00f3s medicina vil\u00e1g\u00e1ba! A Basic Summer School intenz\u00edv, nemzetk\u00f6zi \u00e9s gyakorlatias k\u00e9pz\u00e9s eg\u00e9szs\u00e9g\u00fcgyi tanulm\u00e1nyokat folytat\u00f3 vagy m\u00e1r diplom\u00e1s szakembereknek. A r\u00e9sztvev\u0151k megtanulj\u00e1k, mik\u00e9nt v\u00e1lik egy tudom\u00e1nyos felfedez\u00e9sb\u0151l val\u00f3di betegell\u00e1t\u00e1s. A k\u00e9pz\u00e9st k\u00f6vet\u0151en k\u00e9pes leszel a transzl\u00e1ci\u00f3s medicina szeml\u00e9let\u00e9nek alkalmaz\u00e1s\u00e1ra, a tudom\u00e1nyos szakirodalom kritikus \u00e9rt\u00e9kel\u00e9s\u00e9re, a modern klinikai kutat\u00e1s m\u00f3dszertan\u00e1nak &hellip;<\/p>\n","protected":false},"author":101929,"featured_media":5121,"parent":4342,"menu_order":0,"comment_status":"closed","ping_status":"closed","template":"","meta":{"_acf_changed":false,"footnotes":""},"categories":[37],"tags":[],"class_list":["post-5114","page","type-page","status-publish","has-post-thumbnail","hentry","category-felnottkepzes"],"acf":[],"_links":{"self":[{"href":"https:\/\/semmelweis.hu\/tmk\/wp-json\/wp\/v2\/pages\/5114","targetHints":{"allow":["GET"]}}],"collection":[{"href":"https:\/\/semmelweis.hu\/tmk\/wp-json\/wp\/v2\/pages"}],"about":[{"href":"https:\/\/semmelweis.hu\/tmk\/wp-json\/wp\/v2\/types\/page"}],"author":[{"embeddable":true,"href":"https:\/\/semmelweis.hu\/tmk\/wp-json\/wp\/v2\/users\/101929"}],"replies":[{"embeddable":true,"href":"https:\/\/semmelweis.hu\/tmk\/wp-json\/wp\/v2\/comments?post=5114"}],"version-history":[{"count":4,"href":"https:\/\/semmelweis.hu\/tmk\/wp-json\/wp\/v2\/pages\/5114\/revisions"}],"predecessor-version":[{"id":8830,"href":"https:\/\/semmelweis.hu\/tmk\/wp-json\/wp\/v2\/pages\/5114\/revisions\/8830"}],"up":[{"embeddable":true,"href":"https:\/\/semmelweis.hu\/tmk\/wp-json\/wp\/v2\/pages\/4342"}],"wp:featuredmedia":[{"embeddable":true,"href":"https:\/\/semmelweis.hu\/tmk\/wp-json\/wp\/v2\/media\/5121"}],"wp:attachment":[{"href":"https:\/\/semmelweis.hu\/tmk\/wp-json\/wp\/v2\/media?parent=5114"}],"wp:term":[{"taxonomy":"category","embeddable":true,"href":"https:\/\/semmelweis.hu\/tmk\/wp-json\/wp\/v2\/categories?post=5114"},{"taxonomy":"post_tag","embeddable":true,"href":"https:\/\/semmelweis.hu\/tmk\/wp-json\/wp\/v2\/tags?post=5114"}],"curies":[{"name":"wp","href":"https:\/\/api.w.org\/{rel}","templated":true}]}}