{"id":5112,"date":"2025-07-22T14:35:03","date_gmt":"2025-07-22T12:35:03","guid":{"rendered":"https:\/\/semmelweis.hu\/tmk\/?page_id=5112"},"modified":"2025-12-04T09:22:12","modified_gmt":"2025-12-04T08:22:12","slug":"advanced-summer-school","status":"publish","type":"page","link":"https:\/\/semmelweis.hu\/tmk\/felnottkepzes\/advanced-summer-school\/","title":{"rendered":"Advanced Summer School"},"content":{"rendered":"<div style=\"margin-bottom: 40px;padding: 15px;border-left: 5px solid black;background: #f4f4f4\">\n<h3>Advanced Summer School<\/h3>\n<p><strong>L\u00e9pj szintet a transzl\u00e1ci\u00f3s medicina ter\u00fclet\u00e9n!<\/strong><\/p>\n<p>A <strong>Transzl\u00e1ci\u00f3s Medicina \u2013 Advanced Summer School<\/strong> egy <strong>4 hetes<\/strong>, intenz\u00edv \u00e9s gyakorlatk\u00f6zpont\u00fa k\u00e9pz\u00e9s, amely elm\u00e9ly\u00edti tud\u00e1sodat a transzl\u00e1ci\u00f3s kutat\u00e1sban, k\u00fcl\u00f6n\u00f6s tekintettel a klinikai vizsg\u00e1latokra, betegregiszterekre \u00e9s metaanal\u00edzisekre. A program nemzetk\u00f6zi k\u00f6rnyezetben zajlik, \u00e9s kiv\u00e1l\u00f3 alapot biztos\u00edt PhD-tanulm\u00e1nyokhoz.<\/p>\n<h4>Mit saj\u00e1t\u00edthatsz el a k\u00e9pz\u00e9s alatt?<\/h4>\n<ul>\n<li>\u00c1tfog\u00f3 ismeretek a transzl\u00e1ci\u00f3s medicin\u00e1r\u00f3l \u00e9s az eg\u00e9szs\u00e9g\u00fcgyi ell\u00e1t\u00e1skutat\u00e1sr\u00f3l<\/li>\n<li>Gyakorlati tapasztalat betegregiszterek, klinikai vizsg\u00e1latok \u00e9s szisztematikus \u00e1ttekint\u00e9sek l\u00e9trehoz\u00e1s\u00e1ban<\/li>\n<li>Klinikai kutat\u00e1si k\u00e9rd\u00e9sek megfogalmaz\u00e1sa \u00e9s megb\u00edzhat\u00f3 bizony\u00edt\u00e9kok keres\u00e9se a PICO-modell seg\u00edts\u00e9g\u00e9vel<\/li>\n<li>A klinikai kutat\u00e1sok kritikus \u00e9rt\u00e9kel\u00e9s\u00e9nek k\u00e9szs\u00e9ge<\/li>\n<li>Soft skillek fejleszt\u00e9se: id\u0151gazd\u00e1lkod\u00e1s, kommunik\u00e1ci\u00f3, prezent\u00e1ci\u00f3<\/li>\n<\/ul>\n<h4>Amit \u00e9rdemes tudnod<\/h4>\n<ul>\n<li><strong>Jelentkez\u00e9si felt\u00e9tel:<\/strong> legal\u00e1bb B2-szint\u0171 angol; eg\u00e9szs\u00e9gtudom\u00e1nyi tanulm\u00e1nyok vagy v\u00e9gzetts\u00e9g (BSc, MSc, MD, DMD stb.) el\u0151nyt jelent<\/li>\n<li><strong>Id\u0151tartam:<\/strong> 4 h\u00e9t<\/li>\n<li><strong>Tand\u00edj:<\/strong> 1,800\u20132,400 \u20ac (l\u00e9tsz\u00e1mt\u00f3l \u00e9s r\u00e9szv\u00e9teli form\u00e1t\u00f3l f\u00fcgg\u0151en)<\/li>\n<li><strong>Online r\u00e9szv\u00e9tel eset\u00e9n:<\/strong> 20% kedvezm\u00e9ny<\/li>\n<li><strong>Jelentkez\u00e9si hat\u00e1rid\u0151k:<\/strong> 1 december \/ 5 m\u00e1jus<\/li>\n<li><strong>K\u00e9pz\u00e9si forma:<\/strong> szem\u00e9lyes \/ online<\/li>\n<\/ul>\n<p>Jelentkezz most, \u00e9s saj\u00e1t\u00edtsd el a modern klinikai kutat\u00e1s eszk\u00f6zt\u00e1r\u00e1t nemzetk\u00f6zi szakmai k\u00f6zegben!<br \/>\n<a href=\"https:\/\/forms.office.com\/e\/tPKYU9cm8s\">https:\/\/forms.office.com\/e\/tPKYU9cm8s<\/a><\/p>\n<p>Tov\u00e1bbi inform\u00e1ci\u00f3: <a href=\"https:\/\/semmelweis.hu\/tmk\/files\/2025\/12\/ADVANCED-SUMMER-SCHOOL-PROGRAM-2526.pdf\">Booklet<\/a><\/p>\n<\/div>\n","protected":false},"excerpt":{"rendered":"<p>Advanced Summer School L\u00e9pj szintet a transzl\u00e1ci\u00f3s medicina ter\u00fclet\u00e9n! A Transzl\u00e1ci\u00f3s Medicina \u2013 Advanced Summer School egy 4 hetes, intenz\u00edv \u00e9s gyakorlatk\u00f6zpont\u00fa k\u00e9pz\u00e9s, amely elm\u00e9ly\u00edti tud\u00e1sodat a transzl\u00e1ci\u00f3s kutat\u00e1sban, k\u00fcl\u00f6n\u00f6s tekintettel a klinikai vizsg\u00e1latokra, betegregiszterekre \u00e9s metaanal\u00edzisekre. A program nemzetk\u00f6zi k\u00f6rnyezetben zajlik, \u00e9s kiv\u00e1l\u00f3 alapot biztos\u00edt PhD-tanulm\u00e1nyokhoz. Mit saj\u00e1t\u00edthatsz el a k\u00e9pz\u00e9s alatt? \u00c1tfog\u00f3 ismeretek &hellip;<\/p>\n","protected":false},"author":101929,"featured_media":5120,"parent":4342,"menu_order":0,"comment_status":"closed","ping_status":"closed","template":"","meta":{"_acf_changed":false,"footnotes":""},"categories":[37],"tags":[],"class_list":["post-5112","page","type-page","status-publish","has-post-thumbnail","hentry","category-felnottkepzes"],"acf":[],"_links":{"self":[{"href":"https:\/\/semmelweis.hu\/tmk\/wp-json\/wp\/v2\/pages\/5112","targetHints":{"allow":["GET"]}}],"collection":[{"href":"https:\/\/semmelweis.hu\/tmk\/wp-json\/wp\/v2\/pages"}],"about":[{"href":"https:\/\/semmelweis.hu\/tmk\/wp-json\/wp\/v2\/types\/page"}],"author":[{"embeddable":true,"href":"https:\/\/semmelweis.hu\/tmk\/wp-json\/wp\/v2\/users\/101929"}],"replies":[{"embeddable":true,"href":"https:\/\/semmelweis.hu\/tmk\/wp-json\/wp\/v2\/comments?post=5112"}],"version-history":[{"count":4,"href":"https:\/\/semmelweis.hu\/tmk\/wp-json\/wp\/v2\/pages\/5112\/revisions"}],"predecessor-version":[{"id":8832,"href":"https:\/\/semmelweis.hu\/tmk\/wp-json\/wp\/v2\/pages\/5112\/revisions\/8832"}],"up":[{"embeddable":true,"href":"https:\/\/semmelweis.hu\/tmk\/wp-json\/wp\/v2\/pages\/4342"}],"wp:featuredmedia":[{"embeddable":true,"href":"https:\/\/semmelweis.hu\/tmk\/wp-json\/wp\/v2\/media\/5120"}],"wp:attachment":[{"href":"https:\/\/semmelweis.hu\/tmk\/wp-json\/wp\/v2\/media?parent=5112"}],"wp:term":[{"taxonomy":"category","embeddable":true,"href":"https:\/\/semmelweis.hu\/tmk\/wp-json\/wp\/v2\/categories?post=5112"},{"taxonomy":"post_tag","embeddable":true,"href":"https:\/\/semmelweis.hu\/tmk\/wp-json\/wp\/v2\/tags?post=5112"}],"curies":[{"name":"wp","href":"https:\/\/api.w.org\/{rel}","templated":true}]}}