{"id":5109,"date":"2025-07-22T14:29:43","date_gmt":"2025-07-22T12:29:43","guid":{"rendered":"https:\/\/semmelweis.hu\/tmk\/?page_id=5109"},"modified":"2025-12-04T09:25:05","modified_gmt":"2025-12-04T08:25:05","slug":"supervisors-masterclass","status":"publish","type":"page","link":"https:\/\/semmelweis.hu\/tmk\/felnottkepzes\/supervisors-masterclass\/","title":{"rendered":"Supervisor&#8217;s Masterclass"},"content":{"rendered":"<div style=\"margin-bottom: 40px;padding: 15px;border-left: 5px solid black;background: #f4f4f4\">\n<h3>Supervisor\u2019s Masterclass<\/h3>\n<p><strong>Vezet\u0151i k\u00e9szs\u00e9gek a transzl\u00e1ci\u00f3s medicina \u00e9s tudom\u00e1nyos k\u00f6z\u00f6ss\u00e9gek szolg\u00e1lat\u00e1ban<\/strong><\/p>\n<p>A <strong>Supervisor\u2019s Masterclass<\/strong> egyed\u00fcl\u00e1ll\u00f3, <strong>8 h\u00f3napos<\/strong> vezet\u0151k\u00e9pz\u0151 program klinikai \u00e9s kutat\u00e1si ter\u00fcleten dolgoz\u00f3 szakembereknek. Gyakorlatias tud\u00e1st \u00e9s k\u00e9szs\u00e9geket k\u00edn\u00e1l, hogy felk\u00e9sz\u00edtse a r\u00e9sztvev\u0151ket hat\u00e9kony csapatvezet\u00e9sre, kiv\u00e1l\u00f3 kommunik\u00e1ci\u00f3ra, v\u00e1ls\u00e1gkezel\u00e9sre \u00e9s a tudom\u00e1nyos k\u00f6zegben val\u00f3 sikeres \u00e9rv\u00e9nyes\u00fcl\u00e9sre.<\/p>\n<h4>Mit saj\u00e1t\u00edthatsz el a k\u00e9pz\u00e9s alatt?<\/h4>\n<ul>\n<li>Hat\u00e9kony tudom\u00e1nyos \u00e9s klinikai csapatvezet\u00e9s alapjai<\/li>\n<li>Eredm\u00e9nyes kommunik\u00e1ci\u00f3 \u00e9s konfliktuskezel\u00e9s<\/li>\n<li>Cikk\u00edr\u00e1s, publik\u00e1ci\u00f3s \u00e9s p\u00e1ly\u00e1zati strat\u00e9gi\u00e1k<\/li>\n<li>Id\u0151gazd\u00e1lkod\u00e1s \u00e9s d\u00f6nt\u00e9shozatali k\u00e9szs\u00e9gek<\/li>\n<li>Rugalmass\u00e1g fejleszt\u00e9se vezet\u0151i szerepben<\/li>\n<li>Mentor\u00e1l\u00e1s \u00e9s tehets\u00e9ggondoz\u00e1s gyakorlata<\/li>\n<li>V\u00e1llalkoz\u00f3i szeml\u00e9let \u00e9s strat\u00e9giai gondolkod\u00e1s<\/li>\n<\/ul>\n<h4>Amit \u00e9rdemes tudnod<\/h4>\n<ul>\n<li><strong>Jelentkez\u00e9si felt\u00e9tel:<\/strong> MSc, MD vagy PhD diploma; klinikai\/kutat\u00e1si tapasztalat; motiv\u00e1ci\u00f3s lev\u00e9l; legal\u00e1bb B2 szint\u0171 angol nyelvtud\u00e1s<\/li>\n<li><strong>Id\u0151tartam:<\/strong> 8 h\u00f3nap (okt\u00f3ber \u2013 j\u00fanius)<\/li>\n<li><strong>Tand\u00edj:<\/strong> teljes d\u00edj \u2013 \u20ac3,000; kedvezm\u00e9ny Semmelweis Egyetem munkat\u00e1rsainak \u2013 \u20ac1,500<\/li>\n<li><strong>Jelentkez\u00e9si hat\u00e1rid\u0151:<\/strong> 1 december \/ 5 m\u00e1jus<\/li>\n<li><strong>Form\u00e1tum:<\/strong> szem\u00e9lyes \u00e9s online r\u00e9szv\u00e9tel<\/li>\n<\/ul>\n<p>Fejleszten\u00e9d kommunik\u00e1ci\u00f3s, szervez\u00e9si \u00e9s mentor\u00e1l\u00e1si k\u00e9szs\u00e9geidet, \u00e9s sz\u00edvesen \u00e9p\u00edten\u00e9l nemzetk\u00f6zi kapcsolatokat? <strong>Jelentkezz most!<\/strong><br \/>\n<a href=\"https:\/\/forms.office.com\/e\/s66PwiXksV?origin=lprLink\">https:\/\/forms.office.com\/e\/s66PwiXksV?origin=lprLinkhttps:\/\/forms.office.com\/e\/tPKYU9cm8s<\/a><\/p>\n<p>Tov\u00e1bbi inform\u00e1ci\u00f3k: <a href=\"https:\/\/semmelweis.hu\/tmk\/files\/2025\/12\/SUPERVISORS-MASTERCLASS-2526-2.pdf\">Supervisor\u2019s Masterclass booklet<\/a><\/p>\n<\/div>\n","protected":false},"excerpt":{"rendered":"<p>Supervisor\u2019s Masterclass Vezet\u0151i k\u00e9szs\u00e9gek a transzl\u00e1ci\u00f3s medicina \u00e9s tudom\u00e1nyos k\u00f6z\u00f6ss\u00e9gek szolg\u00e1lat\u00e1ban A Supervisor\u2019s Masterclass egyed\u00fcl\u00e1ll\u00f3, 8 h\u00f3napos vezet\u0151k\u00e9pz\u0151 program klinikai \u00e9s kutat\u00e1si ter\u00fcleten dolgoz\u00f3 szakembereknek. Gyakorlatias tud\u00e1st \u00e9s k\u00e9szs\u00e9geket k\u00edn\u00e1l, hogy felk\u00e9sz\u00edtse a r\u00e9sztvev\u0151ket hat\u00e9kony csapatvezet\u00e9sre, kiv\u00e1l\u00f3 kommunik\u00e1ci\u00f3ra, v\u00e1ls\u00e1gkezel\u00e9sre \u00e9s a tudom\u00e1nyos k\u00f6zegben val\u00f3 sikeres \u00e9rv\u00e9nyes\u00fcl\u00e9sre. Mit saj\u00e1t\u00edthatsz el a k\u00e9pz\u00e9s alatt? Hat\u00e9kony tudom\u00e1nyos \u00e9s &hellip;<\/p>\n","protected":false},"author":101929,"featured_media":5119,"parent":4342,"menu_order":0,"comment_status":"closed","ping_status":"closed","template":"","meta":{"_acf_changed":false,"footnotes":""},"categories":[37],"tags":[],"class_list":["post-5109","page","type-page","status-publish","has-post-thumbnail","hentry","category-felnottkepzes"],"acf":[],"_links":{"self":[{"href":"https:\/\/semmelweis.hu\/tmk\/wp-json\/wp\/v2\/pages\/5109","targetHints":{"allow":["GET"]}}],"collection":[{"href":"https:\/\/semmelweis.hu\/tmk\/wp-json\/wp\/v2\/pages"}],"about":[{"href":"https:\/\/semmelweis.hu\/tmk\/wp-json\/wp\/v2\/types\/page"}],"author":[{"embeddable":true,"href":"https:\/\/semmelweis.hu\/tmk\/wp-json\/wp\/v2\/users\/101929"}],"replies":[{"embeddable":true,"href":"https:\/\/semmelweis.hu\/tmk\/wp-json\/wp\/v2\/comments?post=5109"}],"version-history":[{"count":5,"href":"https:\/\/semmelweis.hu\/tmk\/wp-json\/wp\/v2\/pages\/5109\/revisions"}],"predecessor-version":[{"id":8835,"href":"https:\/\/semmelweis.hu\/tmk\/wp-json\/wp\/v2\/pages\/5109\/revisions\/8835"}],"up":[{"embeddable":true,"href":"https:\/\/semmelweis.hu\/tmk\/wp-json\/wp\/v2\/pages\/4342"}],"wp:featuredmedia":[{"embeddable":true,"href":"https:\/\/semmelweis.hu\/tmk\/wp-json\/wp\/v2\/media\/5119"}],"wp:attachment":[{"href":"https:\/\/semmelweis.hu\/tmk\/wp-json\/wp\/v2\/media?parent=5109"}],"wp:term":[{"taxonomy":"category","embeddable":true,"href":"https:\/\/semmelweis.hu\/tmk\/wp-json\/wp\/v2\/categories?post=5109"},{"taxonomy":"post_tag","embeddable":true,"href":"https:\/\/semmelweis.hu\/tmk\/wp-json\/wp\/v2\/tags?post=5109"}],"curies":[{"name":"wp","href":"https:\/\/api.w.org\/{rel}","templated":true}]}}