{"id":4342,"date":"2025-02-21T10:20:08","date_gmt":"2025-02-21T09:20:08","guid":{"rendered":"https:\/\/semmelweis.hu\/tmk\/?page_id=4342"},"modified":"2025-08-07T11:12:04","modified_gmt":"2025-08-07T09:12:04","slug":"felnottkepzes","status":"publish","type":"page","link":"https:\/\/semmelweis.hu\/tmk\/felnottkepzes\/","title":{"rendered":"Feln\u0151ttk\u00e9pz\u00e9s"},"content":{"rendered":"<div style=\"max-width: 900px;margin: auto;padding: 20px;background: white;border-radius: 8px;font-family: Arial, sans-serif;line-height: 1.6\">\n<h1>Feln\u0151ttk\u00e9pz\u00e9s a Transzl\u00e1ci\u00f3s Medicina K\u00f6zpontban<\/h1>\n<p>A <strong>Semmelweis Egyetem Transzl\u00e1ci\u00f3s Medicina K\u00f6zpontja (TMK)<\/strong> kiemelked\u0151 feln\u0151ttk\u00e9pz\u00e9si programokat k\u00edn\u00e1l, amelyek hidat k\u00e9peznek a kutat\u00e1s \u00e9s a klinikai gyakorlat k\u00f6z\u00f6tt. A k\u00e9pz\u00e9sek c\u00e9lja, hogy a r\u00e9sztvev\u0151k gyakorlati k\u00e9szs\u00e9geket saj\u00e1t\u00edtsanak el, elm\u00e9ly\u00edts\u00e9k tud\u00e1sukat \u00e9s versenyel\u0151nyh\u00f6z jussanak az orvostudom\u00e1ny \u00e9s kutat\u00e1s ter\u00fclet\u00e9n.<\/p>\n<h2>El\u00e9rhet\u0151 programok<\/h2>\n<style>\n           #page-grid .card-body > .line-clamp-box.excerpt{\n        width: inherit;\n        max-width: inherit;\n        display:flex;\n        min-height: 2.4em;\n        flex-direction: column;\n        justify-content: space-around;\n        background-color: #D6E4EA;\n        min-height: 3.4rem;\n        font-family: \"Montserrat\", sans-serif;\n    }\n\n    #page-grid a:hover .card-body > .line-clamp-box.excerpt {\n        background-color: #fff;\n        color: #313B40;\n    }\n\n    #page-grid .card-body .line-clamp-box.excerpt section{\n        max-width: inherit;\n        display: -webkit-box;\n        -webkit-line-clamp: 2;\n        -webkit-box-orient: vertical;\n        overflow: hidden;\n        text-overflow: ellipsis;\n        hyphens: auto;\n        margin: auto;\n        \n    }\n    .line-clamp-box.excerpt section, .line-clamp-box.excerpt section p{\n        font-size:0.8em;\n    }\n    \n<\/style>\n    <section id=\"page-grid\">\n        \n        <div class=\"row row-cols-1 row-cols-md-2 row-cols-lg-4 no-gutters mx-0 \">    <div class =\"col  mb-2 card-wrapper\">\n        <a class=\"d-flex flex-fill card-link-warapper m-md-1\" href=\"https:\/\/semmelweis.hu\/tmk\/felnottkepzes\/advanced-summer-school\/\">\n            <div class=\"card border border-secondary se-border flex-fill\">\n                <div class=\"row no-gutters mx-0 d-flex flex-nowrap flex-md-wrap align-items-center\">\n                    <div class =\"  col-5 col-md-12   card-image justify-content-center\">\n                        <img loading=\"lazy\" decoding=\"async\" width=\"600\" height=\"400\" src=\"https:\/\/semmelweis.hu\/tmk\/files\/2025\/07\/6-1.png\" class=\"landscape wp-post-image\" alt=\"\" srcset=\"https:\/\/semmelweis.hu\/tmk\/files\/2025\/07\/6-1.png 600w, https:\/\/semmelweis.hu\/tmk\/files\/2025\/07\/6-1-400x267.png 400w, https:\/\/semmelweis.hu\/tmk\/files\/2025\/07\/6-1-203x135.png 203w\" sizes=\"auto, (max-width: 600px) 100vw, 600px\" \/>\n                    <\/div>\n                    <div class=\"card-body  col flex-column  col-md-12 p-0\">\n                        <div class=\"line-clamp-box p-3\">\n                            <h5 class=\"ml-0 ml-sm-1 mt-2 align-items-center\"  >Advanced Summer School<\/h5>\n                        <\/div>\n                        \n                    <\/div>\n                <\/div>\n\n            <\/div>\n        <\/a>\n    <\/div>    <div class =\"col  mb-2 card-wrapper\">\n        <a class=\"d-flex flex-fill card-link-warapper m-md-1\" href=\"https:\/\/semmelweis.hu\/tmk\/felnottkepzes\/basic-summer-school\/\">\n            <div class=\"card border border-secondary se-border flex-fill\">\n                <div class=\"row no-gutters mx-0 d-flex flex-nowrap flex-md-wrap align-items-center\">\n                    <div class =\"  col-5 col-md-12   card-image justify-content-center\">\n                        <img loading=\"lazy\" decoding=\"async\" width=\"600\" height=\"400\" src=\"https:\/\/semmelweis.hu\/tmk\/files\/2025\/07\/7-1.png\" class=\"landscape wp-post-image\" alt=\"\" srcset=\"https:\/\/semmelweis.hu\/tmk\/files\/2025\/07\/7-1.png 600w, https:\/\/semmelweis.hu\/tmk\/files\/2025\/07\/7-1-400x267.png 400w, https:\/\/semmelweis.hu\/tmk\/files\/2025\/07\/7-1-203x135.png 203w\" sizes=\"auto, (max-width: 600px) 100vw, 600px\" \/>\n                    <\/div>\n                    <div class=\"card-body  col flex-column  col-md-12 p-0\">\n                        <div class=\"line-clamp-box p-3\">\n                            <h5 class=\"ml-0 ml-sm-1 mt-2 align-items-center\"  >Basic Summer School<\/h5>\n                        <\/div>\n                        \n                    <\/div>\n                <\/div>\n\n            <\/div>\n        <\/a>\n    <\/div>    <div class =\"col  mb-2 card-wrapper\">\n        <a class=\"d-flex flex-fill card-link-warapper m-md-1\" href=\"https:\/\/semmelweis.hu\/tmk\/felnottkepzes\/supervisors-masterclass\/\">\n            <div class=\"card border border-secondary se-border flex-fill\">\n                <div class=\"row no-gutters mx-0 d-flex flex-nowrap flex-md-wrap align-items-center\">\n                    <div class =\"  col-5 col-md-12   card-image justify-content-center\">\n                        <img loading=\"lazy\" decoding=\"async\" width=\"600\" height=\"400\" src=\"https:\/\/semmelweis.hu\/tmk\/files\/2025\/07\/5-1.png\" class=\"landscape wp-post-image\" alt=\"\" srcset=\"https:\/\/semmelweis.hu\/tmk\/files\/2025\/07\/5-1.png 600w, https:\/\/semmelweis.hu\/tmk\/files\/2025\/07\/5-1-400x267.png 400w, https:\/\/semmelweis.hu\/tmk\/files\/2025\/07\/5-1-203x135.png 203w\" sizes=\"auto, (max-width: 600px) 100vw, 600px\" \/>\n                    <\/div>\n                    <div class=\"card-body  col flex-column  col-md-12 p-0\">\n                        <div class=\"line-clamp-box p-3\">\n                            <h5 class=\"ml-0 ml-sm-1 mt-2 align-items-center\"  >Supervisor's Masterclass<\/h5>\n                        <\/div>\n                        \n                    <\/div>\n                <\/div>\n\n            <\/div>\n        <\/a>\n    <\/div>        <\/div>\n    <\/section>\n<h2>Mi\u00e9rt \u00e9rdemes jelentkezni?<\/h2>\n<ul>\n<li><strong>Gyakorlati f\u00f3kusz:<\/strong> Az elm\u00e9let mellett a val\u00f3di kutat\u00e1si \u00e9s klinikai alkalmaz\u00e1sokra koncentr\u00e1lunk.<\/li>\n<li><strong>Nemzetk\u00f6zi kapcsolat\u00e9p\u00edt\u00e9s:<\/strong> Kapcsolat\u00e9p\u00edt\u00e9si lehet\u0151s\u00e9g vil\u00e1gsz\u00ednvonal\u00fa kutat\u00f3kkal.<\/li>\n<li><strong>Rugalmas tanul\u00e1si form\u00e1tum:<\/strong> Online \u00e9s szem\u00e9lyes k\u00e9pz\u00e9sek el\u00e9rhet\u0151k.<\/li>\n<li><strong>Tov\u00e1bbtanul\u00e1si lehet\u0151s\u00e9g:<\/strong> K\u00e9pz\u00e9seink megalapozz\u00e1k a PhD k\u00e9pz\u00e9sekben val\u00f3 r\u00e9szv\u00e9telt.<\/li>\n<li><strong>R\u00f6vid k\u00e9pz\u00e9si id\u0151tartamok:<\/strong> Intenz\u00edv, r\u00f6vid kurzusaink ide\u00e1lisak azoknak, akik m\u00e9ly tud\u00e1sra v\u00e1gynak, de szoros id\u0151keretben dolgoznak.<\/li>\n<\/ul>\n<h2>Jelentkez\u00e9s<\/h2>\n<p><strong>\u00c9rdekel valamelyik k\u00e9pz\u00e9s?<\/strong> Jelentkezz most!<\/p>\n<p><strong>Email:<\/strong> <a href=\"mailto:tmk@semmelweis.hu\">tmk@semmelweis.hu<\/a><\/p>\n<\/div>\n","protected":false},"excerpt":{"rendered":"<p>Feln\u0151ttk\u00e9pz\u00e9s a Transzl\u00e1ci\u00f3s Medicina K\u00f6zpontban A Semmelweis Egyetem Transzl\u00e1ci\u00f3s Medicina K\u00f6zpontja (TMK) kiemelked\u0151 feln\u0151ttk\u00e9pz\u00e9si programokat k\u00edn\u00e1l, amelyek hidat k\u00e9peznek a kutat\u00e1s \u00e9s a klinikai gyakorlat k\u00f6z\u00f6tt. A k\u00e9pz\u00e9sek c\u00e9lja, hogy a r\u00e9sztvev\u0151k gyakorlati k\u00e9szs\u00e9geket saj\u00e1t\u00edtsanak el, elm\u00e9ly\u00edts\u00e9k tud\u00e1sukat \u00e9s versenyel\u0151nyh\u00f6z jussanak az orvostudom\u00e1ny \u00e9s kutat\u00e1s ter\u00fclet\u00e9n. El\u00e9rhet\u0151 programok Mi\u00e9rt \u00e9rdemes jelentkezni? Gyakorlati f\u00f3kusz: Az elm\u00e9let &hellip;<\/p>\n","protected":false},"author":101929,"featured_media":0,"parent":0,"menu_order":0,"comment_status":"closed","ping_status":"closed","template":"template-fullwidth.php","meta":{"_acf_changed":false,"footnotes":""},"categories":[],"tags":[],"class_list":["post-4342","page","type-page","status-publish","hentry"],"acf":[],"_links":{"self":[{"href":"https:\/\/semmelweis.hu\/tmk\/wp-json\/wp\/v2\/pages\/4342","targetHints":{"allow":["GET"]}}],"collection":[{"href":"https:\/\/semmelweis.hu\/tmk\/wp-json\/wp\/v2\/pages"}],"about":[{"href":"https:\/\/semmelweis.hu\/tmk\/wp-json\/wp\/v2\/types\/page"}],"author":[{"embeddable":true,"href":"https:\/\/semmelweis.hu\/tmk\/wp-json\/wp\/v2\/users\/101929"}],"replies":[{"embeddable":true,"href":"https:\/\/semmelweis.hu\/tmk\/wp-json\/wp\/v2\/comments?post=4342"}],"version-history":[{"count":10,"href":"https:\/\/semmelweis.hu\/tmk\/wp-json\/wp\/v2\/pages\/4342\/revisions"}],"predecessor-version":[{"id":7446,"href":"https:\/\/semmelweis.hu\/tmk\/wp-json\/wp\/v2\/pages\/4342\/revisions\/7446"}],"wp:attachment":[{"href":"https:\/\/semmelweis.hu\/tmk\/wp-json\/wp\/v2\/media?parent=4342"}],"wp:term":[{"taxonomy":"category","embeddable":true,"href":"https:\/\/semmelweis.hu\/tmk\/wp-json\/wp\/v2\/categories?post=4342"},{"taxonomy":"post_tag","embeddable":true,"href":"https:\/\/semmelweis.hu\/tmk\/wp-json\/wp\/v2\/tags?post=4342"}],"curies":[{"name":"wp","href":"https:\/\/api.w.org\/{rel}","templated":true}]}}