{"id":2668,"date":"2024-02-23T10:58:57","date_gmt":"2024-02-23T09:58:57","guid":{"rendered":"https:\/\/semmelweis.hu\/tmk\/?page_id=2668"},"modified":"2025-07-15T14:53:37","modified_gmt":"2025-07-15T12:53:37","slug":"tudomanyos-rendezvenyek","status":"publish","type":"page","link":"https:\/\/semmelweis.hu\/tmk\/tudomanyos-rendezvenyek\/","title":{"rendered":"Tudom\u00e1nyos rendezv\u00e9nyek"},"content":{"rendered":"<h2>A TMK \u00e1ltal szervezett tudom\u00e1nyos rendezv\u00e9nyek<\/h2>\n<script type=\"text\/javascript\" src=\"https:\/\/semmelweis.hu\/tmk\/wp-content\/themes\/se18\/dist\/scripts\/carousel.js\"><\/script>    <section class=\"post-cards shortcode-wrapper\">\r\n        <div id=\"news-container\" class=\" d-none d-sm-flex flex-column  full-width-post-cards-shortcode-card news-container-for-card-code\" style=\"\">\r\n            \r\n            <div class=\"row card-row my-2 pt-3 pb-0 mx-0 w-100 \">\r\n               \r\n                \ufeff\r\n    <div class=\"card-format col col-12 col-md-4 col-lg-4 pl-1 pl-md-0 pr-1 pr-md-2 mb-2\">\r\n        <a class=\"d-block w-100\"  href=\"https:\/\/semmelweis.hu\/tmk\/tudomanyos-rendezvenyek\/phd-vedesek\/\">\r\n      <!--  <a class=\"d-block w-100\" target=\"_blank\" href=\" \"> -->\r\n            <div class=\"card\">\r\n                                    <div class=\"card-image img-fluid \">\r\n                         \r\n                        <img loading=\"lazy\" decoding=\"async\" width=\"600\" height=\"400\" src=\"https:\/\/semmelweis.hu\/tmk\/files\/2025\/08\/phd-defense.png\" class=\"landscape wp-post-image\" alt=\"\" srcset=\"https:\/\/semmelweis.hu\/tmk\/files\/2025\/08\/phd-defense.png 600w, https:\/\/semmelweis.hu\/tmk\/files\/2025\/08\/phd-defense-400x267.png 400w, https:\/\/semmelweis.hu\/tmk\/files\/2025\/08\/phd-defense-203x135.png 203w\" sizes=\"auto, (max-width: 600px) 100vw, 600px\" \/>                    <\/div>\r\n                \r\n                <div class=\"card-body\">\r\n                    <div class=\"card-date text-uppercase  d-none  \">\r\n                                                    <h5><span class=\"font-weight-normal\">2025. <\/span>augusztus 11.<\/h5>\r\n                                            <\/div>\r\n                    <div class=\"card-title\">\r\n                        <h3 class=\"mt-2 entry-title\">PhD v\u00e9d\u00e9sek<\/h3>\r\n                    <\/div>\r\n                    <style>\r\n                        .card-text-inside{\r\n                                                 display: -webkit-box;\r\n                    -webkit-line-clamp: 4;\r\n                    -webkit-box-orient: vertical;\r\n                     overflow:hidden;\r\n                     text-overflow: ellipsis;\r\n                        }\r\n                        <\/style>\r\n                                    <\/div>\r\n            <\/div>\r\n        <\/a>\r\n    <\/div>\r\n\r\n\r\n\ufeff\r\n    <div class=\"card-format col col-12 col-md-4 col-lg-4 pl-1 pl-md-0 pr-1 pr-md-2 mb-2\">\r\n        <a class=\"d-block w-100\"  href=\"https:\/\/semmelweis.hu\/tmk\/tudomanyos-rendezvenyek\/progress-reportok\/\">\r\n      <!--  <a class=\"d-block w-100\" target=\"_blank\" href=\" \"> -->\r\n            <div class=\"card\">\r\n                                    <div class=\"card-image img-fluid \">\r\n                         \r\n                        <img loading=\"lazy\" decoding=\"async\" width=\"600\" height=\"400\" src=\"https:\/\/semmelweis.hu\/tmk\/files\/2025\/07\/13-1.png\" class=\"landscape wp-post-image\" alt=\"\" srcset=\"https:\/\/semmelweis.hu\/tmk\/files\/2025\/07\/13-1.png 600w, https:\/\/semmelweis.hu\/tmk\/files\/2025\/07\/13-1-400x267.png 400w, https:\/\/semmelweis.hu\/tmk\/files\/2025\/07\/13-1-203x135.png 203w\" sizes=\"auto, (max-width: 600px) 100vw, 600px\" \/>                    <\/div>\r\n                \r\n                <div class=\"card-body\">\r\n                    <div class=\"card-date text-uppercase  d-none  \">\r\n                                                    <h5><span class=\"font-weight-normal\">2025. <\/span>febru\u00e1r 19.<\/h5>\r\n                                            <\/div>\r\n                    <div class=\"card-title\">\r\n                        <h3 class=\"mt-2 entry-title\">Progress Reportok<\/h3>\r\n                    <\/div>\r\n                    <style>\r\n                        .card-text-inside{\r\n                                                 display: -webkit-box;\r\n                    -webkit-line-clamp: 4;\r\n                    -webkit-box-orient: vertical;\r\n                     overflow:hidden;\r\n                     text-overflow: ellipsis;\r\n                        }\r\n                        <\/style>\r\n                                    <\/div>\r\n            <\/div>\r\n        <\/a>\r\n    <\/div>\r\n\r\n\r\n\ufeff\r\n    <div class=\"card-format col col-12 col-md-4 col-lg-4 pl-1 pl-md-0 pr-1 pr-md-2 mb-2\">\r\n        <a class=\"d-block w-100\"  href=\"https:\/\/semmelweis.hu\/tmk\/tudomanyos-rendezvenyek\/seminar-lectures\/\">\r\n      <!--  <a class=\"d-block w-100\" target=\"_blank\" href=\" \"> -->\r\n            <div class=\"card\">\r\n                                    <div class=\"card-image img-fluid \">\r\n                         \r\n                        <img loading=\"lazy\" decoding=\"async\" width=\"600\" height=\"400\" src=\"https:\/\/semmelweis.hu\/tmk\/files\/2025\/07\/14.png\" class=\"landscape wp-post-image\" alt=\"\" srcset=\"https:\/\/semmelweis.hu\/tmk\/files\/2025\/07\/14.png 600w, https:\/\/semmelweis.hu\/tmk\/files\/2025\/07\/14-400x267.png 400w, https:\/\/semmelweis.hu\/tmk\/files\/2025\/07\/14-203x135.png 203w\" sizes=\"auto, (max-width: 600px) 100vw, 600px\" \/>                    <\/div>\r\n                \r\n                <div class=\"card-body\">\r\n                    <div class=\"card-date text-uppercase  d-none  \">\r\n                                                    <h5><span class=\"font-weight-normal\">2025. <\/span>febru\u00e1r 19.<\/h5>\r\n                                            <\/div>\r\n                    <div class=\"card-title\">\r\n                        <h3 class=\"mt-2 entry-title\">Seminar Lectures<\/h3>\r\n                    <\/div>\r\n                    <style>\r\n                        .card-text-inside{\r\n                                                 display: -webkit-box;\r\n                    -webkit-line-clamp: 4;\r\n                    -webkit-box-orient: vertical;\r\n                     overflow:hidden;\r\n                     text-overflow: ellipsis;\r\n                        }\r\n                        <\/style>\r\n                                    <\/div>\r\n            <\/div>\r\n        <\/a>\r\n    <\/div>\r\n\r\n\r\n                \r\n            <\/div>\r\n        <\/div>\r\n\r\n                        <div class=\"post-slide-hirek row px-0\">\r\n            <style>\r\n                .post-slide-hirek .owl-nav button {\r\n                    margin: 0px !important;\r\n                    height: 100% !important;\r\n                }\r\n\r\n                .card-custom-title {\r\n                    font-size: 17px;\r\n                    line-height: 23px;\r\n                    overflow: hidden;\r\n                    text-overflow: ellipsis;\r\n                    display: -webkit-box;\r\n                    -webkit-line-clamp: 3;\r\n                    -webkit-box-orient: vertical;\r\n                    min-height: 72px;\r\n                }\r\n\r\n                .card-custom-max-h {\r\n                    max-height: 235px !important;\r\n                    object-fit: cover;\r\n                }\r\n\r\n                .post-slide-hirek .owl-item .card-img img {\r\n                    opacity: 1 !important;\r\n                    aspect-ratio: 3\/ 2;\r\n\r\n                }\r\n                .card:has(.card-date:not(.d-none)):not(:has(img)) {\r\n                    margin-top: 20px;\r\n                }\r\n            <\/style>\r\n                            <div class=\"owl-carousel col-12 px-0 mt-2 mb-4 md-md-0 d-sm-none\">\r\n                                            <a class=\"item-1\" href=\"https:\/\/semmelweis.hu\/tmk\/tudomanyos-rendezvenyek\/phd-vedesek\/\">\r\n\r\n                            <div class=\"card-img \">\r\n                                <img loading=\"lazy\" decoding=\"async\" width=\"560\" height=\"373\" src=\"https:\/\/semmelweis.hu\/tmk\/files\/2025\/08\/phd-defense.png\" class=\"d-block card-custom-max-h  img-fluid n-1 wp-post-image\" alt=\"\" srcset=\"https:\/\/semmelweis.hu\/tmk\/files\/2025\/08\/phd-defense.png 600w, https:\/\/semmelweis.hu\/tmk\/files\/2025\/08\/phd-defense-400x267.png 400w, https:\/\/semmelweis.hu\/tmk\/files\/2025\/08\/phd-defense-203x135.png 203w\" sizes=\"auto, (max-width: 560px) 100vw, 560px\" \/>                            <\/div>\r\n                            <div class=\"card-title mb-1\">\r\n                                <h3 class=\"mt-0 pt-1 mb-0 px-2 card-custom-title d-flex align-items-center d-md-block\">\r\n                                    <span class=\"entry-title pt-0 pt-md-1\">PhD v\u00e9d\u00e9sek                                <\/h3>\r\n                            <\/div>\r\n                            \r\n\r\n                        <\/a>\r\n                                            <a class=\"item-2\" href=\"https:\/\/semmelweis.hu\/tmk\/tudomanyos-rendezvenyek\/progress-reportok\/\">\r\n\r\n                            <div class=\"card-img \">\r\n                                <img loading=\"lazy\" decoding=\"async\" width=\"560\" height=\"373\" src=\"https:\/\/semmelweis.hu\/tmk\/files\/2025\/07\/13-1.png\" class=\"d-block card-custom-max-h  img-fluid n-2 wp-post-image\" alt=\"\" srcset=\"https:\/\/semmelweis.hu\/tmk\/files\/2025\/07\/13-1.png 600w, https:\/\/semmelweis.hu\/tmk\/files\/2025\/07\/13-1-400x267.png 400w, https:\/\/semmelweis.hu\/tmk\/files\/2025\/07\/13-1-203x135.png 203w\" sizes=\"auto, (max-width: 560px) 100vw, 560px\" \/>                            <\/div>\r\n                            <div class=\"card-title mb-1\">\r\n                                <h3 class=\"mt-0 pt-1 mb-0 px-2 card-custom-title d-flex align-items-center d-md-block\">\r\n                                    <span class=\"entry-title pt-0 pt-md-1\">Progress Reportok                                <\/h3>\r\n                            <\/div>\r\n                            \r\n\r\n                        <\/a>\r\n                                            <a class=\"item-3\" href=\"https:\/\/semmelweis.hu\/tmk\/tudomanyos-rendezvenyek\/seminar-lectures\/\">\r\n\r\n                            <div class=\"card-img \">\r\n                                <img loading=\"lazy\" decoding=\"async\" width=\"560\" height=\"373\" src=\"https:\/\/semmelweis.hu\/tmk\/files\/2025\/07\/14.png\" class=\"d-block card-custom-max-h  img-fluid n-3 wp-post-image\" alt=\"\" srcset=\"https:\/\/semmelweis.hu\/tmk\/files\/2025\/07\/14.png 600w, https:\/\/semmelweis.hu\/tmk\/files\/2025\/07\/14-400x267.png 400w, https:\/\/semmelweis.hu\/tmk\/files\/2025\/07\/14-203x135.png 203w\" sizes=\"auto, (max-width: 560px) 100vw, 560px\" \/>                            <\/div>\r\n                            <div class=\"card-title mb-1\">\r\n                                <h3 class=\"mt-0 pt-1 mb-0 px-2 card-custom-title d-flex align-items-center d-md-block\">\r\n                                    <span class=\"entry-title pt-0 pt-md-1\">Seminar Lectures                                <\/h3>\r\n                            <\/div>\r\n                            \r\n\r\n                        <\/a>\r\n                                    <\/div>\r\n\r\n                    \r\n        <\/div><!-- owl-carousel -->\r\n    <\/section>\r\n\r\n\n","protected":false},"excerpt":{"rendered":"<p>A TMK minden \u00e9vben t\u00f6bb szemin\u00e1riumot szervez hallgat\u00f3ink sz\u00e1m\u00e1ra, ahol kiemelked\u0151 kutat\u00f3kat l\u00e1tunk vend\u00e9g\u00fcl. Megh\u00edvott el\u0151ad\u00f3ink nemcsak tudom\u00e1nyos eredm\u00e9nyeiket mutatj\u00e1k be, hanem p\u00e1lyafut\u00e1sukkal is inspir\u00e1ci\u00f3t ny\u00fajtanak a fiatal kutat\u00f3k sz\u00e1m\u00e1ra.<br \/>\nA szemin\u00e1riumok minden \u00e9rdekl\u0151d\u0151 sz\u00e1m\u00e1ra nyitottak, azonban PhD hallgat\u00f3ink sz\u00e1m\u00e1ra a r\u00e9szv\u00e9tel k\u00f6telez\u0151.<\/p>\n<p>\u00a0<\/p>\n","protected":false},"author":101929,"featured_media":0,"parent":0,"menu_order":0,"comment_status":"closed","ping_status":"closed","template":"","meta":{"_acf_changed":false,"footnotes":""},"categories":[],"tags":[],"class_list":["post-2668","page","type-page","status-publish","hentry"],"acf":[],"_links":{"self":[{"href":"https:\/\/semmelweis.hu\/tmk\/wp-json\/wp\/v2\/pages\/2668","targetHints":{"allow":["GET"]}}],"collection":[{"href":"https:\/\/semmelweis.hu\/tmk\/wp-json\/wp\/v2\/pages"}],"about":[{"href":"https:\/\/semmelweis.hu\/tmk\/wp-json\/wp\/v2\/types\/page"}],"author":[{"embeddable":true,"href":"https:\/\/semmelweis.hu\/tmk\/wp-json\/wp\/v2\/users\/101929"}],"replies":[{"embeddable":true,"href":"https:\/\/semmelweis.hu\/tmk\/wp-json\/wp\/v2\/comments?post=2668"}],"version-history":[{"count":7,"href":"https:\/\/semmelweis.hu\/tmk\/wp-json\/wp\/v2\/pages\/2668\/revisions"}],"predecessor-version":[{"id":4957,"href":"https:\/\/semmelweis.hu\/tmk\/wp-json\/wp\/v2\/pages\/2668\/revisions\/4957"}],"wp:attachment":[{"href":"https:\/\/semmelweis.hu\/tmk\/wp-json\/wp\/v2\/media?parent=2668"}],"wp:term":[{"taxonomy":"category","embeddable":true,"href":"https:\/\/semmelweis.hu\/tmk\/wp-json\/wp\/v2\/categories?post=2668"},{"taxonomy":"post_tag","embeddable":true,"href":"https:\/\/semmelweis.hu\/tmk\/wp-json\/wp\/v2\/tags?post=2668"}],"curies":[{"name":"wp","href":"https:\/\/api.w.org\/{rel}","templated":true}]}}