{"id":2,"date":"2022-10-30T12:55:43","date_gmt":"2022-10-30T12:55:43","guid":{"rendered":"https:\/\/semmelweis.hu\/telefon\/?page_id=2"},"modified":"2025-07-24T09:17:25","modified_gmt":"2025-07-24T07:17:25","slug":"bejelentkezes","status":"publish","type":"page","link":"https:\/\/semmelweis.hu\/telefon\/","title":{"rendered":"Bejelentkez\u00e9s"},"content":{"rendered":"<h4><strong>A telefonk\u00f6nyv szerkeszt\u0151fel\u00fclete <\/strong><\/h4>\n<div class=\"keretes w-100\">\n<p><strong>Ha \u00d6nnek a WordPress honlaprendszerben is van valamilyen szint\u0171 jogosults\u00e1ga<\/strong> (a telefonk\u00f6nyvi fel\u00fclettel azonos e-mail c\u00edmmel), akkor az els\u0151 bel\u00e9p\u00e9st k\u00f6vet\u0151en a j\u00f6v\u0151ben el\u00e9g lesz a WordPressbe bel\u00e9pnie (illetve ezen a fel\u00fcleten is azt a jelsz\u00f3t tudja majd haszn\u00e1lni). <a href=\"https:\/\/semmelweis.hu\/telefon\/wp-login.php?action=lostpassword\">Elfelejtette a jelszav\u00e1t? Kattintson ide&#8230;<\/a><\/p>\n<\/div>\n<p style=\"clear: both;\"><form name=\"loginform\" id=\"loginform\" action=\"https:\/\/semmelweis.hu\/telefon\/wp-login.php\" method=\"post\"><p class=\"login-username\">\n\t\t\t\t<label for=\"user_login\">Emailc\u00edm<\/label>\n\t\t\t\t<input type=\"text\" name=\"log\" id=\"user_login\" autocomplete=\"username\" class=\"input\" value=\"\" size=\"20\" \/>\n\t\t\t<\/p><p class=\"login-password\">\n\t\t\t\t<label for=\"user_pass\">Jelsz\u00f3<\/label>\n\t\t\t\t<input type=\"password\" name=\"pwd\" id=\"user_pass\" autocomplete=\"current-password\" spellcheck=\"false\" class=\"input\" value=\"\" size=\"20\" \/>\n\t\t\t<\/p><p class=\"login-remember\"><label><input name=\"rememberme\" type=\"checkbox\" id=\"rememberme\" value=\"forever\" checked=\"checked\" \/> Eml\u00e9kezzen r\u00e1m<\/label><\/p><p class=\"login-submit\">\n\t\t\t\t<input type=\"submit\" name=\"wp-submit\" id=\"wp-submit\" class=\"button button-primary\" value=\"Bejelentkez\u00e9s\" \/>\n\t\t\t\t<input type=\"hidden\" name=\"redirect_to\" value=\"https:\/\/semmelweis.hu\/telefon\/\" \/>\n\t\t\t<\/p><\/form> \u00a0<\/p>\n","protected":false},"excerpt":{"rendered":"<p>A telefonk\u00f6nyv szerkeszt\u0151fel\u00fclete <\/p>\n<p>Ha \u00d6nnek a WordPress honlaprendszerben is van valamilyen szint\u0171 jogosults\u00e1ga (a telefonk\u00f6nyvi fel\u00fclettel azonos e-mail c\u00edmmel), akkor az els\u0151 bel\u00e9p\u00e9st k\u00f6vet\u0151en a j\u00f6v\u0151ben el\u00e9g lesz a WordPressbe bel\u00e9pnie (illetve ezen a fel\u00fcleten is azt a jelsz\u00f3t tudja majd haszn\u00e1lni). <a href=\"https:\/\/semmelweis.hu\/telefon\/wp-login.php?action=lostpassword\">Elfelejtette a jelszav\u00e1t? Kattintson ide&#8230;<\/a><\/p>\n<p> \u00a0<\/p>\n","protected":false},"author":101107,"featured_media":0,"parent":0,"menu_order":0,"comment_status":"closed","ping_status":"closed","template":"","meta":{"_acf_changed":false,"footnotes":""},"categories":[],"tags":[],"class_list":["post-2","page","type-page","status-publish","hentry"],"acf":[],"_links":{"self":[{"href":"https:\/\/semmelweis.hu\/telefon\/wp-json\/wp\/v2\/pages\/2","targetHints":{"allow":["GET"]}}],"collection":[{"href":"https:\/\/semmelweis.hu\/telefon\/wp-json\/wp\/v2\/pages"}],"about":[{"href":"https:\/\/semmelweis.hu\/telefon\/wp-json\/wp\/v2\/types\/page"}],"author":[{"embeddable":true,"href":"https:\/\/semmelweis.hu\/telefon\/wp-json\/wp\/v2\/users\/101107"}],"replies":[{"embeddable":true,"href":"https:\/\/semmelweis.hu\/telefon\/wp-json\/wp\/v2\/comments?post=2"}],"version-history":[{"count":8,"href":"https:\/\/semmelweis.hu\/telefon\/wp-json\/wp\/v2\/pages\/2\/revisions"}],"predecessor-version":[{"id":1126,"href":"https:\/\/semmelweis.hu\/telefon\/wp-json\/wp\/v2\/pages\/2\/revisions\/1126"}],"wp:attachment":[{"href":"https:\/\/semmelweis.hu\/telefon\/wp-json\/wp\/v2\/media?parent=2"}],"wp:term":[{"taxonomy":"category","embeddable":true,"href":"https:\/\/semmelweis.hu\/telefon\/wp-json\/wp\/v2\/categories?post=2"},{"taxonomy":"post_tag","embeddable":true,"href":"https:\/\/semmelweis.hu\/telefon\/wp-json\/wp\/v2\/tags?post=2"}],"curies":[{"name":"wp","href":"https:\/\/api.w.org\/{rel}","templated":true}]}}