{"id":9783,"date":"2024-04-02T08:23:39","date_gmt":"2024-04-02T06:23:39","guid":{"rendered":"https:\/\/semmelweis.hu\/tdk\/?page_id=9783"},"modified":"2025-10-14T20:19:37","modified_gmt":"2025-10-14T18:19:37","slug":"rektori-palyazat-reumatologiai-es-klinikai-immunologiai-tanszek","status":"publish","type":"page","link":"https:\/\/semmelweis.hu\/tdk\/rektori-palyazat\/rektori-palyazat-meghirdetett-temak\/rektori-palyazat-reumatologiai-es-klinikai-immunologiai-tanszek\/","title":{"rendered":"Reumatol\u00f3giai \u00e9s Immunol\u00f3giai Klinika &#8211; Rektori p\u00e1ly\u00e1zat"},"content":{"rendered":"<h4><strong>2025\/2026 tan\u00e9v<\/strong><\/h4>\n<p>Biol\u00f3giai ter\u00e1pi\u00e1k SLE-s betegekben<br \/>\nDr. Majnik Judit Zsuzsanna (PhD, egyetemi adjunktus)<\/p>\n<p>Nehezen kezelhet\u0151 rheumatoid arthritis<br \/>\nProf. Dr. Nagy Gy\u00f6rgy S\u00e1ndor (MTA doktora, tansz\u00e9kvezet\u0151 egyetemi tan\u00e1r)<\/p>\n<p><span data-olk-copy-source=\"MessageBody\">Abdomin\u00e1lis aorta aneurizma: Inflammatorikus \u00e9s autoimmun folyamatok jelent\u0151s\u00e9ge a patomechanizmusban <br \/>\nDr. S\u00f3tonyi P\u00e9ter, Dr. Szappanos \u00c1gnes<\/span><\/p>\n","protected":false},"excerpt":{"rendered":"<p>2025\/2026 tan\u00e9v<br \/>\nBiol\u00f3giai ter\u00e1pi\u00e1k SLE-s betegekben<br \/>\nDr. Majnik Judit Zsuzsanna (PhD, egyetemi adjunktus)<br \/>\nNehezen kezelhet\u0151 rheumatoid arthritis<br \/>\nProf. Dr. Nagy Gy\u00f6rgy S\u00e1ndor (MTA doktora, tansz\u00e9kvezet\u0151 egyetemi tan\u00e1r)<br \/>\nAbdomin\u00e1lis aorta aneurizma: Inflammatorikus \u00e9s autoimmun folyamatok jelent\u0151s\u00e9ge a patomechanizmusban<br \/>\nDr. S\u00f3tonyi P\u00e9ter, Dr. Szappanos \u00c1gnes<\/p>\n","protected":false},"author":101883,"featured_media":0,"parent":9092,"menu_order":0,"comment_status":"closed","ping_status":"closed","template":"","meta":{"_acf_changed":false,"footnotes":""},"categories":[],"tags":[99],"class_list":["post-9783","page","type-page","status-publish","hentry","tag-aok-rektori-palyazat"],"acf":[],"publishpress_future_action":{"enabled":false,"date":"1970-01-01 01:00:00","action":"","terms":[],"taxonomy":"","browser_timezone_offset":0},"_links":{"self":[{"href":"https:\/\/semmelweis.hu\/tdk\/wp-json\/wp\/v2\/pages\/9783","targetHints":{"allow":["GET"]}}],"collection":[{"href":"https:\/\/semmelweis.hu\/tdk\/wp-json\/wp\/v2\/pages"}],"about":[{"href":"https:\/\/semmelweis.hu\/tdk\/wp-json\/wp\/v2\/types\/page"}],"author":[{"embeddable":true,"href":"https:\/\/semmelweis.hu\/tdk\/wp-json\/wp\/v2\/users\/101883"}],"replies":[{"embeddable":true,"href":"https:\/\/semmelweis.hu\/tdk\/wp-json\/wp\/v2\/comments?post=9783"}],"version-history":[{"count":6,"href":"https:\/\/semmelweis.hu\/tdk\/wp-json\/wp\/v2\/pages\/9783\/revisions"}],"predecessor-version":[{"id":11837,"href":"https:\/\/semmelweis.hu\/tdk\/wp-json\/wp\/v2\/pages\/9783\/revisions\/11837"}],"up":[{"embeddable":true,"href":"https:\/\/semmelweis.hu\/tdk\/wp-json\/wp\/v2\/pages\/9092"}],"wp:attachment":[{"href":"https:\/\/semmelweis.hu\/tdk\/wp-json\/wp\/v2\/media?parent=9783"}],"wp:term":[{"taxonomy":"category","embeddable":true,"href":"https:\/\/semmelweis.hu\/tdk\/wp-json\/wp\/v2\/categories?post=9783"},{"taxonomy":"post_tag","embeddable":true,"href":"https:\/\/semmelweis.hu\/tdk\/wp-json\/wp\/v2\/tags?post=9783"}],"curies":[{"name":"wp","href":"https:\/\/api.w.org\/{rel}","templated":true}]}}