{"id":9768,"date":"2024-03-22T09:05:10","date_gmt":"2024-03-22T08:05:10","guid":{"rendered":"https:\/\/semmelweis.hu\/tdk\/?p=9768"},"modified":"2025-10-07T19:23:07","modified_gmt":"2025-10-07T17:23:07","slug":"rektori-palyamunka-orvosi-mikrobiologiai-intezet","status":"publish","type":"page","link":"https:\/\/semmelweis.hu\/tdk\/rektori-palyazat\/rektori-palyazat-meghirdetett-temak\/rektori-palyamunka-orvosi-mikrobiologiai-intezet\/","title":{"rendered":"Orvosi Mikrobiol\u00f3giai Int\u00e9zet &#8211; Rektori p\u00e1ly\u00e1zat"},"content":{"rendered":"<p>Rektori p\u00e1lyamunka Orvosi Mikrobiol\u00f3giai Int\u00e9zet 2025\/2026-os Tan\u00e9v<\/p>\n<table style=\"border-collapse: collapse;width: 100%\">\n<tbody>\n<tr>\n<td style=\"width: 50%\"><strong>Rektori p\u00e1lyamunka c\u00edme<\/strong><\/td>\n<td style=\"width: 50%\"><strong>T\u00e9mavezet\u0151<\/strong><\/td>\n<\/tr>\n<tr>\n<td style=\"width: 50%\">Connection between biofilm formation and antibiotic tolerance in Escherichia coli<\/td>\n<td style=\"width: 50%\">Dr. Kocsis B\u00e9la (PhD)<\/td>\n<\/tr>\n<tr>\n<td style=\"width: 50%\">Actinobacterial cell division: understanding the molecular architecture of the divisome<\/td>\n<td style=\"width: 50%\">Dr. Kocsis B\u00e9la (PhD)<\/td>\n<\/tr>\n<tr>\n<td style=\"width: 50%\">Characterization of antibodies targeting ACE2, the major entry receptor of SARS-CoV-2<\/td>\n<td style=\"width: 50%\">Dr. Kocsis B\u00e9la (PhD)<\/td>\n<\/tr>\n<tr>\n<td style=\"width: 50%\">Establishing non-neural ectoderm derived organoids.<\/td>\n<td style=\"width: 50%\">Dr. Kocsis B\u00e9la (PhD)<\/td>\n<\/tr>\n<tr>\n<td style=\"width: 50%\">Role of nasal dysbiosis in Parkinson disease\u00a0<\/td>\n<td style=\"width: 50%\">Dr. Kocsis B\u00e9la (PhD)<\/td>\n<\/tr>\n<\/tbody>\n<\/table>\n","protected":false},"excerpt":{"rendered":"<p>Rektori p\u00e1lyamunka Orvosi Mikrobiol\u00f3giai Int\u00e9zet 2025\/2026-os Tan\u00e9v Rektori p\u00e1lyamunka c\u00edme T\u00e9mavezet\u0151 Connection between biofilm formation and antibiotic tolerance in Escherichia coli Dr. Kocsis B\u00e9la (PhD) Actinobacterial cell division: understanding the molecular architecture of the divisome Dr. Kocsis B\u00e9la (PhD) Characterization of antibodies targeting ACE2, the major entry receptor of SARS-CoV-2 Dr. Kocsis B\u00e9la (PhD) Establishing &hellip;<\/p>\n","protected":false},"author":101883,"featured_media":0,"parent":9092,"menu_order":0,"comment_status":"closed","ping_status":"closed","template":"","meta":{"_acf_changed":false,"footnotes":""},"categories":[],"tags":[99],"class_list":["post-9768","page","type-page","status-publish","hentry","tag-aok-rektori-palyazat"],"acf":[],"publishpress_future_action":{"enabled":false,"date":"1970-01-01 01:00:00","action":"","terms":[],"taxonomy":"","browser_timezone_offset":0},"_links":{"self":[{"href":"https:\/\/semmelweis.hu\/tdk\/wp-json\/wp\/v2\/pages\/9768","targetHints":{"allow":["GET"]}}],"collection":[{"href":"https:\/\/semmelweis.hu\/tdk\/wp-json\/wp\/v2\/pages"}],"about":[{"href":"https:\/\/semmelweis.hu\/tdk\/wp-json\/wp\/v2\/types\/page"}],"author":[{"embeddable":true,"href":"https:\/\/semmelweis.hu\/tdk\/wp-json\/wp\/v2\/users\/101883"}],"replies":[{"embeddable":true,"href":"https:\/\/semmelweis.hu\/tdk\/wp-json\/wp\/v2\/comments?post=9768"}],"version-history":[{"count":10,"href":"https:\/\/semmelweis.hu\/tdk\/wp-json\/wp\/v2\/pages\/9768\/revisions"}],"predecessor-version":[{"id":11803,"href":"https:\/\/semmelweis.hu\/tdk\/wp-json\/wp\/v2\/pages\/9768\/revisions\/11803"}],"up":[{"embeddable":true,"href":"https:\/\/semmelweis.hu\/tdk\/wp-json\/wp\/v2\/pages\/9092"}],"wp:attachment":[{"href":"https:\/\/semmelweis.hu\/tdk\/wp-json\/wp\/v2\/media?parent=9768"}],"wp:term":[{"taxonomy":"category","embeddable":true,"href":"https:\/\/semmelweis.hu\/tdk\/wp-json\/wp\/v2\/categories?post=9768"},{"taxonomy":"post_tag","embeddable":true,"href":"https:\/\/semmelweis.hu\/tdk\/wp-json\/wp\/v2\/tags?post=9768"}],"curies":[{"name":"wp","href":"https:\/\/api.w.org\/{rel}","templated":true}]}}