{"id":9660,"date":"2024-01-15T11:02:02","date_gmt":"2024-01-15T10:02:02","guid":{"rendered":"https:\/\/semmelweis.hu\/tdk\/?page_id=9660"},"modified":"2025-07-10T12:55:36","modified_gmt":"2025-07-10T10:55:36","slug":"rektori-palyazat-traumatologiai-klinika","status":"publish","type":"page","link":"https:\/\/semmelweis.hu\/tdk\/rektori-palyazat\/rektori-palyazat-meghirdetett-temak\/rektori-palyazat-traumatologiai-klinika\/","title":{"rendered":"Traumatol\u00f3giai Klinika &#8211; Rektori P\u00e1ly\u00e1zat"},"content":{"rendered":"<h5>Rektori p\u00e1ly\u00e1zat Traumatol\u00f3giai Klinika 2025\/2026 Tan\u00e9v<\/h5>\n<table style=\"border-collapse: collapse;width: 100%\">\n<tbody>\n<tr>\n<td style=\"width: 58.9818%\" width=\"508\"><strong>Rektori p\u00e1lyamunka c\u00edme<\/strong><\/td>\n<td style=\"width: 40.9455%\" width=\"353\"><strong>T\u00e9mavezet\u0151 neve (fokozattal)<\/strong><\/td>\n<\/tr>\n<tr>\n<td style=\"width: 58.9818%\">A s\u00falyos baleseti s\u00e9r\u00fcl\u00e9ssel k\u00f3rh\u00e1zba felvett betegek epidemiol\u00f3giai, s\u00e9r\u00fcl\u00e9smegoszl\u00e1si \u00e9s kimeneteli mutat\u00f3i.\u00a0<\/td>\n<td style=\"width: 40.9455%\">Dr. Nardai G\u00e1bor PhD<\/td>\n<\/tr>\n<tr>\n<td style=\"width: 58.9818%\">Gerincs\u00e9r\u00fcl\u00e9sek korszer\u0171 ell\u00e1t\u00e1si lehet\u0151s\u00e9gei<\/td>\n<td style=\"width: 40.9455%\">Dr. Viola \u00c1rp\u00e1d PhD<\/td>\n<\/tr>\n<tr>\n<td style=\"width: 58.9818%\">Osteochondralis autograft transzplant\u00e1ci\u00f3 el\u00fcls\u0151 keresztszalag rekonstrukci\u00f3 sor\u00e1n\u00a0<\/td>\n<td style=\"width: 40.9455%\">Dr. P\u00e1nics Gergely PhD<\/td>\n<\/tr>\n<tr>\n<td style=\"width: 58.9818%\">El\u00fcls\u0151 keresztszalag reinzerci\u00f3 technikai kih\u00edv\u00e1sai gyermek- \u00e9s kamaszkorban<\/td>\n<td style=\"width: 40.9455%\">Dr. Varga Marcell PhD<\/td>\n<\/tr>\n<tr>\n<td style=\"width: 58.9818%\" width=\"222\">\n<p>A carpalis alag\u00fat szindr\u00f3ma m\u0171t\u00e9ti kezel\u00e9s\u00e9ben alkalmazott nyitott felt\u00e1r\u00e1sos m\u00f3dszer \u00e9s endoszk\u00f3pos technika eredm\u00e9nyess\u00e9g\u00e9nek \u00f6sszehasonl\u00edt\u00f3 vizsg\u00e1lata<\/p>\n<\/td>\n<td style=\"width: 40.9455%\">Dr. Koczka D\u00e1niel<\/td>\n<\/tr>\n<\/tbody>\n<\/table>\n<p>&nbsp;<\/p>\n","protected":false},"excerpt":{"rendered":"<p>Rektori p\u00e1ly\u00e1zat Traumatol\u00f3giai Klinika 2025\/2026 Tan\u00e9v Rektori p\u00e1lyamunka c\u00edme T\u00e9mavezet\u0151 neve (fokozattal) A s\u00falyos baleseti s\u00e9r\u00fcl\u00e9ssel k\u00f3rh\u00e1zba felvett betegek epidemiol\u00f3giai, s\u00e9r\u00fcl\u00e9smegoszl\u00e1si \u00e9s kimeneteli mutat\u00f3i.\u00a0 Dr. Nardai G\u00e1bor PhD Gerincs\u00e9r\u00fcl\u00e9sek korszer\u0171 ell\u00e1t\u00e1si lehet\u0151s\u00e9gei Dr. Viola \u00c1rp\u00e1d PhD Osteochondralis autograft transzplant\u00e1ci\u00f3 el\u00fcls\u0151 keresztszalag rekonstrukci\u00f3 sor\u00e1n\u00a0 Dr. P\u00e1nics Gergely PhD El\u00fcls\u0151 keresztszalag reinzerci\u00f3 technikai kih\u00edv\u00e1sai gyermek- \u00e9s kamaszkorban &hellip;<\/p>\n","protected":false},"author":101883,"featured_media":0,"parent":9092,"menu_order":0,"comment_status":"closed","ping_status":"closed","template":"","meta":{"_acf_changed":false,"footnotes":""},"categories":[],"tags":[99],"class_list":["post-9660","page","type-page","status-publish","hentry","tag-aok-rektori-palyazat"],"acf":[],"publishpress_future_action":{"enabled":false,"date":"1970-01-01 01:00:00","action":"","terms":[],"taxonomy":"","browser_timezone_offset":0},"_links":{"self":[{"href":"https:\/\/semmelweis.hu\/tdk\/wp-json\/wp\/v2\/pages\/9660","targetHints":{"allow":["GET"]}}],"collection":[{"href":"https:\/\/semmelweis.hu\/tdk\/wp-json\/wp\/v2\/pages"}],"about":[{"href":"https:\/\/semmelweis.hu\/tdk\/wp-json\/wp\/v2\/types\/page"}],"author":[{"embeddable":true,"href":"https:\/\/semmelweis.hu\/tdk\/wp-json\/wp\/v2\/users\/101883"}],"replies":[{"embeddable":true,"href":"https:\/\/semmelweis.hu\/tdk\/wp-json\/wp\/v2\/comments?post=9660"}],"version-history":[{"count":6,"href":"https:\/\/semmelweis.hu\/tdk\/wp-json\/wp\/v2\/pages\/9660\/revisions"}],"predecessor-version":[{"id":11464,"href":"https:\/\/semmelweis.hu\/tdk\/wp-json\/wp\/v2\/pages\/9660\/revisions\/11464"}],"up":[{"embeddable":true,"href":"https:\/\/semmelweis.hu\/tdk\/wp-json\/wp\/v2\/pages\/9092"}],"wp:attachment":[{"href":"https:\/\/semmelweis.hu\/tdk\/wp-json\/wp\/v2\/media?parent=9660"}],"wp:term":[{"taxonomy":"category","embeddable":true,"href":"https:\/\/semmelweis.hu\/tdk\/wp-json\/wp\/v2\/categories?post=9660"},{"taxonomy":"post_tag","embeddable":true,"href":"https:\/\/semmelweis.hu\/tdk\/wp-json\/wp\/v2\/tags?post=9660"}],"curies":[{"name":"wp","href":"https:\/\/api.w.org\/{rel}","templated":true}]}}