{"id":945,"date":"2016-07-29T00:00:00","date_gmt":"2016-07-28T22:00:00","guid":{"rendered":"http:\/\/semmelweis.hu\/tdk\/a-tudomanyos-diakkori-tanacs-tagjai\/"},"modified":"2025-10-13T10:39:50","modified_gmt":"2025-10-13T08:39:50","slug":"a-tudomanyos-diakkori-tanacs-tagjai","status":"publish","type":"page","link":"https:\/\/semmelweis.hu\/tdk\/rolunk\/a-tudomanyos-diakkori-tanacs-tagjai\/","title":{"rendered":"A Tudom\u00e1nyos Di\u00e1kk\u00f6ri Tan\u00e1cs tagjai"},"content":{"rendered":"<h2 style=\"text-align: left\">A Tudom\u00e1nyos Di\u00e1kk\u00f6ri Tan\u00e1cs Eln\u00f6ks\u00e9ge<\/h2>\n<h4><strong><a href=\"https:\/\/semmelweis.hu\/tdk\/files\/2024\/07\/RS168215_GV5A7497-scr.jpg\"><img loading=\"lazy\" decoding=\"async\" class=\"wp-image-10922 alignright\" src=\"https:\/\/semmelweis.hu\/tdk\/files\/2024\/07\/RS168215_GV5A7497-scr-267x400.jpg\" alt=\"\" width=\"200\" height=\"300\" srcset=\"https:\/\/semmelweis.hu\/tdk\/files\/2024\/07\/RS168215_GV5A7497-scr-267x400.jpg 267w, https:\/\/semmelweis.hu\/tdk\/files\/2024\/07\/RS168215_GV5A7497-scr.jpg 600w\" sizes=\"auto, (max-width: 200px) 100vw, 200px\" \/><\/a>Eln\u00f6k:\u00a0<\/strong><\/h4>\n<h4>Prof. Dr. Szij\u00e1rt\u00f3 Attila\u00a0<\/h4>\n<h6>egyetemi tan\u00e1r, igazgat\u00f3<\/h6>\n<h6>Seb\u00e9szeti, Transzplant\u00e1ci\u00f3s \u00e9s Gasztroenterol\u00f3giai Klinika<\/h6>\n<p>&nbsp;<\/p>\n<hr \/>\n<h4><strong><a href=\"https:\/\/semmelweis.hu\/tdk\/files\/2024\/07\/RS168194_GV5A7326-scr.jpg\"><img loading=\"lazy\" decoding=\"async\" class=\"wp-image-10923 alignright\" src=\"https:\/\/semmelweis.hu\/tdk\/files\/2024\/07\/RS168194_GV5A7326-scr-260x400.jpg\" alt=\"\" width=\"200\" height=\"308\" srcset=\"https:\/\/semmelweis.hu\/tdk\/files\/2024\/07\/RS168194_GV5A7326-scr-260x400.jpg 260w, https:\/\/semmelweis.hu\/tdk\/files\/2024\/07\/RS168194_GV5A7326-scr.jpg 584w\" sizes=\"auto, (max-width: 200px) 100vw, 200px\" \/><\/a>Aleln\u00f6k:<\/strong><\/h4>\n<h4>Prof. Dr. Radovits Tam\u00e1s\u00a0<\/h4>\n<h6>egyetemi tan\u00e1r<\/h6>\n<h6>V\u00e1rosmajori Sz\u00edv- \u00e9s \u00c9rgy\u00f3gy\u00e1szati Klinika<\/h6>\n<hr \/>\n<p><img loading=\"lazy\" decoding=\"async\" class=\"wp-image-9753 alignright\" style=\"color: #ffffff\" src=\"https:\/\/semmelweis.hu\/tdk\/files\/2024\/03\/Levay_Klara-1-267x400.jpg\" alt=\"\" width=\"200\" height=\"300\" srcset=\"https:\/\/semmelweis.hu\/tdk\/files\/2024\/03\/Levay_Klara-1-267x400.jpg 267w, https:\/\/semmelweis.hu\/tdk\/files\/2024\/03\/Levay_Klara-1-683x1024.jpg 683w, https:\/\/semmelweis.hu\/tdk\/files\/2024\/03\/Levay_Klara-1-768x1152.jpg 768w, https:\/\/semmelweis.hu\/tdk\/files\/2024\/03\/Levay_Klara-1-1024x1536.jpg 1024w, https:\/\/semmelweis.hu\/tdk\/files\/2024\/03\/Levay_Klara-1-1365x2048.jpg 1365w, https:\/\/semmelweis.hu\/tdk\/files\/2024\/03\/Levay_Klara-1-753x1130.jpg 753w, https:\/\/semmelweis.hu\/tdk\/files\/2024\/03\/Levay_Klara-1-scaled.jpg 1707w\" sizes=\"auto, (max-width: 200px) 100vw, 200px\" \/><\/p>\n<h4><strong>Titk\u00e1r:\u00a0<\/strong><\/h4>\n<h4>Dr. L\u00e9vay Kl\u00e1ra<\/h4>\n<h6>PhD hallgat\u00f3<\/h6>\n<h6>Seb\u00e9szeti, Transzplant\u00e1ci\u00f3s \u00e9s Gasztroenterol\u00f3giai Klinika<\/h6>\n<hr \/>\n<h4><img loading=\"lazy\" decoding=\"async\" class=\"wp-image-10919 alignright\" src=\"https:\/\/semmelweis.hu\/tdk\/files\/2024\/07\/Babity-Mate-267x400.jpg\" alt=\"\" width=\"200\" height=\"300\" srcset=\"https:\/\/semmelweis.hu\/tdk\/files\/2024\/07\/Babity-Mate-267x400.jpg 267w, https:\/\/semmelweis.hu\/tdk\/files\/2024\/07\/Babity-Mate-683x1024.jpg 683w, https:\/\/semmelweis.hu\/tdk\/files\/2024\/07\/Babity-Mate-768x1152.jpg 768w, https:\/\/semmelweis.hu\/tdk\/files\/2024\/07\/Babity-Mate-1024x1536.jpg 1024w, https:\/\/semmelweis.hu\/tdk\/files\/2024\/07\/Babity-Mate-1365x2048.jpg 1365w, https:\/\/semmelweis.hu\/tdk\/files\/2024\/07\/Babity-Mate-753x1130.jpg 753w, https:\/\/semmelweis.hu\/tdk\/files\/2024\/07\/Babity-Mate-scaled.jpg 1707w\" sizes=\"auto, (max-width: 200px) 100vw, 200px\" \/><strong>Titk\u00e1r: <\/strong><\/h4>\n<h4>Dr. Babity M\u00e1t\u00e9<\/h4>\n<h6>PhD hallgat\u00f3<\/h6>\n<h6>V\u00e1rosmajori Sz\u00edv- \u00e9s \u00c9rgy\u00f3gy\u00e1szati Klinika<\/h6>\n<hr \/>\n<h2 style=\"text-align: left\">Kari k\u00e9pvisel\u0151k<\/h2>\n<ul>\n<li>\n<h6>\u00c1OK: <strong>Prof. Dr. V\u00e1rnai P\u00e9ter<\/strong><strong><br \/>\n<\/strong><\/h6>\n<\/li>\n<li>\n<h6>EKK: <strong>Dr. L\u00e1m Judit<br \/>\n<\/strong><\/h6>\n<\/li>\n<li>\n<h6>ETK: <strong>Dr. F\u00f6ldv\u00e1ri-Nagy L\u00e1szl\u00f3n\u00e9 Dr. Lenti Katalin<\/strong><\/h6>\n<\/li>\n<li>\n<h6>FOK: <strong>Prof. Dr. Dob\u00f3 Nagy Csaba<\/strong><\/h6>\n<\/li>\n<li>\n<h6>GYTK: <strong>Dr. T\u00e1bi Tam\u00e1s<\/strong><\/h6>\n<\/li>\n<li>\n<h6>PAK:<strong> Dr. T\u00fari Ibolya<\/strong><\/h6>\n<hr \/>\n<\/li>\n<\/ul>\n<h2 style=\"text-align: left\">Elm\u00e9leti \u00e9s Klinikai T\u00f6mb\u00f6k k\u00e9pvisel\u0151i<\/h2>\n<ul>\n<li>\n<h6>Budai Klinik\u00e1k \u00e9s Idegseb\u00e9szeti T\u00f6mb: <strong>Dr. Boh\u00e1cs Anik\u00f3, Dr. Nagy Klaudia Vivien<br \/>\n<\/strong><\/h6>\n<\/li>\n<li>\n<h6>Bels\u0151 Klinikai T\u00f6mb: <strong>Prof. Dr. Kov\u00e1cs G\u00e1bor<\/strong><\/h6>\n<\/li>\n<li>\n<h6>K\u00fcls\u0151 Klinikai T\u00f6mb: <strong>Prof. Dr. Kiss Andr\u00e1s, Prof. Dr. Tak\u00e1cs Istv\u00e1n <br \/>\n<\/strong><\/h6>\n<\/li>\n<li>\n<h6>Nagyv\u00e1rad t\u00e9ri Elm\u00e9leti T\u00f6mb: <strong>Prof. Dr. K\u0151hidai L\u00e1szl\u00f3<br \/>\n<\/strong><\/h6>\n<\/li>\n<li>\n<h6>Elm\u00e9leti Orvostudom\u00e1nyi K\u00f6zpont: <strong>Dr. Szigeti Kriszti\u00e1n<br \/>\n<\/strong><\/h6>\n<\/li>\n<li>\n<h6>Eg\u00e9szs\u00e9g\u00fcgyi K\u00f6zszolg\u00e1lati T\u00f6mb: <strong>Dr. Pilinszki Attila<br \/>\n<\/strong><\/h6>\n<\/li>\n<li>\n<h6>Fogorvostudom\u00e1nyi Blokk: <strong>Dr. Lohinai Zsolt<br \/>\n<\/strong><\/h6>\n<\/li>\n<li>\n<h6>H\u0151gyes T\u00f6mb: <strong>Dr. K\u00e1llai-Szab\u00f3 Nikolett<br \/>\n<\/strong><\/h6>\n<\/li>\n<li>\n<h6>Vas utcai T\u00f6mb: <strong>Dr. Bedn\u00e1rikn\u00e9 Dr. D\u00f6rnyei Gabriella, Dr. Vingender Istv\u00e1n<br \/>\n<\/strong><\/h6>\n<\/li>\n<li>\n<h6>Pet\u0151 Andr\u00e1s T\u00f6mb:<strong> Dr. Balogh Brigitta Zsuzsanna<\/strong><\/h6>\n<hr \/>\n<\/li>\n<\/ul>\n<h2 style=\"text-align: left\">Semmelweis Egyetem Doktori Iskola<\/h2>\n<h6>K\u00e9pvisel\u0151: <strong>Dr. Zsembery \u00c1kos<\/strong><\/h6>\n<hr \/>\n<h2 style=\"text-align: left\">Kerpel-Fronius \u00d6d\u00f6n Tehets\u00e9ggondoz\u00f3 Program<\/h2>\n<h6>K\u00e9pvisel\u0151:<strong> Dr. B\u00f6d\u00f6r Csaba<\/strong><\/h6>\n<hr \/>\n<h2 style=\"text-align: left\">Kor\u00e1nyi Frigyes Szakkoll\u00e9gium<\/h2>\n<h6>K\u00e9pvisel\u0151: <strong>Tusn\u00e1dy Simon<\/strong><\/h6>\n<hr \/>\n<h2 style=\"text-align: left\">Hamburgi Asklepios fakult\u00e1s<\/h2>\n<h6>K\u00e9pvisel\u0151: <strong>Prof. Dr. med. habil. Axel Stang<\/strong><\/h6>\n<hr \/>\n<h2 style=\"text-align: left\">Hallgat\u00f3i \u00d6nkorm\u00e1nyzat<\/h2>\n<h6>K\u00e9pvisel\u0151: <strong>Dr. Tolvaj M\u00e1t\u00e9 Bal\u00e1zs<\/strong><\/h6>\n<hr \/>\n<h2 style=\"text-align: left\">Karok \u00e1ltal deleg\u00e1lt hallgat\u00f3k<\/h2>\n<ul>\n<li>\n<h6><strong>Al-Gharati Yasmin Zubeida<br \/>\n<\/strong><\/h6>\n<\/li>\n<li>\n<h6><strong>Bogner Luca Laura<br \/>\n<\/strong><\/h6>\n<\/li>\n<li>\n<h6><strong>Horv\u00e1th Adrienn<br \/>\n<\/strong><\/h6>\n<\/li>\n<li>\n<h6><strong>Kellermayer Anna<br \/>\n<\/strong><\/h6>\n<\/li>\n<li>\n<h6><strong>Kerest\u00e9ly M\u00e1rk<br \/>\n<\/strong><\/h6>\n<\/li>\n<li>\n<h6><strong>L\u00f3ska D\u00f3ra<br \/>\n<\/strong><\/h6>\n<\/li>\n<li>\n<h6><strong>Lumniczky Zal\u00e1n<br \/>\n<\/strong><\/h6>\n<\/li>\n<li>\n<h6><strong>Tim\u00e1r Petra<\/strong><\/h6>\n<\/li>\n<li>\n<h6><strong>Tomcs\u00e1nyi Kinga<br \/>\n<\/strong><\/h6>\n<\/li>\n<li>\n<h6><strong>V\u00e1ri Dorottya<br \/>\n<\/strong><\/h6>\n<\/li>\n<li>\n<h6><strong>Viola R\u00e9ka<\/strong><\/h6>\n<\/li>\n<\/ul>\n","protected":false},"excerpt":{"rendered":"<p>A Tudom\u00e1nyos Di\u00e1kk\u00f6ri Tan\u00e1cs Eln\u00f6ks\u00e9ge <a href=\"https:\/\/semmelweis.hu\/tdk\/files\/2024\/07\/RS168215_GV5A7497-scr.jpg\"><\/a> Eln\u00f6k:\u00a0 Prof. Dr. Szij\u00e1rt\u00f3 Attila\u00a0 egyetemi tan\u00e1r, igazgat\u00f3 Seb\u00e9szeti, Transzplant\u00e1ci\u00f3s \u00e9s Gasztroenterol\u00f3giai Klinika &nbsp; <a href=\"https:\/\/semmelweis.hu\/tdk\/files\/2024\/07\/RS168194_GV5A7326-scr.jpg\"><\/a> Aleln\u00f6k: Prof. Dr. Radovits Tam\u00e1s\u00a0 egyetemi tan\u00e1r V\u00e1rosmajori Sz\u00edv- \u00e9s \u00c9rgy\u00f3gy\u00e1szati Klinika Titk\u00e1r:\u00a0 Dr. L\u00e9vay Kl\u00e1ra PhD hallgat\u00f3 Seb\u00e9szeti, Transzplant\u00e1ci\u00f3s \u00e9s Gasztroenterol\u00f3giai Klinika Titk\u00e1r: Dr. Babity M\u00e1t\u00e9 PhD hallgat\u00f3 V\u00e1rosmajori Sz\u00edv- \u00e9s \u00c9rgy\u00f3gy\u00e1szati Klinika Kari k\u00e9pvisel\u0151k &hellip;<\/p>\n","protected":false},"author":158,"featured_media":0,"parent":936,"menu_order":3,"comment_status":"closed","ping_status":"closed","template":"","meta":{"_acf_changed":false,"footnotes":""},"categories":[],"tags":[],"class_list":["post-945","page","type-page","status-publish","hentry"],"acf":[],"publishpress_future_action":{"enabled":false,"date":"1970-01-01 01:00:00","action":"","terms":[],"taxonomy":"","browser_timezone_offset":0},"_links":{"self":[{"href":"https:\/\/semmelweis.hu\/tdk\/wp-json\/wp\/v2\/pages\/945","targetHints":{"allow":["GET"]}}],"collection":[{"href":"https:\/\/semmelweis.hu\/tdk\/wp-json\/wp\/v2\/pages"}],"about":[{"href":"https:\/\/semmelweis.hu\/tdk\/wp-json\/wp\/v2\/types\/page"}],"author":[{"embeddable":true,"href":"https:\/\/semmelweis.hu\/tdk\/wp-json\/wp\/v2\/users\/158"}],"replies":[{"embeddable":true,"href":"https:\/\/semmelweis.hu\/tdk\/wp-json\/wp\/v2\/comments?post=945"}],"version-history":[{"count":12,"href":"https:\/\/semmelweis.hu\/tdk\/wp-json\/wp\/v2\/pages\/945\/revisions"}],"predecessor-version":[{"id":11819,"href":"https:\/\/semmelweis.hu\/tdk\/wp-json\/wp\/v2\/pages\/945\/revisions\/11819"}],"up":[{"embeddable":true,"href":"https:\/\/semmelweis.hu\/tdk\/wp-json\/wp\/v2\/pages\/936"}],"wp:attachment":[{"href":"https:\/\/semmelweis.hu\/tdk\/wp-json\/wp\/v2\/media?parent=945"}],"wp:term":[{"taxonomy":"category","embeddable":true,"href":"https:\/\/semmelweis.hu\/tdk\/wp-json\/wp\/v2\/categories?post=945"},{"taxonomy":"post_tag","embeddable":true,"href":"https:\/\/semmelweis.hu\/tdk\/wp-json\/wp\/v2\/tags?post=945"}],"curies":[{"name":"wp","href":"https:\/\/api.w.org\/{rel}","templated":true}]}}