{"id":944,"date":"2016-07-29T00:00:00","date_gmt":"2016-07-28T22:00:00","guid":{"rendered":"http:\/\/semmelweis.hu\/tdk\/a-tudomanyos-diakkor-nemzetkozi-kapcsolatai\/"},"modified":"2019-11-04T13:56:23","modified_gmt":"2019-11-04T12:56:23","slug":"a-tudomanyos-diakkor-nemzetkozi-kapcsolatai","status":"publish","type":"page","link":"https:\/\/semmelweis.hu\/tdk\/rolunk\/a-tudomanyos-diakkor-nemzetkozi-kapcsolatai\/","title":{"rendered":"A Tudom\u00e1nyos Di\u00e1kk\u00f6r nemzetk\u00f6zi kapcsolatai"},"content":{"rendered":"<p style=\"text-align: justify\">C\u00e9lunk kett\u0151s: egyr\u00e9szt\u00a0inspir\u00e1lni k\u00edv\u00e1njuk hallgat\u00f3inkat az akt\u00edv \u00e9s eredm\u00e9nyes di\u00e1kk\u00f6r\u00f6s \u00e9letre, m\u00e1sr\u00e9szt\u00a0egyetem\u00fcnk minden \u00e9vben megrendezett TDK\u00a0konferenci\u00e1j\u00e1hoz k\u00edv\u00e1nunk \u00fajabb \u00f6tleteket gy\u0171jteni, hogy annak sz\u00ednvonala \u00e9vr\u0151l-\u00e9vre magasabb legyen.<\/p>\n<p>Egyetem\u00fcnk nemzetk\u00f6zi kapcsolatai:<\/p>\n<ul>\n<li>Marosv\u00e1s\u00e1rhelyi Orvosi \u00e9s Gy\u00f3gyszer\u00e9szeti Egyetem<\/li>\n<li>Coimbrai Orvosi Egyetem<\/li>\n<li><span class=\"st\">Oroszorsz\u00e1gi N\u00e9pek Bar\u00e1ts\u00e1ga Egyetem<\/span> (Moszkva)<\/li>\n<li>Voronyezsi \u00c1llami Orvostudom\u00e1nyi Egyetem<\/li>\n<\/ul>\n<div class=\"box pink_1\">\u00a0<\/div>\n<div id=\"content-grid\" class=\"clearfix\">\n<div class=\"first-column\">\n<div class=\"box pink_2\">\n<h3 class=\"color_header\"><a href=\"https:\/\/semmelweis.hu\/tdk\/hu\/moszkvai-sikerek-2012\/\">\u00a0<\/a><\/h3>\n<\/div>\n<\/div>\n<\/div>\n","protected":false},"excerpt":{"rendered":"<p>C\u00e9lunk kett\u0151s: egyr\u00e9szt\u00a0inspir\u00e1lni k\u00edv\u00e1njuk hallgat\u00f3inkat az akt\u00edv \u00e9s eredm\u00e9nyes di\u00e1kk\u00f6r\u00f6s \u00e9letre, m\u00e1sr\u00e9szt\u00a0egyetem\u00fcnk minden \u00e9vben megrendezett TDK\u00a0konferenci\u00e1j\u00e1hoz k\u00edv\u00e1nunk \u00fajabb \u00f6tleteket gy\u0171jteni, hogy annak sz\u00ednvonala \u00e9vr\u0151l-\u00e9vre magasabb legyen.<br \/>\nEgyetem\u00fcnk nemzetk\u00f6zi kapcsolatai:<\/p>\n<p>Marosv\u00e1s\u00e1rhelyi Orvosi \u00e9s Gy\u00f3gyszer\u00e9szeti Egyetem<br \/>\nCoimbrai Orvosi Egyetem<br \/>\nOroszorsz\u00e1gi N\u00e9pek Bar\u00e1ts\u00e1ga Egyetem (Moszkva)<br \/>\nVoronyezsi \u00c1llami Orvostudom\u00e1nyi Egyetem<\/p>\n<p>\u00a0<\/p>\n<p><a href=\"https:\/\/semmelweis.hu\/tdk\/hu\/moszkvai-sikerek-2012\/\">\u00a0<\/a><\/p>\n","protected":false},"author":158,"featured_media":0,"parent":936,"menu_order":7,"comment_status":"closed","ping_status":"closed","template":"","meta":{"_acf_changed":false,"footnotes":""},"categories":[],"tags":[],"class_list":["post-944","page","type-page","status-publish","hentry"],"acf":[],"publishpress_future_action":{"enabled":false,"date":"1970-01-01 01:00:00","action":"","terms":[],"taxonomy":"","browser_timezone_offset":0},"_links":{"self":[{"href":"https:\/\/semmelweis.hu\/tdk\/wp-json\/wp\/v2\/pages\/944","targetHints":{"allow":["GET"]}}],"collection":[{"href":"https:\/\/semmelweis.hu\/tdk\/wp-json\/wp\/v2\/pages"}],"about":[{"href":"https:\/\/semmelweis.hu\/tdk\/wp-json\/wp\/v2\/types\/page"}],"author":[{"embeddable":true,"href":"https:\/\/semmelweis.hu\/tdk\/wp-json\/wp\/v2\/users\/158"}],"replies":[{"embeddable":true,"href":"https:\/\/semmelweis.hu\/tdk\/wp-json\/wp\/v2\/comments?post=944"}],"version-history":[{"count":10,"href":"https:\/\/semmelweis.hu\/tdk\/wp-json\/wp\/v2\/pages\/944\/revisions"}],"predecessor-version":[{"id":4802,"href":"https:\/\/semmelweis.hu\/tdk\/wp-json\/wp\/v2\/pages\/944\/revisions\/4802"}],"up":[{"embeddable":true,"href":"https:\/\/semmelweis.hu\/tdk\/wp-json\/wp\/v2\/pages\/936"}],"wp:attachment":[{"href":"https:\/\/semmelweis.hu\/tdk\/wp-json\/wp\/v2\/media?parent=944"}],"wp:term":[{"taxonomy":"category","embeddable":true,"href":"https:\/\/semmelweis.hu\/tdk\/wp-json\/wp\/v2\/categories?post=944"},{"taxonomy":"post_tag","embeddable":true,"href":"https:\/\/semmelweis.hu\/tdk\/wp-json\/wp\/v2\/tags?post=944"}],"curies":[{"name":"wp","href":"https:\/\/api.w.org\/{rel}","templated":true}]}}